{"id":2665,"date":"2024-11-29T15:25:10","date_gmt":"2024-11-29T08:25:10","guid":{"rendered":"https:\/\/vpd.dfxh.shop\/?post_type=product&#038;p=2665"},"modified":"2025-12-15T16:22:05","modified_gmt":"2025-12-15T09:22:05","slug":"bs-430","status":"publish","type":"product","link":"https:\/\/vanphucdang.com\/en\/bs-430\/","title":{"rendered":"BS-430 Automatic Hematology Analyzer"},"content":{"rendered":"<h1>Specifications<\/h1>\n<table class=\"tableview\" style=\"width: 100%; border-color: #000000; border-style: solid;\" border=\"0\">\n<tbody>\n<tr>\n<td style=\"width: 49.4058%;\">\n<p><span style=\"color: #ff0000;\"><strong>System functions<\/strong><\/span><\/p>\n<\/td>\n<td style=\"width: 103.471%;\">\n<p>Fully automated, random access, priority on urgent samples.<\/p>\n<\/td>\n<\/tr>\n<tr>\n<td style=\"width: 49.4058%;\">\n<p>Capacity<\/p>\n<\/td>\n<td style=\"width: 103.471%;\">\n<p>420 XN photometric\/hour, up to 626 XN\/hour with ISE.<\/p>\n<\/td>\n<\/tr>\n<tr>\n<td style=\"width: 49.4058%;\">\n<p>XN number on the machine<\/p>\n<\/td>\n<td style=\"width: 103.471%;\">\n<p>90 XN due to light + 3 ISE + 3 serum indexes.<\/p>\n<\/td>\n<\/tr>\n<tr>\n<td style=\"width: 49.4058%;\">\n<p><span style=\"color: #ff0000;\"><strong>Sample processing<\/strong><\/span><\/p>\n<\/td>\n<td style=\"width: 103.471%;\">\n<p>&nbsp;<\/p>\n<\/td>\n<\/tr>\n<tr>\n<td style=\"width: 49.4058%;\">\n<p>Sample tray<\/p>\n<\/td>\n<td style=\"width: 103.471%;\">\n<p>102 sample positions, sample volume 1.5 \u03bcL\u201345 \u03bcL, 0.1 \u03bcL step.<\/p>\n<\/td>\n<\/tr>\n<tr>\n<td style=\"width: 49.4058%;\">\n<p>suction needle<\/p>\n<\/td>\n<td style=\"width: 103.471%;\">\n<p>Liquid level detection, collision protection, clogging detection (optional), auto-dilution, auto-lysis, cross-contamination &lt;0.05 \u03bcL.<\/p>\n<\/td>\n<\/tr>\n<tr>\n<td style=\"width: 49.4058%;\">\n<p>Chemical treatment<\/p>\n<\/td>\n<td style=\"width: 103.471%;\">\n<p>92 chemical positions, refrigerated at 2\u20138\u00b0C for 24 hours.<\/p>\n<\/td>\n<\/tr>\n<tr>\n<td style=\"width: 49.4058%;\">\n<p>Chemical volume<\/p>\n<\/td>\n<td style=\"width: 103.471%;\">\n<p>10 \u03bcL\u2013200 \u03bcL, error \u00b10.5 \u03bcL.<\/p>\n<\/td>\n<\/tr>\n<tr>\n<td style=\"width: 49.4058%;\">\n<p>Chemical suction needle<\/p>\n<\/td>\n<td style=\"width: 103.471%;\">\n<p>Liquid level detection, collision protection, air bubble detection, concentrated chemicals with automatic dilution.<\/p>\n<\/td>\n<\/tr>\n<tr>\n<td style=\"width: 49.4058%;\">\n<p><span style=\"color: #ff0000;\"><strong>Integrated barcode reader (optional)<\/strong><\/span><\/p>\n<\/td>\n<td style=\"width: 103.471%;\">\n<p>Supports Codabar, ITF (Interleaved Two of Five), Code128, Code39, UPC\/EAN, and code93. 2-way LIS connectivity.<\/p>\n<\/td>\n<\/tr>\n<tr>\n<td style=\"width: 49.4058%;\">\n<p><span style=\"color: #ff0000;\"><strong>Reaction system<\/strong><\/span><\/p>\n<\/td>\n<td style=\"width: 103.471%;\">\n<p>&nbsp;<\/p>\n<\/td>\n<\/tr>\n<tr>\n<td style=\"width: 49.4058%;\">\n<p>Cuvettes<\/p>\n<\/td>\n<td style=\"width: 103.471%;\">\n<p>93 reusable cuvettes with 8 automatic washing steps.<\/p>\n<\/td>\n<\/tr>\n<tr>\n<td style=\"width: 49.4058%;\">\n<p>Reaction temperature:<\/p>\n<\/td>\n<td style=\"width: 103.471%;\">\n<p>37 \u00b1 0.1\u00b0C<\/p>\n<\/td>\n<\/tr>\n<tr>\n<td style=\"width: 49.4058%;\">\n<p>Reaction volume<\/p>\n<\/td>\n<td style=\"width: 103.471%;\">\n<p>100\u2013300 \u03bcL.<\/p>\n<\/td>\n<\/tr>\n<tr>\n<td style=\"width: 49.4058%;\">\n<p>Mixing system<\/p>\n<\/td>\n<td style=\"width: 103.471%;\">\n<p>2 speed-controlled mixing systems<\/p>\n<\/td>\n<\/tr>\n<tr>\n<td style=\"width: 49.4058%;\">\n<p><span style=\"color: #ff0000;\"><strong>Optical system<\/strong><\/span><\/p>\n<\/td>\n<td style=\"width: 103.471%;\">\n<p>&nbsp;<\/p>\n<\/td>\n<\/tr>\n<tr>\n<td style=\"width: 49.4058%;\">\n<p>Light source<\/p>\n<\/td>\n<td style=\"width: 103.471%;\">\n<p>12V 20W tungsten halogen lamp<\/p>\n<\/td>\n<\/tr>\n<tr>\n<td style=\"width: 49.4058%;\">\n<p>Photometer<\/p>\n<\/td>\n<td style=\"width: 103.471%;\">\n<p>Grid system<\/p>\n<\/td>\n<\/tr>\n<tr>\n<td style=\"width: 49.4058%;\">\n<p>Wavelength:<\/p>\n<\/td>\n<td style=\"width: 103.471%;\">\n<p>340nm, 380nm, 412nm, 450nm, 505nm, 546nm, 570nm, 605nm, 660nm, 700nm, 740nm, 800nm<\/p>\n<\/td>\n<\/tr>\n<tr>\n<td style=\"width: 49.4058%;\">\n<p>Absorption band<\/p>\n<\/td>\n<td style=\"width: 103.471%;\">\n<p>0~3.5A.<\/p>\n<\/td>\n<\/tr>\n<tr>\n<td style=\"width: 49.4058%;\">\n<p><span style=\"color: #ff0000;\"><strong>ISE module (optional)<\/strong><\/span><\/p>\n<\/td>\n<td style=\"width: 103.471%;\">\n<p>K+, Na+, Cl-.<\/p>\n<\/td>\n<\/tr>\n<tr>\n<td style=\"width: 49.4058%;\">\n<p><span style=\"color: #ff0000;\"><strong>Calibration and calibration<\/strong><\/span><\/p>\n<\/td>\n<td style=\"width: 103.471%;\">\n<p>&nbsp;<\/p>\n<\/td>\n<\/tr>\n<tr>\n<td style=\"width: 49.4058%;\">\n<p>Calibration mode:<\/p>\n<\/td>\n<td style=\"width: 103.471%;\">\n<p>K-factor, linear (two-point and multi-point), Logit-Log 4P, Logit-Log 5P, spline, exponential, polynomial, parabola, Logit-log3P, broken line.<\/p>\n<\/td>\n<\/tr>\n<tr>\n<td style=\"width: 49.4058%;\">\n<p>Principle of calibration<\/p>\n<\/td>\n<td style=\"width: 103.471%;\">\n<p>Westgard multi-rule, Levey-Jennings, cumulative sum check, Twin plot.<\/p>\n<\/td>\n<\/tr>\n<tr>\n<td style=\"width: 49.4058%;\">\n<p><span style=\"color: #ff0000;\"><strong>Control system<\/strong><\/span><\/p>\n<\/td>\n<td style=\"width: 103.471%;\">\n<p>&nbsp;<\/p>\n<\/td>\n<\/tr>\n<tr>\n<td style=\"width: 49.4058%;\">\n<p>Operating System:<\/p>\n<\/td>\n<td style=\"width: 103.471%;\">\n<p>Windows 10,<\/p>\n<\/td>\n<\/tr>\n<tr>\n<td style=\"width: 49.4058%;\">\n<p>Connection protocol<\/p>\n<\/td>\n<td style=\"width: 103.471%;\">\n<p>: RS-232.<\/p>\n<\/td>\n<\/tr>\n<tr>\n<td style=\"width: 49.4058%;\">\n<p><strong><span style=\"color: #ff0000;\">Operating conditions<\/span><\/strong><\/p>\n<\/td>\n<td style=\"width: 103.471%;\">\n<p>&nbsp;<\/p>\n<\/td>\n<\/tr>\n<tr>\n<td style=\"width: 49.4058%;\">\n<p>Power Supply:<\/p>\n<\/td>\n<td style=\"width: 103.471%;\">\n<p>220\u2013240V, 50\/60Hz, &lt;1000VA or 110\u2013130V, 60Hz, &lt;1000VA.<\/p>\n<\/td>\n<\/tr>\n<tr>\n<td style=\"width: 49.4058%;\">\n<p>Water consumption<\/p>\n<\/td>\n<td style=\"width: 103.471%;\">\n<p>\u226420 L\/H<\/p>\n<\/td>\n<\/tr>\n<tr>\n<td style=\"width: 49.4058%;\">\n<p>Size<\/p>\n<\/td>\n<td style=\"width: 103.471%;\">\n<p>1050 mm (W) x 720 mm (D) x 1150 mm (H)<\/p>\n<\/td>\n<\/tr>\n<tr>\n<td style=\"width: 49.4058%;\">\n<p>Mass<\/p>\n<\/td>\n<td style=\"width: 103.471%;\">\n<p>&lt;200 kg.<\/p>\n<\/td>\n<\/tr>\n<\/tbody>\n<\/table>\n<p>&nbsp;<\/p>","protected":false},"excerpt":{"rendered":"<p><iframe loading=\"lazy\" class=\"youtube_video\" title=\"YouTube video player\" src=\"https:\/\/www.youtube.com\/embed\/TRkIiFPVo7s?si=G4hZ8rAPojB1vhOD\" width=\"560\" height=\"315\" frameborder=\"0\" allowfullscreen=\"allowfullscreen\"><span data-mce-type=\"bookmark\" style=\"display: inline-block; width: 0px; overflow: hidden; line-height: 0;\" class=\"mce_SELRES_start\"><\/span><\/iframe><\/p>\n<p data-start=\"92\" data-end=\"408\">The Mindray BS-430 hematology analyzer is a modern, automated hematology analyzer that provides fast and accurate results with advanced technology. It can count and analyze blood components such as red blood cells, white blood cells, and platelets, effectively supporting the diagnosis of blood diseases in medical laboratories.<\/p>","protected":false},"featured_media":2668,"comment_status":"open","ping_status":"closed","template":"","meta":{"footnotes":""},"product_cat":[234,232],"product_tag":[],"class_list":{"0":"post-2665","1":"product","2":"type-product","3":"status-publish","4":"has-post-thumbnail","6":"product_cat-san-pham-noi-bat","7":"product_cat-sinh-hoa","9":"first","10":"instock","11":"shipping-taxable","12":"product-type-simple"},"yoast_head":"<!-- This site is optimized with the Yoast SEO Premium plugin v22.7 (Yoast SEO v23.8) - https:\/\/yoast.com\/wordpress\/plugins\/seo\/ -->\n<title>M\u00e1y ph\u00e2n t\u00edch huy\u1ebft h\u1ecdc t\u1ef1 \u0111\u1ed9ng BS-430 - V\u1ea1n Ph\u00fac \u0110\u0103ng<\/title>\n<meta name=\"description\" content=\"M\u00e1y huy\u1ebft h\u1ecdc BS-430 Mindray l\u00e0 thi\u1ebft b\u1ecb ph\u00e2n t\u00edch huy\u1ebft h\u1ecdc t\u1ef1 \u0111\u1ed9ng hi\u1ec7n \u0111\u1ea1i, cung c\u1ea5p k\u1ebft qu\u1ea3 nhanh ch\u00f3ng v\u00e0 ch\u00ednh x\u00e1c v\u1edbi c\u00f4ng ngh\u1ec7 ti\u00ean ti\u1ebfn. M\u00e1y c\u00f3 kh\u1ea3 n\u0103ng \u0111\u1ebfm v\u00e0 ph\u00e2n t\u00edch c\u00e1c th\u00e0nh ph\u1ea7n m\u00e1u nh\u01b0 h\u1ed3ng c\u1ea7u, b\u1ea1ch c\u1ea7u, ti\u1ec3u c\u1ea7u, h\u1ed7 tr\u1ee3 ch\u1ea9n \u0111o\u00e1n b\u1ec7nh l\u00fd m\u00e1u hi\u1ec7u qu\u1ea3 trong ph\u00f2ng x\u00e9t nghi\u1ec7m y t\u1ebf.\" \/>\n<meta name=\"robots\" content=\"index, follow, max-snippet:-1, max-image-preview:large, max-video-preview:-1\" \/>\n<link rel=\"canonical\" href=\"https:\/\/vanphucdang.com\/en\/bs-430\/\" \/>\n<meta property=\"og:locale\" content=\"en_US\" \/>\n<meta property=\"og:type\" content=\"article\" \/>\n<meta property=\"og:title\" content=\"M\u00e1y ph\u00e2n t\u00edch huy\u1ebft h\u1ecdc t\u1ef1 \u0111\u1ed9ng BS-430\" \/>\n<meta property=\"og:description\" content=\"M\u00e1y huy\u1ebft h\u1ecdc BS-430 Mindray l\u00e0 thi\u1ebft b\u1ecb ph\u00e2n t\u00edch huy\u1ebft h\u1ecdc t\u1ef1 \u0111\u1ed9ng hi\u1ec7n \u0111\u1ea1i, cung c\u1ea5p k\u1ebft qu\u1ea3 nhanh ch\u00f3ng v\u00e0 ch\u00ednh x\u00e1c v\u1edbi c\u00f4ng ngh\u1ec7 ti\u00ean ti\u1ebfn. M\u00e1y c\u00f3 kh\u1ea3 n\u0103ng \u0111\u1ebfm v\u00e0 ph\u00e2n t\u00edch c\u00e1c th\u00e0nh ph\u1ea7n m\u00e1u nh\u01b0 h\u1ed3ng c\u1ea7u, b\u1ea1ch c\u1ea7u, ti\u1ec3u c\u1ea7u, h\u1ed7 tr\u1ee3 ch\u1ea9n \u0111o\u00e1n b\u1ec7nh l\u00fd m\u00e1u hi\u1ec7u qu\u1ea3 trong ph\u00f2ng x\u00e9t nghi\u1ec7m y t\u1ebf.\" \/>\n<meta property=\"og:url\" content=\"https:\/\/vanphucdang.com\/en\/bs-430\/\" \/>\n<meta property=\"og:site_name\" content=\"V\u1ea1n Ph\u00fac \u0110\u0103ng\" \/>\n<meta property=\"article:modified_time\" content=\"2025-12-15T09:22:05+00:00\" \/>\n<meta property=\"og:image\" content=\"https:\/\/vanphucdang.com\/wp-content\/uploads\/2024\/11\/mindray-bs-430.jpg\" \/>\n\t<meta property=\"og:image:width\" content=\"750\" \/>\n\t<meta property=\"og:image:height\" content=\"750\" \/>\n\t<meta property=\"og:image:type\" content=\"image\/jpeg\" \/>\n<meta name=\"twitter:card\" content=\"summary_large_image\" \/>\n<meta name=\"twitter:label1\" content=\"Est. reading time\" \/>\n\t<meta name=\"twitter:data1\" content=\"3 minutes\" \/>\n<script type=\"application\/ld+json\" class=\"yoast-schema-graph\">{\"@context\":\"https:\/\/schema.org\",\"@graph\":[{\"@type\":\"WebPage\",\"@id\":\"https:\/\/vanphucdang.com\/bs-430\/\",\"url\":\"https:\/\/vanphucdang.com\/bs-430\/\",\"name\":\"M\u00e1y ph\u00e2n t\u00edch huy\u1ebft h\u1ecdc t\u1ef1 \u0111\u1ed9ng BS-430 - V\u1ea1n Ph\u00fac \u0110\u0103ng\",\"isPartOf\":{\"@id\":\"https:\/\/vanphucdang.com\/#website\"},\"primaryImageOfPage\":{\"@id\":\"https:\/\/vanphucdang.com\/bs-430\/#primaryimage\"},\"image\":{\"@id\":\"https:\/\/vanphucdang.com\/bs-430\/#primaryimage\"},\"thumbnailUrl\":\"https:\/\/vanphucdang.com\/wp-content\/uploads\/2024\/11\/mindray-bs-430.jpg\",\"datePublished\":\"2024-11-29T08:25:10+00:00\",\"dateModified\":\"2025-12-15T09:22:05+00:00\",\"description\":\"M\u00e1y huy\u1ebft h\u1ecdc BS-430 Mindray l\u00e0 thi\u1ebft b\u1ecb ph\u00e2n t\u00edch huy\u1ebft h\u1ecdc t\u1ef1 \u0111\u1ed9ng hi\u1ec7n \u0111\u1ea1i, cung c\u1ea5p k\u1ebft qu\u1ea3 nhanh ch\u00f3ng v\u00e0 ch\u00ednh x\u00e1c v\u1edbi c\u00f4ng ngh\u1ec7 ti\u00ean ti\u1ebfn. M\u00e1y c\u00f3 kh\u1ea3 n\u0103ng \u0111\u1ebfm v\u00e0 ph\u00e2n t\u00edch c\u00e1c th\u00e0nh ph\u1ea7n m\u00e1u nh\u01b0 h\u1ed3ng c\u1ea7u, b\u1ea1ch c\u1ea7u, ti\u1ec3u c\u1ea7u, h\u1ed7 tr\u1ee3 ch\u1ea9n \u0111o\u00e1n b\u1ec7nh l\u00fd m\u00e1u hi\u1ec7u qu\u1ea3 trong ph\u00f2ng x\u00e9t nghi\u1ec7m y t\u1ebf.\",\"breadcrumb\":{\"@id\":\"https:\/\/vanphucdang.com\/bs-430\/#breadcrumb\"},\"inLanguage\":\"en-US\",\"potentialAction\":[{\"@type\":\"ReadAction\",\"target\":[\"https:\/\/vanphucdang.com\/bs-430\/\"]}]},{\"@type\":\"ImageObject\",\"inLanguage\":\"en-US\",\"@id\":\"https:\/\/vanphucdang.com\/bs-430\/#primaryimage\",\"url\":\"https:\/\/vanphucdang.com\/wp-content\/uploads\/2024\/11\/mindray-bs-430.jpg\",\"contentUrl\":\"https:\/\/vanphucdang.com\/wp-content\/uploads\/2024\/11\/mindray-bs-430.jpg\",\"width\":750,\"height\":750},{\"@type\":\"BreadcrumbList\",\"@id\":\"https:\/\/vanphucdang.com\/bs-430\/#breadcrumb\",\"itemListElement\":[{\"@type\":\"ListItem\",\"position\":1,\"name\":\"Trang ch\u1ee7\",\"item\":\"https:\/\/vanphucdang.com\/\"},{\"@type\":\"ListItem\",\"position\":2,\"name\":\"S\u1ea3n ph\u1ea9m\",\"item\":\"https:\/\/vanphucdang.com\/san-pham\/\"},{\"@type\":\"ListItem\",\"position\":3,\"name\":\"M\u00e1y ph\u00e2n t\u00edch huy\u1ebft h\u1ecdc t\u1ef1 \u0111\u1ed9ng BS-430\"}]},{\"@type\":\"WebSite\",\"@id\":\"https:\/\/vanphucdang.com\/#website\",\"url\":\"https:\/\/vanphucdang.com\/\",\"name\":\"V\u1ea1n Ph\u00fac \u0110\u0103ng\",\"description\":\"\",\"publisher\":{\"@id\":\"https:\/\/vanphucdang.com\/#organization\"},\"potentialAction\":[{\"@type\":\"SearchAction\",\"target\":{\"@type\":\"EntryPoint\",\"urlTemplate\":\"https:\/\/vanphucdang.com\/?s={search_term_string}\"},\"query-input\":{\"@type\":\"PropertyValueSpecification\",\"valueRequired\":true,\"valueName\":\"search_term_string\"}}],\"inLanguage\":\"en-US\"},{\"@type\":\"Organization\",\"@id\":\"https:\/\/vanphucdang.com\/#organization\",\"name\":\"V\u1ea1n Ph\u00fac \u0110\u0103ng\",\"url\":\"https:\/\/vanphucdang.com\/\",\"logo\":{\"@type\":\"ImageObject\",\"inLanguage\":\"en-US\",\"@id\":\"https:\/\/vanphucdang.com\/#\/schema\/logo\/image\/\",\"url\":\"https:\/\/vanphucdang.com\/wp-content\/uploads\/2024\/12\/logovpd1.png\",\"contentUrl\":\"https:\/\/vanphucdang.com\/wp-content\/uploads\/2024\/12\/logovpd1.png\",\"width\":234,\"height\":140,\"caption\":\"V\u1ea1n Ph\u00fac \u0110\u0103ng\"},\"image\":{\"@id\":\"https:\/\/vanphucdang.com\/#\/schema\/logo\/image\/\"}}]}<\/script>\n<!-- \/ Yoast SEO Premium plugin. -->","yoast_head_json":{"title":"M\u00e1y ph\u00e2n t\u00edch huy\u1ebft h\u1ecdc t\u1ef1 \u0111\u1ed9ng BS-430 - V\u1ea1n Ph\u00fac \u0110\u0103ng","description":"M\u00e1y huy\u1ebft h\u1ecdc BS-430 Mindray l\u00e0 thi\u1ebft b\u1ecb ph\u00e2n t\u00edch huy\u1ebft h\u1ecdc t\u1ef1 \u0111\u1ed9ng hi\u1ec7n \u0111\u1ea1i, cung c\u1ea5p k\u1ebft qu\u1ea3 nhanh ch\u00f3ng v\u00e0 ch\u00ednh x\u00e1c v\u1edbi c\u00f4ng ngh\u1ec7 ti\u00ean ti\u1ebfn. M\u00e1y c\u00f3 kh\u1ea3 n\u0103ng \u0111\u1ebfm v\u00e0 ph\u00e2n t\u00edch c\u00e1c th\u00e0nh ph\u1ea7n m\u00e1u nh\u01b0 h\u1ed3ng c\u1ea7u, b\u1ea1ch c\u1ea7u, ti\u1ec3u c\u1ea7u, h\u1ed7 tr\u1ee3 ch\u1ea9n \u0111o\u00e1n b\u1ec7nh l\u00fd m\u00e1u hi\u1ec7u qu\u1ea3 trong ph\u00f2ng x\u00e9t nghi\u1ec7m y t\u1ebf.","robots":{"index":"index","follow":"follow","max-snippet":"max-snippet:-1","max-image-preview":"max-image-preview:large","max-video-preview":"max-video-preview:-1"},"canonical":"https:\/\/vanphucdang.com\/en\/bs-430\/","og_locale":"en_US","og_type":"article","og_title":"M\u00e1y ph\u00e2n t\u00edch huy\u1ebft h\u1ecdc t\u1ef1 \u0111\u1ed9ng BS-430","og_description":"M\u00e1y huy\u1ebft h\u1ecdc BS-430 Mindray l\u00e0 thi\u1ebft b\u1ecb ph\u00e2n t\u00edch huy\u1ebft h\u1ecdc t\u1ef1 \u0111\u1ed9ng hi\u1ec7n \u0111\u1ea1i, cung c\u1ea5p k\u1ebft qu\u1ea3 nhanh ch\u00f3ng v\u00e0 ch\u00ednh x\u00e1c v\u1edbi c\u00f4ng ngh\u1ec7 ti\u00ean ti\u1ebfn. M\u00e1y c\u00f3 kh\u1ea3 n\u0103ng \u0111\u1ebfm v\u00e0 ph\u00e2n t\u00edch c\u00e1c th\u00e0nh ph\u1ea7n m\u00e1u nh\u01b0 h\u1ed3ng c\u1ea7u, b\u1ea1ch c\u1ea7u, ti\u1ec3u c\u1ea7u, h\u1ed7 tr\u1ee3 ch\u1ea9n \u0111o\u00e1n b\u1ec7nh l\u00fd m\u00e1u hi\u1ec7u qu\u1ea3 trong ph\u00f2ng x\u00e9t nghi\u1ec7m y t\u1ebf.","og_url":"https:\/\/vanphucdang.com\/en\/bs-430\/","og_site_name":"V\u1ea1n Ph\u00fac \u0110\u0103ng","article_modified_time":"2025-12-15T09:22:05+00:00","og_image":[{"width":750,"height":750,"url":"https:\/\/vanphucdang.com\/wp-content\/uploads\/2024\/11\/mindray-bs-430.jpg","type":"image\/jpeg"}],"twitter_card":"summary_large_image","twitter_misc":{"Est. reading time":"3 minutes"},"schema":{"@context":"https:\/\/schema.org","@graph":[{"@type":"WebPage","@id":"https:\/\/vanphucdang.com\/bs-430\/","url":"https:\/\/vanphucdang.com\/bs-430\/","name":"M\u00e1y ph\u00e2n t\u00edch huy\u1ebft h\u1ecdc t\u1ef1 \u0111\u1ed9ng BS-430 - V\u1ea1n Ph\u00fac \u0110\u0103ng","isPartOf":{"@id":"https:\/\/vanphucdang.com\/#website"},"primaryImageOfPage":{"@id":"https:\/\/vanphucdang.com\/bs-430\/#primaryimage"},"image":{"@id":"https:\/\/vanphucdang.com\/bs-430\/#primaryimage"},"thumbnailUrl":"https:\/\/vanphucdang.com\/wp-content\/uploads\/2024\/11\/mindray-bs-430.jpg","datePublished":"2024-11-29T08:25:10+00:00","dateModified":"2025-12-15T09:22:05+00:00","description":"M\u00e1y huy\u1ebft h\u1ecdc BS-430 Mindray l\u00e0 thi\u1ebft b\u1ecb ph\u00e2n t\u00edch huy\u1ebft h\u1ecdc t\u1ef1 \u0111\u1ed9ng hi\u1ec7n \u0111\u1ea1i, cung c\u1ea5p k\u1ebft qu\u1ea3 nhanh ch\u00f3ng v\u00e0 ch\u00ednh x\u00e1c v\u1edbi c\u00f4ng ngh\u1ec7 ti\u00ean ti\u1ebfn. M\u00e1y c\u00f3 kh\u1ea3 n\u0103ng \u0111\u1ebfm v\u00e0 ph\u00e2n t\u00edch c\u00e1c th\u00e0nh ph\u1ea7n m\u00e1u nh\u01b0 h\u1ed3ng c\u1ea7u, b\u1ea1ch c\u1ea7u, ti\u1ec3u c\u1ea7u, h\u1ed7 tr\u1ee3 ch\u1ea9n \u0111o\u00e1n b\u1ec7nh l\u00fd m\u00e1u hi\u1ec7u qu\u1ea3 trong ph\u00f2ng x\u00e9t nghi\u1ec7m y t\u1ebf.","breadcrumb":{"@id":"https:\/\/vanphucdang.com\/bs-430\/#breadcrumb"},"inLanguage":"en-US","potentialAction":[{"@type":"ReadAction","target":["https:\/\/vanphucdang.com\/bs-430\/"]}]},{"@type":"ImageObject","inLanguage":"en-US","@id":"https:\/\/vanphucdang.com\/bs-430\/#primaryimage","url":"https:\/\/vanphucdang.com\/wp-content\/uploads\/2024\/11\/mindray-bs-430.jpg","contentUrl":"https:\/\/vanphucdang.com\/wp-content\/uploads\/2024\/11\/mindray-bs-430.jpg","width":750,"height":750},{"@type":"BreadcrumbList","@id":"https:\/\/vanphucdang.com\/bs-430\/#breadcrumb","itemListElement":[{"@type":"ListItem","position":1,"name":"Trang ch\u1ee7","item":"https:\/\/vanphucdang.com\/"},{"@type":"ListItem","position":2,"name":"S\u1ea3n ph\u1ea9m","item":"https:\/\/vanphucdang.com\/san-pham\/"},{"@type":"ListItem","position":3,"name":"M\u00e1y ph\u00e2n t\u00edch huy\u1ebft h\u1ecdc t\u1ef1 \u0111\u1ed9ng BS-430"}]},{"@type":"WebSite","@id":"https:\/\/vanphucdang.com\/#website","url":"https:\/\/vanphucdang.com\/","name":"V\u1ea1n Ph\u00fac \u0110\u0103ng","description":"","publisher":{"@id":"https:\/\/vanphucdang.com\/#organization"},"potentialAction":[{"@type":"SearchAction","target":{"@type":"EntryPoint","urlTemplate":"https:\/\/vanphucdang.com\/?s={search_term_string}"},"query-input":{"@type":"PropertyValueSpecification","valueRequired":true,"valueName":"search_term_string"}}],"inLanguage":"en-US"},{"@type":"Organization","@id":"https:\/\/vanphucdang.com\/#organization","name":"V\u1ea1n Ph\u00fac \u0110\u0103ng","url":"https:\/\/vanphucdang.com\/","logo":{"@type":"ImageObject","inLanguage":"en-US","@id":"https:\/\/vanphucdang.com\/#\/schema\/logo\/image\/","url":"https:\/\/vanphucdang.com\/wp-content\/uploads\/2024\/12\/logovpd1.png","contentUrl":"https:\/\/vanphucdang.com\/wp-content\/uploads\/2024\/12\/logovpd1.png","width":234,"height":140,"caption":"V\u1ea1n Ph\u00fac \u0110\u0103ng"},"image":{"@id":"https:\/\/vanphucdang.com\/#\/schema\/logo\/image\/"}}]}},"_links":{"self":[{"href":"https:\/\/vanphucdang.com\/en\/wp-json\/wp\/v2\/product\/2665","targetHints":{"allow":["GET"]}}],"collection":[{"href":"https:\/\/vanphucdang.com\/en\/wp-json\/wp\/v2\/product"}],"about":[{"href":"https:\/\/vanphucdang.com\/en\/wp-json\/wp\/v2\/types\/product"}],"replies":[{"embeddable":true,"href":"https:\/\/vanphucdang.com\/en\/wp-json\/wp\/v2\/comments?post=2665"}],"version-history":[{"count":0,"href":"https:\/\/vanphucdang.com\/en\/wp-json\/wp\/v2\/product\/2665\/revisions"}],"wp:featuredmedia":[{"embeddable":true,"href":"https:\/\/vanphucdang.com\/en\/wp-json\/wp\/v2\/media\/2668"}],"wp:attachment":[{"href":"https:\/\/vanphucdang.com\/en\/wp-json\/wp\/v2\/media?parent=2665"}],"wp:term":[{"taxonomy":"product_cat","embeddable":true,"href":"https:\/\/vanphucdang.com\/en\/wp-json\/wp\/v2\/product_cat?post=2665"},{"taxonomy":"product_tag","embeddable":true,"href":"https:\/\/vanphucdang.com\/en\/wp-json\/wp\/v2\/product_tag?post=2665"}],"curies":[{"name":"wp","href":"https:\/\/api.w.org\/{rel}","templated":true}]}}