{"id":2660,"date":"2024-11-29T10:06:48","date_gmt":"2024-11-29T03:06:48","guid":{"rendered":"https:\/\/vpd.dfxh.shop\/?post_type=product&#038;p=2660"},"modified":"2025-06-04T10:11:53","modified_gmt":"2025-06-04T03:11:53","slug":"cl-8000i","status":"publish","type":"product","link":"https:\/\/vanphucdang.com\/en\/cl-8000i\/","title":{"rendered":"CL-8000i"},"content":{"rendered":"<h3 data-start=\"178\" data-end=\"202\"><strong data-start=\"182\" data-end=\"202\">General introduction<\/strong><\/h3>\n<p data-start=\"204\" data-end=\"318\"><span class=\"relative -mx-px my-[-0.2rem] rounded px-px py-[0.2rem] transition-colors duration-100 ease-in-out\">The CL-8000i is Mindray&#039;s next-generation automated chemiluminescence immunoassay (CLIA) system, designed to meet the high-volume testing needs of modern laboratories.<\/span> <span class=\"relative -mx-px my-[-0.2rem] rounded px-px py-[0.2rem] transition-colors duration-100 ease-in-out\">With superior performance and advanced technology, the CL-8000i offers the ultimate solution for accurate and efficient immunoassay analysis.<\/span><\/p>\n<h3 data-start=\"320\" data-end=\"344\"><strong data-start=\"324\" data-end=\"344\">Outstanding features<\/strong><\/h3>\n<ul data-start=\"346\" data-end=\"966\">\n<li data-start=\"346\" data-end=\"445\">\n<p data-start=\"348\" data-end=\"445\"><strong data-start=\"348\" data-end=\"365\">High performance<\/strong>: <span class=\"relative -mx-px my-[-0.2rem] rounded px-px py-[0.2rem] transition-colors duration-100 ease-in-out\">The CL-8000i achieves analysis speeds of up to 500 tests per hour, meeting the needs of large-volume testing in a short period of time.<\/span><\/p>\n<\/li>\n<li data-start=\"447\" data-end=\"550\">\n<p data-start=\"449\" data-end=\"550\"><strong data-start=\"449\" data-end=\"470\">VU-Mix\u2122 Technology<\/strong>: <span class=\"relative -mx-px my-[-0.2rem] rounded px-px py-[0.2rem] transition-colors duration-100 ease-in-out\">Using a combination of ultrasonic mixing and vortexing, it helps to remove non-specific bonds and minimize the influence of fibrin, ensuring accurate results.<\/span><\/p>\n<\/li>\n<li data-start=\"552\" data-end=\"650\">\n<p data-start=\"554\" data-end=\"650\"><strong data-start=\"554\" data-end=\"570\">FS-Sampling\u2122<\/strong>: <span class=\"relative -mx-px my-[-0.2rem] rounded px-px py-[0.2rem] transition-colors duration-100 ease-in-out\">Panoramic sampling system with automatic recognition of sample tube types and detection of abnormal liquid surfaces, improving sampling accuracy.<\/span><\/p>\n<\/li>\n<li data-start=\"652\" data-end=\"860\">\n<p data-start=\"654\" data-end=\"689\"><strong data-start=\"654\" data-end=\"688\">User friendly design<\/strong>:<\/p>\n<ul data-start=\"692\" data-end=\"860\">\n<li data-start=\"692\" data-end=\"733\">\n<p data-start=\"694\" data-end=\"733\"><span class=\"relative -mx-px my-[-0.2rem] rounded px-px py-[0.2rem] transition-colors duration-100 ease-in-out\">Calibration and quality control functions at the touch of a button, no sample division required.<\/span><\/p>\n<\/li>\n<li data-start=\"736\" data-end=\"777\">\n<p data-start=\"738\" data-end=\"777\"><span class=\"relative -mx-px my-[-0.2rem] rounded px-px py-[0.2rem] transition-colors duration-100 ease-in-out\">Intelligent prediction of reagent quantity, supporting quick and easy replacement.<\/span><\/p>\n<\/li>\n<li data-start=\"780\" data-end=\"860\">\n<p data-start=\"782\" data-end=\"860\"><span class=\"relative -mx-px my-[-0.2rem] rounded px-px py-[0.2rem] transition-colors duration-100 ease-in-out\">Intelligent warning system helps operators quickly identify and handle abnormal situations.<\/span><\/p>\n<\/li>\n<\/ul>\n<\/li>\n<li data-start=\"862\" data-end=\"966\">\n<p data-start=\"864\" data-end=\"966\"><strong data-start=\"864\" data-end=\"886\">Flexible integration<\/strong>: <span class=\"relative -mx-px my-[-0.2rem] rounded px-px py-[0.2rem] transition-colors duration-100 ease-in-out\">The CL-8000i can be combined with other systems such as the BS-2800M in the M1000 integrated solution, optimizing workflow and saving lab space.<\/span><\/p>\n<\/li>\n<\/ul>\n<h3 data-start=\"968\" data-end=\"984\"><strong data-start=\"972\" data-end=\"984\">Application<\/strong><\/h3>\n<p data-start=\"986\" data-end=\"1064\"><span class=\"relative -mx-px my-[-0.2rem] rounded px-px py-[0.2rem] transition-colors duration-100 ease-in-out\">The CL-8000i is suitable for medium to large laboratories, especially in hospitals, medical centers and clinics that need to perform large numbers of immunoassays with high accuracy and efficiency.<\/span><\/p>\n<table class=\"tableview\" style=\"border-collapse: collapse; width: 100%; font-family: Arial, sans-serif;\" border=\"1\" cellspacing=\"0\" cellpadding=\"8\">\n<thead>\n<tr style=\"background-color: #f2f2f2;\">\n<th colspan=\"2\">CL-8000i \u2013 Specifications<\/th>\n<\/tr>\n<\/thead>\n<tbody>\n<tr>\n<td colspan=\"2\"><strong>General information<\/strong><\/td>\n<\/tr>\n<tr>\n<td>Capacity<\/td>\n<td>Up to 500 tests\/hour<\/td>\n<\/tr>\n<tr>\n<td>Measuring principle<\/td>\n<td>Micron supermagnetic particle platform with ALP and AMPPD reagents<\/td>\n<\/tr>\n<tr>\n<td colspan=\"2\"><strong>Sample feeder<\/strong><\/td>\n<\/tr>\n<tr>\n<td>Sample feeder<\/td>\n<td>Continuous loading and sampling with sample rack<\/td>\n<\/tr>\n<tr>\n<td>Sample location<\/td>\n<td>Up to 60 shelves in the device<\/td>\n<\/tr>\n<tr>\n<td colspan=\"2\"><strong>Emergency sample channel<\/strong><\/td>\n<\/tr>\n<tr>\n<td>Sample probe<\/td>\n<td>Stainless steel, liquid level detection, clot, horizontal\/vertical collision protection<\/td>\n<\/tr>\n<tr>\n<td>Sample volume<\/td>\n<td>10\u2013200 \u00b5L, 1 \u00b5L increments<\/td>\n<\/tr>\n<tr>\n<td>Sample dilution<\/td>\n<td>Automatic dilution ratio 1:2\u20131:80<\/td>\n<\/tr>\n<tr>\n<td colspan=\"2\"><strong>Reagent kit<\/strong><\/td>\n<\/tr>\n<tr>\n<td>Reagent disc<\/td>\n<td>36 positions, continuous feed, magnetic particle tracking<\/td>\n<\/tr>\n<tr>\n<td>Cooling<\/td>\n<td>2\u20138\u00b0C<\/td>\n<\/tr>\n<tr>\n<td>Pack<\/td>\n<td>50 or 100 tests\/pack<\/td>\n<\/tr>\n<tr>\n<td>Scan code<\/td>\n<td>Supports built-in or external barcodes<\/td>\n<\/tr>\n<tr>\n<td>Test needle<\/td>\n<td>Stainless steel, level sensor, anti-collision<\/td>\n<\/tr>\n<tr>\n<td>Reagent volume<\/td>\n<td>10\u2013200 \u00b5L, 1 \u00b5L increments<\/td>\n<\/tr>\n<tr>\n<td colspan=\"2\"><strong>Mechanical system<\/strong><\/td>\n<\/tr>\n<tr>\n<td>Substrate bottle<\/td>\n<td>300\/500 tests\/bottle<\/td>\n<\/tr>\n<tr>\n<td>Substrate loading<\/td>\n<td>Continuous in operation<\/td>\n<\/tr>\n<tr>\n<td colspan=\"2\"><strong>Separation system<\/strong><\/td>\n<\/tr>\n<tr>\n<td>Split<\/td>\n<td>4 phase magnetic<\/td>\n<\/tr>\n<tr>\n<td>Thermal accuracy<\/td>\n<td>37.0 \u00b1 0.3\u00b0C<\/td>\n<\/tr>\n<tr>\n<td colspan=\"2\"><strong>Measure and react<\/strong><\/td>\n<\/tr>\n<tr>\n<td>Detect<\/td>\n<td>Photon counting<\/td>\n<\/tr>\n<tr>\n<td>Signal Detector<\/td>\n<td>PMT tube<\/td>\n<\/tr>\n<tr>\n<td>PMT Calibration<\/td>\n<td>LED source<\/td>\n<\/tr>\n<tr>\n<td>Temperature<\/td>\n<td>37.0 \u00b1 1\u00b0C<\/td>\n<\/tr>\n<tr>\n<td>Incubation location<\/td>\n<td>212<\/td>\n<\/tr>\n<tr>\n<td>Mix<\/td>\n<td>Non-contact + ultrasound<\/td>\n<\/tr>\n<tr>\n<td>Reaction tube<\/td>\n<td>Single use plastic<\/td>\n<\/tr>\n<tr>\n<td>Tube loading<\/td>\n<td>Continuous<\/td>\n<\/tr>\n<tr>\n<td colspan=\"2\"><strong>Operating conditions<\/strong><\/td>\n<\/tr>\n<tr>\n<td>Size<\/td>\n<td>Single module: 1455 \u00d7 1150 \u00d7 1180 mm<br \/>\nDual module: 2910 \u00d7 1150 \u00d7 1180 mm<br \/>\nSDM Module: 850 \u00d7 1150 \u00d7 1000 mm<\/td>\n<\/tr>\n<tr>\n<td>Weight<\/td>\n<td>789 kg<\/td>\n<\/tr>\n<tr>\n<td>Noise<\/td>\n<td>&lt; 65 dBA<\/td>\n<\/tr>\n<tr>\n<td>Elevation<\/td>\n<td>~400\u20134000 m<\/td>\n<\/tr>\n<tr>\n<td colspan=\"2\"><strong>Scalability<\/strong><\/td>\n<\/tr>\n<tr>\n<td>Integration<\/td>\n<td>BS-2800M and CL-8000i systems<\/td>\n<\/tr>\n<tr>\n<td>TLA<\/td>\n<td>Can integrate automatic testing system<\/td>\n<\/tr>\n<\/tbody>\n<\/table>\n<p data-start=\"104\" data-end=\"135\"><strong data-start=\"104\" data-end=\"135\">References:<\/strong><\/p>\n<p data-start=\"137\" data-end=\"427\">Mindray. (nd). <em data-start=\"154\" data-end=\"220\">CL-8000i Chemiluminescence Immunoassay System \u2013 Product Brochure<\/em>Retrieved from <a class=\"cursor-pointer\" target=\"_new\" rel=\"noopener\" data-start=\"237\" data-end=\"427\">https:\/\/www.mindray.com\/content\/dam\/xpace\/en\/resources\/brochure\/cl-8000i-product-brochure.pdf<\/a><\/p>","protected":false},"excerpt":{"rendered":"<p>Gi\u1edbi thi\u1ec7u chung CL-8000i l\u00e0 h\u1ec7 th\u1ed1ng ph\u00e2n t\u00edch mi\u1ec5n d\u1ecbch h\u00f3a ph\u00e1t quang (CLIA) t\u1ef1 \u0111\u1ed9ng th\u1ebf h\u1ec7 m\u1edbi c\u1ee7a Mindray, \u0111\u01b0\u1ee3c thi\u1ebft k\u1ebf \u0111\u1ec3 \u0111\u00e1p \u1ee9ng nhu c\u1ea7u x\u00e9t nghi\u1ec7m v\u1edbi kh\u1ed1i l\u01b0\u1ee3ng l\u1edbn trong c\u00e1c ph\u00f2ng th\u00ed nghi\u1ec7m hi\u1ec7n \u0111\u1ea1i. V\u1edbi hi\u1ec7u su\u1ea5t v\u01b0\u1ee3t tr\u1ed9i v\u00e0 c\u00f4ng ngh\u1ec7 ti\u00ean ti\u1ebfn, CL-8000i mang [&hellip;]<\/p>","protected":false},"featured_media":2661,"comment_status":"open","ping_status":"closed","template":"","meta":{"footnotes":""},"product_cat":[233,234],"product_tag":[],"class_list":{"0":"post-2660","1":"product","2":"type-product","3":"status-publish","4":"has-post-thumbnail","6":"product_cat-mien-dich","7":"product_cat-san-pham-noi-bat","9":"first","10":"instock","11":"shipping-taxable","12":"product-type-simple"},"yoast_head":"<!-- This site is optimized with the Yoast SEO Premium plugin v22.7 (Yoast SEO v23.8) - https:\/\/yoast.com\/wordpress\/plugins\/seo\/ -->\n<title>CL-8000i - V\u1ea1n Ph\u00fac \u0110\u0103ng<\/title>\n<meta name=\"description\" content=\"CL-8000i l\u00e0 h\u1ec7 th\u1ed1ng ph\u00e2n t\u00edch mi\u1ec5n d\u1ecbch h\u00f3a ph\u00e1t quang (CLIA) t\u1ef1 \u0111\u1ed9ng th\u1ebf h\u1ec7 m\u1edbi c\u1ee7a Mindray, \u0111\u01b0\u1ee3c thi\u1ebft k\u1ebf \u0111\u1ec3 \u0111\u00e1p \u1ee9ng nhu c\u1ea7u x\u00e9t nghi\u1ec7m v\u1edbi kh\u1ed1i l\u01b0\u1ee3ng l\u1edbn trong c\u00e1c ph\u00f2ng th\u00ed nghi\u1ec7m hi\u1ec7n \u0111\u1ea1i. V\u1edbi hi\u1ec7u su\u1ea5t v\u01b0\u1ee3t tr\u1ed9i v\u00e0 c\u00f4ng ngh\u1ec7 ti\u00ean ti\u1ebfn, CL-8000i mang \u0111\u1ebfn gi\u1ea3i ph\u00e1p t\u1ed1i \u01b0u cho vi\u1ec7c ph\u00e2n t\u00edch mi\u1ec5n d\u1ecbch ch\u00ednh x\u00e1c v\u00e0 hi\u1ec7u qu\u1ea3.\" \/>\n<meta name=\"robots\" content=\"index, follow, max-snippet:-1, max-image-preview:large, max-video-preview:-1\" \/>\n<link rel=\"canonical\" href=\"https:\/\/vanphucdang.com\/en\/cl-8000i\/\" \/>\n<meta property=\"og:locale\" content=\"en_US\" \/>\n<meta property=\"og:type\" content=\"article\" \/>\n<meta property=\"og:title\" content=\"CL-8000i\" \/>\n<meta property=\"og:description\" content=\"CL-8000i l\u00e0 h\u1ec7 th\u1ed1ng ph\u00e2n t\u00edch mi\u1ec5n d\u1ecbch h\u00f3a ph\u00e1t quang (CLIA) t\u1ef1 \u0111\u1ed9ng th\u1ebf h\u1ec7 m\u1edbi c\u1ee7a Mindray, \u0111\u01b0\u1ee3c thi\u1ebft k\u1ebf \u0111\u1ec3 \u0111\u00e1p \u1ee9ng nhu c\u1ea7u x\u00e9t nghi\u1ec7m v\u1edbi kh\u1ed1i l\u01b0\u1ee3ng l\u1edbn trong c\u00e1c ph\u00f2ng th\u00ed nghi\u1ec7m hi\u1ec7n \u0111\u1ea1i. V\u1edbi hi\u1ec7u su\u1ea5t v\u01b0\u1ee3t tr\u1ed9i v\u00e0 c\u00f4ng ngh\u1ec7 ti\u00ean ti\u1ebfn, CL-8000i mang \u0111\u1ebfn gi\u1ea3i ph\u00e1p t\u1ed1i \u01b0u cho vi\u1ec7c ph\u00e2n t\u00edch mi\u1ec5n d\u1ecbch ch\u00ednh x\u00e1c v\u00e0 hi\u1ec7u qu\u1ea3.\" \/>\n<meta property=\"og:url\" content=\"https:\/\/vanphucdang.com\/en\/cl-8000i\/\" \/>\n<meta property=\"og:site_name\" content=\"V\u1ea1n Ph\u00fac \u0110\u0103ng\" \/>\n<meta property=\"article:modified_time\" content=\"2025-06-04T03:11:53+00:00\" \/>\n<meta property=\"og:image\" content=\"https:\/\/vanphucdang.com\/wp-content\/uploads\/2024\/11\/mindray-cl8000im2-pc.jpg\" \/>\n\t<meta property=\"og:image:width\" content=\"894\" \/>\n\t<meta property=\"og:image:height\" content=\"671\" \/>\n\t<meta property=\"og:image:type\" content=\"image\/jpeg\" \/>\n<meta name=\"twitter:card\" content=\"summary_large_image\" \/>\n<meta name=\"twitter:label1\" content=\"Est. reading time\" \/>\n\t<meta name=\"twitter:data1\" content=\"4 minutes\" \/>\n<script type=\"application\/ld+json\" class=\"yoast-schema-graph\">{\"@context\":\"https:\/\/schema.org\",\"@graph\":[{\"@type\":\"WebPage\",\"@id\":\"https:\/\/vanphucdang.com\/cl-8000i\/\",\"url\":\"https:\/\/vanphucdang.com\/cl-8000i\/\",\"name\":\"CL-8000i - V\u1ea1n Ph\u00fac \u0110\u0103ng\",\"isPartOf\":{\"@id\":\"https:\/\/vanphucdang.com\/#website\"},\"primaryImageOfPage\":{\"@id\":\"https:\/\/vanphucdang.com\/cl-8000i\/#primaryimage\"},\"image\":{\"@id\":\"https:\/\/vanphucdang.com\/cl-8000i\/#primaryimage\"},\"thumbnailUrl\":\"https:\/\/vanphucdang.com\/wp-content\/uploads\/2024\/11\/mindray-cl8000im2-pc.jpg\",\"datePublished\":\"2024-11-29T03:06:48+00:00\",\"dateModified\":\"2025-06-04T03:11:53+00:00\",\"description\":\"CL-8000i l\u00e0 h\u1ec7 th\u1ed1ng ph\u00e2n t\u00edch mi\u1ec5n d\u1ecbch h\u00f3a ph\u00e1t quang (CLIA) t\u1ef1 \u0111\u1ed9ng th\u1ebf h\u1ec7 m\u1edbi c\u1ee7a Mindray, \u0111\u01b0\u1ee3c thi\u1ebft k\u1ebf \u0111\u1ec3 \u0111\u00e1p \u1ee9ng nhu c\u1ea7u x\u00e9t nghi\u1ec7m v\u1edbi kh\u1ed1i l\u01b0\u1ee3ng l\u1edbn trong c\u00e1c ph\u00f2ng th\u00ed nghi\u1ec7m hi\u1ec7n \u0111\u1ea1i. V\u1edbi hi\u1ec7u su\u1ea5t v\u01b0\u1ee3t tr\u1ed9i v\u00e0 c\u00f4ng ngh\u1ec7 ti\u00ean ti\u1ebfn, CL-8000i mang \u0111\u1ebfn gi\u1ea3i ph\u00e1p t\u1ed1i \u01b0u cho vi\u1ec7c ph\u00e2n t\u00edch mi\u1ec5n d\u1ecbch ch\u00ednh x\u00e1c v\u00e0 hi\u1ec7u qu\u1ea3.\",\"breadcrumb\":{\"@id\":\"https:\/\/vanphucdang.com\/cl-8000i\/#breadcrumb\"},\"inLanguage\":\"en-US\",\"potentialAction\":[{\"@type\":\"ReadAction\",\"target\":[\"https:\/\/vanphucdang.com\/cl-8000i\/\"]}]},{\"@type\":\"ImageObject\",\"inLanguage\":\"en-US\",\"@id\":\"https:\/\/vanphucdang.com\/cl-8000i\/#primaryimage\",\"url\":\"https:\/\/vanphucdang.com\/wp-content\/uploads\/2024\/11\/mindray-cl8000im2-pc.jpg\",\"contentUrl\":\"https:\/\/vanphucdang.com\/wp-content\/uploads\/2024\/11\/mindray-cl8000im2-pc.jpg\",\"width\":894,\"height\":671},{\"@type\":\"BreadcrumbList\",\"@id\":\"https:\/\/vanphucdang.com\/cl-8000i\/#breadcrumb\",\"itemListElement\":[{\"@type\":\"ListItem\",\"position\":1,\"name\":\"Trang ch\u1ee7\",\"item\":\"https:\/\/vanphucdang.com\/\"},{\"@type\":\"ListItem\",\"position\":2,\"name\":\"S\u1ea3n ph\u1ea9m\",\"item\":\"https:\/\/vanphucdang.com\/san-pham\/\"},{\"@type\":\"ListItem\",\"position\":3,\"name\":\"CL-8000i\"}]},{\"@type\":\"WebSite\",\"@id\":\"https:\/\/vanphucdang.com\/#website\",\"url\":\"https:\/\/vanphucdang.com\/\",\"name\":\"V\u1ea1n Ph\u00fac \u0110\u0103ng\",\"description\":\"\",\"publisher\":{\"@id\":\"https:\/\/vanphucdang.com\/#organization\"},\"potentialAction\":[{\"@type\":\"SearchAction\",\"target\":{\"@type\":\"EntryPoint\",\"urlTemplate\":\"https:\/\/vanphucdang.com\/?s={search_term_string}\"},\"query-input\":{\"@type\":\"PropertyValueSpecification\",\"valueRequired\":true,\"valueName\":\"search_term_string\"}}],\"inLanguage\":\"en-US\"},{\"@type\":\"Organization\",\"@id\":\"https:\/\/vanphucdang.com\/#organization\",\"name\":\"V\u1ea1n Ph\u00fac \u0110\u0103ng\",\"url\":\"https:\/\/vanphucdang.com\/\",\"logo\":{\"@type\":\"ImageObject\",\"inLanguage\":\"en-US\",\"@id\":\"https:\/\/vanphucdang.com\/#\/schema\/logo\/image\/\",\"url\":\"https:\/\/vanphucdang.com\/wp-content\/uploads\/2024\/12\/logovpd1.png\",\"contentUrl\":\"https:\/\/vanphucdang.com\/wp-content\/uploads\/2024\/12\/logovpd1.png\",\"width\":234,\"height\":140,\"caption\":\"V\u1ea1n Ph\u00fac \u0110\u0103ng\"},\"image\":{\"@id\":\"https:\/\/vanphucdang.com\/#\/schema\/logo\/image\/\"}}]}<\/script>\n<!-- \/ Yoast SEO Premium plugin. -->","yoast_head_json":{"title":"CL-8000i - V\u1ea1n Ph\u00fac \u0110\u0103ng","description":"CL-8000i l\u00e0 h\u1ec7 th\u1ed1ng ph\u00e2n t\u00edch mi\u1ec5n d\u1ecbch h\u00f3a ph\u00e1t quang (CLIA) t\u1ef1 \u0111\u1ed9ng th\u1ebf h\u1ec7 m\u1edbi c\u1ee7a Mindray, \u0111\u01b0\u1ee3c thi\u1ebft k\u1ebf \u0111\u1ec3 \u0111\u00e1p \u1ee9ng nhu c\u1ea7u x\u00e9t nghi\u1ec7m v\u1edbi kh\u1ed1i l\u01b0\u1ee3ng l\u1edbn trong c\u00e1c ph\u00f2ng th\u00ed nghi\u1ec7m hi\u1ec7n \u0111\u1ea1i. V\u1edbi hi\u1ec7u su\u1ea5t v\u01b0\u1ee3t tr\u1ed9i v\u00e0 c\u00f4ng ngh\u1ec7 ti\u00ean ti\u1ebfn, CL-8000i mang \u0111\u1ebfn gi\u1ea3i ph\u00e1p t\u1ed1i \u01b0u cho vi\u1ec7c ph\u00e2n t\u00edch mi\u1ec5n d\u1ecbch ch\u00ednh x\u00e1c v\u00e0 hi\u1ec7u qu\u1ea3.","robots":{"index":"index","follow":"follow","max-snippet":"max-snippet:-1","max-image-preview":"max-image-preview:large","max-video-preview":"max-video-preview:-1"},"canonical":"https:\/\/vanphucdang.com\/en\/cl-8000i\/","og_locale":"en_US","og_type":"article","og_title":"CL-8000i","og_description":"CL-8000i l\u00e0 h\u1ec7 th\u1ed1ng ph\u00e2n t\u00edch mi\u1ec5n d\u1ecbch h\u00f3a ph\u00e1t quang (CLIA) t\u1ef1 \u0111\u1ed9ng th\u1ebf h\u1ec7 m\u1edbi c\u1ee7a Mindray, \u0111\u01b0\u1ee3c thi\u1ebft k\u1ebf \u0111\u1ec3 \u0111\u00e1p \u1ee9ng nhu c\u1ea7u x\u00e9t nghi\u1ec7m v\u1edbi kh\u1ed1i l\u01b0\u1ee3ng l\u1edbn trong c\u00e1c ph\u00f2ng th\u00ed nghi\u1ec7m hi\u1ec7n \u0111\u1ea1i. V\u1edbi hi\u1ec7u su\u1ea5t v\u01b0\u1ee3t tr\u1ed9i v\u00e0 c\u00f4ng ngh\u1ec7 ti\u00ean ti\u1ebfn, CL-8000i mang \u0111\u1ebfn gi\u1ea3i ph\u00e1p t\u1ed1i \u01b0u cho vi\u1ec7c ph\u00e2n t\u00edch mi\u1ec5n d\u1ecbch ch\u00ednh x\u00e1c v\u00e0 hi\u1ec7u qu\u1ea3.","og_url":"https:\/\/vanphucdang.com\/en\/cl-8000i\/","og_site_name":"V\u1ea1n Ph\u00fac \u0110\u0103ng","article_modified_time":"2025-06-04T03:11:53+00:00","og_image":[{"width":894,"height":671,"url":"https:\/\/vanphucdang.com\/wp-content\/uploads\/2024\/11\/mindray-cl8000im2-pc.jpg","type":"image\/jpeg"}],"twitter_card":"summary_large_image","twitter_misc":{"Est. reading time":"4 minutes"},"schema":{"@context":"https:\/\/schema.org","@graph":[{"@type":"WebPage","@id":"https:\/\/vanphucdang.com\/cl-8000i\/","url":"https:\/\/vanphucdang.com\/cl-8000i\/","name":"CL-8000i - V\u1ea1n Ph\u00fac \u0110\u0103ng","isPartOf":{"@id":"https:\/\/vanphucdang.com\/#website"},"primaryImageOfPage":{"@id":"https:\/\/vanphucdang.com\/cl-8000i\/#primaryimage"},"image":{"@id":"https:\/\/vanphucdang.com\/cl-8000i\/#primaryimage"},"thumbnailUrl":"https:\/\/vanphucdang.com\/wp-content\/uploads\/2024\/11\/mindray-cl8000im2-pc.jpg","datePublished":"2024-11-29T03:06:48+00:00","dateModified":"2025-06-04T03:11:53+00:00","description":"CL-8000i l\u00e0 h\u1ec7 th\u1ed1ng ph\u00e2n t\u00edch mi\u1ec5n d\u1ecbch h\u00f3a ph\u00e1t quang (CLIA) t\u1ef1 \u0111\u1ed9ng th\u1ebf h\u1ec7 m\u1edbi c\u1ee7a Mindray, \u0111\u01b0\u1ee3c thi\u1ebft k\u1ebf \u0111\u1ec3 \u0111\u00e1p \u1ee9ng nhu c\u1ea7u x\u00e9t nghi\u1ec7m v\u1edbi kh\u1ed1i l\u01b0\u1ee3ng l\u1edbn trong c\u00e1c ph\u00f2ng th\u00ed nghi\u1ec7m hi\u1ec7n \u0111\u1ea1i. V\u1edbi hi\u1ec7u su\u1ea5t v\u01b0\u1ee3t tr\u1ed9i v\u00e0 c\u00f4ng ngh\u1ec7 ti\u00ean ti\u1ebfn, CL-8000i mang \u0111\u1ebfn gi\u1ea3i ph\u00e1p t\u1ed1i \u01b0u cho vi\u1ec7c ph\u00e2n t\u00edch mi\u1ec5n d\u1ecbch ch\u00ednh x\u00e1c v\u00e0 hi\u1ec7u qu\u1ea3.","breadcrumb":{"@id":"https:\/\/vanphucdang.com\/cl-8000i\/#breadcrumb"},"inLanguage":"en-US","potentialAction":[{"@type":"ReadAction","target":["https:\/\/vanphucdang.com\/cl-8000i\/"]}]},{"@type":"ImageObject","inLanguage":"en-US","@id":"https:\/\/vanphucdang.com\/cl-8000i\/#primaryimage","url":"https:\/\/vanphucdang.com\/wp-content\/uploads\/2024\/11\/mindray-cl8000im2-pc.jpg","contentUrl":"https:\/\/vanphucdang.com\/wp-content\/uploads\/2024\/11\/mindray-cl8000im2-pc.jpg","width":894,"height":671},{"@type":"BreadcrumbList","@id":"https:\/\/vanphucdang.com\/cl-8000i\/#breadcrumb","itemListElement":[{"@type":"ListItem","position":1,"name":"Trang ch\u1ee7","item":"https:\/\/vanphucdang.com\/"},{"@type":"ListItem","position":2,"name":"S\u1ea3n ph\u1ea9m","item":"https:\/\/vanphucdang.com\/san-pham\/"},{"@type":"ListItem","position":3,"name":"CL-8000i"}]},{"@type":"WebSite","@id":"https:\/\/vanphucdang.com\/#website","url":"https:\/\/vanphucdang.com\/","name":"V\u1ea1n Ph\u00fac \u0110\u0103ng","description":"","publisher":{"@id":"https:\/\/vanphucdang.com\/#organization"},"potentialAction":[{"@type":"SearchAction","target":{"@type":"EntryPoint","urlTemplate":"https:\/\/vanphucdang.com\/?s={search_term_string}"},"query-input":{"@type":"PropertyValueSpecification","valueRequired":true,"valueName":"search_term_string"}}],"inLanguage":"en-US"},{"@type":"Organization","@id":"https:\/\/vanphucdang.com\/#organization","name":"V\u1ea1n Ph\u00fac \u0110\u0103ng","url":"https:\/\/vanphucdang.com\/","logo":{"@type":"ImageObject","inLanguage":"en-US","@id":"https:\/\/vanphucdang.com\/#\/schema\/logo\/image\/","url":"https:\/\/vanphucdang.com\/wp-content\/uploads\/2024\/12\/logovpd1.png","contentUrl":"https:\/\/vanphucdang.com\/wp-content\/uploads\/2024\/12\/logovpd1.png","width":234,"height":140,"caption":"V\u1ea1n Ph\u00fac \u0110\u0103ng"},"image":{"@id":"https:\/\/vanphucdang.com\/#\/schema\/logo\/image\/"}}]}},"_links":{"self":[{"href":"https:\/\/vanphucdang.com\/en\/wp-json\/wp\/v2\/product\/2660","targetHints":{"allow":["GET"]}}],"collection":[{"href":"https:\/\/vanphucdang.com\/en\/wp-json\/wp\/v2\/product"}],"about":[{"href":"https:\/\/vanphucdang.com\/en\/wp-json\/wp\/v2\/types\/product"}],"replies":[{"embeddable":true,"href":"https:\/\/vanphucdang.com\/en\/wp-json\/wp\/v2\/comments?post=2660"}],"version-history":[{"count":0,"href":"https:\/\/vanphucdang.com\/en\/wp-json\/wp\/v2\/product\/2660\/revisions"}],"wp:featuredmedia":[{"embeddable":true,"href":"https:\/\/vanphucdang.com\/en\/wp-json\/wp\/v2\/media\/2661"}],"wp:attachment":[{"href":"https:\/\/vanphucdang.com\/en\/wp-json\/wp\/v2\/media?parent=2660"}],"wp:term":[{"taxonomy":"product_cat","embeddable":true,"href":"https:\/\/vanphucdang.com\/en\/wp-json\/wp\/v2\/product_cat?post=2660"},{"taxonomy":"product_tag","embeddable":true,"href":"https:\/\/vanphucdang.com\/en\/wp-json\/wp\/v2\/product_tag?post=2660"}],"curies":[{"name":"wp","href":"https:\/\/api.w.org\/{rel}","templated":true}]}}