{"id":2658,"date":"2024-11-29T09:43:26","date_gmt":"2024-11-29T02:43:26","guid":{"rendered":"https:\/\/vpd.dfxh.shop\/?post_type=product&#038;p=2658"},"modified":"2025-12-15T16:22:05","modified_gmt":"2025-12-15T09:22:05","slug":"cl-1200i","status":"publish","type":"product","link":"https:\/\/vanphucdang.com\/en\/cl-1200i\/","title":{"rendered":"CL-1200i"},"content":{"rendered":"<h3 data-start=\"282\" data-end=\"309\"><strong data-start=\"286\" data-end=\"309\">Product Introduction<\/strong><\/h3>\n<p data-start=\"310\" data-end=\"567\">Mindray CL-1200i is an advanced chemiluminescence immunoassay system that delivers superior performance in blood sample detection and analysis. It is designed to ensure high accuracy, stability and automation in laboratory operations.<\/p>\n<p data-start=\"310\" data-end=\"567\">With state-of-the-art technology, the CL-1200i provides a reliable, high-speed, and easy-to-operate testing solution for any modern laboratory.<\/p>\n<hr data-start=\"569\" data-end=\"572\" \/>\n<h3 data-start=\"574\" data-end=\"599\"><strong data-start=\"578\" data-end=\"599\">Outstanding features<\/strong><\/h3>\n<h4 data-start=\"601\" data-end=\"636\"><strong data-start=\"606\" data-end=\"636\">Advanced Response System<\/strong><\/h4>\n<ul data-start=\"637\" data-end=\"824\">\n<li data-start=\"637\" data-end=\"690\">\n<p data-start=\"639\" data-end=\"690\">4-phase separation with precisely controlled temperature<\/p>\n<\/li>\n<li data-start=\"691\" data-end=\"751\">\n<p data-start=\"693\" data-end=\"751\">High reliability thanks to the use of advanced PMT detection system<\/p>\n<\/li>\n<li data-start=\"752\" data-end=\"824\">\n<p data-start=\"754\" data-end=\"824\">Touchless mixing of reaction solution ensures no contamination<\/p>\n<\/li>\n<\/ul>\n<h4 data-start=\"826\" data-end=\"855\"><strong data-start=\"831\" data-end=\"855\">Samples and reagents<\/strong><\/h4>\n<ul data-start=\"856\" data-end=\"1062\">\n<li data-start=\"856\" data-end=\"914\">\n<p data-start=\"858\" data-end=\"914\">Precise control drive motor, minimizing errors<\/p>\n<\/li>\n<li data-start=\"915\" data-end=\"998\">\n<p data-start=\"917\" data-end=\"998\">Intelligent liquid level detection, clot detection, impact and leakage prevention<\/p>\n<\/li>\n<li data-start=\"999\" data-end=\"1062\">\n<p data-start=\"1001\" data-end=\"1062\">Wash the needle tip both inside and out to ensure maximum hygiene<\/p>\n<\/li>\n<\/ul>\n<h4 data-start=\"1064\" data-end=\"1090\"><strong data-start=\"1069\" data-end=\"1090\">Automatic sample processing<\/strong><\/h4>\n<ul data-start=\"1091\" data-end=\"1233\">\n<li data-start=\"1091\" data-end=\"1147\">\n<p data-start=\"1093\" data-end=\"1147\">Continuous sample loading and storage system using rotating sample rack<\/p>\n<\/li>\n<li data-start=\"1148\" data-end=\"1191\">\n<p data-start=\"1150\" data-end=\"1191\">Efficient barcode detection and sample management<\/p>\n<\/li>\n<li data-start=\"1192\" data-end=\"1233\">\n<p data-start=\"1194\" data-end=\"1233\">Supports STAT mode for emergency samples<\/p>\n<\/li>\n<\/ul>\n<hr data-start=\"1235\" data-end=\"1238\" \/>\n<h2 data-start=\"1240\" data-end=\"1273\"><strong data-start=\"1243\" data-end=\"1273\">Detailed specifications<\/strong><\/h2>\n<h3 data-start=\"226\" data-end=\"252\"><strong data-start=\"230\" data-end=\"252\">1. General information<\/strong><\/h3>\n<ul data-start=\"253\" data-end=\"391\">\n<li data-start=\"253\" data-end=\"292\">\n<p data-start=\"255\" data-end=\"292\"><strong data-start=\"255\" data-end=\"268\">Capacity<\/strong>: Up to 180 tests\/hour<\/p>\n<\/li>\n<li data-start=\"293\" data-end=\"391\">\n<p data-start=\"295\" data-end=\"391\"><strong data-start=\"295\" data-end=\"311\">Measuring principle<\/strong>: Supermagnetic beads combining alkaline phosphatase (ALP) labeled reagent and AMPPD substrate<\/p>\n<\/li>\n<\/ul>\n<hr data-start=\"393\" data-end=\"396\" \/>\n<h3 data-start=\"398\" data-end=\"420\"><strong data-start=\"402\" data-end=\"420\">2. Sample parts<\/strong><\/h3>\n<ul data-start=\"421\" data-end=\"788\">\n<li data-start=\"421\" data-end=\"480\">\n<p data-start=\"423\" data-end=\"480\"><strong data-start=\"423\" data-end=\"437\">Sampler<\/strong>: Continuous loading and sampling using sample rack<\/p>\n<\/li>\n<li data-start=\"481\" data-end=\"510\">\n<p data-start=\"483\" data-end=\"510\"><strong data-start=\"483\" data-end=\"497\">Sample rack<\/strong>: 10 positions similar to Bs-800\/BS-2000\/CL-2000i<\/p>\n<\/li>\n<li data-start=\"511\" data-end=\"555\">\n<p data-start=\"513\" data-end=\"555\"><strong data-start=\"513\" data-end=\"530\">Sample capacity<\/strong>: Up to 60 samples per batch<\/p>\n<\/li>\n<li data-start=\"556\" data-end=\"694\">\n<p data-start=\"558\" data-end=\"572\"><strong data-start=\"558\" data-end=\"569\">Metal model<\/strong>:<\/p>\n<ul data-start=\"575\" data-end=\"694\">\n<li data-start=\"575\" data-end=\"602\">\n<p data-start=\"577\" data-end=\"602\">Steel material<\/p>\n<\/li>\n<li data-start=\"605\" data-end=\"632\">\n<p data-start=\"607\" data-end=\"632\">Liquid level detection<\/p>\n<\/li>\n<li data-start=\"635\" data-end=\"661\">\n<p data-start=\"637\" data-end=\"661\">Detect blood clots<\/p>\n<\/li>\n<li data-start=\"664\" data-end=\"694\">\n<p data-start=\"666\" data-end=\"694\">Side &amp; vertical collision protection<\/p>\n<\/li>\n<\/ul>\n<\/li>\n<li data-start=\"695\" data-end=\"741\">\n<p data-start=\"697\" data-end=\"741\"><strong data-start=\"697\" data-end=\"713\">Sample volume<\/strong>: 10\u2013200\u00b5l (1\u00b5l increments)<\/p>\n<\/li>\n<li data-start=\"742\" data-end=\"788\">\n<p data-start=\"744\" data-end=\"788\"><strong data-start=\"744\" data-end=\"763\">Dilution ratio<\/strong>: Automatic dilution at ratio from 1:2 to 1:80<\/p>\n<\/li>\n<\/ul>\n<hr data-start=\"790\" data-end=\"793\" \/>\n<h3 data-start=\"795\" data-end=\"823\"><strong data-start=\"799\" data-end=\"823\">3. Reagent department<\/strong><\/h3>\n<ul data-start=\"824\" data-end=\"1133\">\n<li data-start=\"824\" data-end=\"897\">\n<p data-start=\"826\" data-end=\"897\"><strong data-start=\"826\" data-end=\"843\">Reagent disc<\/strong>: 5 positions, continuous feeding, real-time grain mixing<\/p>\n<\/li>\n<li data-start=\"898\" data-end=\"931\">\n<p data-start=\"900\" data-end=\"931\"><strong data-start=\"900\" data-end=\"920\">Cooling system<\/strong>: 2\u00b0C\u20138\u00b0C<\/p>\n<\/li>\n<li data-start=\"932\" data-end=\"980\">\n<p data-start=\"934\" data-end=\"980\"><strong data-start=\"934\" data-end=\"956\">Reagent packaging<\/strong>: 50 or 100 tests\/pack<\/p>\n<\/li>\n<li data-start=\"981\" data-end=\"1026\">\n<p data-start=\"983\" data-end=\"1026\"><strong data-start=\"983\" data-end=\"999\">Scan barcode<\/strong>: Built-in\/external barcode reader<\/p>\n<\/li>\n<li data-start=\"1027\" data-end=\"1088\">\n<p data-start=\"1029\" data-end=\"1088\"><strong data-start=\"1029\" data-end=\"1046\">Reagent needle<\/strong>: Steel needle, liquid level detection, clot detection, horizontal collision protection and<br \/>\nlengthwise<\/p>\n<\/li>\n<li data-start=\"1089\" data-end=\"1133\">\n<p data-start=\"1091\" data-end=\"1133\"><strong data-start=\"1091\" data-end=\"1107\">Reagent volume<\/strong>: From 20\u2013200\u00b5l (1\u00b5l increments)<\/p>\n<\/li>\n<\/ul>\n<hr data-start=\"1135\" data-end=\"1138\" \/>\n<h3 data-start=\"1140\" data-end=\"1168\"><strong data-start=\"1144\" data-end=\"1168\">4. Substrate system<\/strong><\/h3>\n<ul data-start=\"1169\" data-end=\"1344\">\n<li data-start=\"1169\" data-end=\"1209\">\n<p data-start=\"1171\" data-end=\"1209\"><strong data-start=\"1171\" data-end=\"1188\">Substrate tank<\/strong>: 300 or 500 tests, needle at the bottom<\/p>\n<\/li>\n<li data-start=\"1210\" data-end=\"1265\">\n<p data-start=\"1212\" data-end=\"1265\"><strong data-start=\"1212\" data-end=\"1228\">Substrate loading<\/strong>: Capable of continuous loading during analysis<\/p>\n<\/li>\n<li data-start=\"1266\" data-end=\"1318\">\n<p data-start=\"1268\" data-end=\"1318\"><strong data-start=\"1268\" data-end=\"1290\">Substrate heating<\/strong>: Continuous heating<\/p>\n<\/li>\n<li data-start=\"1319\" data-end=\"1344\">\n<p data-start=\"1321\" data-end=\"1344\"><strong data-start=\"1321\" data-end=\"1337\">Suction volume<\/strong>: 200\u00b5l<\/p>\n<\/li>\n<\/ul>\n<hr data-start=\"1346\" data-end=\"1349\" \/>\n<h3 data-start=\"1351\" data-end=\"1377\"><strong data-start=\"1355\" data-end=\"1377\">5. Magnetic separator<\/strong><\/h3>\n<ul data-start=\"1378\" data-end=\"1479\">\n<li data-start=\"1378\" data-end=\"1406\">\n<p data-start=\"1380\" data-end=\"1406\"><strong>Magnetic Separator<\/strong>: 4 phase separation<\/p>\n<\/li>\n<li data-start=\"1407\" data-end=\"1479\">\n<p data-start=\"1409\" data-end=\"1424\"><strong data-start=\"1409\" data-end=\"1421\">Temperature<\/strong>:<\/p>\n<ul data-start=\"1427\" data-end=\"1479\">\n<li data-start=\"1427\" data-end=\"1457\">\n<p data-start=\"1429\" data-end=\"1457\">Accuracy: 37.0 \u00b1 0.3\u00b0C<\/p>\n<\/li>\n<li data-start=\"1460\" data-end=\"1479\">\n<p data-start=\"1462\" data-end=\"1479\">Fluctuation: \u00b1 0.2\u00b0C<\/p>\n<\/li>\n<\/ul>\n<\/li>\n<\/ul>\n<hr data-start=\"1481\" data-end=\"1484\" \/>\n<h3 data-start=\"1486\" data-end=\"1520\"><strong data-start=\"1490\" data-end=\"1520\">6. Measurement and response system<\/strong><\/h3>\n<ul data-start=\"1521\" data-end=\"1780\">\n<li data-start=\"1521\" data-end=\"1557\">\n<p data-start=\"1523\" data-end=\"1557\"><strong data-start=\"1523\" data-end=\"1543\">Detection mode<\/strong>: Photon counting<\/p>\n<\/li>\n<li data-start=\"1558\" data-end=\"1605\">\n<p data-start=\"1560\" data-end=\"1605\"><strong data-start=\"1560\" data-end=\"1582\">Signal Detection<\/strong>: PMT (Photomultiplying photon counting)<\/p>\n<\/li>\n<li data-start=\"1606\" data-end=\"1648\">\n<p data-start=\"1608\" data-end=\"1648\"><strong data-start=\"1608\" data-end=\"1626\">PMT Calibration<\/strong>: Reference LED<\/p>\n<\/li>\n<li data-start=\"1649\" data-end=\"1685\">\n<p data-start=\"1651\" data-end=\"1685\"><strong data-start=\"1651\" data-end=\"1672\">Reaction conveyor<\/strong>: 75 positions<\/p>\n<\/li>\n<li data-start=\"1686\" data-end=\"1744\">\n<p data-start=\"1688\" data-end=\"1744\"><strong data-start=\"1688\" data-end=\"1709\">Reaction temperature<\/strong>: 37.0 \u00b1 0.3\u00b0C (fluctuation \u00b1 0.2\u00b0C)<\/p>\n<\/li>\n<li data-start=\"1745\" data-end=\"1780\">\n<p data-start=\"1747\" data-end=\"1780\"><strong data-start=\"1747\" data-end=\"1758\">Mixer<\/strong>: No-touch vortex mixing<\/p>\n<\/li>\n<\/ul>\n<hr data-start=\"1782\" data-end=\"1785\" \/>\n<h3 data-start=\"1787\" data-end=\"1818\"><strong data-start=\"1791\" data-end=\"1818\">7. Cuvettes and waste<\/strong><\/h3>\n<ul data-start=\"1819\" data-end=\"1967\">\n<li data-start=\"1819\" data-end=\"1854\">\n<p data-start=\"1821\" data-end=\"1854\"><strong data-start=\"1821\" data-end=\"1832\">Cuvette<\/strong>: Single use plastic<\/p>\n<\/li>\n<li data-start=\"1855\" data-end=\"1910\">\n<p data-start=\"1857\" data-end=\"1910\"><strong data-start=\"1857\" data-end=\"1872\">Load cuvette<\/strong>: 88 cuvette tray, load two trays at the same time, continuous loading and unloading<\/p>\n<\/li>\n<li data-start=\"1911\" data-end=\"1967\">\n<p data-start=\"1913\" data-end=\"1967\"><strong data-start=\"1913\" data-end=\"1929\">Waste collection<\/strong>: The box holds 185 cuvettes<\/p>\n<\/li>\n<\/ul>\n<hr data-start=\"1969\" data-end=\"1972\" \/>\n<h3 data-start=\"1974\" data-end=\"2003\"><strong data-start=\"1978\" data-end=\"2003\">8. Working conditions<\/strong><\/h3>\n<ul data-start=\"2004\" data-end=\"2337\">\n<li data-start=\"2004\" data-end=\"2092\">\n<p data-start=\"2006\" data-end=\"2023\"><strong data-start=\"2006\" data-end=\"2020\">Power supply<\/strong>:<\/p>\n<ul data-start=\"2026\" data-end=\"2092\">\n<li data-start=\"2026\" data-end=\"2046\">\n<p data-start=\"2028\" data-end=\"2046\">110V\/115V~, 60Hz<\/p>\n<\/li>\n<li data-start=\"2049\" data-end=\"2069\">\n<p data-start=\"2051\" data-end=\"2069\">220V\u2013240V~, 50Hz<\/p>\n<\/li>\n<li data-start=\"2072\" data-end=\"2092\">\n<p data-start=\"2074\" data-end=\"2092\">220V\/230V~, 60Hz<\/p>\n<\/li>\n<\/ul>\n<\/li>\n<li data-start=\"2093\" data-end=\"2127\">\n<p data-start=\"2095\" data-end=\"2127\"><strong data-start=\"2095\" data-end=\"2117\">Power consumption<\/strong>: 2000VA<\/p>\n<\/li>\n<li data-start=\"2128\" data-end=\"2168\">\n<p data-start=\"2130\" data-end=\"2168\"><strong data-start=\"2130\" data-end=\"2153\">Operating temperature<\/strong>: 15\u00b0C \u2013 30\u00b0C<\/p>\n<\/li>\n<li data-start=\"2169\" data-end=\"2224\">\n<p data-start=\"2171\" data-end=\"2224\"><strong data-start=\"2171\" data-end=\"2190\">Relative humidity<\/strong>: 35%RH \u2013 80%RH (non-condensing)<\/p>\n<\/li>\n<li data-start=\"2225\" data-end=\"2271\">\n<p data-start=\"2227\" data-end=\"2271\"><strong data-start=\"2227\" data-end=\"2245\">Main machine size<\/strong>: 1400mm \u00d7 760mm \u00d7 600mm<\/p>\n<\/li>\n<li data-start=\"2272\" data-end=\"2298\">\n<p data-start=\"2274\" data-end=\"2298\"><strong data-start=\"2274\" data-end=\"2289\">Weight<\/strong>: 225kg<\/p>\n<\/li>\n<li data-start=\"2299\" data-end=\"2337\">\n<p data-start=\"2301\" data-end=\"2337\"><strong data-start=\"2301\" data-end=\"2320\">Elevation<\/strong>: -400m to 4000m<\/p>\n<\/li>\n<\/ul>\n<hr data-start=\"2366\" data-end=\"2369\" \/>\n<p data-start=\"2371\" data-end=\"2513\">\ud83d\udc49 <strong data-start=\"2374\" data-end=\"2394\">Mindray CL-1200i<\/strong> is the optimal choice for laboratories requiring precision, automation and high performance in immunoassays.<\/p>\n<p data-start=\"2515\" data-end=\"2595\">You can contact us for further advice or to receive a detailed quote.<\/p>","protected":false},"excerpt":{"rendered":"<p>Gi\u1edbi thi\u1ec7u s\u1ea3n ph\u1ea9m Mindray CL-1200i l\u00e0 h\u1ec7 th\u1ed1ng x\u00e9t nghi\u1ec7m mi\u1ec5n d\u1ecbch h\u00f3a ph\u00e1t quang ti\u00ean ti\u1ebfn, mang l\u1ea1i hi\u1ec7u su\u1ea5t v\u01b0\u1ee3t tr\u1ed9i trong vi\u1ec7c ph\u00e1t hi\u1ec7n v\u00e0 ph\u00e2n t\u00edch m\u1eabu m\u00e1u. Thi\u1ebft b\u1ecb \u0111\u01b0\u1ee3c thi\u1ebft k\u1ebf \u0111\u1ec3 \u0111\u1ea3m b\u1ea3o t\u00ednh ch\u00ednh x\u00e1c, \u1ed5n \u0111\u1ecbnh v\u00e0 t\u1ef1 \u0111\u1ed9ng h\u00f3a cao trong v\u1eadn h\u00e0nh ph\u00f2ng [&hellip;]<\/p>","protected":false},"featured_media":2659,"comment_status":"open","ping_status":"closed","template":"","meta":{"footnotes":""},"product_cat":[233,234],"product_tag":[],"class_list":{"0":"post-2658","1":"product","2":"type-product","3":"status-publish","4":"has-post-thumbnail","6":"product_cat-mien-dich","7":"product_cat-san-pham-noi-bat","9":"first","10":"instock","11":"shipping-taxable","12":"product-type-simple"},"yoast_head":"<!-- This site is optimized with the Yoast SEO Premium plugin v22.7 (Yoast SEO v23.8) - https:\/\/yoast.com\/wordpress\/plugins\/seo\/ -->\n<title>CL-1200i - V\u1ea1n Ph\u00fac \u0110\u0103ng<\/title>\n<meta name=\"description\" content=\"Mindray CL-1200i l\u00e0 h\u1ec7 th\u1ed1ng x\u00e9t nghi\u1ec7m mi\u1ec5n d\u1ecbch h\u00f3a ph\u00e1t quang ti\u00ean ti\u1ebfn, mang l\u1ea1i hi\u1ec7u su\u1ea5t v\u01b0\u1ee3t tr\u1ed9i trong vi\u1ec7c ph\u00e1t hi\u1ec7n v\u00e0 ph\u00e2n t\u00edch m\u1eabu m\u00e1u. Thi\u1ebft b\u1ecb \u0111\u01b0\u1ee3c thi\u1ebft k\u1ebf \u0111\u1ec3 \u0111\u1ea3m b\u1ea3o t\u00ednh ch\u00ednh x\u00e1c, \u1ed5n \u0111\u1ecbnh v\u00e0 t\u1ef1 \u0111\u1ed9ng h\u00f3a cao trong v\u1eadn h\u00e0nh ph\u00f2ng x\u00e9t nghi\u1ec7m.\" \/>\n<meta name=\"robots\" content=\"index, follow, max-snippet:-1, max-image-preview:large, max-video-preview:-1\" \/>\n<link rel=\"canonical\" href=\"https:\/\/vanphucdang.com\/en\/cl-1200i\/\" \/>\n<meta property=\"og:locale\" content=\"en_US\" \/>\n<meta property=\"og:type\" content=\"article\" \/>\n<meta property=\"og:title\" content=\"CL-1200i\" \/>\n<meta property=\"og:description\" content=\"Mindray CL-1200i l\u00e0 h\u1ec7 th\u1ed1ng x\u00e9t nghi\u1ec7m mi\u1ec5n d\u1ecbch h\u00f3a ph\u00e1t quang ti\u00ean ti\u1ebfn, mang l\u1ea1i hi\u1ec7u su\u1ea5t v\u01b0\u1ee3t tr\u1ed9i trong vi\u1ec7c ph\u00e1t hi\u1ec7n v\u00e0 ph\u00e2n t\u00edch m\u1eabu m\u00e1u. Thi\u1ebft b\u1ecb \u0111\u01b0\u1ee3c thi\u1ebft k\u1ebf \u0111\u1ec3 \u0111\u1ea3m b\u1ea3o t\u00ednh ch\u00ednh x\u00e1c, \u1ed5n \u0111\u1ecbnh v\u00e0 t\u1ef1 \u0111\u1ed9ng h\u00f3a cao trong v\u1eadn h\u00e0nh ph\u00f2ng x\u00e9t nghi\u1ec7m.\" \/>\n<meta property=\"og:url\" content=\"https:\/\/vanphucdang.com\/en\/cl-1200i\/\" \/>\n<meta property=\"og:site_name\" content=\"V\u1ea1n Ph\u00fac \u0110\u0103ng\" \/>\n<meta property=\"article:modified_time\" content=\"2025-12-15T09:22:05+00:00\" \/>\n<meta property=\"og:image\" content=\"https:\/\/vanphucdang.com\/wp-content\/uploads\/2024\/11\/CL-1200i.jpg\" \/>\n\t<meta property=\"og:image:width\" content=\"894\" \/>\n\t<meta property=\"og:image:height\" content=\"671\" \/>\n\t<meta property=\"og:image:type\" content=\"image\/jpeg\" \/>\n<meta name=\"twitter:card\" content=\"summary_large_image\" \/>\n<meta name=\"twitter:label1\" content=\"Est. reading time\" \/>\n\t<meta name=\"twitter:data1\" content=\"4 minutes\" \/>\n<script type=\"application\/ld+json\" class=\"yoast-schema-graph\">{\"@context\":\"https:\/\/schema.org\",\"@graph\":[{\"@type\":\"WebPage\",\"@id\":\"https:\/\/vanphucdang.com\/cl-1200i\/\",\"url\":\"https:\/\/vanphucdang.com\/cl-1200i\/\",\"name\":\"CL-1200i - V\u1ea1n Ph\u00fac \u0110\u0103ng\",\"isPartOf\":{\"@id\":\"https:\/\/vanphucdang.com\/#website\"},\"primaryImageOfPage\":{\"@id\":\"https:\/\/vanphucdang.com\/cl-1200i\/#primaryimage\"},\"image\":{\"@id\":\"https:\/\/vanphucdang.com\/cl-1200i\/#primaryimage\"},\"thumbnailUrl\":\"https:\/\/vanphucdang.com\/wp-content\/uploads\/2024\/11\/CL-1200i.jpg\",\"datePublished\":\"2024-11-29T02:43:26+00:00\",\"dateModified\":\"2025-12-15T09:22:05+00:00\",\"description\":\"Mindray CL-1200i l\u00e0 h\u1ec7 th\u1ed1ng x\u00e9t nghi\u1ec7m mi\u1ec5n d\u1ecbch h\u00f3a ph\u00e1t quang ti\u00ean ti\u1ebfn, mang l\u1ea1i hi\u1ec7u su\u1ea5t v\u01b0\u1ee3t tr\u1ed9i trong vi\u1ec7c ph\u00e1t hi\u1ec7n v\u00e0 ph\u00e2n t\u00edch m\u1eabu m\u00e1u. Thi\u1ebft b\u1ecb \u0111\u01b0\u1ee3c thi\u1ebft k\u1ebf \u0111\u1ec3 \u0111\u1ea3m b\u1ea3o t\u00ednh ch\u00ednh x\u00e1c, \u1ed5n \u0111\u1ecbnh v\u00e0 t\u1ef1 \u0111\u1ed9ng h\u00f3a cao trong v\u1eadn h\u00e0nh ph\u00f2ng x\u00e9t nghi\u1ec7m.\",\"breadcrumb\":{\"@id\":\"https:\/\/vanphucdang.com\/cl-1200i\/#breadcrumb\"},\"inLanguage\":\"en-US\",\"potentialAction\":[{\"@type\":\"ReadAction\",\"target\":[\"https:\/\/vanphucdang.com\/cl-1200i\/\"]}]},{\"@type\":\"ImageObject\",\"inLanguage\":\"en-US\",\"@id\":\"https:\/\/vanphucdang.com\/cl-1200i\/#primaryimage\",\"url\":\"https:\/\/vanphucdang.com\/wp-content\/uploads\/2024\/11\/CL-1200i.jpg\",\"contentUrl\":\"https:\/\/vanphucdang.com\/wp-content\/uploads\/2024\/11\/CL-1200i.jpg\",\"width\":894,\"height\":671},{\"@type\":\"BreadcrumbList\",\"@id\":\"https:\/\/vanphucdang.com\/cl-1200i\/#breadcrumb\",\"itemListElement\":[{\"@type\":\"ListItem\",\"position\":1,\"name\":\"Trang ch\u1ee7\",\"item\":\"https:\/\/vanphucdang.com\/\"},{\"@type\":\"ListItem\",\"position\":2,\"name\":\"S\u1ea3n ph\u1ea9m\",\"item\":\"https:\/\/vanphucdang.com\/san-pham\/\"},{\"@type\":\"ListItem\",\"position\":3,\"name\":\"CL-1200i\"}]},{\"@type\":\"WebSite\",\"@id\":\"https:\/\/vanphucdang.com\/#website\",\"url\":\"https:\/\/vanphucdang.com\/\",\"name\":\"V\u1ea1n Ph\u00fac \u0110\u0103ng\",\"description\":\"\",\"publisher\":{\"@id\":\"https:\/\/vanphucdang.com\/#organization\"},\"potentialAction\":[{\"@type\":\"SearchAction\",\"target\":{\"@type\":\"EntryPoint\",\"urlTemplate\":\"https:\/\/vanphucdang.com\/?s={search_term_string}\"},\"query-input\":{\"@type\":\"PropertyValueSpecification\",\"valueRequired\":true,\"valueName\":\"search_term_string\"}}],\"inLanguage\":\"en-US\"},{\"@type\":\"Organization\",\"@id\":\"https:\/\/vanphucdang.com\/#organization\",\"name\":\"V\u1ea1n Ph\u00fac \u0110\u0103ng\",\"url\":\"https:\/\/vanphucdang.com\/\",\"logo\":{\"@type\":\"ImageObject\",\"inLanguage\":\"en-US\",\"@id\":\"https:\/\/vanphucdang.com\/#\/schema\/logo\/image\/\",\"url\":\"https:\/\/vanphucdang.com\/wp-content\/uploads\/2024\/12\/logovpd1.png\",\"contentUrl\":\"https:\/\/vanphucdang.com\/wp-content\/uploads\/2024\/12\/logovpd1.png\",\"width\":234,\"height\":140,\"caption\":\"V\u1ea1n Ph\u00fac \u0110\u0103ng\"},\"image\":{\"@id\":\"https:\/\/vanphucdang.com\/#\/schema\/logo\/image\/\"}}]}<\/script>\n<!-- \/ Yoast SEO Premium plugin. -->","yoast_head_json":{"title":"CL-1200i - V\u1ea1n Ph\u00fac \u0110\u0103ng","description":"Mindray CL-1200i l\u00e0 h\u1ec7 th\u1ed1ng x\u00e9t nghi\u1ec7m mi\u1ec5n d\u1ecbch h\u00f3a ph\u00e1t quang ti\u00ean ti\u1ebfn, mang l\u1ea1i hi\u1ec7u su\u1ea5t v\u01b0\u1ee3t tr\u1ed9i trong vi\u1ec7c ph\u00e1t hi\u1ec7n v\u00e0 ph\u00e2n t\u00edch m\u1eabu m\u00e1u. Thi\u1ebft b\u1ecb \u0111\u01b0\u1ee3c thi\u1ebft k\u1ebf \u0111\u1ec3 \u0111\u1ea3m b\u1ea3o t\u00ednh ch\u00ednh x\u00e1c, \u1ed5n \u0111\u1ecbnh v\u00e0 t\u1ef1 \u0111\u1ed9ng h\u00f3a cao trong v\u1eadn h\u00e0nh ph\u00f2ng x\u00e9t nghi\u1ec7m.","robots":{"index":"index","follow":"follow","max-snippet":"max-snippet:-1","max-image-preview":"max-image-preview:large","max-video-preview":"max-video-preview:-1"},"canonical":"https:\/\/vanphucdang.com\/en\/cl-1200i\/","og_locale":"en_US","og_type":"article","og_title":"CL-1200i","og_description":"Mindray CL-1200i l\u00e0 h\u1ec7 th\u1ed1ng x\u00e9t nghi\u1ec7m mi\u1ec5n d\u1ecbch h\u00f3a ph\u00e1t quang ti\u00ean ti\u1ebfn, mang l\u1ea1i hi\u1ec7u su\u1ea5t v\u01b0\u1ee3t tr\u1ed9i trong vi\u1ec7c ph\u00e1t hi\u1ec7n v\u00e0 ph\u00e2n t\u00edch m\u1eabu m\u00e1u. Thi\u1ebft b\u1ecb \u0111\u01b0\u1ee3c thi\u1ebft k\u1ebf \u0111\u1ec3 \u0111\u1ea3m b\u1ea3o t\u00ednh ch\u00ednh x\u00e1c, \u1ed5n \u0111\u1ecbnh v\u00e0 t\u1ef1 \u0111\u1ed9ng h\u00f3a cao trong v\u1eadn h\u00e0nh ph\u00f2ng x\u00e9t nghi\u1ec7m.","og_url":"https:\/\/vanphucdang.com\/en\/cl-1200i\/","og_site_name":"V\u1ea1n Ph\u00fac \u0110\u0103ng","article_modified_time":"2025-12-15T09:22:05+00:00","og_image":[{"width":894,"height":671,"url":"https:\/\/vanphucdang.com\/wp-content\/uploads\/2024\/11\/CL-1200i.jpg","type":"image\/jpeg"}],"twitter_card":"summary_large_image","twitter_misc":{"Est. reading time":"4 minutes"},"schema":{"@context":"https:\/\/schema.org","@graph":[{"@type":"WebPage","@id":"https:\/\/vanphucdang.com\/cl-1200i\/","url":"https:\/\/vanphucdang.com\/cl-1200i\/","name":"CL-1200i - V\u1ea1n Ph\u00fac \u0110\u0103ng","isPartOf":{"@id":"https:\/\/vanphucdang.com\/#website"},"primaryImageOfPage":{"@id":"https:\/\/vanphucdang.com\/cl-1200i\/#primaryimage"},"image":{"@id":"https:\/\/vanphucdang.com\/cl-1200i\/#primaryimage"},"thumbnailUrl":"https:\/\/vanphucdang.com\/wp-content\/uploads\/2024\/11\/CL-1200i.jpg","datePublished":"2024-11-29T02:43:26+00:00","dateModified":"2025-12-15T09:22:05+00:00","description":"Mindray CL-1200i l\u00e0 h\u1ec7 th\u1ed1ng x\u00e9t nghi\u1ec7m mi\u1ec5n d\u1ecbch h\u00f3a ph\u00e1t quang ti\u00ean ti\u1ebfn, mang l\u1ea1i hi\u1ec7u su\u1ea5t v\u01b0\u1ee3t tr\u1ed9i trong vi\u1ec7c ph\u00e1t hi\u1ec7n v\u00e0 ph\u00e2n t\u00edch m\u1eabu m\u00e1u. Thi\u1ebft b\u1ecb \u0111\u01b0\u1ee3c thi\u1ebft k\u1ebf \u0111\u1ec3 \u0111\u1ea3m b\u1ea3o t\u00ednh ch\u00ednh x\u00e1c, \u1ed5n \u0111\u1ecbnh v\u00e0 t\u1ef1 \u0111\u1ed9ng h\u00f3a cao trong v\u1eadn h\u00e0nh ph\u00f2ng x\u00e9t nghi\u1ec7m.","breadcrumb":{"@id":"https:\/\/vanphucdang.com\/cl-1200i\/#breadcrumb"},"inLanguage":"en-US","potentialAction":[{"@type":"ReadAction","target":["https:\/\/vanphucdang.com\/cl-1200i\/"]}]},{"@type":"ImageObject","inLanguage":"en-US","@id":"https:\/\/vanphucdang.com\/cl-1200i\/#primaryimage","url":"https:\/\/vanphucdang.com\/wp-content\/uploads\/2024\/11\/CL-1200i.jpg","contentUrl":"https:\/\/vanphucdang.com\/wp-content\/uploads\/2024\/11\/CL-1200i.jpg","width":894,"height":671},{"@type":"BreadcrumbList","@id":"https:\/\/vanphucdang.com\/cl-1200i\/#breadcrumb","itemListElement":[{"@type":"ListItem","position":1,"name":"Trang ch\u1ee7","item":"https:\/\/vanphucdang.com\/"},{"@type":"ListItem","position":2,"name":"S\u1ea3n ph\u1ea9m","item":"https:\/\/vanphucdang.com\/san-pham\/"},{"@type":"ListItem","position":3,"name":"CL-1200i"}]},{"@type":"WebSite","@id":"https:\/\/vanphucdang.com\/#website","url":"https:\/\/vanphucdang.com\/","name":"V\u1ea1n Ph\u00fac \u0110\u0103ng","description":"","publisher":{"@id":"https:\/\/vanphucdang.com\/#organization"},"potentialAction":[{"@type":"SearchAction","target":{"@type":"EntryPoint","urlTemplate":"https:\/\/vanphucdang.com\/?s={search_term_string}"},"query-input":{"@type":"PropertyValueSpecification","valueRequired":true,"valueName":"search_term_string"}}],"inLanguage":"en-US"},{"@type":"Organization","@id":"https:\/\/vanphucdang.com\/#organization","name":"V\u1ea1n Ph\u00fac \u0110\u0103ng","url":"https:\/\/vanphucdang.com\/","logo":{"@type":"ImageObject","inLanguage":"en-US","@id":"https:\/\/vanphucdang.com\/#\/schema\/logo\/image\/","url":"https:\/\/vanphucdang.com\/wp-content\/uploads\/2024\/12\/logovpd1.png","contentUrl":"https:\/\/vanphucdang.com\/wp-content\/uploads\/2024\/12\/logovpd1.png","width":234,"height":140,"caption":"V\u1ea1n Ph\u00fac \u0110\u0103ng"},"image":{"@id":"https:\/\/vanphucdang.com\/#\/schema\/logo\/image\/"}}]}},"_links":{"self":[{"href":"https:\/\/vanphucdang.com\/en\/wp-json\/wp\/v2\/product\/2658","targetHints":{"allow":["GET"]}}],"collection":[{"href":"https:\/\/vanphucdang.com\/en\/wp-json\/wp\/v2\/product"}],"about":[{"href":"https:\/\/vanphucdang.com\/en\/wp-json\/wp\/v2\/types\/product"}],"replies":[{"embeddable":true,"href":"https:\/\/vanphucdang.com\/en\/wp-json\/wp\/v2\/comments?post=2658"}],"version-history":[{"count":0,"href":"https:\/\/vanphucdang.com\/en\/wp-json\/wp\/v2\/product\/2658\/revisions"}],"wp:featuredmedia":[{"embeddable":true,"href":"https:\/\/vanphucdang.com\/en\/wp-json\/wp\/v2\/media\/2659"}],"wp:attachment":[{"href":"https:\/\/vanphucdang.com\/en\/wp-json\/wp\/v2\/media?parent=2658"}],"wp:term":[{"taxonomy":"product_cat","embeddable":true,"href":"https:\/\/vanphucdang.com\/en\/wp-json\/wp\/v2\/product_cat?post=2658"},{"taxonomy":"product_tag","embeddable":true,"href":"https:\/\/vanphucdang.com\/en\/wp-json\/wp\/v2\/product_tag?post=2658"}],"curies":[{"name":"wp","href":"https:\/\/api.w.org\/{rel}","templated":true}]}}