{"id":2656,"date":"2024-11-29T09:40:35","date_gmt":"2024-11-29T02:40:35","guid":{"rendered":"https:\/\/vpd.dfxh.shop\/?post_type=product&#038;p=2656"},"modified":"2025-12-15T16:22:05","modified_gmt":"2025-12-15T09:22:05","slug":"bc-5390-crp","status":"publish","type":"product","link":"https:\/\/vanphucdang.com\/en\/bc-5390-crp\/","title":{"rendered":"BC-5390 CRP"},"content":{"rendered":"<p><!--StartFragment --><\/p>\n<h2 data-start=\"173\" data-end=\"232\"><strong data-start=\"176\" data-end=\"232\">Mindray BC-5390 CRP \u2013 Automated Hematology Analyzer<\/strong><\/h2>\n<h3 data-start=\"234\" data-end=\"267\"><strong data-start=\"238\" data-end=\"267\">Quick CRP Analysis<\/strong><\/h3>\n<ul data-start=\"268\" data-end=\"519\">\n<li data-start=\"268\" data-end=\"381\">\n<p data-start=\"270\" data-end=\"381\"><strong data-start=\"270\" data-end=\"296\">Two channels of CRP analysis<\/strong> work simultaneously, helping to shorten the waiting time between hematology and CRP testing.<\/p>\n<\/li>\n<li data-start=\"382\" data-end=\"519\">\n<p data-start=\"384\" data-end=\"519\">Allow testing <strong data-start=\"414\" data-end=\"434\">CBC + DIFF + CRP<\/strong> with capacity up to <strong data-start=\"457\" data-end=\"471\">60 samples\/hour<\/strong> \u2013 fastest in the industry at the same measurement method.<\/p>\n<\/li>\n<\/ul>\n<hr data-start=\"521\" data-end=\"524\" \/>\n<h3 data-start=\"526\" data-end=\"581\"><strong data-start=\"530\" data-end=\"581\">Precision \u2013 Immunoturbidimetric Latex Technology<\/strong><\/h3>\n<ul data-start=\"582\" data-end=\"773\">\n<li data-start=\"582\" data-end=\"683\">\n<p data-start=\"584\" data-end=\"683\">Application <strong data-start=\"593\" data-end=\"642\">Advanced immunoturbidimetric latex technology<\/strong> combined with two specialized reagents.<\/p>\n<\/li>\n<li data-start=\"684\" data-end=\"773\">\n<p data-start=\"686\" data-end=\"773\">Ensures high accuracy in CBC + DIFF + CRP testing thanks to the fast dual-channel system.<\/p>\n<\/li>\n<\/ul>\n<hr data-start=\"775\" data-end=\"778\" \/>\n<h3 data-start=\"780\" data-end=\"801\"><strong data-start=\"784\" data-end=\"801\">High Performance<\/strong><\/h3>\n<ul data-start=\"802\" data-end=\"1008\">\n<li data-start=\"802\" data-end=\"932\">\n<p data-start=\"804\" data-end=\"932\"><strong data-start=\"804\" data-end=\"826\">Improved reagents<\/strong> increased accuracy in distinguishing the five leukocyte components, especially with samples containing <strong data-start=\"902\" data-end=\"929\">high eosinophils<\/strong>.<\/p>\n<\/li>\n<li data-start=\"933\" data-end=\"1008\">\n<p data-start=\"935\" data-end=\"1008\">Can be processed <strong data-start=\"948\" data-end=\"985\">Blood samples stored at room temperature<\/strong> within <strong data-start=\"997\" data-end=\"1007\">24 hours<\/strong>.<\/p>\n<\/li>\n<\/ul>\n<hr data-start=\"1010\" data-end=\"1013\" \/>\n<h3 data-start=\"1015\" data-end=\"1054\"><strong data-start=\"1019\" data-end=\"1054\">NRBC Analysis and NRBC Warnings<\/strong><\/h3>\n<ul data-start=\"1055\" data-end=\"1216\">\n<li data-start=\"1055\" data-end=\"1172\">\n<p data-start=\"1057\" data-end=\"1087\">Parameter identification and warning:<\/p>\n<ul data-start=\"1090\" data-end=\"1172\">\n<li data-start=\"1090\" data-end=\"1131\">\n<p data-start=\"1092\" data-end=\"1131\"><strong data-start=\"1092\" data-end=\"1101\">NRBC#<\/strong> \u2013 number of nucleated red blood cells<\/p>\n<\/li>\n<li data-start=\"1134\" data-end=\"1172\">\n<p data-start=\"1136\" data-end=\"1172\"><strong data-start=\"1136\" data-end=\"1145\">NRBC%<\/strong> \u2013 RBC ratio with nucleus<\/p>\n<\/li>\n<\/ul>\n<\/li>\n<li data-start=\"1173\" data-end=\"1216\">\n<p data-start=\"1175\" data-end=\"1216\">Effective support in clinical diagnosis.<\/p>\n<\/li>\n<\/ul>\n<hr data-start=\"1218\" data-end=\"1221\" \/>\n<h2 data-start=\"1223\" data-end=\"1247\"><strong data-start=\"1226\" data-end=\"1247\">Specifications<\/strong><\/h2>\n<h3 data-start=\"1249\" data-end=\"1266\"><strong data-start=\"1253\" data-end=\"1266\">Technology<\/strong><\/h3>\n<ul data-start=\"1267\" data-end=\"1435\">\n<li data-start=\"1267\" data-end=\"1314\">\n<p data-start=\"1269\" data-end=\"1314\">Count RBC and PLT by <strong data-start=\"1289\" data-end=\"1314\">impedance method<\/strong><\/p>\n<\/li>\n<li data-start=\"1315\" data-end=\"1387\">\n<p data-start=\"1317\" data-end=\"1387\">WBC analysis: <strong data-start=\"1332\" data-end=\"1348\">laser scattering<\/strong>, <strong data-start=\"1350\" data-end=\"1367\">chemical dyeing<\/strong>, <strong data-start=\"1369\" data-end=\"1387\">Flow Cytometry<\/strong><\/p>\n<\/li>\n<li data-start=\"1388\" data-end=\"1435\">\n<p data-start=\"1390\" data-end=\"1435\">CRP test: <strong data-start=\"1406\" data-end=\"1435\">Latex Immunoturbidimetric<\/strong><\/p>\n<\/li>\n<\/ul>\n<h3 data-start=\"1437\" data-end=\"1460\"><strong data-start=\"1441\" data-end=\"1460\">Processing Power<\/strong><\/h3>\n<ul data-start=\"1461\" data-end=\"1552\">\n<li data-start=\"1461\" data-end=\"1491\">\n<p data-start=\"1463\" data-end=\"1491\"><strong data-start=\"1463\" data-end=\"1477\">CBC + DIFF<\/strong>: 60 samples\/hour<\/p>\n<\/li>\n<li data-start=\"1492\" data-end=\"1528\">\n<p data-start=\"1494\" data-end=\"1528\"><strong data-start=\"1494\" data-end=\"1514\">CBC + DIFF + CRP<\/strong>: 60 samples\/hour<\/p>\n<\/li>\n<li data-start=\"1529\" data-end=\"1552\">\n<p data-start=\"1531\" data-end=\"1552\"><strong data-start=\"1531\" data-end=\"1538\">CRP<\/strong>: 60 samples\/hour<\/p>\n<\/li>\n<\/ul>\n<h3 data-start=\"1554\" data-end=\"1580\"><strong data-start=\"1558\" data-end=\"1580\">Storage Capacity<\/strong><\/h3>\n<ul data-start=\"1581\" data-end=\"1635\">\n<li data-start=\"1581\" data-end=\"1635\">\n<p data-start=\"1583\" data-end=\"1635\">Maximum <strong data-start=\"1590\" data-end=\"1608\">40,000 results<\/strong>, including figures and graphs<\/p>\n<\/li>\n<\/ul>\n<h3 data-start=\"1637\" data-end=\"1652\"><strong data-start=\"1641\" data-end=\"1652\">Connect<\/strong><\/h3>\n<ul data-start=\"1653\" data-end=\"1723\">\n<li data-start=\"1653\" data-end=\"1695\">\n<p data-start=\"1655\" data-end=\"1695\"><strong data-start=\"1655\" data-end=\"1667\">LAN port<\/strong>, protocol support <strong data-start=\"1686\" data-end=\"1693\">HL7<\/strong><\/p>\n<\/li>\n<li data-start=\"1696\" data-end=\"1723\">\n<p data-start=\"1698\" data-end=\"1723\"><strong data-start=\"1698\" data-end=\"1723\">Two-way LIS connection<\/strong><\/p>\n<\/li>\n<\/ul>\n<h3 data-start=\"1725\" data-end=\"1751\"><strong data-start=\"1729\" data-end=\"1751\">Operating Conditions<\/strong><\/h3>\n<ul data-start=\"1752\" data-end=\"1836\">\n<li data-start=\"1752\" data-end=\"1781\">\n<p data-start=\"1754\" data-end=\"1781\">Temperature: <strong data-start=\"1764\" data-end=\"1779\">15\u00b0C \u2013 30\u00b0C<\/strong><\/p>\n<\/li>\n<li data-start=\"1782\" data-end=\"1806\">\n<p data-start=\"1784\" data-end=\"1806\">Humidity: <strong data-start=\"1791\" data-end=\"1804\">30% &#8211; 85%<\/strong><\/p>\n<\/li>\n<li data-start=\"1807\" data-end=\"1836\">\n<p data-start=\"1809\" data-end=\"1836\">Pressure: <strong data-start=\"1818\" data-end=\"1836\">70kPa \u2013 106kPa<\/strong><\/p>\n<\/li>\n<\/ul>\n<h3 data-start=\"1838\" data-end=\"1856\"><strong data-start=\"1842\" data-end=\"1856\">Power Source<\/strong><\/h3>\n<ul data-start=\"1857\" data-end=\"1911\">\n<li data-start=\"1857\" data-end=\"1885\">\n<p data-start=\"1859\" data-end=\"1885\">Voltage: <strong data-start=\"1868\" data-end=\"1883\">100V \u2013 240V<\/strong><\/p>\n<\/li>\n<li data-start=\"1886\" data-end=\"1911\">\n<p data-start=\"1888\" data-end=\"1911\">Frequency: <strong data-start=\"1896\" data-end=\"1911\">50Hz \/ 60Hz<\/strong><\/p>\n<\/li>\n<\/ul>\n<h3 data-start=\"1913\" data-end=\"1945\"><strong data-start=\"1917\" data-end=\"1945\">Dimensions &amp; Weight<\/strong><\/h3>\n<ul data-start=\"1946\" data-end=\"2011\">\n<li data-start=\"1946\" data-end=\"1987\">\n<p data-start=\"1948\" data-end=\"1987\">Size: <strong data-start=\"1960\" data-end=\"1985\">570mm \u00d7 560mm \u00d7 700mm<\/strong><\/p>\n<\/li>\n<li data-start=\"1988\" data-end=\"2011\">\n<p data-start=\"1990\" data-end=\"2011\">Weight: <strong data-start=\"2003\" data-end=\"2011\">65kg<\/strong><\/p>\n<\/li>\n<\/ul>\n<hr data-start=\"2013\" data-end=\"2016\" \/>\n<h2 data-start=\"2018\" data-end=\"2041\"><strong data-start=\"2021\" data-end=\"2041\">Reporting Parameters<\/strong><\/h2>\n<ul data-start=\"2043\" data-end=\"2228\">\n<li data-start=\"2043\" data-end=\"2110\">\n<p data-start=\"2045\" data-end=\"2110\"><strong data-start=\"2045\" data-end=\"2077\">26 main test parameters<\/strong>: WBC, RBC, HGB, MCV, PLT, CRP\u2026<\/p>\n<\/li>\n<li data-start=\"2111\" data-end=\"2182\">\n<p data-start=\"2113\" data-end=\"2182\"><strong data-start=\"2113\" data-end=\"2147\">10 additional research parameters<\/strong>: NRBC#, NRBC%, hs-CRP, NLR, PLR\u2026<\/p>\n<\/li>\n<li data-start=\"2183\" data-end=\"2228\">\n<p data-start=\"2185\" data-end=\"2228\"><strong data-start=\"2185\" data-end=\"2196\">Chart<\/strong>: 3 histograms + 1 scatterplot<\/p>\n<\/li>\n<\/ul>\n<hr data-start=\"2230\" data-end=\"2233\" \/>\n<h2 data-start=\"2235\" data-end=\"2263\"><strong data-start=\"2238\" data-end=\"2263\">Test Sample Mode<\/strong><\/h2>\n<ul data-start=\"2265\" data-end=\"2357\">\n<li data-start=\"2265\" data-end=\"2296\">\n<p data-start=\"2267\" data-end=\"2296\">Whole blood <strong data-start=\"2281\" data-end=\"2294\">vein<\/strong><\/p>\n<\/li>\n<li data-start=\"2297\" data-end=\"2327\">\n<p data-start=\"2299\" data-end=\"2327\">Whole blood <strong data-start=\"2313\" data-end=\"2325\">capillary<\/strong><\/p>\n<\/li>\n<li data-start=\"2328\" data-end=\"2357\">\n<p data-start=\"2330\" data-end=\"2357\"><strong data-start=\"2330\" data-end=\"2357\">Pre-diluted blood sample<\/strong><\/p>\n<\/li>\n<\/ul>\n<hr data-start=\"2359\" data-end=\"2362\" \/>\n<h2 data-start=\"2364\" data-end=\"2389\"><strong data-start=\"2367\" data-end=\"2389\">Outstanding Convenience<\/strong><\/h2>\n<ul data-start=\"2391\" data-end=\"2680\">\n<li data-start=\"2391\" data-end=\"2459\">\n<p data-start=\"2393\" data-end=\"2459\">Capillary blood test <strong data-start=\"2417\" data-end=\"2457\">convenient for children and the elderly<\/strong><\/p>\n<\/li>\n<li data-start=\"2460\" data-end=\"2532\">\n<p data-start=\"2462\" data-end=\"2532\"><strong data-start=\"2462\" data-end=\"2482\">Built-in refrigerator<\/strong> Keep latex reagent at 2\u20138\u00b0C even when the instrument is off.<\/p>\n<\/li>\n<li data-start=\"2533\" data-end=\"2609\">\n<p data-start=\"2535\" data-end=\"2609\">Technology <strong data-start=\"2545\" data-end=\"2569\">RF automatic recognition<\/strong> reagent, no need to scan code manually<\/p>\n<\/li>\n<li data-start=\"2610\" data-end=\"2680\">\n<p data-start=\"2612\" data-end=\"2680\">Test mode <strong data-start=\"2630\" data-end=\"2645\">CRP independent<\/strong>, <strong data-start=\"2647\" data-end=\"2680\">save hematology reagents<\/strong><\/p>\n<\/li>\n<\/ul>\n<hr data-start=\"2682\" data-end=\"2685\" \/>\n<h2 data-start=\"2687\" data-end=\"2709\"><strong data-start=\"2690\" data-end=\"2709\">Outstanding Advantages<\/strong><\/h2>\n<p data-start=\"2711\" data-end=\"3131\">\u2714 Testing <strong data-start=\"2724\" data-end=\"2750\">5 components WBC + CRP<\/strong>, total <strong data-start=\"2762\" data-end=\"2777\">36 parameters<\/strong><br data-start=\"2777\" data-end=\"2780\" \/><br \/>\n\u2714 <strong data-start=\"2782\" data-end=\"2802\">1 scatter plot<\/strong>, <strong data-start=\"2804\" data-end=\"2827\">3 histograms<\/strong><br data-start=\"2827\" data-end=\"2830\" \/><br \/>\n\u2714 Technology <strong data-start=\"2842\" data-end=\"2892\">Semiconductor laser + chemical staining + Flow Cytometry<\/strong><br data-start=\"2892\" data-end=\"2895\" \/><br \/>\n\u2714 Monitor response <strong data-start=\"2915\" data-end=\"2942\">Real-time CRP<\/strong><br data-start=\"2942\" data-end=\"2945\" \/><br \/>\n\u2714 Large storage capacity: <strong data-start=\"2971\" data-end=\"2985\">40,000 samples<\/strong><br data-start=\"2985\" data-end=\"2988\" \/><br \/>\n\u2714 Support <strong data-start=\"2997\" data-end=\"3013\">capillary blood<\/strong> - suitable for children and the elderly<br data-start=\"3043\" data-end=\"3046\" \/><br \/>\n\u2714 <strong data-start=\"3048\" data-end=\"3073\">40 tube automatic feeder<\/strong>, support random access<br data-start=\"3101\" data-end=\"3104\" \/><br \/>\n\u2714 <strong data-start=\"3106\" data-end=\"3131\">Two-way LIS connection<\/strong><\/p>\n<p><!--EndFragment --><\/p>","protected":false},"excerpt":{"rendered":"<p>Mindray BC-5390 CRP \u2013 M\u00e1y Ph\u00e2n T\u00edch Huy\u1ebft H\u1ecdc T\u1ef1 \u0110\u1ed9ng Ph\u00e2n T\u00edch CRP Nhanh Ch\u00f3ng Hai k\u00eanh ph\u00e2n t\u00edch CRP ho\u1ea1t \u0111\u1ed9ng \u0111\u1ed3ng th\u1eddi, gi\u00fap r\u00fat ng\u1eafn th\u1eddi gian ch\u1edd gi\u1eefa x\u00e9t nghi\u1ec7m huy\u1ebft h\u1ecdc v\u00e0 CRP. Cho ph\u00e9p th\u1ef1c hi\u1ec7n x\u00e9t nghi\u1ec7m CBC + DIFF + CRP v\u1edbi c\u00f4ng su\u1ea5t l\u00ean \u0111\u1ebfn 60 [&hellip;]<\/p>","protected":false},"featured_media":2657,"comment_status":"open","ping_status":"closed","template":"","meta":{"footnotes":""},"product_cat":[231,234],"product_tag":[],"class_list":{"0":"post-2656","1":"product","2":"type-product","3":"status-publish","4":"has-post-thumbnail","6":"product_cat-huyet-hoc","7":"product_cat-san-pham-noi-bat","9":"first","10":"instock","11":"shipping-taxable","12":"product-type-simple"},"yoast_head":"<!-- This site is optimized with the Yoast SEO Premium plugin v22.7 (Yoast SEO v23.8) - https:\/\/yoast.com\/wordpress\/plugins\/seo\/ -->\n<title>BC-5390 CRP - V\u1ea1n Ph\u00fac \u0110\u0103ng<\/title>\n<meta name=\"description\" content=\"BC-5390 CRP \u2013 Gi\u1ea3i ph\u00e1p x\u00e9t nghi\u1ec7m huy\u1ebft h\u1ecdc v\u00e0 CRP to\u00e0n di\u1ec7n, nhanh ch\u00f3ng v\u00e0 ch\u00ednh x\u00e1c.K\u1ebft h\u1ee3p c\u00f4ng ngh\u1ec7 ph\u00e2n t\u00edch huy\u1ebft h\u1ecdc ti\u00ean ti\u1ebfn v\u00e0 ph\u01b0\u01a1ng ph\u00e1p latex immunoturbidimetric, BC-5390CRP cho ph\u00e9p \u0111o \u0111\u1ed3ng th\u1eddi 5 th\u00e0nh ph\u1ea7n b\u1ea1ch c\u1ea7u v\u00e0 CRP ch\u1ec9 v\u1edbi 35\u00b5L m\u00e1u, c\u00f4ng su\u1ea5t l\u00ean \u0111\u1ebfn 60 m\u1eabu\/gi\u1edd. H\u1ec7 th\u1ed1ng hai k\u00eanh ph\u00e2n t\u00edch \u0111\u1ed9c l\u1eadp, l\u01b0u tr\u1eef l\u1edbn, h\u1ed7 tr\u1ee3 m\u00e1u mao m\u1ea1ch, \u0111\u1eb7c bi\u1ec7t ph\u00f9 h\u1ee3p cho b\u1ec7nh nhi v\u00e0 ng\u01b0\u1eddi gi\u00e0.\" \/>\n<meta name=\"robots\" content=\"index, follow, max-snippet:-1, max-image-preview:large, max-video-preview:-1\" \/>\n<link rel=\"canonical\" href=\"https:\/\/vanphucdang.com\/en\/bc-5390-crp\/\" \/>\n<meta property=\"og:locale\" content=\"en_US\" \/>\n<meta property=\"og:type\" content=\"article\" \/>\n<meta property=\"og:title\" content=\"BC-5390 CRP\" \/>\n<meta property=\"og:description\" content=\"BC-5390 CRP \u2013 Gi\u1ea3i ph\u00e1p x\u00e9t nghi\u1ec7m huy\u1ebft h\u1ecdc v\u00e0 CRP to\u00e0n di\u1ec7n, nhanh ch\u00f3ng v\u00e0 ch\u00ednh x\u00e1c.K\u1ebft h\u1ee3p c\u00f4ng ngh\u1ec7 ph\u00e2n t\u00edch huy\u1ebft h\u1ecdc ti\u00ean ti\u1ebfn v\u00e0 ph\u01b0\u01a1ng ph\u00e1p latex immunoturbidimetric, BC-5390CRP cho ph\u00e9p \u0111o \u0111\u1ed3ng th\u1eddi 5 th\u00e0nh ph\u1ea7n b\u1ea1ch c\u1ea7u v\u00e0 CRP ch\u1ec9 v\u1edbi 35\u00b5L m\u00e1u, c\u00f4ng su\u1ea5t l\u00ean \u0111\u1ebfn 60 m\u1eabu\/gi\u1edd. H\u1ec7 th\u1ed1ng hai k\u00eanh ph\u00e2n t\u00edch \u0111\u1ed9c l\u1eadp, l\u01b0u tr\u1eef l\u1edbn, h\u1ed7 tr\u1ee3 m\u00e1u mao m\u1ea1ch, \u0111\u1eb7c bi\u1ec7t ph\u00f9 h\u1ee3p cho b\u1ec7nh nhi v\u00e0 ng\u01b0\u1eddi gi\u00e0.\" \/>\n<meta property=\"og:url\" content=\"https:\/\/vanphucdang.com\/en\/bc-5390-crp\/\" \/>\n<meta property=\"og:site_name\" content=\"V\u1ea1n Ph\u00fac \u0110\u0103ng\" \/>\n<meta property=\"article:modified_time\" content=\"2025-12-15T09:22:05+00:00\" \/>\n<meta property=\"og:image\" content=\"https:\/\/vanphucdang.com\/wp-content\/uploads\/2024\/11\/BC-5390-CRP.jpg\" \/>\n\t<meta property=\"og:image:width\" content=\"283\" \/>\n\t<meta property=\"og:image:height\" content=\"283\" \/>\n\t<meta property=\"og:image:type\" content=\"image\/jpeg\" \/>\n<meta name=\"twitter:card\" content=\"summary_large_image\" \/>\n<meta name=\"twitter:label1\" content=\"Est. reading time\" \/>\n\t<meta name=\"twitter:data1\" content=\"3 minutes\" \/>\n<script type=\"application\/ld+json\" class=\"yoast-schema-graph\">{\"@context\":\"https:\/\/schema.org\",\"@graph\":[{\"@type\":\"WebPage\",\"@id\":\"https:\/\/vanphucdang.com\/bc-5390-crp\/\",\"url\":\"https:\/\/vanphucdang.com\/bc-5390-crp\/\",\"name\":\"BC-5390 CRP - V\u1ea1n Ph\u00fac \u0110\u0103ng\",\"isPartOf\":{\"@id\":\"https:\/\/vanphucdang.com\/#website\"},\"primaryImageOfPage\":{\"@id\":\"https:\/\/vanphucdang.com\/bc-5390-crp\/#primaryimage\"},\"image\":{\"@id\":\"https:\/\/vanphucdang.com\/bc-5390-crp\/#primaryimage\"},\"thumbnailUrl\":\"https:\/\/vanphucdang.com\/wp-content\/uploads\/2024\/11\/BC-5390-CRP.jpg\",\"datePublished\":\"2024-11-29T02:40:35+00:00\",\"dateModified\":\"2025-12-15T09:22:05+00:00\",\"description\":\"BC-5390 CRP \u2013 Gi\u1ea3i ph\u00e1p x\u00e9t nghi\u1ec7m huy\u1ebft h\u1ecdc v\u00e0 CRP to\u00e0n di\u1ec7n, nhanh ch\u00f3ng v\u00e0 ch\u00ednh x\u00e1c.K\u1ebft h\u1ee3p c\u00f4ng ngh\u1ec7 ph\u00e2n t\u00edch huy\u1ebft h\u1ecdc ti\u00ean ti\u1ebfn v\u00e0 ph\u01b0\u01a1ng ph\u00e1p latex immunoturbidimetric, BC-5390CRP cho ph\u00e9p \u0111o \u0111\u1ed3ng th\u1eddi 5 th\u00e0nh ph\u1ea7n b\u1ea1ch c\u1ea7u v\u00e0 CRP ch\u1ec9 v\u1edbi 35\u00b5L m\u00e1u, c\u00f4ng su\u1ea5t l\u00ean \u0111\u1ebfn 60 m\u1eabu\/gi\u1edd. H\u1ec7 th\u1ed1ng hai k\u00eanh ph\u00e2n t\u00edch \u0111\u1ed9c l\u1eadp, l\u01b0u tr\u1eef l\u1edbn, h\u1ed7 tr\u1ee3 m\u00e1u mao m\u1ea1ch, \u0111\u1eb7c bi\u1ec7t ph\u00f9 h\u1ee3p cho b\u1ec7nh nhi v\u00e0 ng\u01b0\u1eddi gi\u00e0.\",\"breadcrumb\":{\"@id\":\"https:\/\/vanphucdang.com\/bc-5390-crp\/#breadcrumb\"},\"inLanguage\":\"en-US\",\"potentialAction\":[{\"@type\":\"ReadAction\",\"target\":[\"https:\/\/vanphucdang.com\/bc-5390-crp\/\"]}]},{\"@type\":\"ImageObject\",\"inLanguage\":\"en-US\",\"@id\":\"https:\/\/vanphucdang.com\/bc-5390-crp\/#primaryimage\",\"url\":\"https:\/\/vanphucdang.com\/wp-content\/uploads\/2024\/11\/BC-5390-CRP.jpg\",\"contentUrl\":\"https:\/\/vanphucdang.com\/wp-content\/uploads\/2024\/11\/BC-5390-CRP.jpg\",\"width\":283,\"height\":283},{\"@type\":\"BreadcrumbList\",\"@id\":\"https:\/\/vanphucdang.com\/bc-5390-crp\/#breadcrumb\",\"itemListElement\":[{\"@type\":\"ListItem\",\"position\":1,\"name\":\"Trang ch\u1ee7\",\"item\":\"https:\/\/vanphucdang.com\/\"},{\"@type\":\"ListItem\",\"position\":2,\"name\":\"S\u1ea3n ph\u1ea9m\",\"item\":\"https:\/\/vanphucdang.com\/san-pham\/\"},{\"@type\":\"ListItem\",\"position\":3,\"name\":\"BC-5390 CRP\"}]},{\"@type\":\"WebSite\",\"@id\":\"https:\/\/vanphucdang.com\/#website\",\"url\":\"https:\/\/vanphucdang.com\/\",\"name\":\"V\u1ea1n Ph\u00fac \u0110\u0103ng\",\"description\":\"\",\"publisher\":{\"@id\":\"https:\/\/vanphucdang.com\/#organization\"},\"potentialAction\":[{\"@type\":\"SearchAction\",\"target\":{\"@type\":\"EntryPoint\",\"urlTemplate\":\"https:\/\/vanphucdang.com\/?s={search_term_string}\"},\"query-input\":{\"@type\":\"PropertyValueSpecification\",\"valueRequired\":true,\"valueName\":\"search_term_string\"}}],\"inLanguage\":\"en-US\"},{\"@type\":\"Organization\",\"@id\":\"https:\/\/vanphucdang.com\/#organization\",\"name\":\"V\u1ea1n Ph\u00fac \u0110\u0103ng\",\"url\":\"https:\/\/vanphucdang.com\/\",\"logo\":{\"@type\":\"ImageObject\",\"inLanguage\":\"en-US\",\"@id\":\"https:\/\/vanphucdang.com\/#\/schema\/logo\/image\/\",\"url\":\"https:\/\/vanphucdang.com\/wp-content\/uploads\/2024\/12\/logovpd1.png\",\"contentUrl\":\"https:\/\/vanphucdang.com\/wp-content\/uploads\/2024\/12\/logovpd1.png\",\"width\":234,\"height\":140,\"caption\":\"V\u1ea1n Ph\u00fac \u0110\u0103ng\"},\"image\":{\"@id\":\"https:\/\/vanphucdang.com\/#\/schema\/logo\/image\/\"}}]}<\/script>\n<!-- \/ Yoast SEO Premium plugin. -->","yoast_head_json":{"title":"BC-5390 CRP - V\u1ea1n Ph\u00fac \u0110\u0103ng","description":"BC-5390 CRP \u2013 Gi\u1ea3i ph\u00e1p x\u00e9t nghi\u1ec7m huy\u1ebft h\u1ecdc v\u00e0 CRP to\u00e0n di\u1ec7n, nhanh ch\u00f3ng v\u00e0 ch\u00ednh x\u00e1c.K\u1ebft h\u1ee3p c\u00f4ng ngh\u1ec7 ph\u00e2n t\u00edch huy\u1ebft h\u1ecdc ti\u00ean ti\u1ebfn v\u00e0 ph\u01b0\u01a1ng ph\u00e1p latex immunoturbidimetric, BC-5390CRP cho ph\u00e9p \u0111o \u0111\u1ed3ng th\u1eddi 5 th\u00e0nh ph\u1ea7n b\u1ea1ch c\u1ea7u v\u00e0 CRP ch\u1ec9 v\u1edbi 35\u00b5L m\u00e1u, c\u00f4ng su\u1ea5t l\u00ean \u0111\u1ebfn 60 m\u1eabu\/gi\u1edd. H\u1ec7 th\u1ed1ng hai k\u00eanh ph\u00e2n t\u00edch \u0111\u1ed9c l\u1eadp, l\u01b0u tr\u1eef l\u1edbn, h\u1ed7 tr\u1ee3 m\u00e1u mao m\u1ea1ch, \u0111\u1eb7c bi\u1ec7t ph\u00f9 h\u1ee3p cho b\u1ec7nh nhi v\u00e0 ng\u01b0\u1eddi gi\u00e0.","robots":{"index":"index","follow":"follow","max-snippet":"max-snippet:-1","max-image-preview":"max-image-preview:large","max-video-preview":"max-video-preview:-1"},"canonical":"https:\/\/vanphucdang.com\/en\/bc-5390-crp\/","og_locale":"en_US","og_type":"article","og_title":"BC-5390 CRP","og_description":"BC-5390 CRP \u2013 Gi\u1ea3i ph\u00e1p x\u00e9t nghi\u1ec7m huy\u1ebft h\u1ecdc v\u00e0 CRP to\u00e0n di\u1ec7n, nhanh ch\u00f3ng v\u00e0 ch\u00ednh x\u00e1c.K\u1ebft h\u1ee3p c\u00f4ng ngh\u1ec7 ph\u00e2n t\u00edch huy\u1ebft h\u1ecdc ti\u00ean ti\u1ebfn v\u00e0 ph\u01b0\u01a1ng ph\u00e1p latex immunoturbidimetric, BC-5390CRP cho ph\u00e9p \u0111o \u0111\u1ed3ng th\u1eddi 5 th\u00e0nh ph\u1ea7n b\u1ea1ch c\u1ea7u v\u00e0 CRP ch\u1ec9 v\u1edbi 35\u00b5L m\u00e1u, c\u00f4ng su\u1ea5t l\u00ean \u0111\u1ebfn 60 m\u1eabu\/gi\u1edd. H\u1ec7 th\u1ed1ng hai k\u00eanh ph\u00e2n t\u00edch \u0111\u1ed9c l\u1eadp, l\u01b0u tr\u1eef l\u1edbn, h\u1ed7 tr\u1ee3 m\u00e1u mao m\u1ea1ch, \u0111\u1eb7c bi\u1ec7t ph\u00f9 h\u1ee3p cho b\u1ec7nh nhi v\u00e0 ng\u01b0\u1eddi gi\u00e0.","og_url":"https:\/\/vanphucdang.com\/en\/bc-5390-crp\/","og_site_name":"V\u1ea1n Ph\u00fac \u0110\u0103ng","article_modified_time":"2025-12-15T09:22:05+00:00","og_image":[{"width":283,"height":283,"url":"https:\/\/vanphucdang.com\/wp-content\/uploads\/2024\/11\/BC-5390-CRP.jpg","type":"image\/jpeg"}],"twitter_card":"summary_large_image","twitter_misc":{"Est. reading time":"3 minutes"},"schema":{"@context":"https:\/\/schema.org","@graph":[{"@type":"WebPage","@id":"https:\/\/vanphucdang.com\/bc-5390-crp\/","url":"https:\/\/vanphucdang.com\/bc-5390-crp\/","name":"BC-5390 CRP - V\u1ea1n Ph\u00fac \u0110\u0103ng","isPartOf":{"@id":"https:\/\/vanphucdang.com\/#website"},"primaryImageOfPage":{"@id":"https:\/\/vanphucdang.com\/bc-5390-crp\/#primaryimage"},"image":{"@id":"https:\/\/vanphucdang.com\/bc-5390-crp\/#primaryimage"},"thumbnailUrl":"https:\/\/vanphucdang.com\/wp-content\/uploads\/2024\/11\/BC-5390-CRP.jpg","datePublished":"2024-11-29T02:40:35+00:00","dateModified":"2025-12-15T09:22:05+00:00","description":"BC-5390 CRP \u2013 Gi\u1ea3i ph\u00e1p x\u00e9t nghi\u1ec7m huy\u1ebft h\u1ecdc v\u00e0 CRP to\u00e0n di\u1ec7n, nhanh ch\u00f3ng v\u00e0 ch\u00ednh x\u00e1c.K\u1ebft h\u1ee3p c\u00f4ng ngh\u1ec7 ph\u00e2n t\u00edch huy\u1ebft h\u1ecdc ti\u00ean ti\u1ebfn v\u00e0 ph\u01b0\u01a1ng ph\u00e1p latex immunoturbidimetric, BC-5390CRP cho ph\u00e9p \u0111o \u0111\u1ed3ng th\u1eddi 5 th\u00e0nh ph\u1ea7n b\u1ea1ch c\u1ea7u v\u00e0 CRP ch\u1ec9 v\u1edbi 35\u00b5L m\u00e1u, c\u00f4ng su\u1ea5t l\u00ean \u0111\u1ebfn 60 m\u1eabu\/gi\u1edd. H\u1ec7 th\u1ed1ng hai k\u00eanh ph\u00e2n t\u00edch \u0111\u1ed9c l\u1eadp, l\u01b0u tr\u1eef l\u1edbn, h\u1ed7 tr\u1ee3 m\u00e1u mao m\u1ea1ch, \u0111\u1eb7c bi\u1ec7t ph\u00f9 h\u1ee3p cho b\u1ec7nh nhi v\u00e0 ng\u01b0\u1eddi gi\u00e0.","breadcrumb":{"@id":"https:\/\/vanphucdang.com\/bc-5390-crp\/#breadcrumb"},"inLanguage":"en-US","potentialAction":[{"@type":"ReadAction","target":["https:\/\/vanphucdang.com\/bc-5390-crp\/"]}]},{"@type":"ImageObject","inLanguage":"en-US","@id":"https:\/\/vanphucdang.com\/bc-5390-crp\/#primaryimage","url":"https:\/\/vanphucdang.com\/wp-content\/uploads\/2024\/11\/BC-5390-CRP.jpg","contentUrl":"https:\/\/vanphucdang.com\/wp-content\/uploads\/2024\/11\/BC-5390-CRP.jpg","width":283,"height":283},{"@type":"BreadcrumbList","@id":"https:\/\/vanphucdang.com\/bc-5390-crp\/#breadcrumb","itemListElement":[{"@type":"ListItem","position":1,"name":"Trang ch\u1ee7","item":"https:\/\/vanphucdang.com\/"},{"@type":"ListItem","position":2,"name":"S\u1ea3n ph\u1ea9m","item":"https:\/\/vanphucdang.com\/san-pham\/"},{"@type":"ListItem","position":3,"name":"BC-5390 CRP"}]},{"@type":"WebSite","@id":"https:\/\/vanphucdang.com\/#website","url":"https:\/\/vanphucdang.com\/","name":"V\u1ea1n Ph\u00fac \u0110\u0103ng","description":"","publisher":{"@id":"https:\/\/vanphucdang.com\/#organization"},"potentialAction":[{"@type":"SearchAction","target":{"@type":"EntryPoint","urlTemplate":"https:\/\/vanphucdang.com\/?s={search_term_string}"},"query-input":{"@type":"PropertyValueSpecification","valueRequired":true,"valueName":"search_term_string"}}],"inLanguage":"en-US"},{"@type":"Organization","@id":"https:\/\/vanphucdang.com\/#organization","name":"V\u1ea1n Ph\u00fac \u0110\u0103ng","url":"https:\/\/vanphucdang.com\/","logo":{"@type":"ImageObject","inLanguage":"en-US","@id":"https:\/\/vanphucdang.com\/#\/schema\/logo\/image\/","url":"https:\/\/vanphucdang.com\/wp-content\/uploads\/2024\/12\/logovpd1.png","contentUrl":"https:\/\/vanphucdang.com\/wp-content\/uploads\/2024\/12\/logovpd1.png","width":234,"height":140,"caption":"V\u1ea1n Ph\u00fac \u0110\u0103ng"},"image":{"@id":"https:\/\/vanphucdang.com\/#\/schema\/logo\/image\/"}}]}},"_links":{"self":[{"href":"https:\/\/vanphucdang.com\/en\/wp-json\/wp\/v2\/product\/2656","targetHints":{"allow":["GET"]}}],"collection":[{"href":"https:\/\/vanphucdang.com\/en\/wp-json\/wp\/v2\/product"}],"about":[{"href":"https:\/\/vanphucdang.com\/en\/wp-json\/wp\/v2\/types\/product"}],"replies":[{"embeddable":true,"href":"https:\/\/vanphucdang.com\/en\/wp-json\/wp\/v2\/comments?post=2656"}],"version-history":[{"count":0,"href":"https:\/\/vanphucdang.com\/en\/wp-json\/wp\/v2\/product\/2656\/revisions"}],"wp:featuredmedia":[{"embeddable":true,"href":"https:\/\/vanphucdang.com\/en\/wp-json\/wp\/v2\/media\/2657"}],"wp:attachment":[{"href":"https:\/\/vanphucdang.com\/en\/wp-json\/wp\/v2\/media?parent=2656"}],"wp:term":[{"taxonomy":"product_cat","embeddable":true,"href":"https:\/\/vanphucdang.com\/en\/wp-json\/wp\/v2\/product_cat?post=2656"},{"taxonomy":"product_tag","embeddable":true,"href":"https:\/\/vanphucdang.com\/en\/wp-json\/wp\/v2\/product_tag?post=2656"}],"curies":[{"name":"wp","href":"https:\/\/api.w.org\/{rel}","templated":true}]}}