{"id":2654,"date":"2024-11-29T09:26:21","date_gmt":"2024-11-29T02:26:21","guid":{"rendered":"https:\/\/vpd.dfxh.shop\/?post_type=product&#038;p=2654"},"modified":"2025-06-05T09:25:56","modified_gmt":"2025-06-05T02:25:56","slug":"cal6000","status":"publish","type":"product","link":"https:\/\/vanphucdang.com\/en\/cal6000\/","title":{"rendered":"CAL 6000"},"content":{"rendered":"<p><strong>Hematology automation at your fingertips<\/strong><\/p>\n<p data-start=\"65\" data-end=\"419\"><strong>Mindray CAL 6000<\/strong> defines a new generation of cell analysis systems. By combining the BC-6000 or BC-6200 automated hematology analyzer with the SC-120 slide preparation and staining unit, the CAL 6000 system offers flexible configurations with throughput of up to 220 tests per hour and 120 slides per hour.<\/p>\n<p data-start=\"421\" data-end=\"552\"><strong data-start=\"421\" data-end=\"442\">Outstanding features<\/strong><br data-start=\"442\" data-end=\"445\" \/><br \/>\nThe CAL 6000 has flexible configurations to meet the diverse needs of laboratories with different requirements.<\/p>\n<p data-start=\"61\" data-end=\"115\"><strong data-start=\"61\" data-end=\"84\">Large sample loading area<\/strong> can hold 100 samples at the same time.<\/p>\n<p data-start=\"117\" data-end=\"255\">Exclusive \u201ctwo-way feed\u201d technology enables intelligent workload allocation, improving performance and productivity.<\/p>\n<p data-start=\"257\" data-end=\"410\">When the sample results meet certain criteria, the sample holder can automatically retract to perform a rerun or reflex test.<\/p>\n<p data-start=\"412\" data-end=\"559\">Emergency samples (STAT) can be loaded before regular samples with priority, helping to shorten the processing time (TAT) in emergency cases.<\/p>\n<p data-start=\"561\" data-end=\"648\">With the exclusive adapter, the system allows the use of a wide variety of test tubes.<\/p>\n<p data-start=\"561\" data-end=\"648\"><strong data-start=\"69\" data-end=\"81\">labXpert<\/strong><br data-start=\"81\" data-end=\"84\" \/><br \/>\nSoftware <strong data-start=\"93\" data-end=\"105\">labXpert<\/strong> is a standard configuration of the CAL 6000 system, designed for in-depth data analysis. The software can automatically perform sample validation and analysis based on pre-set rules.<\/p>\n<p data-start=\"561\" data-end=\"648\"><img loading=\"lazy\" decoding=\"async\" class=\"alignnone size-full wp-image-2791\" src=\"https:\/\/vanphucdang.com\/wp-content\/uploads\/2024\/11\/glp48-s6-web.jpg\" alt=\"\" width=\"1290\" height=\"545\" srcset=\"https:\/\/vanphucdang.com\/wp-content\/uploads\/2024\/11\/glp48-s6-web.jpg 1290w, https:\/\/vanphucdang.com\/wp-content\/uploads\/2024\/11\/glp48-s6-web-18x8.jpg 18w\" sizes=\"auto, (max-width: 1290px) 100vw, 1290px\" \/><\/p>","protected":false},"excerpt":{"rendered":"<p>T\u1ef1 \u0111\u1ed9ng h\u00f3a huy\u1ebft h\u1ecdc trong t\u1ea7m tay Mindray CAL 6000 \u0111\u1ecbnh ngh\u0129a m\u1ed9t th\u1ebf h\u1ec7 m\u1edbi c\u1ee7a h\u1ec7 th\u1ed1ng ph\u00e2n t\u00edch t\u1ebf b\u00e0o. B\u1eb1ng c\u00e1ch k\u1ebft h\u1ee3p gi\u1eefa m\u00e1y ph\u00e2n t\u00edch huy\u1ebft h\u1ecdc t\u1ef1 \u0111\u1ed9ng BC-6000 ho\u1eb7c BC-6200 v\u1edbi thi\u1ebft b\u1ecb l\u00e0m v\u00e0 nhu\u1ed9m ti\u00eau b\u1ea3n SC-120, h\u1ec7 th\u1ed1ng CAL 6000 cung c\u1ea5p c\u00e1c [&hellip;]<\/p>","protected":false},"featured_media":2655,"comment_status":"open","ping_status":"closed","template":"","meta":{"footnotes":""},"product_cat":[231,234],"product_tag":[],"class_list":{"0":"post-2654","1":"product","2":"type-product","3":"status-publish","4":"has-post-thumbnail","6":"product_cat-huyet-hoc","7":"product_cat-san-pham-noi-bat","9":"first","10":"instock","11":"shipping-taxable","12":"product-type-simple"},"yoast_head":"<!-- This site is optimized with the Yoast SEO Premium plugin v22.7 (Yoast SEO v23.8) - https:\/\/yoast.com\/wordpress\/plugins\/seo\/ -->\n<title>CAL 6000 - V\u1ea1n Ph\u00fac \u0110\u0103ng<\/title>\n<meta name=\"description\" content=\"Mindray CAL 6000 \u0111\u1ecbnh ngh\u0129a m\u1ed9t th\u1ebf h\u1ec7 m\u1edbi c\u1ee7a h\u1ec7 th\u1ed1ng ph\u00e2n t\u00edch t\u1ebf b\u00e0o. B\u1eb1ng c\u00e1ch k\u1ebft h\u1ee3p gi\u1eefa m\u00e1y ph\u00e2n t\u00edch huy\u1ebft h\u1ecdc t\u1ef1 \u0111\u1ed9ng BC-6000 ho\u1eb7c BC-6200,...\" \/>\n<meta name=\"robots\" content=\"index, follow, max-snippet:-1, max-image-preview:large, max-video-preview:-1\" \/>\n<link rel=\"canonical\" href=\"https:\/\/vanphucdang.com\/en\/cal6000\/\" \/>\n<meta property=\"og:locale\" content=\"en_US\" \/>\n<meta property=\"og:type\" content=\"article\" \/>\n<meta property=\"og:title\" content=\"CAL 6000\" \/>\n<meta property=\"og:description\" content=\"Mindray CAL 6000 \u0111\u1ecbnh ngh\u0129a m\u1ed9t th\u1ebf h\u1ec7 m\u1edbi c\u1ee7a h\u1ec7 th\u1ed1ng ph\u00e2n t\u00edch t\u1ebf b\u00e0o. B\u1eb1ng c\u00e1ch k\u1ebft h\u1ee3p gi\u1eefa m\u00e1y ph\u00e2n t\u00edch huy\u1ebft h\u1ecdc t\u1ef1 \u0111\u1ed9ng BC-6000 ho\u1eb7c BC-6200,...\" \/>\n<meta property=\"og:url\" content=\"https:\/\/vanphucdang.com\/en\/cal6000\/\" \/>\n<meta property=\"og:site_name\" content=\"V\u1ea1n Ph\u00fac \u0110\u0103ng\" \/>\n<meta property=\"article:modified_time\" content=\"2025-06-05T02:25:56+00:00\" \/>\n<meta property=\"og:image\" content=\"https:\/\/vanphucdang.com\/wp-content\/uploads\/2024\/11\/CAL6000.jpg\" \/>\n\t<meta property=\"og:image:width\" content=\"894\" \/>\n\t<meta property=\"og:image:height\" content=\"261\" \/>\n\t<meta property=\"og:image:type\" content=\"image\/jpeg\" \/>\n<meta name=\"twitter:card\" content=\"summary_large_image\" \/>\n<meta name=\"twitter:label1\" content=\"Est. reading time\" \/>\n\t<meta name=\"twitter:data1\" content=\"2 minutes\" \/>\n<script type=\"application\/ld+json\" class=\"yoast-schema-graph\">{\"@context\":\"https:\/\/schema.org\",\"@graph\":[{\"@type\":\"WebPage\",\"@id\":\"https:\/\/vanphucdang.com\/cal6000\/\",\"url\":\"https:\/\/vanphucdang.com\/cal6000\/\",\"name\":\"CAL 6000 - V\u1ea1n Ph\u00fac \u0110\u0103ng\",\"isPartOf\":{\"@id\":\"https:\/\/vanphucdang.com\/#website\"},\"primaryImageOfPage\":{\"@id\":\"https:\/\/vanphucdang.com\/cal6000\/#primaryimage\"},\"image\":{\"@id\":\"https:\/\/vanphucdang.com\/cal6000\/#primaryimage\"},\"thumbnailUrl\":\"https:\/\/vanphucdang.com\/wp-content\/uploads\/2024\/11\/CAL6000.jpg\",\"datePublished\":\"2024-11-29T02:26:21+00:00\",\"dateModified\":\"2025-06-05T02:25:56+00:00\",\"description\":\"Mindray CAL 6000 \u0111\u1ecbnh ngh\u0129a m\u1ed9t th\u1ebf h\u1ec7 m\u1edbi c\u1ee7a h\u1ec7 th\u1ed1ng ph\u00e2n t\u00edch t\u1ebf b\u00e0o. B\u1eb1ng c\u00e1ch k\u1ebft h\u1ee3p gi\u1eefa m\u00e1y ph\u00e2n t\u00edch huy\u1ebft h\u1ecdc t\u1ef1 \u0111\u1ed9ng BC-6000 ho\u1eb7c BC-6200,...\",\"breadcrumb\":{\"@id\":\"https:\/\/vanphucdang.com\/cal6000\/#breadcrumb\"},\"inLanguage\":\"en-US\",\"potentialAction\":[{\"@type\":\"ReadAction\",\"target\":[\"https:\/\/vanphucdang.com\/cal6000\/\"]}]},{\"@type\":\"ImageObject\",\"inLanguage\":\"en-US\",\"@id\":\"https:\/\/vanphucdang.com\/cal6000\/#primaryimage\",\"url\":\"https:\/\/vanphucdang.com\/wp-content\/uploads\/2024\/11\/CAL6000.jpg\",\"contentUrl\":\"https:\/\/vanphucdang.com\/wp-content\/uploads\/2024\/11\/CAL6000.jpg\",\"width\":894,\"height\":261},{\"@type\":\"BreadcrumbList\",\"@id\":\"https:\/\/vanphucdang.com\/cal6000\/#breadcrumb\",\"itemListElement\":[{\"@type\":\"ListItem\",\"position\":1,\"name\":\"Trang ch\u1ee7\",\"item\":\"https:\/\/vanphucdang.com\/\"},{\"@type\":\"ListItem\",\"position\":2,\"name\":\"S\u1ea3n ph\u1ea9m\",\"item\":\"https:\/\/vanphucdang.com\/san-pham\/\"},{\"@type\":\"ListItem\",\"position\":3,\"name\":\"CAL 6000\"}]},{\"@type\":\"WebSite\",\"@id\":\"https:\/\/vanphucdang.com\/#website\",\"url\":\"https:\/\/vanphucdang.com\/\",\"name\":\"V\u1ea1n Ph\u00fac \u0110\u0103ng\",\"description\":\"\",\"publisher\":{\"@id\":\"https:\/\/vanphucdang.com\/#organization\"},\"potentialAction\":[{\"@type\":\"SearchAction\",\"target\":{\"@type\":\"EntryPoint\",\"urlTemplate\":\"https:\/\/vanphucdang.com\/?s={search_term_string}\"},\"query-input\":{\"@type\":\"PropertyValueSpecification\",\"valueRequired\":true,\"valueName\":\"search_term_string\"}}],\"inLanguage\":\"en-US\"},{\"@type\":\"Organization\",\"@id\":\"https:\/\/vanphucdang.com\/#organization\",\"name\":\"V\u1ea1n Ph\u00fac \u0110\u0103ng\",\"url\":\"https:\/\/vanphucdang.com\/\",\"logo\":{\"@type\":\"ImageObject\",\"inLanguage\":\"en-US\",\"@id\":\"https:\/\/vanphucdang.com\/#\/schema\/logo\/image\/\",\"url\":\"https:\/\/vanphucdang.com\/wp-content\/uploads\/2024\/12\/logovpd1.png\",\"contentUrl\":\"https:\/\/vanphucdang.com\/wp-content\/uploads\/2024\/12\/logovpd1.png\",\"width\":234,\"height\":140,\"caption\":\"V\u1ea1n Ph\u00fac \u0110\u0103ng\"},\"image\":{\"@id\":\"https:\/\/vanphucdang.com\/#\/schema\/logo\/image\/\"}}]}<\/script>\n<!-- \/ Yoast SEO Premium plugin. -->","yoast_head_json":{"title":"CAL 6000 - V\u1ea1n Ph\u00fac \u0110\u0103ng","description":"Mindray CAL 6000 \u0111\u1ecbnh ngh\u0129a m\u1ed9t th\u1ebf h\u1ec7 m\u1edbi c\u1ee7a h\u1ec7 th\u1ed1ng ph\u00e2n t\u00edch t\u1ebf b\u00e0o. B\u1eb1ng c\u00e1ch k\u1ebft h\u1ee3p gi\u1eefa m\u00e1y ph\u00e2n t\u00edch huy\u1ebft h\u1ecdc t\u1ef1 \u0111\u1ed9ng BC-6000 ho\u1eb7c BC-6200,...","robots":{"index":"index","follow":"follow","max-snippet":"max-snippet:-1","max-image-preview":"max-image-preview:large","max-video-preview":"max-video-preview:-1"},"canonical":"https:\/\/vanphucdang.com\/en\/cal6000\/","og_locale":"en_US","og_type":"article","og_title":"CAL 6000","og_description":"Mindray CAL 6000 \u0111\u1ecbnh ngh\u0129a m\u1ed9t th\u1ebf h\u1ec7 m\u1edbi c\u1ee7a h\u1ec7 th\u1ed1ng ph\u00e2n t\u00edch t\u1ebf b\u00e0o. B\u1eb1ng c\u00e1ch k\u1ebft h\u1ee3p gi\u1eefa m\u00e1y ph\u00e2n t\u00edch huy\u1ebft h\u1ecdc t\u1ef1 \u0111\u1ed9ng BC-6000 ho\u1eb7c BC-6200,...","og_url":"https:\/\/vanphucdang.com\/en\/cal6000\/","og_site_name":"V\u1ea1n Ph\u00fac \u0110\u0103ng","article_modified_time":"2025-06-05T02:25:56+00:00","og_image":[{"width":894,"height":261,"url":"https:\/\/vanphucdang.com\/wp-content\/uploads\/2024\/11\/CAL6000.jpg","type":"image\/jpeg"}],"twitter_card":"summary_large_image","twitter_misc":{"Est. reading time":"2 minutes"},"schema":{"@context":"https:\/\/schema.org","@graph":[{"@type":"WebPage","@id":"https:\/\/vanphucdang.com\/cal6000\/","url":"https:\/\/vanphucdang.com\/cal6000\/","name":"CAL 6000 - V\u1ea1n Ph\u00fac \u0110\u0103ng","isPartOf":{"@id":"https:\/\/vanphucdang.com\/#website"},"primaryImageOfPage":{"@id":"https:\/\/vanphucdang.com\/cal6000\/#primaryimage"},"image":{"@id":"https:\/\/vanphucdang.com\/cal6000\/#primaryimage"},"thumbnailUrl":"https:\/\/vanphucdang.com\/wp-content\/uploads\/2024\/11\/CAL6000.jpg","datePublished":"2024-11-29T02:26:21+00:00","dateModified":"2025-06-05T02:25:56+00:00","description":"Mindray CAL 6000 \u0111\u1ecbnh ngh\u0129a m\u1ed9t th\u1ebf h\u1ec7 m\u1edbi c\u1ee7a h\u1ec7 th\u1ed1ng ph\u00e2n t\u00edch t\u1ebf b\u00e0o. B\u1eb1ng c\u00e1ch k\u1ebft h\u1ee3p gi\u1eefa m\u00e1y ph\u00e2n t\u00edch huy\u1ebft h\u1ecdc t\u1ef1 \u0111\u1ed9ng BC-6000 ho\u1eb7c BC-6200,...","breadcrumb":{"@id":"https:\/\/vanphucdang.com\/cal6000\/#breadcrumb"},"inLanguage":"en-US","potentialAction":[{"@type":"ReadAction","target":["https:\/\/vanphucdang.com\/cal6000\/"]}]},{"@type":"ImageObject","inLanguage":"en-US","@id":"https:\/\/vanphucdang.com\/cal6000\/#primaryimage","url":"https:\/\/vanphucdang.com\/wp-content\/uploads\/2024\/11\/CAL6000.jpg","contentUrl":"https:\/\/vanphucdang.com\/wp-content\/uploads\/2024\/11\/CAL6000.jpg","width":894,"height":261},{"@type":"BreadcrumbList","@id":"https:\/\/vanphucdang.com\/cal6000\/#breadcrumb","itemListElement":[{"@type":"ListItem","position":1,"name":"Trang ch\u1ee7","item":"https:\/\/vanphucdang.com\/"},{"@type":"ListItem","position":2,"name":"S\u1ea3n ph\u1ea9m","item":"https:\/\/vanphucdang.com\/san-pham\/"},{"@type":"ListItem","position":3,"name":"CAL 6000"}]},{"@type":"WebSite","@id":"https:\/\/vanphucdang.com\/#website","url":"https:\/\/vanphucdang.com\/","name":"V\u1ea1n Ph\u00fac \u0110\u0103ng","description":"","publisher":{"@id":"https:\/\/vanphucdang.com\/#organization"},"potentialAction":[{"@type":"SearchAction","target":{"@type":"EntryPoint","urlTemplate":"https:\/\/vanphucdang.com\/?s={search_term_string}"},"query-input":{"@type":"PropertyValueSpecification","valueRequired":true,"valueName":"search_term_string"}}],"inLanguage":"en-US"},{"@type":"Organization","@id":"https:\/\/vanphucdang.com\/#organization","name":"V\u1ea1n Ph\u00fac \u0110\u0103ng","url":"https:\/\/vanphucdang.com\/","logo":{"@type":"ImageObject","inLanguage":"en-US","@id":"https:\/\/vanphucdang.com\/#\/schema\/logo\/image\/","url":"https:\/\/vanphucdang.com\/wp-content\/uploads\/2024\/12\/logovpd1.png","contentUrl":"https:\/\/vanphucdang.com\/wp-content\/uploads\/2024\/12\/logovpd1.png","width":234,"height":140,"caption":"V\u1ea1n Ph\u00fac \u0110\u0103ng"},"image":{"@id":"https:\/\/vanphucdang.com\/#\/schema\/logo\/image\/"}}]}},"_links":{"self":[{"href":"https:\/\/vanphucdang.com\/en\/wp-json\/wp\/v2\/product\/2654","targetHints":{"allow":["GET"]}}],"collection":[{"href":"https:\/\/vanphucdang.com\/en\/wp-json\/wp\/v2\/product"}],"about":[{"href":"https:\/\/vanphucdang.com\/en\/wp-json\/wp\/v2\/types\/product"}],"replies":[{"embeddable":true,"href":"https:\/\/vanphucdang.com\/en\/wp-json\/wp\/v2\/comments?post=2654"}],"version-history":[{"count":0,"href":"https:\/\/vanphucdang.com\/en\/wp-json\/wp\/v2\/product\/2654\/revisions"}],"wp:featuredmedia":[{"embeddable":true,"href":"https:\/\/vanphucdang.com\/en\/wp-json\/wp\/v2\/media\/2655"}],"wp:attachment":[{"href":"https:\/\/vanphucdang.com\/en\/wp-json\/wp\/v2\/media?parent=2654"}],"wp:term":[{"taxonomy":"product_cat","embeddable":true,"href":"https:\/\/vanphucdang.com\/en\/wp-json\/wp\/v2\/product_cat?post=2654"},{"taxonomy":"product_tag","embeddable":true,"href":"https:\/\/vanphucdang.com\/en\/wp-json\/wp\/v2\/product_tag?post=2654"}],"curies":[{"name":"wp","href":"https:\/\/api.w.org\/{rel}","templated":true}]}}