{"id":2652,"date":"2024-11-29T09:24:26","date_gmt":"2024-11-29T02:24:26","guid":{"rendered":"https:\/\/vpd.dfxh.shop\/?post_type=product&#038;p=2652"},"modified":"2025-06-04T16:36:39","modified_gmt":"2025-06-04T09:36:39","slug":"bc-6000","status":"publish","type":"product","link":"https:\/\/vanphucdang.com\/en\/bc-6000\/","title":{"rendered":"BC-6000"},"content":{"rendered":"<p data-start=\"198\" data-end=\"542\">In today&#039;s modern laboratories, lab managers are looking for an analyzer that delivers greater clinical value\u2014such as more efficient alerting to reduce microscopy rates, the ability to deliver NRBC\/body fluid results in a compact system, and all within a limited budget.<\/p>\n<p data-start=\"544\" data-end=\"638\"><strong data-start=\"544\" data-end=\"563\">Mindray BC-6000<\/strong> meets these clinical requirements \u2014 and exceeds your expectations!<\/p>\n<h4>Principle<\/h4>\n<ul>\n<li>\n<p>The SF Cube\u00ae method counts WBC, 5-part leukocyte count and NRBC.<\/p>\n<\/li>\n<li>\n<p>DC fluorescence measurement method for RBC and PLT.<\/p>\n<\/li>\n<li>\n<p>Autosampler and Cyanide for Hemoglobin.<\/p>\n<\/li>\n<li>\n<p>SS: Scatter; F: Fluorescence; PLT: 3D cell size analysis.<\/p>\n<\/li>\n<\/ul>\n<h4>Specifications<\/h4>\n<p><strong>Measurement Parameters:<\/strong><\/p>\n<ul>\n<li>\n<p><strong>CBC+5DIFF:<\/strong> WBC, LYM%, LYM#, MON%, MON#, NEUT%, NEUT#, EO%, EO#, BASO%, BASO#, RBC, HGB, HCT, MCV, MCH, MCHC, RDW-CV, RDW-SD, PLT, MPV, PCT, PDW.<\/p>\n<\/li>\n<li>\n<p><strong>NRBC:<\/strong> NRBC%, NRBC#.<\/p>\n<\/li>\n<li>\n<p><strong>RET:<\/strong> RET%, IRF, MFR, HFR, RET#.<\/p>\n<\/li>\n<li>\n<p><strong>PLT-O:<\/strong> PLT-O, IPF, IPF#.<\/p>\n<\/li>\n<\/ul>\n<p><strong>Calculation Parameters:<\/strong><\/p>\n<ul>\n<li>\n<p><strong>HGB:<\/strong> MCH, MCHC.<\/p>\n<\/li>\n<li>\n<p><strong>RBC:<\/strong> HCT, MCV, MCH, MCHC, RDW-CV, RDW-SD.<\/p>\n<\/li>\n<li>\n<p><strong>PLT:<\/strong> MPV, PCT, PDW.<\/p>\n<\/li>\n<li>\n<p><strong>NRBC:<\/strong> NRBC%, NRBC#.<\/p>\n<\/li>\n<li>\n<p><strong>RET:<\/strong> RET%, IRF, MFR, HFR, RET#.<\/p>\n<\/li>\n<li>\n<p><strong>PLT-O:<\/strong> PLT-O, IPF, IPF#.<\/p>\n<\/li>\n<\/ul>\n<p><strong>Other Specifications:<\/strong><\/p>\n<ul>\n<li>\n<p><strong>WBC:<\/strong> Lymph#, Mon#, Neut#, Eos#, Baso#.<\/p>\n<\/li>\n<li>\n<p><strong>RBC:<\/strong> HGB, HCT, MCV, MCH, MCHC, RDW-CV, RDW-SD.<\/p>\n<\/li>\n<li>\n<p><strong>PLT:<\/strong> MPV, PCT, PDW.<\/p>\n<\/li>\n<li>\n<p><strong>NRBC:<\/strong> NRBC%, NRBC#.<\/p>\n<\/li>\n<li>\n<p><strong>RET:<\/strong> RET%, IRF, MFR, HFR, RET#.<\/p>\n<\/li>\n<li>\n<p><strong>PLT-O:<\/strong> PLT-O, IPF, IPF#.<\/p>\n<\/li>\n<\/ul>\n<p><strong>Regime:<\/strong><\/p>\n<ul>\n<li>\n<p>CBC, CBC+DIFF, CBC+DIFF+RET, CBC+DIFF+RET+PLT-O.<\/p>\n<\/li>\n<\/ul>\n<p><strong>Storage Capacity:<\/strong><\/p>\n<ul>\n<li>\n<p>Stores 100,000 results including raw data and graphs.<\/p>\n<\/li>\n<\/ul>\n<h4>Terms of Operation<\/h4>\n<ul>\n<li>\n<p><strong>Temperature:<\/strong> 15\u00b0C-30\u00b0C.<\/p>\n<\/li>\n<li>\n<p><strong>Humidity:<\/strong> 30%-85%.<\/p>\n<\/li>\n<\/ul>\n<h4>Accuracy<\/h4>\n<ul>\n<li>\n<p><strong>Parameter:<\/strong> Repeatability.<\/p>\n<ul>\n<li>\n<p><strong>WBC:<\/strong> \u22642.0% (4.0-10.0 x 10^9\/L).<\/p>\n<\/li>\n<li>\n<p><strong>RBC:<\/strong> \u22641.5% (3.50-6.00 x 10^12\/L).<\/p>\n<\/li>\n<li>\n<p><strong>HGB:<\/strong> \u22641.5% (110-180g\/L).<\/p>\n<\/li>\n<li>\n<p><strong>HCT:<\/strong> \u22642.0% (35-50%).<\/p>\n<\/li>\n<li>\n<p><strong>PLT:<\/strong> \u22644.0% (150-500 x 10^9\/L).<\/p>\n<\/li>\n<\/ul>\n<\/li>\n<\/ul>\n<h4>Linearity<\/h4>\n<ul>\n<li>\n<p><strong>Parameter:<\/strong> Linear range.<\/p>\n<ul>\n<li>\n<p><strong>WBC:<\/strong> 0-400\u00d710^9\/L.<\/p>\n<\/li>\n<li>\n<p><strong>RBC:<\/strong> 0-8.5\u00d710^12\/L.<\/p>\n<\/li>\n<li>\n<p><strong>HGB:<\/strong> 0-250g\/L.<\/p>\n<\/li>\n<li>\n<p><strong>HCT:<\/strong> 0-75%.<\/p>\n<\/li>\n<li>\n<p><strong>PLT:<\/strong> 0-5000\u00d710^9\/L.<\/p>\n<\/li>\n<\/ul>\n<\/li>\n<\/ul>\n<h4>Sample Volume<\/h4>\n<ul>\n<li>\n<p><strong>Sample Volume:<\/strong> 20\u00b5L.<\/p>\n<\/li>\n<li>\n<p><strong>Sample Volume (Automatic Loading):<\/strong> 53\u00b5L.<\/p>\n<\/li>\n<li>\n<p><strong>Sample Volume (Hand Load):<\/strong> 20\u00b5L.<\/p>\n<\/li>\n<\/ul>\n<h4>Analysis Speed<\/h4>\n<ul>\n<li>\n<p><strong>CBC+DIFF:<\/strong> 110 samples\/hour.<\/p>\n<\/li>\n<li>\n<p><strong>CBC+DIFF+RET:<\/strong> 60 samples\/hour.<\/p>\n<\/li>\n<li>\n<p><strong>CBC+DIFF+RET+PLT-O:<\/strong> 60 samples\/hour.<\/p>\n<\/li>\n<\/ul>\n<p><strong>Sample Loading Capacity:<\/strong><\/p>\n<ul>\n<li>\n<p>Auto sample feeder: 100 tubes.<\/p>\n<\/li>\n<li>\n<p>Manual sample loading: 20 tubes.<\/p>\n<\/li>\n<\/ul>\n<p><strong>Dimensions and Weight:<\/strong><\/p>\n<ul>\n<li>\n<p><strong>Size:<\/strong> 672mm x 672mm x 695mm.<\/p>\n<\/li>\n<li>\n<p><strong>Weight:<\/strong> 87.5kg.<\/p>\n<\/li>\n<\/ul>","protected":false},"excerpt":{"rendered":"<p>Trong c\u00e1c ph\u00f2ng x\u00e9t nghi\u1ec7m hi\u1ec7n \u0111\u1ea1i ng\u00e0y nay, c\u00e1c tr\u01b0\u1edfng ph\u00f2ng x\u00e9t nghi\u1ec7m \u0111ang t\u00ecm ki\u1ebfm m\u1ed9t thi\u1ebft b\u1ecb ph\u00e2n t\u00edch mang l\u1ea1i gi\u00e1 tr\u1ecb l\u00e2m s\u00e0ng cao h\u01a1n \u2014 ch\u1eb3ng h\u1ea1n nh\u01b0 kh\u1ea3 n\u0103ng c\u1ea3nh b\u00e1o hi\u1ec7u qu\u1ea3 h\u01a1n \u0111\u1ec3 gi\u1ea3m t\u1ef7 l\u1ec7 ph\u1ea3i soi k\u00ednh hi\u1ec3n vi, kh\u1ea3 n\u0103ng cho k\u1ebft qu\u1ea3 [&hellip;]<\/p>","protected":false},"featured_media":2653,"comment_status":"open","ping_status":"closed","template":"","meta":{"footnotes":""},"product_cat":[231,234],"product_tag":[],"class_list":{"0":"post-2652","1":"product","2":"type-product","3":"status-publish","4":"has-post-thumbnail","6":"product_cat-huyet-hoc","7":"product_cat-san-pham-noi-bat","9":"first","10":"instock","11":"shipping-taxable","12":"product-type-simple"},"yoast_head":"<!-- This site is optimized with the Yoast SEO Premium plugin v22.7 (Yoast SEO v23.8) - https:\/\/yoast.com\/wordpress\/plugins\/seo\/ -->\n<title>BC-6000 - V\u1ea1n Ph\u00fac \u0110\u0103ng<\/title>\n<meta name=\"description\" content=\"Trong c\u00e1c ph\u00f2ng x\u00e9t nghi\u1ec7m hi\u1ec7n \u0111\u1ea1i ng\u00e0y nay, c\u00e1c tr\u01b0\u1edfng ph\u00f2ng x\u00e9t nghi\u1ec7m \u0111ang t\u00ecm ki\u1ebfm m\u1ed9t thi\u1ebft b\u1ecb ph\u00e2n t\u00edch mang l\u1ea1i gi\u00e1 tr\u1ecb l\u00e2m s\u00e0ng cao h\u01a1n \u2014 ch\u1eb3ng h\u1ea1n nh\u01b0 kh\u1ea3 n\u0103ng c\u1ea3nh b\u00e1o hi\u1ec7u qu\u1ea3 h\u01a1n \u0111\u1ec3 gi\u1ea3m t\u1ef7 l\u1ec7 ph\u1ea3i soi k\u00ednh hi\u1ec3n vi, kh\u1ea3 n\u0103ng cho k\u1ebft qu\u1ea3 NRBC\/ch\u1ea5t d\u1ecbch c\u01a1 th\u1ec3 trong m\u1ed9t h\u1ec7 th\u1ed1ng nh\u1ecf g\u1ecdn, v\u00e0 t\u1ea5t c\u1ea3 ph\u1ea3i n\u1eb1m trong ng\u00e2n s\u00e1ch gi\u1edbi h\u1ea1n.Mindray BC-6000 \u0111\u00e1p \u1ee9ng \u0111\u1ea7y \u0111\u1ee7 c\u00e1c y\u00eau c\u1ea7u l\u00e2m s\u00e0ng n\u00e0y \u2014 v\u00e0 c\u00f2n v\u01b0\u1ee3t xa mong \u0111\u1ee3i c\u1ee7a b\u1ea1n!\" \/>\n<meta name=\"robots\" content=\"index, follow, max-snippet:-1, max-image-preview:large, max-video-preview:-1\" \/>\n<link rel=\"canonical\" href=\"https:\/\/vanphucdang.com\/en\/bc-6000\/\" \/>\n<meta property=\"og:locale\" content=\"en_US\" \/>\n<meta property=\"og:type\" content=\"article\" \/>\n<meta property=\"og:title\" content=\"BC-6000\" \/>\n<meta property=\"og:description\" content=\"Trong c\u00e1c ph\u00f2ng x\u00e9t nghi\u1ec7m hi\u1ec7n \u0111\u1ea1i ng\u00e0y nay, c\u00e1c tr\u01b0\u1edfng ph\u00f2ng x\u00e9t nghi\u1ec7m \u0111ang t\u00ecm ki\u1ebfm m\u1ed9t thi\u1ebft b\u1ecb ph\u00e2n t\u00edch mang l\u1ea1i gi\u00e1 tr\u1ecb l\u00e2m s\u00e0ng cao h\u01a1n \u2014 ch\u1eb3ng h\u1ea1n nh\u01b0 kh\u1ea3 n\u0103ng c\u1ea3nh b\u00e1o hi\u1ec7u qu\u1ea3 h\u01a1n \u0111\u1ec3 gi\u1ea3m t\u1ef7 l\u1ec7 ph\u1ea3i soi k\u00ednh hi\u1ec3n vi, kh\u1ea3 n\u0103ng cho k\u1ebft qu\u1ea3 NRBC\/ch\u1ea5t d\u1ecbch c\u01a1 th\u1ec3 trong m\u1ed9t h\u1ec7 th\u1ed1ng nh\u1ecf g\u1ecdn, v\u00e0 t\u1ea5t c\u1ea3 ph\u1ea3i n\u1eb1m trong ng\u00e2n s\u00e1ch gi\u1edbi h\u1ea1n.Mindray BC-6000 \u0111\u00e1p \u1ee9ng \u0111\u1ea7y \u0111\u1ee7 c\u00e1c y\u00eau c\u1ea7u l\u00e2m s\u00e0ng n\u00e0y \u2014 v\u00e0 c\u00f2n v\u01b0\u1ee3t xa mong \u0111\u1ee3i c\u1ee7a b\u1ea1n!\" \/>\n<meta property=\"og:url\" content=\"https:\/\/vanphucdang.com\/en\/bc-6000\/\" \/>\n<meta property=\"og:site_name\" content=\"V\u1ea1n Ph\u00fac \u0110\u0103ng\" \/>\n<meta property=\"article:modified_time\" content=\"2025-06-04T09:36:39+00:00\" \/>\n<meta property=\"og:image\" content=\"https:\/\/vanphucdang.com\/wp-content\/uploads\/2024\/11\/BC-6000.jpg\" \/>\n\t<meta property=\"og:image:width\" content=\"894\" \/>\n\t<meta property=\"og:image:height\" content=\"513\" \/>\n\t<meta property=\"og:image:type\" content=\"image\/jpeg\" \/>\n<meta name=\"twitter:card\" content=\"summary_large_image\" \/>\n<meta name=\"twitter:label1\" content=\"Est. reading time\" \/>\n\t<meta name=\"twitter:data1\" content=\"3 minutes\" \/>\n<script type=\"application\/ld+json\" class=\"yoast-schema-graph\">{\"@context\":\"https:\/\/schema.org\",\"@graph\":[{\"@type\":\"WebPage\",\"@id\":\"https:\/\/vanphucdang.com\/bc-6000\/\",\"url\":\"https:\/\/vanphucdang.com\/bc-6000\/\",\"name\":\"BC-6000 - V\u1ea1n Ph\u00fac \u0110\u0103ng\",\"isPartOf\":{\"@id\":\"https:\/\/vanphucdang.com\/#website\"},\"primaryImageOfPage\":{\"@id\":\"https:\/\/vanphucdang.com\/bc-6000\/#primaryimage\"},\"image\":{\"@id\":\"https:\/\/vanphucdang.com\/bc-6000\/#primaryimage\"},\"thumbnailUrl\":\"https:\/\/vanphucdang.com\/wp-content\/uploads\/2024\/11\/BC-6000.jpg\",\"datePublished\":\"2024-11-29T02:24:26+00:00\",\"dateModified\":\"2025-06-04T09:36:39+00:00\",\"description\":\"Trong c\u00e1c ph\u00f2ng x\u00e9t nghi\u1ec7m hi\u1ec7n \u0111\u1ea1i ng\u00e0y nay, c\u00e1c tr\u01b0\u1edfng ph\u00f2ng x\u00e9t nghi\u1ec7m \u0111ang t\u00ecm ki\u1ebfm m\u1ed9t thi\u1ebft b\u1ecb ph\u00e2n t\u00edch mang l\u1ea1i gi\u00e1 tr\u1ecb l\u00e2m s\u00e0ng cao h\u01a1n \u2014 ch\u1eb3ng h\u1ea1n nh\u01b0 kh\u1ea3 n\u0103ng c\u1ea3nh b\u00e1o hi\u1ec7u qu\u1ea3 h\u01a1n \u0111\u1ec3 gi\u1ea3m t\u1ef7 l\u1ec7 ph\u1ea3i soi k\u00ednh hi\u1ec3n vi, kh\u1ea3 n\u0103ng cho k\u1ebft qu\u1ea3 NRBC\/ch\u1ea5t d\u1ecbch c\u01a1 th\u1ec3 trong m\u1ed9t h\u1ec7 th\u1ed1ng nh\u1ecf g\u1ecdn, v\u00e0 t\u1ea5t c\u1ea3 ph\u1ea3i n\u1eb1m trong ng\u00e2n s\u00e1ch gi\u1edbi h\u1ea1n.Mindray BC-6000 \u0111\u00e1p \u1ee9ng \u0111\u1ea7y \u0111\u1ee7 c\u00e1c y\u00eau c\u1ea7u l\u00e2m s\u00e0ng n\u00e0y \u2014 v\u00e0 c\u00f2n v\u01b0\u1ee3t xa mong \u0111\u1ee3i c\u1ee7a b\u1ea1n!\",\"breadcrumb\":{\"@id\":\"https:\/\/vanphucdang.com\/bc-6000\/#breadcrumb\"},\"inLanguage\":\"en-US\",\"potentialAction\":[{\"@type\":\"ReadAction\",\"target\":[\"https:\/\/vanphucdang.com\/bc-6000\/\"]}]},{\"@type\":\"ImageObject\",\"inLanguage\":\"en-US\",\"@id\":\"https:\/\/vanphucdang.com\/bc-6000\/#primaryimage\",\"url\":\"https:\/\/vanphucdang.com\/wp-content\/uploads\/2024\/11\/BC-6000.jpg\",\"contentUrl\":\"https:\/\/vanphucdang.com\/wp-content\/uploads\/2024\/11\/BC-6000.jpg\",\"width\":894,\"height\":513},{\"@type\":\"BreadcrumbList\",\"@id\":\"https:\/\/vanphucdang.com\/bc-6000\/#breadcrumb\",\"itemListElement\":[{\"@type\":\"ListItem\",\"position\":1,\"name\":\"Trang ch\u1ee7\",\"item\":\"https:\/\/vanphucdang.com\/\"},{\"@type\":\"ListItem\",\"position\":2,\"name\":\"S\u1ea3n ph\u1ea9m\",\"item\":\"https:\/\/vanphucdang.com\/san-pham\/\"},{\"@type\":\"ListItem\",\"position\":3,\"name\":\"BC-6000\"}]},{\"@type\":\"WebSite\",\"@id\":\"https:\/\/vanphucdang.com\/#website\",\"url\":\"https:\/\/vanphucdang.com\/\",\"name\":\"V\u1ea1n Ph\u00fac \u0110\u0103ng\",\"description\":\"\",\"publisher\":{\"@id\":\"https:\/\/vanphucdang.com\/#organization\"},\"potentialAction\":[{\"@type\":\"SearchAction\",\"target\":{\"@type\":\"EntryPoint\",\"urlTemplate\":\"https:\/\/vanphucdang.com\/?s={search_term_string}\"},\"query-input\":{\"@type\":\"PropertyValueSpecification\",\"valueRequired\":true,\"valueName\":\"search_term_string\"}}],\"inLanguage\":\"en-US\"},{\"@type\":\"Organization\",\"@id\":\"https:\/\/vanphucdang.com\/#organization\",\"name\":\"V\u1ea1n Ph\u00fac \u0110\u0103ng\",\"url\":\"https:\/\/vanphucdang.com\/\",\"logo\":{\"@type\":\"ImageObject\",\"inLanguage\":\"en-US\",\"@id\":\"https:\/\/vanphucdang.com\/#\/schema\/logo\/image\/\",\"url\":\"https:\/\/vanphucdang.com\/wp-content\/uploads\/2024\/12\/logovpd1.png\",\"contentUrl\":\"https:\/\/vanphucdang.com\/wp-content\/uploads\/2024\/12\/logovpd1.png\",\"width\":234,\"height\":140,\"caption\":\"V\u1ea1n Ph\u00fac \u0110\u0103ng\"},\"image\":{\"@id\":\"https:\/\/vanphucdang.com\/#\/schema\/logo\/image\/\"}}]}<\/script>\n<!-- \/ Yoast SEO Premium plugin. -->","yoast_head_json":{"title":"BC-6000 - V\u1ea1n Ph\u00fac \u0110\u0103ng","description":"Trong c\u00e1c ph\u00f2ng x\u00e9t nghi\u1ec7m hi\u1ec7n \u0111\u1ea1i ng\u00e0y nay, c\u00e1c tr\u01b0\u1edfng ph\u00f2ng x\u00e9t nghi\u1ec7m \u0111ang t\u00ecm ki\u1ebfm m\u1ed9t thi\u1ebft b\u1ecb ph\u00e2n t\u00edch mang l\u1ea1i gi\u00e1 tr\u1ecb l\u00e2m s\u00e0ng cao h\u01a1n \u2014 ch\u1eb3ng h\u1ea1n nh\u01b0 kh\u1ea3 n\u0103ng c\u1ea3nh b\u00e1o hi\u1ec7u qu\u1ea3 h\u01a1n \u0111\u1ec3 gi\u1ea3m t\u1ef7 l\u1ec7 ph\u1ea3i soi k\u00ednh hi\u1ec3n vi, kh\u1ea3 n\u0103ng cho k\u1ebft qu\u1ea3 NRBC\/ch\u1ea5t d\u1ecbch c\u01a1 th\u1ec3 trong m\u1ed9t h\u1ec7 th\u1ed1ng nh\u1ecf g\u1ecdn, v\u00e0 t\u1ea5t c\u1ea3 ph\u1ea3i n\u1eb1m trong ng\u00e2n s\u00e1ch gi\u1edbi h\u1ea1n.Mindray BC-6000 \u0111\u00e1p \u1ee9ng \u0111\u1ea7y \u0111\u1ee7 c\u00e1c y\u00eau c\u1ea7u l\u00e2m s\u00e0ng n\u00e0y \u2014 v\u00e0 c\u00f2n v\u01b0\u1ee3t xa mong \u0111\u1ee3i c\u1ee7a b\u1ea1n!","robots":{"index":"index","follow":"follow","max-snippet":"max-snippet:-1","max-image-preview":"max-image-preview:large","max-video-preview":"max-video-preview:-1"},"canonical":"https:\/\/vanphucdang.com\/en\/bc-6000\/","og_locale":"en_US","og_type":"article","og_title":"BC-6000","og_description":"Trong c\u00e1c ph\u00f2ng x\u00e9t nghi\u1ec7m hi\u1ec7n \u0111\u1ea1i ng\u00e0y nay, c\u00e1c tr\u01b0\u1edfng ph\u00f2ng x\u00e9t nghi\u1ec7m \u0111ang t\u00ecm ki\u1ebfm m\u1ed9t thi\u1ebft b\u1ecb ph\u00e2n t\u00edch mang l\u1ea1i gi\u00e1 tr\u1ecb l\u00e2m s\u00e0ng cao h\u01a1n \u2014 ch\u1eb3ng h\u1ea1n nh\u01b0 kh\u1ea3 n\u0103ng c\u1ea3nh b\u00e1o hi\u1ec7u qu\u1ea3 h\u01a1n \u0111\u1ec3 gi\u1ea3m t\u1ef7 l\u1ec7 ph\u1ea3i soi k\u00ednh hi\u1ec3n vi, kh\u1ea3 n\u0103ng cho k\u1ebft qu\u1ea3 NRBC\/ch\u1ea5t d\u1ecbch c\u01a1 th\u1ec3 trong m\u1ed9t h\u1ec7 th\u1ed1ng nh\u1ecf g\u1ecdn, v\u00e0 t\u1ea5t c\u1ea3 ph\u1ea3i n\u1eb1m trong ng\u00e2n s\u00e1ch gi\u1edbi h\u1ea1n.Mindray BC-6000 \u0111\u00e1p \u1ee9ng \u0111\u1ea7y \u0111\u1ee7 c\u00e1c y\u00eau c\u1ea7u l\u00e2m s\u00e0ng n\u00e0y \u2014 v\u00e0 c\u00f2n v\u01b0\u1ee3t xa mong \u0111\u1ee3i c\u1ee7a b\u1ea1n!","og_url":"https:\/\/vanphucdang.com\/en\/bc-6000\/","og_site_name":"V\u1ea1n Ph\u00fac \u0110\u0103ng","article_modified_time":"2025-06-04T09:36:39+00:00","og_image":[{"width":894,"height":513,"url":"https:\/\/vanphucdang.com\/wp-content\/uploads\/2024\/11\/BC-6000.jpg","type":"image\/jpeg"}],"twitter_card":"summary_large_image","twitter_misc":{"Est. reading time":"3 minutes"},"schema":{"@context":"https:\/\/schema.org","@graph":[{"@type":"WebPage","@id":"https:\/\/vanphucdang.com\/bc-6000\/","url":"https:\/\/vanphucdang.com\/bc-6000\/","name":"BC-6000 - V\u1ea1n Ph\u00fac \u0110\u0103ng","isPartOf":{"@id":"https:\/\/vanphucdang.com\/#website"},"primaryImageOfPage":{"@id":"https:\/\/vanphucdang.com\/bc-6000\/#primaryimage"},"image":{"@id":"https:\/\/vanphucdang.com\/bc-6000\/#primaryimage"},"thumbnailUrl":"https:\/\/vanphucdang.com\/wp-content\/uploads\/2024\/11\/BC-6000.jpg","datePublished":"2024-11-29T02:24:26+00:00","dateModified":"2025-06-04T09:36:39+00:00","description":"Trong c\u00e1c ph\u00f2ng x\u00e9t nghi\u1ec7m hi\u1ec7n \u0111\u1ea1i ng\u00e0y nay, c\u00e1c tr\u01b0\u1edfng ph\u00f2ng x\u00e9t nghi\u1ec7m \u0111ang t\u00ecm ki\u1ebfm m\u1ed9t thi\u1ebft b\u1ecb ph\u00e2n t\u00edch mang l\u1ea1i gi\u00e1 tr\u1ecb l\u00e2m s\u00e0ng cao h\u01a1n \u2014 ch\u1eb3ng h\u1ea1n nh\u01b0 kh\u1ea3 n\u0103ng c\u1ea3nh b\u00e1o hi\u1ec7u qu\u1ea3 h\u01a1n \u0111\u1ec3 gi\u1ea3m t\u1ef7 l\u1ec7 ph\u1ea3i soi k\u00ednh hi\u1ec3n vi, kh\u1ea3 n\u0103ng cho k\u1ebft qu\u1ea3 NRBC\/ch\u1ea5t d\u1ecbch c\u01a1 th\u1ec3 trong m\u1ed9t h\u1ec7 th\u1ed1ng nh\u1ecf g\u1ecdn, v\u00e0 t\u1ea5t c\u1ea3 ph\u1ea3i n\u1eb1m trong ng\u00e2n s\u00e1ch gi\u1edbi h\u1ea1n.Mindray BC-6000 \u0111\u00e1p \u1ee9ng \u0111\u1ea7y \u0111\u1ee7 c\u00e1c y\u00eau c\u1ea7u l\u00e2m s\u00e0ng n\u00e0y \u2014 v\u00e0 c\u00f2n v\u01b0\u1ee3t xa mong \u0111\u1ee3i c\u1ee7a b\u1ea1n!","breadcrumb":{"@id":"https:\/\/vanphucdang.com\/bc-6000\/#breadcrumb"},"inLanguage":"en-US","potentialAction":[{"@type":"ReadAction","target":["https:\/\/vanphucdang.com\/bc-6000\/"]}]},{"@type":"ImageObject","inLanguage":"en-US","@id":"https:\/\/vanphucdang.com\/bc-6000\/#primaryimage","url":"https:\/\/vanphucdang.com\/wp-content\/uploads\/2024\/11\/BC-6000.jpg","contentUrl":"https:\/\/vanphucdang.com\/wp-content\/uploads\/2024\/11\/BC-6000.jpg","width":894,"height":513},{"@type":"BreadcrumbList","@id":"https:\/\/vanphucdang.com\/bc-6000\/#breadcrumb","itemListElement":[{"@type":"ListItem","position":1,"name":"Trang ch\u1ee7","item":"https:\/\/vanphucdang.com\/"},{"@type":"ListItem","position":2,"name":"S\u1ea3n ph\u1ea9m","item":"https:\/\/vanphucdang.com\/san-pham\/"},{"@type":"ListItem","position":3,"name":"BC-6000"}]},{"@type":"WebSite","@id":"https:\/\/vanphucdang.com\/#website","url":"https:\/\/vanphucdang.com\/","name":"V\u1ea1n Ph\u00fac \u0110\u0103ng","description":"","publisher":{"@id":"https:\/\/vanphucdang.com\/#organization"},"potentialAction":[{"@type":"SearchAction","target":{"@type":"EntryPoint","urlTemplate":"https:\/\/vanphucdang.com\/?s={search_term_string}"},"query-input":{"@type":"PropertyValueSpecification","valueRequired":true,"valueName":"search_term_string"}}],"inLanguage":"en-US"},{"@type":"Organization","@id":"https:\/\/vanphucdang.com\/#organization","name":"V\u1ea1n Ph\u00fac \u0110\u0103ng","url":"https:\/\/vanphucdang.com\/","logo":{"@type":"ImageObject","inLanguage":"en-US","@id":"https:\/\/vanphucdang.com\/#\/schema\/logo\/image\/","url":"https:\/\/vanphucdang.com\/wp-content\/uploads\/2024\/12\/logovpd1.png","contentUrl":"https:\/\/vanphucdang.com\/wp-content\/uploads\/2024\/12\/logovpd1.png","width":234,"height":140,"caption":"V\u1ea1n Ph\u00fac \u0110\u0103ng"},"image":{"@id":"https:\/\/vanphucdang.com\/#\/schema\/logo\/image\/"}}]}},"_links":{"self":[{"href":"https:\/\/vanphucdang.com\/en\/wp-json\/wp\/v2\/product\/2652","targetHints":{"allow":["GET"]}}],"collection":[{"href":"https:\/\/vanphucdang.com\/en\/wp-json\/wp\/v2\/product"}],"about":[{"href":"https:\/\/vanphucdang.com\/en\/wp-json\/wp\/v2\/types\/product"}],"replies":[{"embeddable":true,"href":"https:\/\/vanphucdang.com\/en\/wp-json\/wp\/v2\/comments?post=2652"}],"version-history":[{"count":0,"href":"https:\/\/vanphucdang.com\/en\/wp-json\/wp\/v2\/product\/2652\/revisions"}],"wp:featuredmedia":[{"embeddable":true,"href":"https:\/\/vanphucdang.com\/en\/wp-json\/wp\/v2\/media\/2653"}],"wp:attachment":[{"href":"https:\/\/vanphucdang.com\/en\/wp-json\/wp\/v2\/media?parent=2652"}],"wp:term":[{"taxonomy":"product_cat","embeddable":true,"href":"https:\/\/vanphucdang.com\/en\/wp-json\/wp\/v2\/product_cat?post=2652"},{"taxonomy":"product_tag","embeddable":true,"href":"https:\/\/vanphucdang.com\/en\/wp-json\/wp\/v2\/product_tag?post=2652"}],"curies":[{"name":"wp","href":"https:\/\/api.w.org\/{rel}","templated":true}]}}