{"id":2651,"date":"2024-11-29T09:20:52","date_gmt":"2024-11-29T02:20:52","guid":{"rendered":"https:\/\/vpd.dfxh.shop\/?post_type=product&#038;p=2651"},"modified":"2025-12-15T16:22:05","modified_gmt":"2025-12-15T09:22:05","slug":"bc-760-va-bc-780","status":"publish","type":"product","link":"https:\/\/vanphucdang.com\/en\/bc-760-and-bc-780\/","title":{"rendered":"BC-760 and BC-780"},"content":{"rendered":"<p><span style=\"font-size: 20px;\"><strong>Main parameters<\/strong><\/span><\/p>\n<p><span style=\"color: #808080;\"><strong>Principle<\/strong><\/span><\/p>\n<p>WBC (IMG\/Neu\/Mon\/Lym\/Eos\/Bas), NRBC\/RET*, PLT-H\/PLT-O*\/IPF:<\/p>\n<p>SF Cube ^ Cell Analysis Technology<\/p>\n<p>^S: Scatter; F: Fluorescence; Cube: 3D analysis<\/p>\n<p><span style=\"color: #808080;\"><strong>RBC, PLT<\/strong><\/span><\/p>\n<ul>\n<li>Flow-DC Impedance<\/li>\n<\/ul>\n<p><span style=\"color: #808080;\"><strong>HGB<\/strong><\/span><\/p>\n<ul>\n<li>Colorimetric method<\/li>\n<\/ul>\n<p><span style=\"color: #808080;\"><strong>ESR<\/strong><\/span><\/p>\n<ul>\n<li>Optical measurement method<\/li>\n<\/ul>\n<p><span style=\"color: #808080;\"><strong>Measured parameters (full sample): 109<\/strong><\/span><\/p>\n<p><span style=\"color: #808080;\"><strong>Measured parameters: 41<\/strong><\/span><\/p>\n<p>WBC Bas# Bas% Neu# Neu% Eos# Eos% Lym# Lym% Mon# Mon% IMG# IMG% RET%* RET#* RHE* IRF* LFR* MFR* HFR* RBC HGB MCV MCH MCHC RDW-CV RDW-SD HCT NRBC# NRBC% PLT PLT-I PLT-H PLT-O* MPV PDW PCT P-LCR P-LCC IPF ESR<\/p>\n<p><span style=\"color: #808080;\"><strong>Research parameters: 68*<\/strong><\/span><\/p>\n<p><span style=\"color: #808080;\"><strong>Measured parameters (body fluids)*: 18<\/strong><\/span><\/p>\n<p><span style=\"color: #808080;\"><strong>Reporting parameters: 7<\/strong><\/span><\/p>\n<p>WBC-BF TC-BF BF# MN# MN% PMN# PMN% RBC-BF<\/p>\n<p><span style=\"color: #808080;\"><strong>Research parameters: 11<\/strong><\/span><\/p>\n<p><span style=\"color: #808080;\"><strong>Sample volume<\/strong><\/span><\/p>\n<ul>\n<li>CD (whole sample): 25ul<\/li>\n<li>CD-ESR (total sample): 160ul<\/li>\n<li>Pre-dilution: 20ul<\/li>\n<\/ul>\n<p><span style=\"color: #808080;\"><strong>Data storage capacity<\/strong><\/span><\/p>\n<ul>\n<li>Up to 150,000 results including values and graphs*<\/li>\n<\/ul>\n<p><span style=\"color: #808080;\"><strong>Capacity<\/strong><\/span><\/p>\n<ul>\n<li>CD 80h CDR 60h CD+ESR 40h<\/li>\n<\/ul>\n<p><span style=\"color: #808080;\"><strong>Analysis mode<\/strong><\/span><\/p>\n<table class=\"tableview\" width=\"680\">\n<thead>\n<tr>\n<td width=\"56\">\n<p><strong>Sample type<\/strong><\/p>\n<\/td>\n<td>\n<p><strong>Analysis mode<\/strong><\/p>\n<\/td>\n<\/tr>\n<\/thead>\n<tbody>\n<tr>\n<td width=\"56\">\n<p>Full form<\/p>\n<\/td>\n<td>\n<p>CBC, CBC+DIFF, CBC+RET, CBC+NRBC, CBC+RET+NRBC, CBC+ESR, CBC+RET+ESR, CBC+NRBC+ESR, CBC+RET+NRBC+ESR, CBC+IPF, CBC+RET+IPF, CBC+NRBC+IPF, CBC+RET+NRBC+IPF, CBC+ESR+IPF, CBC+RET+ESR+IPF, CBC+NRBC+ESR+IPF, CBC+RET+NRBC+ESR+IPF, CBC+PLT-O, CBC+RET+PLT-O, CBC+NRBC+PLT-O, CBC+RET+NRBC+PLT-O, CBC+ESR+PLT-O, CBC+RET+ESR+PLT-O, CBC+NRBC+ESR+PLT-O, CBC+RET+NRBC+ESR+PLT-O, CBC+IPF+PLT-O, CBC+RET+IPF+PLT-O, CBC+NRBC+IPF+PLT-O, CBC+RET+NRBC+IPF+PLT-O, CBC+ESR+IPF+PLT-O, CBC+RET+ESR+IPF+PLT-O, CBC+NRBC+ESR+IPF+PLT-O, CBC+RET+NRBC+ESR+IPF+PLT-O<\/p>\n<\/td>\n<\/tr>\n<tr>\n<td width=\"56\">\n<p>Diluted sample<\/p>\n<\/td>\n<td>\n<p>CBC+DIFF<\/p>\n<\/td>\n<\/tr>\n<tr>\n<td width=\"56\">\n<p>Body fluids<\/p>\n<\/td>\n<td>\n<p>BF, BF+DIFF<\/p>\n<\/td>\n<\/tr>\n<\/tbody>\n<\/table>\n<p><span style=\"font-size: 20px;\"><strong>Physical specifications<\/strong><\/span><\/p>\n<p><strong><span style=\"color: #808080;\">Size:<\/span> <\/strong>840D x 855W x 800H mm<\/p>\n<p><span style=\"color: #808080;\"><strong>Weight: <\/strong><\/span>\u226470.6kg<\/p>\n<p><span style=\"color: #808080;\"><strong>Electrical voltage: <\/strong><\/span>100V-240V~ (\u00b110%)<\/p>\n<p><strong><span style=\"color: #808080;\">Frequency:<\/span> <\/strong>50Hz\/60Hz (\u00b11Hz)<\/p>\n<p><span style=\"color: #808080;\"><strong>Input power: <\/strong><\/span>600VA<\/p>\n<p><span style=\"color: #808080;\"><strong>Connection port: <\/strong><\/span>LANx1, USB x 4 (Specifications: DC 5V; 500mA; USB2.0 x 3; USB3.0 x 1)<\/p>\n<p><span style=\"font-size: 20px;\"><strong>Normal operating environment<\/strong><\/span><\/p>\n<p><span style=\"color: #808080;\">Temperature range:<\/span> 10\u00b0C ~ 35\u00b0C<\/p>\n<p><span style=\"color: #808080;\">Relative humidity:<\/span> 30% ~ 85%<\/p>\n<p><span style=\"color: #808080;\">Pressure<\/span><\/p>\n<ul>\n<li>70.0kPa \u2013 106.0kPa*<\/li>\n<li>*Note: required altitude for normal operation: -400m ~ +3000m<\/li>\n<\/ul>\n<p><span style=\"font-size: 20px;\"><strong>Efficiency<\/strong><\/span><\/p>\n<table class=\"tableview\">\n<thead>\n<tr>\n<td width=\"76\">\n<p><strong>Parameter<\/strong><\/p>\n<\/td>\n<td>\n<p><strong>Linear range<\/strong><\/p>\n<\/td>\n<td>\n<p><strong>Precision<\/strong><\/p>\n<\/td>\n<td>\n<p><strong>Cross contamination<\/strong><\/p>\n<\/td>\n<\/tr>\n<\/thead>\n<tbody>\n<tr>\n<td width=\"76\">\n<p>WBC<\/p>\n<\/td>\n<td>\n<p>0-500\u00d710\u2079\/L<\/p>\n<\/td>\n<td>\n<p>\u22642.5% (\u22654.51\u00d710\u2079\/L)<\/p>\n<\/td>\n<td>\n<p>\u22641.0%<\/p>\n<\/td>\n<\/tr>\n<tr>\n<td width=\"76\">\n<p>RBC<\/p>\n<\/td>\n<td>\n<p>0-8.60\u00d710\u00b9\u00b2\/L<\/p>\n<\/td>\n<td>\n<p>\u22641.5% (\u22653.5\u00d710\u00b9\u00b2\/L)<\/p>\n<\/td>\n<td>\n<p>\u22641.0%<\/p>\n<\/td>\n<\/tr>\n<tr>\n<td width=\"76\">\n<p>HGB<\/p>\n<\/td>\n<td>\n<p>0-260g\/L<\/p>\n<\/td>\n<td>\n<p>\u22641.0% (110-180g\/L)<\/p>\n<\/td>\n<td>\n<p>\u22641.0%<\/p>\n<\/td>\n<\/tr>\n<tr>\n<td width=\"76\">\n<p>HCT<\/p>\n<\/td>\n<td>\n<p>0-75%<\/p>\n<\/td>\n<td>\n<p>\u22641.5% (30%-50%)<\/p>\n<\/td>\n<td>\n<p>\u22641.0%<\/p>\n<\/td>\n<\/tr>\n<tr>\n<td width=\"76\">\n<p>PLT*<\/p>\n<\/td>\n<td>\n<p>0-5000\u00d710\u2079\/L<\/p>\n<\/td>\n<td>\n<p>\u22641.5(SD) (\u226520\u00d710\u2079\/L)\u22642.5% (\u2265100\u00d710\u2079\/L)<\/p>\n<\/td>\n<td>\n<p>\u22641.5%<\/p>\n<\/td>\n<\/tr>\n<tr>\n<td width=\"76\">\n<p>RET*<\/p>\n<\/td>\n<td>\n<p>0-8\u00d710\u00b9\u00b2\/L<\/p>\n<\/td>\n<td>\n<p>\u226415% (RBC \u2265 3.00\u00d710\u00b9\u00b2\/L RET%: 1.00% ~ 4.00%)<\/p>\n<\/td>\n<td>\n<p>\u22641.0%<\/p>\n<\/td>\n<\/tr>\n<tr>\n<td width=\"76\">\n<p>ESR<\/p>\n<\/td>\n<td>&nbsp;<\/td>\n<td>\n<p>\u22641.8(SD) (0~20mm\/h)<\/p>\n<\/td>\n<td>\n<p>\u22641.0%<\/p>\n<\/td>\n<\/tr>\n<\/tbody>\n<\/table>\n<p><strong>Declaration\uff1a<\/strong> Applicable to CDR\/PLT-O 5x and CR\/PLT-O 5x series only<\/p>\n<p>Items marked with (*) are only available on the BC-780.<\/p>\n<p>&nbsp;<\/p>","protected":false},"excerpt":{"rendered":"<p>Th\u00f4ng s\u1ed1 ch\u00ednh Nguy\u00ean l\u00fd WBC (IMG\/Neu\/Mon\/Lym\/Eos\/Bas), NRBC\/RET*, PLT-H\/PLT-O*\/IPF: SF Cube ^ Cell Analysis Technology ^S: Scatter; F: Fluorescence; Cube: 3D analysis RBC, PLT Ph\u01b0\u01a1ng ph\u00e1p tr\u1edf kh\u00e1ng d\u00f2ng DC (Flow-DC Impedance) HGB Ph\u01b0\u01a1ng ph\u00e1p \u0111o m\u00e0u ESR Ph\u01b0\u01a1ng ph\u00e1p \u0111o quang C\u00e1c th\u00f4ng s\u1ed1 \u0111o \u0111\u01b0\u1ee3c (m\u1eabu to\u00e0n ph\u1ea7n): 109 C\u00e1c th\u00f4ng s\u1ed1 \u0111o [&hellip;]<\/p>","protected":false},"featured_media":2646,"comment_status":"open","ping_status":"closed","template":"","meta":{"footnotes":""},"product_cat":[231,234],"product_tag":[],"class_list":{"0":"post-2651","1":"product","2":"type-product","3":"status-publish","4":"has-post-thumbnail","6":"product_cat-huyet-hoc","7":"product_cat-san-pham-noi-bat","9":"first","10":"instock","11":"shipping-taxable","12":"product-type-simple"},"yoast_head":"<!-- This site is optimized with the Yoast SEO Premium plugin v22.7 (Yoast SEO v23.8) - https:\/\/yoast.com\/wordpress\/plugins\/seo\/ -->\n<title>BC-760 v\u00e0 BC-780 - V\u1ea1n Ph\u00fac \u0110\u0103ng<\/title>\n<meta name=\"robots\" content=\"index, follow, max-snippet:-1, max-image-preview:large, max-video-preview:-1\" \/>\n<link rel=\"canonical\" href=\"https:\/\/vanphucdang.com\/en\/bc-760-and-bc-780\/\" \/>\n<meta property=\"og:locale\" content=\"en_US\" \/>\n<meta property=\"og:type\" content=\"article\" \/>\n<meta property=\"og:title\" content=\"BC-760 v\u00e0 BC-780\" \/>\n<meta property=\"og:description\" content=\"Th\u00f4ng s\u1ed1 ch\u00ednh Nguy\u00ean l\u00fd WBC (IMG\/Neu\/Mon\/Lym\/Eos\/Bas), NRBC\/RET*, PLT-H\/PLT-O*\/IPF: SF Cube ^ Cell Analysis Technology ^S: Scatter; F: Fluorescence; Cube: 3D analysis RBC, PLT Ph\u01b0\u01a1ng ph\u00e1p tr\u1edf kh\u00e1ng d\u00f2ng DC (Flow-DC Impedance) HGB Ph\u01b0\u01a1ng ph\u00e1p \u0111o m\u00e0u ESR Ph\u01b0\u01a1ng ph\u00e1p \u0111o quang C\u00e1c th\u00f4ng s\u1ed1 \u0111o \u0111\u01b0\u1ee3c (m\u1eabu to\u00e0n ph\u1ea7n): 109 C\u00e1c th\u00f4ng s\u1ed1 \u0111o [&hellip;]\" \/>\n<meta property=\"og:url\" content=\"https:\/\/vanphucdang.com\/en\/bc-760-and-bc-780\/\" \/>\n<meta property=\"og:site_name\" content=\"V\u1ea1n Ph\u00fac \u0110\u0103ng\" \/>\n<meta property=\"article:modified_time\" content=\"2025-12-15T09:22:05+00:00\" \/>\n<meta property=\"og:image\" content=\"https:\/\/vanphucdang.com\/wp-content\/uploads\/2024\/11\/BC-700.png\" \/>\n\t<meta property=\"og:image:width\" content=\"525\" \/>\n\t<meta property=\"og:image:height\" content=\"295\" \/>\n\t<meta property=\"og:image:type\" content=\"image\/png\" \/>\n<meta name=\"twitter:card\" content=\"summary_large_image\" \/>\n<meta name=\"twitter:label1\" content=\"Est. reading time\" \/>\n\t<meta name=\"twitter:data1\" content=\"3 minutes\" \/>\n<script type=\"application\/ld+json\" class=\"yoast-schema-graph\">{\"@context\":\"https:\/\/schema.org\",\"@graph\":[{\"@type\":\"WebPage\",\"@id\":\"https:\/\/vanphucdang.com\/bc-760-va-bc-780\/\",\"url\":\"https:\/\/vanphucdang.com\/bc-760-va-bc-780\/\",\"name\":\"BC-760 v\u00e0 BC-780 - V\u1ea1n Ph\u00fac \u0110\u0103ng\",\"isPartOf\":{\"@id\":\"https:\/\/vanphucdang.com\/#website\"},\"primaryImageOfPage\":{\"@id\":\"https:\/\/vanphucdang.com\/bc-760-va-bc-780\/#primaryimage\"},\"image\":{\"@id\":\"https:\/\/vanphucdang.com\/bc-760-va-bc-780\/#primaryimage\"},\"thumbnailUrl\":\"https:\/\/vanphucdang.com\/wp-content\/uploads\/2024\/11\/BC-700.png\",\"datePublished\":\"2024-11-29T02:20:52+00:00\",\"dateModified\":\"2025-12-15T09:22:05+00:00\",\"breadcrumb\":{\"@id\":\"https:\/\/vanphucdang.com\/bc-760-va-bc-780\/#breadcrumb\"},\"inLanguage\":\"en-US\",\"potentialAction\":[{\"@type\":\"ReadAction\",\"target\":[\"https:\/\/vanphucdang.com\/bc-760-va-bc-780\/\"]}]},{\"@type\":\"ImageObject\",\"inLanguage\":\"en-US\",\"@id\":\"https:\/\/vanphucdang.com\/bc-760-va-bc-780\/#primaryimage\",\"url\":\"https:\/\/vanphucdang.com\/wp-content\/uploads\/2024\/11\/BC-700.png\",\"contentUrl\":\"https:\/\/vanphucdang.com\/wp-content\/uploads\/2024\/11\/BC-700.png\",\"width\":525,\"height\":295},{\"@type\":\"BreadcrumbList\",\"@id\":\"https:\/\/vanphucdang.com\/bc-760-va-bc-780\/#breadcrumb\",\"itemListElement\":[{\"@type\":\"ListItem\",\"position\":1,\"name\":\"Trang ch\u1ee7\",\"item\":\"https:\/\/vanphucdang.com\/\"},{\"@type\":\"ListItem\",\"position\":2,\"name\":\"S\u1ea3n ph\u1ea9m\",\"item\":\"https:\/\/vanphucdang.com\/san-pham\/\"},{\"@type\":\"ListItem\",\"position\":3,\"name\":\"BC-760 v\u00e0 BC-780\"}]},{\"@type\":\"WebSite\",\"@id\":\"https:\/\/vanphucdang.com\/#website\",\"url\":\"https:\/\/vanphucdang.com\/\",\"name\":\"V\u1ea1n Ph\u00fac \u0110\u0103ng\",\"description\":\"\",\"publisher\":{\"@id\":\"https:\/\/vanphucdang.com\/#organization\"},\"potentialAction\":[{\"@type\":\"SearchAction\",\"target\":{\"@type\":\"EntryPoint\",\"urlTemplate\":\"https:\/\/vanphucdang.com\/?s={search_term_string}\"},\"query-input\":{\"@type\":\"PropertyValueSpecification\",\"valueRequired\":true,\"valueName\":\"search_term_string\"}}],\"inLanguage\":\"en-US\"},{\"@type\":\"Organization\",\"@id\":\"https:\/\/vanphucdang.com\/#organization\",\"name\":\"V\u1ea1n Ph\u00fac \u0110\u0103ng\",\"url\":\"https:\/\/vanphucdang.com\/\",\"logo\":{\"@type\":\"ImageObject\",\"inLanguage\":\"en-US\",\"@id\":\"https:\/\/vanphucdang.com\/#\/schema\/logo\/image\/\",\"url\":\"https:\/\/vanphucdang.com\/wp-content\/uploads\/2024\/12\/logovpd1.png\",\"contentUrl\":\"https:\/\/vanphucdang.com\/wp-content\/uploads\/2024\/12\/logovpd1.png\",\"width\":234,\"height\":140,\"caption\":\"V\u1ea1n Ph\u00fac \u0110\u0103ng\"},\"image\":{\"@id\":\"https:\/\/vanphucdang.com\/#\/schema\/logo\/image\/\"}}]}<\/script>\n<!-- \/ Yoast SEO Premium plugin. -->","yoast_head_json":{"title":"BC-760 v\u00e0 BC-780 - V\u1ea1n Ph\u00fac \u0110\u0103ng","robots":{"index":"index","follow":"follow","max-snippet":"max-snippet:-1","max-image-preview":"max-image-preview:large","max-video-preview":"max-video-preview:-1"},"canonical":"https:\/\/vanphucdang.com\/en\/bc-760-and-bc-780\/","og_locale":"en_US","og_type":"article","og_title":"BC-760 v\u00e0 BC-780","og_description":"Th\u00f4ng s\u1ed1 ch\u00ednh Nguy\u00ean l\u00fd WBC (IMG\/Neu\/Mon\/Lym\/Eos\/Bas), NRBC\/RET*, PLT-H\/PLT-O*\/IPF: SF Cube ^ Cell Analysis Technology ^S: Scatter; F: Fluorescence; Cube: 3D analysis RBC, PLT Ph\u01b0\u01a1ng ph\u00e1p tr\u1edf kh\u00e1ng d\u00f2ng DC (Flow-DC Impedance) HGB Ph\u01b0\u01a1ng ph\u00e1p \u0111o m\u00e0u ESR Ph\u01b0\u01a1ng ph\u00e1p \u0111o quang C\u00e1c th\u00f4ng s\u1ed1 \u0111o \u0111\u01b0\u1ee3c (m\u1eabu to\u00e0n ph\u1ea7n): 109 C\u00e1c th\u00f4ng s\u1ed1 \u0111o [&hellip;]","og_url":"https:\/\/vanphucdang.com\/en\/bc-760-and-bc-780\/","og_site_name":"V\u1ea1n Ph\u00fac \u0110\u0103ng","article_modified_time":"2025-12-15T09:22:05+00:00","og_image":[{"width":525,"height":295,"url":"https:\/\/vanphucdang.com\/wp-content\/uploads\/2024\/11\/BC-700.png","type":"image\/png"}],"twitter_card":"summary_large_image","twitter_misc":{"Est. reading time":"3 minutes"},"schema":{"@context":"https:\/\/schema.org","@graph":[{"@type":"WebPage","@id":"https:\/\/vanphucdang.com\/bc-760-va-bc-780\/","url":"https:\/\/vanphucdang.com\/bc-760-va-bc-780\/","name":"BC-760 v\u00e0 BC-780 - V\u1ea1n Ph\u00fac \u0110\u0103ng","isPartOf":{"@id":"https:\/\/vanphucdang.com\/#website"},"primaryImageOfPage":{"@id":"https:\/\/vanphucdang.com\/bc-760-va-bc-780\/#primaryimage"},"image":{"@id":"https:\/\/vanphucdang.com\/bc-760-va-bc-780\/#primaryimage"},"thumbnailUrl":"https:\/\/vanphucdang.com\/wp-content\/uploads\/2024\/11\/BC-700.png","datePublished":"2024-11-29T02:20:52+00:00","dateModified":"2025-12-15T09:22:05+00:00","breadcrumb":{"@id":"https:\/\/vanphucdang.com\/bc-760-va-bc-780\/#breadcrumb"},"inLanguage":"en-US","potentialAction":[{"@type":"ReadAction","target":["https:\/\/vanphucdang.com\/bc-760-va-bc-780\/"]}]},{"@type":"ImageObject","inLanguage":"en-US","@id":"https:\/\/vanphucdang.com\/bc-760-va-bc-780\/#primaryimage","url":"https:\/\/vanphucdang.com\/wp-content\/uploads\/2024\/11\/BC-700.png","contentUrl":"https:\/\/vanphucdang.com\/wp-content\/uploads\/2024\/11\/BC-700.png","width":525,"height":295},{"@type":"BreadcrumbList","@id":"https:\/\/vanphucdang.com\/bc-760-va-bc-780\/#breadcrumb","itemListElement":[{"@type":"ListItem","position":1,"name":"Trang ch\u1ee7","item":"https:\/\/vanphucdang.com\/"},{"@type":"ListItem","position":2,"name":"S\u1ea3n ph\u1ea9m","item":"https:\/\/vanphucdang.com\/san-pham\/"},{"@type":"ListItem","position":3,"name":"BC-760 v\u00e0 BC-780"}]},{"@type":"WebSite","@id":"https:\/\/vanphucdang.com\/#website","url":"https:\/\/vanphucdang.com\/","name":"V\u1ea1n Ph\u00fac \u0110\u0103ng","description":"","publisher":{"@id":"https:\/\/vanphucdang.com\/#organization"},"potentialAction":[{"@type":"SearchAction","target":{"@type":"EntryPoint","urlTemplate":"https:\/\/vanphucdang.com\/?s={search_term_string}"},"query-input":{"@type":"PropertyValueSpecification","valueRequired":true,"valueName":"search_term_string"}}],"inLanguage":"en-US"},{"@type":"Organization","@id":"https:\/\/vanphucdang.com\/#organization","name":"V\u1ea1n Ph\u00fac \u0110\u0103ng","url":"https:\/\/vanphucdang.com\/","logo":{"@type":"ImageObject","inLanguage":"en-US","@id":"https:\/\/vanphucdang.com\/#\/schema\/logo\/image\/","url":"https:\/\/vanphucdang.com\/wp-content\/uploads\/2024\/12\/logovpd1.png","contentUrl":"https:\/\/vanphucdang.com\/wp-content\/uploads\/2024\/12\/logovpd1.png","width":234,"height":140,"caption":"V\u1ea1n Ph\u00fac \u0110\u0103ng"},"image":{"@id":"https:\/\/vanphucdang.com\/#\/schema\/logo\/image\/"}}]}},"_links":{"self":[{"href":"https:\/\/vanphucdang.com\/en\/wp-json\/wp\/v2\/product\/2651","targetHints":{"allow":["GET"]}}],"collection":[{"href":"https:\/\/vanphucdang.com\/en\/wp-json\/wp\/v2\/product"}],"about":[{"href":"https:\/\/vanphucdang.com\/en\/wp-json\/wp\/v2\/types\/product"}],"replies":[{"embeddable":true,"href":"https:\/\/vanphucdang.com\/en\/wp-json\/wp\/v2\/comments?post=2651"}],"version-history":[{"count":0,"href":"https:\/\/vanphucdang.com\/en\/wp-json\/wp\/v2\/product\/2651\/revisions"}],"wp:featuredmedia":[{"embeddable":true,"href":"https:\/\/vanphucdang.com\/en\/wp-json\/wp\/v2\/media\/2646"}],"wp:attachment":[{"href":"https:\/\/vanphucdang.com\/en\/wp-json\/wp\/v2\/media?parent=2651"}],"wp:term":[{"taxonomy":"product_cat","embeddable":true,"href":"https:\/\/vanphucdang.com\/en\/wp-json\/wp\/v2\/product_cat?post=2651"},{"taxonomy":"product_tag","embeddable":true,"href":"https:\/\/vanphucdang.com\/en\/wp-json\/wp\/v2\/product_tag?post=2651"}],"curies":[{"name":"wp","href":"https:\/\/api.w.org\/{rel}","templated":true}]}}