{"id":2645,"date":"2024-11-18T01:18:45","date_gmt":"2024-11-17T18:18:45","guid":{"rendered":"https:\/\/vpd.dfxh.shop\/?post_type=product&#038;p=2645"},"modified":"2025-12-15T16:22:05","modified_gmt":"2025-12-15T09:22:05","slug":"bc-700-bc-720","status":"publish","type":"product","link":"https:\/\/vanphucdang.com\/en\/bc-700-bc-720\/","title":{"rendered":"BC-700 &amp; BC-720"},"content":{"rendered":"<h5><span style=\"font-size: 28px;\">Main parameters<\/span><\/h5>\n<p><strong>Original<\/strong> <strong>reason<\/strong><\/p>\n<p>WBC (IMG\/Neu\/Mon\/Lym\/Eos\/Bas), NRBC\/RET*,PLT-H\/PLT-O*\/IPF: SF Cube ^ Cell Analysis Technology<\/p>\n<p>^S: Scatter; F: Fluorescence; Cube: 3D analysis<\/p>\n<p><strong>RBC,<\/strong> <strong>PLT<\/strong><\/p>\n<p>Flow-DC Impedance<\/p>\n<p><strong>HGB<\/strong><\/p>\n<p>Colorimetric method<\/p>\n<p><strong>ESR<\/strong><\/p>\n<p>Optical measurement method<\/p>\n<p><strong>Measured parameters (whole blood): 109 Reported parameters<\/strong><strong>: 41<\/strong><\/p>\n<p>WBC Bas# Bas% Neu# Neu% Eos# Eos% Lym# Lym% Mon# Mon% IMG# IMG% RET%* RET#* RHE* IRF* LFR* MFR* HFR* RBC HGB MCV MCH MCHC RDW-CV RDW-SD HCT NRBC# NRBC% PLT PLT-I PLT-H PLT-O* MPV PDW PCT P-LCR P-LCC IPF ESR<\/p>\n<p><strong>Research parameters<\/strong><strong>: 68*<\/strong><\/p>\n<p><strong>Measured parameters (body fluids)<\/strong><strong>: 18<\/strong><\/p>\n<p><strong>Reporting parameters<\/strong><strong>: 7<\/strong><\/p>\n<p>WBC-BF TC-BF# MN# MN% PMN# PMN% RBC-BF<\/p>\n<p><strong>Research parameters<\/strong><strong>: 11<\/strong><\/p>\n<p><strong>Sample volume<\/strong><\/p>\n<p>CD (whole blood): 25ul CD+ESR (whole blood): 160ul Pre-dilution: 20ul<\/p>\n<p><strong>Data storage capacity<\/strong><\/p>\n<p>Up to 150,000 results including values and graphs*<\/p>\n<p><strong>Capacity<\/strong><\/p>\n<p>CD 80t\/h CDR 45t\/h CD+ESR 40t\/h<\/p>\n<p><strong>Analysis mode<\/strong><\/p>\n<table class=\"tableview\" style=\"width: 57.4203%; border-style: solid; border-color: #000000;\" border=\"1px\">\n<tbody>\n<tr>\n<td style=\"width: 31.4176%;\" width=\"78\">\n<p><strong>Sample type<\/strong><\/p>\n<\/td>\n<td style=\"width: 158.629%;\" width=\"168\">\n<p><strong>Analysis mode<\/strong><\/p>\n<\/td>\n<\/tr>\n<tr>\n<td style=\"width: 31.4176%;\" width=\"78\">\n<p><strong>\u00a0<\/strong><\/p>\n<p><strong>Whole blood<\/strong><\/p>\n<\/td>\n<td style=\"width: 158.629%;\" width=\"168\">\n<p>CBC, CBC + DIFF, CBC + DIFF + RET*, CD + ESR, CDR + ESR*, CD\/WBC-3X, CDR\/PLT-5X*,<\/p>\n<p>and other modes<\/p>\n<\/td>\n<\/tr>\n<tr>\n<td style=\"width: 31.4176%;\" width=\"78\">\n<p><strong>Dilution money<\/strong><\/p>\n<\/td>\n<td style=\"width: 158.629%;\" width=\"168\">\n<p>CBC, CBC + DIFF, CDR*, and other modes<\/p>\n<\/td>\n<\/tr>\n<tr>\n<td style=\"width: 31.4176%;\" width=\"78\">\n<p><strong>Body fluids<\/strong><\/p>\n<\/td>\n<td style=\"width: 158.629%;\" width=\"168\">\n<p>CBC + DIFF<\/p>\n<\/td>\n<\/tr>\n<\/tbody>\n<\/table>\n<h5><span style=\"font-size: 28px;\">Physical specifications<\/span><\/h5>\n<p><strong>Size<\/strong><\/p>\n<p>500D x 325W x 450H mm<\/p>\n<p><strong>Weight<\/strong><\/p>\n<p>\u226435Kg<\/p>\n<p><strong>Electricity<\/strong> <strong>pressure<\/strong><\/p>\n<p>100V-240V~ (\u00b110%)<\/p>\n<p><strong>Frequency<\/strong> <strong>number<\/strong><\/p>\n<p>50Hz\/60Hz (\u00b11Hz)<\/p>\n<p><strong>Input power<\/strong><\/p>\n<p>300VA<\/p>\n<p><strong>Connection port<\/strong><\/p>\n<p>LAN x 1, USB x 4 (Specifications: DC 5V; 500mA; USB 2.0 x 3; USB 3.0 x 1)<\/p>\n<h5><span style=\"font-size: 28px;\">Normal operating environment<\/span><\/h5>\n<p><strong>Temperature range:<\/strong><\/p>\n<p>10\u2103 ~ 35\u2103<\/p>\n<p><strong>Relative humidity:<\/strong><\/p>\n<p>30% ~ 85%<\/p>\n<p><strong>Pressure:<\/strong><\/p>\n<p>70.0kPa ~ 106.0kPa^<\/p>\n<p>^Note: required altitude for normal operation:<\/p>\n<p>-400m ~ +3000m<\/p>\n<h5><span style=\"font-size: 28px;\">Efficiency<\/span><\/h5>\n<table class=\"tableview\" style=\"height: 584px; width: 64.1229%; border-style: inset; border-color: #000000;\" border=\"1px\">\n<tbody>\n<tr style=\"height: 56px;\">\n<td style=\"width: 16.6144%; height: 56px;\" width=\"44\">\n<p><strong>Parameter<\/strong><\/p>\n<\/td>\n<td style=\"width: 29.4671%; height: 56px;\" width=\"65\">\n<p><strong>Linear range<\/strong><\/p>\n<\/td>\n<td style=\"width: 34.1693%; height: 56px;\" width=\"99\">\n<p><strong>Precision<\/strong><\/p>\n<\/td>\n<td style=\"width: 93.6496%; height: 56px;\" width=\"40\">\n<p><strong>Cross contamination<\/strong><\/p>\n<\/td>\n<\/tr>\n<tr style=\"height: 56px;\">\n<td style=\"width: 16.6144%; height: 56px;\" width=\"44\">\n<p><strong>WBC<\/strong><\/p>\n<\/td>\n<td style=\"width: 29.4671%; height: 56px;\" width=\"65\">\n<p>0-500\u00d7109 \/L<\/p>\n<\/td>\n<td style=\"width: 34.1693%; height: 56px;\" width=\"99\">\n<p>\u22642.5% (\u22654.51\u00d7109 \/L)<\/p>\n<\/td>\n<td style=\"width: 93.6496%; height: 56px;\" width=\"40\">\n<p>\u2264 1.0%<\/p>\n<\/td>\n<\/tr>\n<tr style=\"height: 56px;\">\n<td style=\"width: 16.6144%; height: 56px;\" width=\"44\">\n<p><strong>RBC<\/strong><\/p>\n<\/td>\n<td style=\"width: 29.4671%; height: 56px;\" width=\"65\">\n<p>0-8.60\u00d71012\/L<\/p>\n<\/td>\n<td style=\"width: 34.1693%; height: 56px;\" width=\"99\">\n<p>\u22641.5% (\u22653.5\u00d71012\/L)<\/p>\n<\/td>\n<td style=\"width: 93.6496%; height: 56px;\" width=\"40\">\n<p>\u2264 1.0%<\/p>\n<\/td>\n<\/tr>\n<tr style=\"height: 56px;\">\n<td style=\"width: 16.6144%; height: 56px;\" width=\"44\">\n<p><strong>HGB<\/strong><\/p>\n<\/td>\n<td style=\"width: 29.4671%; height: 56px;\" width=\"65\">\n<p>0-260g\/L<\/p>\n<\/td>\n<td style=\"width: 34.1693%; height: 56px;\" width=\"99\">\n<p>\u22641.0% (110-180g\/L)<\/p>\n<\/td>\n<td style=\"width: 93.6496%; height: 56px;\" width=\"40\">\n<p>\u2264 1.0%<\/p>\n<\/td>\n<\/tr>\n<tr style=\"height: 56px;\">\n<td style=\"width: 16.6144%; height: 56px;\" width=\"44\">\n<p><strong>HCT<\/strong><\/p>\n<\/td>\n<td style=\"width: 29.4671%; height: 56px;\" width=\"65\">\n<p>0-75%<\/p>\n<\/td>\n<td style=\"width: 34.1693%; height: 56px;\" width=\"99\">\n<p>\u22641.5% (30%-50%)<\/p>\n<\/td>\n<td style=\"width: 93.6496%; height: 56px;\" width=\"40\">\n<p>\u2264 1.0%<\/p>\n<\/td>\n<\/tr>\n<tr style=\"height: 96px;\">\n<td style=\"width: 16.6144%; height: 96px;\" width=\"44\">\n<p><strong>\u00a0<\/strong><\/p>\n<p><strong>PLT*<\/strong><\/p>\n<\/td>\n<td style=\"width: 29.4671%; height: 96px;\" width=\"65\">\n<p><strong>\u00a0<\/strong><\/p>\n<p>0-5000\u00d7109 \/L<\/p>\n<\/td>\n<td style=\"width: 34.1693%; height: 96px;\" width=\"99\">\n<p>\u2264 1.5(SD) (\u226420\u00d7109\/L)^<\/p>\n<p>\u2264 2.5% (\u2265100\u00d7109\/L)^<\/p>\n<\/td>\n<td style=\"width: 93.6496%; height: 96px;\" width=\"40\">\n<p><strong>\u00a0<\/strong><\/p>\n<p>\u2264 1.0%<\/p>\n<\/td>\n<\/tr>\n<tr style=\"height: 96px;\">\n<td style=\"width: 16.6144%; height: 96px;\" width=\"44\">\n<p><strong>\u00a0<\/strong><\/p>\n<p><strong>RET*<\/strong><\/p>\n<\/td>\n<td style=\"width: 29.4671%; height: 96px;\" width=\"65\">\n<p><strong>\u00a0<\/strong><\/p>\n<p>0-0.8\u00d71012\/L<\/p>\n<\/td>\n<td style=\"width: 34.1693%; height: 96px;\" width=\"99\">\n<p>\u226415% (RBC \u2265 3.00\u00d71012\/L RET%: 1.00% ~ 4.00%)<\/p>\n<\/td>\n<td style=\"width: 93.6496%; height: 96px;\" width=\"40\">\n<p><strong>\u00a0<\/strong><\/p>\n<p>\u2264 1.0%<\/p>\n<\/td>\n<\/tr>\n<tr style=\"height: 56px;\">\n<td style=\"width: 16.6144%; height: 56px;\" width=\"44\">\n<p><strong>ESR<\/strong><\/p>\n<\/td>\n<td style=\"width: 29.4671%; height: 56px;\" width=\"65\">\n<p>&nbsp;<\/p>\n<\/td>\n<td style=\"width: 34.1693%; height: 56px;\" width=\"99\">\n<p>\u22641.8(SD)(0~20mm\/h)<\/p>\n<\/td>\n<td style=\"width: 93.6496%; height: 56px;\" width=\"40\">\n<p>\u2264 1.0%<\/p>\n<\/td>\n<\/tr>\n<tr style=\"height: 56px;\">\n<td style=\"width: 173.9%; height: 56px;\" colspan=\"4\" width=\"248\">\n<p>^ Note: Only applicable to CDR\/PLT-O 5x and CR\/PLT-O 5x series<\/p>\n<\/td>\n<\/tr>\n<\/tbody>\n<\/table>\n<p>Items marked with (*) are only available on BC-720<\/p>","protected":false},"excerpt":{"rendered":"<p>Th\u00f4ng s\u1ed1 ch\u00ednh Nguy\u00ean l\u00fd WBC (IMG\/Neu\/Mon\/Lym\/Eos\/Bas), NRBC\/RET*,PLT-H\/PLT-O*\/IPF: SF Cube ^ Cell Analysis Technology ^S: Scatter; F: Fluorescence; Cube: 3D analysis RBC, PLT Ph\u01b0\u01a1ng ph\u00e1p tr\u1edf kh\u00e1ng d\u00f2ng DC (Flow-DC Impedance) HGB Ph\u01b0\u01a1ng ph\u00e1p \u0111o m\u00e0u ESR Ph\u01b0\u01a1ng ph\u00e1p \u0111o quang C\u00e1c th\u00f4ng s\u1ed1 \u0111o \u0111\u01b0\u1ee3c (m\u00e1u to\u00e0n ph\u1ea7n): 109 C\u00e1c th\u00f4ng s\u1ed1 b\u00e1o c\u00e1o: [&hellip;]<\/p>","protected":false},"featured_media":2646,"comment_status":"open","ping_status":"closed","template":"","meta":{"footnotes":""},"product_cat":[231,234],"product_tag":[],"class_list":{"0":"post-2645","1":"product","2":"type-product","3":"status-publish","4":"has-post-thumbnail","6":"product_cat-huyet-hoc","7":"product_cat-san-pham-noi-bat","9":"first","10":"instock","11":"shipping-taxable","12":"product-type-simple"},"yoast_head":"<!-- This site is optimized with the Yoast SEO Premium plugin v22.7 (Yoast SEO v23.8) - https:\/\/yoast.com\/wordpress\/plugins\/seo\/ -->\n<title>BC-700 &amp; BC-720 - V\u1ea1n Ph\u00fac \u0110\u0103ng<\/title>\n<meta name=\"robots\" content=\"index, follow, max-snippet:-1, max-image-preview:large, max-video-preview:-1\" \/>\n<link rel=\"canonical\" href=\"https:\/\/vanphucdang.com\/en\/bc-700-bc-720\/\" \/>\n<meta property=\"og:locale\" content=\"en_US\" \/>\n<meta property=\"og:type\" content=\"article\" \/>\n<meta property=\"og:title\" content=\"BC-700 &amp; BC-720\" \/>\n<meta property=\"og:description\" content=\"Th\u00f4ng s\u1ed1 ch\u00ednh Nguy\u00ean l\u00fd WBC (IMG\/Neu\/Mon\/Lym\/Eos\/Bas), NRBC\/RET*,PLT-H\/PLT-O*\/IPF: SF Cube ^ Cell Analysis Technology ^S: Scatter; F: Fluorescence; Cube: 3D analysis RBC, PLT Ph\u01b0\u01a1ng ph\u00e1p tr\u1edf kh\u00e1ng d\u00f2ng DC (Flow-DC Impedance) HGB Ph\u01b0\u01a1ng ph\u00e1p \u0111o m\u00e0u ESR Ph\u01b0\u01a1ng ph\u00e1p \u0111o quang C\u00e1c th\u00f4ng s\u1ed1 \u0111o \u0111\u01b0\u1ee3c (m\u00e1u to\u00e0n ph\u1ea7n): 109 C\u00e1c th\u00f4ng s\u1ed1 b\u00e1o c\u00e1o: [&hellip;]\" \/>\n<meta property=\"og:url\" content=\"https:\/\/vanphucdang.com\/en\/bc-700-bc-720\/\" \/>\n<meta property=\"og:site_name\" content=\"V\u1ea1n Ph\u00fac \u0110\u0103ng\" \/>\n<meta property=\"article:modified_time\" content=\"2025-12-15T09:22:05+00:00\" \/>\n<meta property=\"og:image\" content=\"https:\/\/vanphucdang.com\/wp-content\/uploads\/2024\/11\/BC-700.png\" \/>\n\t<meta property=\"og:image:width\" content=\"525\" \/>\n\t<meta property=\"og:image:height\" content=\"295\" \/>\n\t<meta property=\"og:image:type\" content=\"image\/png\" \/>\n<meta name=\"twitter:card\" content=\"summary_large_image\" \/>\n<meta name=\"twitter:label1\" content=\"Est. reading time\" \/>\n\t<meta name=\"twitter:data1\" content=\"3 minutes\" \/>\n<script type=\"application\/ld+json\" class=\"yoast-schema-graph\">{\"@context\":\"https:\/\/schema.org\",\"@graph\":[{\"@type\":\"WebPage\",\"@id\":\"https:\/\/vanphucdang.com\/bc-700-bc-720\/\",\"url\":\"https:\/\/vanphucdang.com\/bc-700-bc-720\/\",\"name\":\"BC-700 & BC-720 - V\u1ea1n Ph\u00fac \u0110\u0103ng\",\"isPartOf\":{\"@id\":\"https:\/\/vanphucdang.com\/#website\"},\"primaryImageOfPage\":{\"@id\":\"https:\/\/vanphucdang.com\/bc-700-bc-720\/#primaryimage\"},\"image\":{\"@id\":\"https:\/\/vanphucdang.com\/bc-700-bc-720\/#primaryimage\"},\"thumbnailUrl\":\"https:\/\/vanphucdang.com\/wp-content\/uploads\/2024\/11\/BC-700.png\",\"datePublished\":\"2024-11-17T18:18:45+00:00\",\"dateModified\":\"2025-12-15T09:22:05+00:00\",\"breadcrumb\":{\"@id\":\"https:\/\/vanphucdang.com\/bc-700-bc-720\/#breadcrumb\"},\"inLanguage\":\"en-US\",\"potentialAction\":[{\"@type\":\"ReadAction\",\"target\":[\"https:\/\/vanphucdang.com\/bc-700-bc-720\/\"]}]},{\"@type\":\"ImageObject\",\"inLanguage\":\"en-US\",\"@id\":\"https:\/\/vanphucdang.com\/bc-700-bc-720\/#primaryimage\",\"url\":\"https:\/\/vanphucdang.com\/wp-content\/uploads\/2024\/11\/BC-700.png\",\"contentUrl\":\"https:\/\/vanphucdang.com\/wp-content\/uploads\/2024\/11\/BC-700.png\",\"width\":525,\"height\":295},{\"@type\":\"BreadcrumbList\",\"@id\":\"https:\/\/vanphucdang.com\/bc-700-bc-720\/#breadcrumb\",\"itemListElement\":[{\"@type\":\"ListItem\",\"position\":1,\"name\":\"Trang ch\u1ee7\",\"item\":\"https:\/\/vanphucdang.com\/\"},{\"@type\":\"ListItem\",\"position\":2,\"name\":\"S\u1ea3n ph\u1ea9m\",\"item\":\"https:\/\/vanphucdang.com\/san-pham\/\"},{\"@type\":\"ListItem\",\"position\":3,\"name\":\"BC-700 &#038; BC-720\"}]},{\"@type\":\"WebSite\",\"@id\":\"https:\/\/vanphucdang.com\/#website\",\"url\":\"https:\/\/vanphucdang.com\/\",\"name\":\"V\u1ea1n Ph\u00fac \u0110\u0103ng\",\"description\":\"\",\"publisher\":{\"@id\":\"https:\/\/vanphucdang.com\/#organization\"},\"potentialAction\":[{\"@type\":\"SearchAction\",\"target\":{\"@type\":\"EntryPoint\",\"urlTemplate\":\"https:\/\/vanphucdang.com\/?s={search_term_string}\"},\"query-input\":{\"@type\":\"PropertyValueSpecification\",\"valueRequired\":true,\"valueName\":\"search_term_string\"}}],\"inLanguage\":\"en-US\"},{\"@type\":\"Organization\",\"@id\":\"https:\/\/vanphucdang.com\/#organization\",\"name\":\"V\u1ea1n Ph\u00fac \u0110\u0103ng\",\"url\":\"https:\/\/vanphucdang.com\/\",\"logo\":{\"@type\":\"ImageObject\",\"inLanguage\":\"en-US\",\"@id\":\"https:\/\/vanphucdang.com\/#\/schema\/logo\/image\/\",\"url\":\"https:\/\/vanphucdang.com\/wp-content\/uploads\/2024\/12\/logovpd1.png\",\"contentUrl\":\"https:\/\/vanphucdang.com\/wp-content\/uploads\/2024\/12\/logovpd1.png\",\"width\":234,\"height\":140,\"caption\":\"V\u1ea1n Ph\u00fac \u0110\u0103ng\"},\"image\":{\"@id\":\"https:\/\/vanphucdang.com\/#\/schema\/logo\/image\/\"}}]}<\/script>\n<!-- \/ Yoast SEO Premium plugin. -->","yoast_head_json":{"title":"BC-700 & BC-720 - V\u1ea1n Ph\u00fac \u0110\u0103ng","robots":{"index":"index","follow":"follow","max-snippet":"max-snippet:-1","max-image-preview":"max-image-preview:large","max-video-preview":"max-video-preview:-1"},"canonical":"https:\/\/vanphucdang.com\/en\/bc-700-bc-720\/","og_locale":"en_US","og_type":"article","og_title":"BC-700 & BC-720","og_description":"Th\u00f4ng s\u1ed1 ch\u00ednh Nguy\u00ean l\u00fd WBC (IMG\/Neu\/Mon\/Lym\/Eos\/Bas), NRBC\/RET*,PLT-H\/PLT-O*\/IPF: SF Cube ^ Cell Analysis Technology ^S: Scatter; F: Fluorescence; Cube: 3D analysis RBC, PLT Ph\u01b0\u01a1ng ph\u00e1p tr\u1edf kh\u00e1ng d\u00f2ng DC (Flow-DC Impedance) HGB Ph\u01b0\u01a1ng ph\u00e1p \u0111o m\u00e0u ESR Ph\u01b0\u01a1ng ph\u00e1p \u0111o quang C\u00e1c th\u00f4ng s\u1ed1 \u0111o \u0111\u01b0\u1ee3c (m\u00e1u to\u00e0n ph\u1ea7n): 109 C\u00e1c th\u00f4ng s\u1ed1 b\u00e1o c\u00e1o: [&hellip;]","og_url":"https:\/\/vanphucdang.com\/en\/bc-700-bc-720\/","og_site_name":"V\u1ea1n Ph\u00fac \u0110\u0103ng","article_modified_time":"2025-12-15T09:22:05+00:00","og_image":[{"width":525,"height":295,"url":"https:\/\/vanphucdang.com\/wp-content\/uploads\/2024\/11\/BC-700.png","type":"image\/png"}],"twitter_card":"summary_large_image","twitter_misc":{"Est. reading time":"3 minutes"},"schema":{"@context":"https:\/\/schema.org","@graph":[{"@type":"WebPage","@id":"https:\/\/vanphucdang.com\/bc-700-bc-720\/","url":"https:\/\/vanphucdang.com\/bc-700-bc-720\/","name":"BC-700 & BC-720 - V\u1ea1n Ph\u00fac \u0110\u0103ng","isPartOf":{"@id":"https:\/\/vanphucdang.com\/#website"},"primaryImageOfPage":{"@id":"https:\/\/vanphucdang.com\/bc-700-bc-720\/#primaryimage"},"image":{"@id":"https:\/\/vanphucdang.com\/bc-700-bc-720\/#primaryimage"},"thumbnailUrl":"https:\/\/vanphucdang.com\/wp-content\/uploads\/2024\/11\/BC-700.png","datePublished":"2024-11-17T18:18:45+00:00","dateModified":"2025-12-15T09:22:05+00:00","breadcrumb":{"@id":"https:\/\/vanphucdang.com\/bc-700-bc-720\/#breadcrumb"},"inLanguage":"en-US","potentialAction":[{"@type":"ReadAction","target":["https:\/\/vanphucdang.com\/bc-700-bc-720\/"]}]},{"@type":"ImageObject","inLanguage":"en-US","@id":"https:\/\/vanphucdang.com\/bc-700-bc-720\/#primaryimage","url":"https:\/\/vanphucdang.com\/wp-content\/uploads\/2024\/11\/BC-700.png","contentUrl":"https:\/\/vanphucdang.com\/wp-content\/uploads\/2024\/11\/BC-700.png","width":525,"height":295},{"@type":"BreadcrumbList","@id":"https:\/\/vanphucdang.com\/bc-700-bc-720\/#breadcrumb","itemListElement":[{"@type":"ListItem","position":1,"name":"Trang ch\u1ee7","item":"https:\/\/vanphucdang.com\/"},{"@type":"ListItem","position":2,"name":"S\u1ea3n ph\u1ea9m","item":"https:\/\/vanphucdang.com\/san-pham\/"},{"@type":"ListItem","position":3,"name":"BC-700 &#038; BC-720"}]},{"@type":"WebSite","@id":"https:\/\/vanphucdang.com\/#website","url":"https:\/\/vanphucdang.com\/","name":"V\u1ea1n Ph\u00fac \u0110\u0103ng","description":"","publisher":{"@id":"https:\/\/vanphucdang.com\/#organization"},"potentialAction":[{"@type":"SearchAction","target":{"@type":"EntryPoint","urlTemplate":"https:\/\/vanphucdang.com\/?s={search_term_string}"},"query-input":{"@type":"PropertyValueSpecification","valueRequired":true,"valueName":"search_term_string"}}],"inLanguage":"en-US"},{"@type":"Organization","@id":"https:\/\/vanphucdang.com\/#organization","name":"V\u1ea1n Ph\u00fac \u0110\u0103ng","url":"https:\/\/vanphucdang.com\/","logo":{"@type":"ImageObject","inLanguage":"en-US","@id":"https:\/\/vanphucdang.com\/#\/schema\/logo\/image\/","url":"https:\/\/vanphucdang.com\/wp-content\/uploads\/2024\/12\/logovpd1.png","contentUrl":"https:\/\/vanphucdang.com\/wp-content\/uploads\/2024\/12\/logovpd1.png","width":234,"height":140,"caption":"V\u1ea1n Ph\u00fac \u0110\u0103ng"},"image":{"@id":"https:\/\/vanphucdang.com\/#\/schema\/logo\/image\/"}}]}},"_links":{"self":[{"href":"https:\/\/vanphucdang.com\/en\/wp-json\/wp\/v2\/product\/2645","targetHints":{"allow":["GET"]}}],"collection":[{"href":"https:\/\/vanphucdang.com\/en\/wp-json\/wp\/v2\/product"}],"about":[{"href":"https:\/\/vanphucdang.com\/en\/wp-json\/wp\/v2\/types\/product"}],"replies":[{"embeddable":true,"href":"https:\/\/vanphucdang.com\/en\/wp-json\/wp\/v2\/comments?post=2645"}],"version-history":[{"count":0,"href":"https:\/\/vanphucdang.com\/en\/wp-json\/wp\/v2\/product\/2645\/revisions"}],"wp:featuredmedia":[{"embeddable":true,"href":"https:\/\/vanphucdang.com\/en\/wp-json\/wp\/v2\/media\/2646"}],"wp:attachment":[{"href":"https:\/\/vanphucdang.com\/en\/wp-json\/wp\/v2\/media?parent=2645"}],"wp:term":[{"taxonomy":"product_cat","embeddable":true,"href":"https:\/\/vanphucdang.com\/en\/wp-json\/wp\/v2\/product_cat?post=2645"},{"taxonomy":"product_tag","embeddable":true,"href":"https:\/\/vanphucdang.com\/en\/wp-json\/wp\/v2\/product_tag?post=2645"}],"curies":[{"name":"wp","href":"https:\/\/api.w.org\/{rel}","templated":true}]}}