{"id":2596,"date":"2024-11-06T10:10:18","date_gmt":"2024-11-06T03:10:18","guid":{"rendered":"https:\/\/localhost\/vx2\/?post_type=product&#038;p=2596"},"modified":"2024-12-10T15:44:11","modified_gmt":"2024-12-10T08:44:11","slug":"bc-6200","status":"publish","type":"product","link":"https:\/\/vanphucdang.com\/en\/bc-6200\/","title":{"rendered":"BC-6200"},"content":{"rendered":"<h4>Principle<\/h4>\n<ul>\n<li>\n<p>Combined method of flow cytometry, 5-part leukocyte and NRBC, RET and hemoglobin measurement with PLT-O for combination of indices.<\/p>\n<\/li>\n<li>\n<p>Cyanide-free reagents for hemoglobin testing.<\/p>\n<\/li>\n<\/ul>\n<h4>Specifications<\/h4>\n<p><strong>Measurement Parameters:<\/strong><\/p>\n<ul>\n<li>\n<p><strong>CBC+5DIFF:<\/strong> WBC, LYM%, LYM#, MON%, MON#, NEUT%, NEUT#, EO%, EO#, BASO%, BASO#, RBC, HGB, HCT, MCV, MCH, MCHC, RDW-CV, RDW-SD, PLT, MPV, PCT, PDW.<\/p>\n<\/li>\n<li>\n<p><strong>NRBC:<\/strong> NRBC%, NRBC#.<\/p>\n<\/li>\n<li>\n<p><strong>RET:<\/strong> RET%, IRF, MFR, HFR, RET#.<\/p>\n<\/li>\n<li>\n<p><strong>PLT-O:<\/strong> PLT-O, IPF, IPF#.<\/p>\n<\/li>\n<\/ul>\n<p><strong>Calculation Parameters:<\/strong><\/p>\n<ul>\n<li>\n<p><strong>HGB:<\/strong> MCH, MCHC.<\/p>\n<\/li>\n<li>\n<p><strong>RBC:<\/strong> HCT, MCV, MCH, MCHC, RDW-CV, RDW-SD.<\/p>\n<\/li>\n<li>\n<p><strong>PLT:<\/strong> MPV, PCT, PDW.<\/p>\n<\/li>\n<li>\n<p><strong>NRBC:<\/strong> NRBC%, NRBC#.<\/p>\n<\/li>\n<li>\n<p><strong>RET:<\/strong> RET%, IRF, MFR, HFR, RET#.<\/p>\n<\/li>\n<li>\n<p><strong>PLT-O:<\/strong> PLT-O, IPF, IPF#.<\/p>\n<\/li>\n<\/ul>\n<p><strong>Other Specifications:<\/strong><\/p>\n<ul>\n<li>\n<p><strong>WBC:<\/strong> Lymph#, Mon#, Neut#, Eos#, Baso#.<\/p>\n<\/li>\n<li>\n<p><strong>RBC:<\/strong> HGB, HCT, MCV, MCH, MCHC, RDW-CV, RDW-SD.<\/p>\n<\/li>\n<li>\n<p><strong>PLT:<\/strong> MPV, PCT, PDW.<\/p>\n<\/li>\n<li>\n<p><strong>NRBC:<\/strong> NRBC%, NRBC#.<\/p>\n<\/li>\n<li>\n<p><strong>RET:<\/strong> RET%, IRF, MFR, HFR, RET#.<\/p>\n<\/li>\n<li>\n<p><strong>PLT-O:<\/strong> PLT-O, IPF, IPF#.<\/p>\n<\/li>\n<\/ul>\n<p><strong>Regime:<\/strong><\/p>\n<ul>\n<li>\n<p>CBC, CBC+DIFF, CBC+DIFF+RET, CBC+DIFF+RET+PLT-O.<\/p>\n<\/li>\n<\/ul>\n<p><strong>Storage Capacity:<\/strong><\/p>\n<ul>\n<li>\n<p>Stores 100,000 results including raw data and graphs.<\/p>\n<\/li>\n<\/ul>\n<h4>Terms of Operation<\/h4>\n<ul>\n<li>\n<p><strong>Temperature:<\/strong> 15\u00b0C-30\u00b0C.<\/p>\n<\/li>\n<li>\n<p><strong>Humidity:<\/strong> 30%-85%.<\/p>\n<\/li>\n<\/ul>\n<h4>Accuracy<\/h4>\n<ul>\n<li>\n<p><strong>Parameter:<\/strong> Repeatability.<\/p>\n<ul>\n<li>\n<p><strong>WBC:<\/strong> \u22642.0% (4.0-15.0\u00d710^9\/L).<\/p>\n<\/li>\n<li>\n<p><strong>RBC:<\/strong> \u22641.5% (3.50-6.00\u00d710^12\/L).<\/p>\n<\/li>\n<li>\n<p><strong>HGB:<\/strong> \u22641.5% (110-180g\/L).<\/p>\n<\/li>\n<li>\n<p><strong>HCT:<\/strong> \u22642.0% (35-50%).<\/p>\n<\/li>\n<li>\n<p><strong>PLT:<\/strong> \u22644.0% (150-500\u00d710^9\/L).<\/p>\n<\/li>\n<\/ul>\n<\/li>\n<\/ul>\n<h4>Linearity<\/h4>\n<ul>\n<li>\n<p><strong>Parameter:<\/strong> Linear range.<\/p>\n<ul>\n<li>\n<p><strong>WBC:<\/strong> 0-400\u00d710^9\/L.<\/p>\n<\/li>\n<li>\n<p><strong>RBC:<\/strong> 0-8.5\u00d710^12\/L.<\/p>\n<\/li>\n<li>\n<p><strong>HGB:<\/strong> 0-250g\/L.<\/p>\n<\/li>\n<li>\n<p><strong>HCT:<\/strong> 0-75%.<\/p>\n<\/li>\n<li>\n<p><strong>PLT:<\/strong> 0-5000\u00d710^9\/L.<\/p>\n<\/li>\n<\/ul>\n<\/li>\n<\/ul>\n<h4>Sample Volume<\/h4>\n<ul>\n<li>\n<p><strong>Sample Volume:<\/strong> 20\u00b5L.<\/p>\n<\/li>\n<li>\n<p><strong>Sample Volume (Automatic Loading):<\/strong> 53\u00b5L.<\/p>\n<\/li>\n<li>\n<p><strong>Sample Volume (Hand Load):<\/strong> 20\u00b5L.<\/p>\n<\/li>\n<\/ul>\n<h4>Analysis Speed<\/h4>\n<ul>\n<li>\n<p><strong>CBC+DIFF:<\/strong> 110 samples\/hour.<\/p>\n<\/li>\n<li>\n<p><strong>CBC+DIFF+RET:<\/strong> 60 samples\/hour.<\/p>\n<\/li>\n<li>\n<p><strong>CBC+DIFF+RET+PLT-O:<\/strong> 60 samples\/hour.<\/p>\n<\/li>\n<\/ul>\n<p><strong>Sample Loading Capacity:<\/strong><\/p>\n<ul>\n<li>\n<p>Auto sample feeder: 100 tubes.<\/p>\n<\/li>\n<li>\n<p>Manual sample loading: 20 tubes.<\/p>\n<\/li>\n<\/ul>\n<p><strong>Dimensions and Weight:<\/strong><\/p>\n<ul>\n<li>\n<p><strong>Size:<\/strong> 672mm x 672mm x 695mm.<\/p>\n<\/li>\n<li>\n<p><strong>Weight:<\/strong> 87.5kg.<\/p>\n<\/li>\n<\/ul>","protected":false},"excerpt":{"rendered":"<p>Nguy\u00ean L\u00fd Ph\u01b0\u01a1ng ph\u00e1p k\u1ebft h\u1ee3p \u0111\u1ebfm t\u1ebf b\u00e0o d\u00f2ng ch\u1ea3y, 5 th\u00e0nh ph\u1ea7n b\u1ea1ch c\u1ea7u v\u00e0 NRBC, RET v\u00e0 ph\u01b0\u01a1ng ph\u00e1p \u0111o huy\u1ebft s\u1eafc t\u1ed1 b\u1eb1ng PLT-O cho k\u1ebft h\u1ee3p c\u1ee7a c\u00e1c ch\u1ec9 s\u1ed1. H\u00f3a ch\u1ea5t kh\u00f4ng ch\u1ee9a cyanide cho x\u00e9t nghi\u1ec7m hemoglobin. Th\u00f4ng S\u1ed1 K\u1ef9 Thu\u1eadt C\u00e1c Th\u00f4ng S\u1ed1 \u0110o: CBC+5DIFF: WBC, LYM%, [&hellip;]<\/p>","protected":false},"featured_media":2597,"comment_status":"open","ping_status":"closed","template":"","meta":{"footnotes":""},"product_cat":[231,234],"product_tag":[],"class_list":{"0":"post-2596","1":"product","2":"type-product","3":"status-publish","4":"has-post-thumbnail","6":"product_cat-huyet-hoc","7":"product_cat-san-pham-noi-bat","9":"first","10":"instock","11":"shipping-taxable","12":"product-type-simple"},"yoast_head":"<!-- This site is optimized with the Yoast SEO Premium plugin v22.7 (Yoast SEO v23.8) - https:\/\/yoast.com\/wordpress\/plugins\/seo\/ -->\n<title>BC-6200 - V\u1ea1n Ph\u00fac \u0110\u0103ng<\/title>\n<meta name=\"robots\" content=\"index, follow, max-snippet:-1, max-image-preview:large, max-video-preview:-1\" \/>\n<link rel=\"canonical\" href=\"https:\/\/vanphucdang.com\/en\/bc-6200\/\" \/>\n<meta property=\"og:locale\" content=\"en_US\" \/>\n<meta property=\"og:type\" content=\"article\" \/>\n<meta property=\"og:title\" content=\"BC-6200\" \/>\n<meta property=\"og:description\" content=\"Nguy\u00ean L\u00fd Ph\u01b0\u01a1ng ph\u00e1p k\u1ebft h\u1ee3p \u0111\u1ebfm t\u1ebf b\u00e0o d\u00f2ng ch\u1ea3y, 5 th\u00e0nh ph\u1ea7n b\u1ea1ch c\u1ea7u v\u00e0 NRBC, RET v\u00e0 ph\u01b0\u01a1ng ph\u00e1p \u0111o huy\u1ebft s\u1eafc t\u1ed1 b\u1eb1ng PLT-O cho k\u1ebft h\u1ee3p c\u1ee7a c\u00e1c ch\u1ec9 s\u1ed1. H\u00f3a ch\u1ea5t kh\u00f4ng ch\u1ee9a cyanide cho x\u00e9t nghi\u1ec7m hemoglobin. Th\u00f4ng S\u1ed1 K\u1ef9 Thu\u1eadt C\u00e1c Th\u00f4ng S\u1ed1 \u0110o: CBC+5DIFF: WBC, LYM%, [&hellip;]\" \/>\n<meta property=\"og:url\" content=\"https:\/\/vanphucdang.com\/en\/bc-6200\/\" \/>\n<meta property=\"og:site_name\" content=\"V\u1ea1n Ph\u00fac \u0110\u0103ng\" \/>\n<meta property=\"article:modified_time\" content=\"2024-12-10T08:44:11+00:00\" \/>\n<meta property=\"og:image\" content=\"https:\/\/vanphucdang.com\/wp-content\/uploads\/2024\/11\/BC6200.jpg\" \/>\n\t<meta property=\"og:image:width\" content=\"894\" \/>\n\t<meta property=\"og:image:height\" content=\"519\" \/>\n\t<meta property=\"og:image:type\" content=\"image\/jpeg\" \/>\n<meta name=\"twitter:card\" content=\"summary_large_image\" \/>\n<meta name=\"twitter:label1\" content=\"Est. reading time\" \/>\n\t<meta name=\"twitter:data1\" content=\"2 minutes\" \/>\n<script type=\"application\/ld+json\" class=\"yoast-schema-graph\">{\"@context\":\"https:\/\/schema.org\",\"@graph\":[{\"@type\":\"WebPage\",\"@id\":\"https:\/\/vanphucdang.com\/bc-6200\/\",\"url\":\"https:\/\/vanphucdang.com\/bc-6200\/\",\"name\":\"BC-6200 - V\u1ea1n Ph\u00fac \u0110\u0103ng\",\"isPartOf\":{\"@id\":\"https:\/\/vanphucdang.com\/#website\"},\"primaryImageOfPage\":{\"@id\":\"https:\/\/vanphucdang.com\/bc-6200\/#primaryimage\"},\"image\":{\"@id\":\"https:\/\/vanphucdang.com\/bc-6200\/#primaryimage\"},\"thumbnailUrl\":\"https:\/\/vanphucdang.com\/wp-content\/uploads\/2024\/11\/BC6200.jpg\",\"datePublished\":\"2024-11-06T03:10:18+00:00\",\"dateModified\":\"2024-12-10T08:44:11+00:00\",\"breadcrumb\":{\"@id\":\"https:\/\/vanphucdang.com\/bc-6200\/#breadcrumb\"},\"inLanguage\":\"en-US\",\"potentialAction\":[{\"@type\":\"ReadAction\",\"target\":[\"https:\/\/vanphucdang.com\/bc-6200\/\"]}]},{\"@type\":\"ImageObject\",\"inLanguage\":\"en-US\",\"@id\":\"https:\/\/vanphucdang.com\/bc-6200\/#primaryimage\",\"url\":\"https:\/\/vanphucdang.com\/wp-content\/uploads\/2024\/11\/BC6200.jpg\",\"contentUrl\":\"https:\/\/vanphucdang.com\/wp-content\/uploads\/2024\/11\/BC6200.jpg\",\"width\":894,\"height\":519},{\"@type\":\"BreadcrumbList\",\"@id\":\"https:\/\/vanphucdang.com\/bc-6200\/#breadcrumb\",\"itemListElement\":[{\"@type\":\"ListItem\",\"position\":1,\"name\":\"Trang ch\u1ee7\",\"item\":\"https:\/\/vanphucdang.com\/\"},{\"@type\":\"ListItem\",\"position\":2,\"name\":\"S\u1ea3n ph\u1ea9m\",\"item\":\"https:\/\/vanphucdang.com\/san-pham\/\"},{\"@type\":\"ListItem\",\"position\":3,\"name\":\"BC-6200\"}]},{\"@type\":\"WebSite\",\"@id\":\"https:\/\/vanphucdang.com\/#website\",\"url\":\"https:\/\/vanphucdang.com\/\",\"name\":\"V\u1ea1n Ph\u00fac \u0110\u0103ng\",\"description\":\"\",\"publisher\":{\"@id\":\"https:\/\/vanphucdang.com\/#organization\"},\"potentialAction\":[{\"@type\":\"SearchAction\",\"target\":{\"@type\":\"EntryPoint\",\"urlTemplate\":\"https:\/\/vanphucdang.com\/?s={search_term_string}\"},\"query-input\":{\"@type\":\"PropertyValueSpecification\",\"valueRequired\":true,\"valueName\":\"search_term_string\"}}],\"inLanguage\":\"en-US\"},{\"@type\":\"Organization\",\"@id\":\"https:\/\/vanphucdang.com\/#organization\",\"name\":\"V\u1ea1n Ph\u00fac \u0110\u0103ng\",\"url\":\"https:\/\/vanphucdang.com\/\",\"logo\":{\"@type\":\"ImageObject\",\"inLanguage\":\"en-US\",\"@id\":\"https:\/\/vanphucdang.com\/#\/schema\/logo\/image\/\",\"url\":\"https:\/\/vanphucdang.com\/wp-content\/uploads\/2024\/12\/logovpd1.png\",\"contentUrl\":\"https:\/\/vanphucdang.com\/wp-content\/uploads\/2024\/12\/logovpd1.png\",\"width\":234,\"height\":140,\"caption\":\"V\u1ea1n Ph\u00fac \u0110\u0103ng\"},\"image\":{\"@id\":\"https:\/\/vanphucdang.com\/#\/schema\/logo\/image\/\"}}]}<\/script>\n<!-- \/ Yoast SEO Premium plugin. -->","yoast_head_json":{"title":"BC-6200 - V\u1ea1n Ph\u00fac \u0110\u0103ng","robots":{"index":"index","follow":"follow","max-snippet":"max-snippet:-1","max-image-preview":"max-image-preview:large","max-video-preview":"max-video-preview:-1"},"canonical":"https:\/\/vanphucdang.com\/en\/bc-6200\/","og_locale":"en_US","og_type":"article","og_title":"BC-6200","og_description":"Nguy\u00ean L\u00fd Ph\u01b0\u01a1ng ph\u00e1p k\u1ebft h\u1ee3p \u0111\u1ebfm t\u1ebf b\u00e0o d\u00f2ng ch\u1ea3y, 5 th\u00e0nh ph\u1ea7n b\u1ea1ch c\u1ea7u v\u00e0 NRBC, RET v\u00e0 ph\u01b0\u01a1ng ph\u00e1p \u0111o huy\u1ebft s\u1eafc t\u1ed1 b\u1eb1ng PLT-O cho k\u1ebft h\u1ee3p c\u1ee7a c\u00e1c ch\u1ec9 s\u1ed1. H\u00f3a ch\u1ea5t kh\u00f4ng ch\u1ee9a cyanide cho x\u00e9t nghi\u1ec7m hemoglobin. Th\u00f4ng S\u1ed1 K\u1ef9 Thu\u1eadt C\u00e1c Th\u00f4ng S\u1ed1 \u0110o: CBC+5DIFF: WBC, LYM%, [&hellip;]","og_url":"https:\/\/vanphucdang.com\/en\/bc-6200\/","og_site_name":"V\u1ea1n Ph\u00fac \u0110\u0103ng","article_modified_time":"2024-12-10T08:44:11+00:00","og_image":[{"width":894,"height":519,"url":"https:\/\/vanphucdang.com\/wp-content\/uploads\/2024\/11\/BC6200.jpg","type":"image\/jpeg"}],"twitter_card":"summary_large_image","twitter_misc":{"Est. reading time":"2 minutes"},"schema":{"@context":"https:\/\/schema.org","@graph":[{"@type":"WebPage","@id":"https:\/\/vanphucdang.com\/bc-6200\/","url":"https:\/\/vanphucdang.com\/bc-6200\/","name":"BC-6200 - V\u1ea1n Ph\u00fac \u0110\u0103ng","isPartOf":{"@id":"https:\/\/vanphucdang.com\/#website"},"primaryImageOfPage":{"@id":"https:\/\/vanphucdang.com\/bc-6200\/#primaryimage"},"image":{"@id":"https:\/\/vanphucdang.com\/bc-6200\/#primaryimage"},"thumbnailUrl":"https:\/\/vanphucdang.com\/wp-content\/uploads\/2024\/11\/BC6200.jpg","datePublished":"2024-11-06T03:10:18+00:00","dateModified":"2024-12-10T08:44:11+00:00","breadcrumb":{"@id":"https:\/\/vanphucdang.com\/bc-6200\/#breadcrumb"},"inLanguage":"en-US","potentialAction":[{"@type":"ReadAction","target":["https:\/\/vanphucdang.com\/bc-6200\/"]}]},{"@type":"ImageObject","inLanguage":"en-US","@id":"https:\/\/vanphucdang.com\/bc-6200\/#primaryimage","url":"https:\/\/vanphucdang.com\/wp-content\/uploads\/2024\/11\/BC6200.jpg","contentUrl":"https:\/\/vanphucdang.com\/wp-content\/uploads\/2024\/11\/BC6200.jpg","width":894,"height":519},{"@type":"BreadcrumbList","@id":"https:\/\/vanphucdang.com\/bc-6200\/#breadcrumb","itemListElement":[{"@type":"ListItem","position":1,"name":"Trang ch\u1ee7","item":"https:\/\/vanphucdang.com\/"},{"@type":"ListItem","position":2,"name":"S\u1ea3n ph\u1ea9m","item":"https:\/\/vanphucdang.com\/san-pham\/"},{"@type":"ListItem","position":3,"name":"BC-6200"}]},{"@type":"WebSite","@id":"https:\/\/vanphucdang.com\/#website","url":"https:\/\/vanphucdang.com\/","name":"V\u1ea1n Ph\u00fac \u0110\u0103ng","description":"","publisher":{"@id":"https:\/\/vanphucdang.com\/#organization"},"potentialAction":[{"@type":"SearchAction","target":{"@type":"EntryPoint","urlTemplate":"https:\/\/vanphucdang.com\/?s={search_term_string}"},"query-input":{"@type":"PropertyValueSpecification","valueRequired":true,"valueName":"search_term_string"}}],"inLanguage":"en-US"},{"@type":"Organization","@id":"https:\/\/vanphucdang.com\/#organization","name":"V\u1ea1n Ph\u00fac \u0110\u0103ng","url":"https:\/\/vanphucdang.com\/","logo":{"@type":"ImageObject","inLanguage":"en-US","@id":"https:\/\/vanphucdang.com\/#\/schema\/logo\/image\/","url":"https:\/\/vanphucdang.com\/wp-content\/uploads\/2024\/12\/logovpd1.png","contentUrl":"https:\/\/vanphucdang.com\/wp-content\/uploads\/2024\/12\/logovpd1.png","width":234,"height":140,"caption":"V\u1ea1n Ph\u00fac \u0110\u0103ng"},"image":{"@id":"https:\/\/vanphucdang.com\/#\/schema\/logo\/image\/"}}]}},"_links":{"self":[{"href":"https:\/\/vanphucdang.com\/en\/wp-json\/wp\/v2\/product\/2596","targetHints":{"allow":["GET"]}}],"collection":[{"href":"https:\/\/vanphucdang.com\/en\/wp-json\/wp\/v2\/product"}],"about":[{"href":"https:\/\/vanphucdang.com\/en\/wp-json\/wp\/v2\/types\/product"}],"replies":[{"embeddable":true,"href":"https:\/\/vanphucdang.com\/en\/wp-json\/wp\/v2\/comments?post=2596"}],"version-history":[{"count":0,"href":"https:\/\/vanphucdang.com\/en\/wp-json\/wp\/v2\/product\/2596\/revisions"}],"wp:featuredmedia":[{"embeddable":true,"href":"https:\/\/vanphucdang.com\/en\/wp-json\/wp\/v2\/media\/2597"}],"wp:attachment":[{"href":"https:\/\/vanphucdang.com\/en\/wp-json\/wp\/v2\/media?parent=2596"}],"wp:term":[{"taxonomy":"product_cat","embeddable":true,"href":"https:\/\/vanphucdang.com\/en\/wp-json\/wp\/v2\/product_cat?post=2596"},{"taxonomy":"product_tag","embeddable":true,"href":"https:\/\/vanphucdang.com\/en\/wp-json\/wp\/v2\/product_tag?post=2596"}],"curies":[{"name":"wp","href":"https:\/\/api.w.org\/{rel}","templated":true}]}}