{"id":2593,"date":"2024-11-06T09:55:23","date_gmt":"2024-11-06T02:55:23","guid":{"rendered":"https:\/\/localhost\/vx2\/?post_type=product&#038;p=2593"},"modified":"2024-12-10T15:39:07","modified_gmt":"2024-12-10T08:39:07","slug":"bs-600m","status":"publish","type":"product","link":"https:\/\/vanphucdang.com\/en\/bs-600m\/","title":{"rendered":"BS-600M"},"content":{"rendered":"<h3>Technical Features<\/h3>\n<h4>System Functions:<\/h4>\n<ul>\n<li>\n<p><strong>Capacity:<\/strong> 600 photometric tests\/hour, up to 800 tests\/hour with ISE.<\/p>\n<\/li>\n<li>\n<p><strong>Optical Measurement Principle:<\/strong> Absorb, trim along the strip.<\/p>\n<\/li>\n<li>\n<p><strong>Number of Tests Per Time:<\/strong> Up to 77 tests.<\/p>\n<\/li>\n<li>\n<p><strong>Run Multiple Tests:<\/strong> 3 electrolyte tests + 3 photometric tests in just 5 bar cycles.<\/p>\n<\/li>\n<li>\n<p><strong>Measurement Method:<\/strong> Endpoint, fixed time, kinetics, ISE.<\/p>\n<\/li>\n<\/ul>\n<h4>Model Management:<\/h4>\n<ul>\n<li>\n<p><strong>SDM:<\/strong> 120 samples on 12 trays, continuous sample loading, priority given to urgent samples.<\/p>\n<\/li>\n<li>\n<p><strong>Sample Volume:<\/strong> 1.5 \u2013 45\u00b5l, 0.1\u00b5l increments.<\/p>\n<\/li>\n<li>\n<p><strong>HbA1C sample:<\/strong> Perform HbA1C test.<\/p>\n<\/li>\n<li>\n<p><strong>Interface:<\/strong> Sample ID, barcode, patient code, test code, chemical code.<\/p>\n<\/li>\n<\/ul>\n<h4>Chemical Management:<\/h4>\n<ul>\n<li>\n<p><strong>Chemical Tray:<\/strong> 80 positions with cooling system (2 \u2013 8\u00b0C).<\/p>\n<\/li>\n<li>\n<p><strong>Chemical Volume:<\/strong> 10 \u2013 200\u00b5l, error 0.5\u00b5l.<\/p>\n<\/li>\n<li>\n<p><strong>Chemical Divider:<\/strong> Distinguish between fluid levels, clots and air bubbles.<\/p>\n<\/li>\n<\/ul>\n<h4>Integrated Barcode Reader:<\/h4>\n<ul>\n<li>\n<p><strong>Barcode:<\/strong> Supports Codabar, ITF, Code 128, Code 39, UPC\/EAN and Code 93.<\/p>\n<\/li>\n<li>\n<p><strong>LIS System Connection.<\/strong><\/p>\n<\/li>\n<\/ul>\n<h4>Reaction Chamber System:<\/h4>\n<ul>\n<li>\n<p><strong>Reaction Volume:<\/strong> 10 \u2013 300\u00b5l.<\/p>\n<\/li>\n<li>\n<p><strong>Temperature Accuracy:<\/strong> \u00b10.1\u00b0C, fluctuation 0.1\u00b0C.<\/p>\n<\/li>\n<li>\n<p><strong>Recognition Response:<\/strong> 124 isothermal cuvettes with 8-step automatic washing cycle.<\/p>\n<\/li>\n<\/ul>\n<h4>Optical System:<\/h4>\n<ul>\n<li>\n<p><strong>Light Source:<\/strong> Tungsten-halogen lamp.<\/p>\n<\/li>\n<li>\n<p><strong>Photometer:<\/strong> Grating photometer.<\/p>\n<\/li>\n<li>\n<p><strong>Wavelength:<\/strong> 16 wavelengths (340nm, 380nm, 412nm, 450nm, 480nm, 505nm, 546nm, 570nm, 605nm, 630nm, 660nm, 700nm, 740nm, 800nm, 850nm, 880nm).<\/p>\n<\/li>\n<li>\n<p><strong>Absorption Range:<\/strong> 0 \u2013 3.5Abs (difference 0.1 nm).<\/p>\n<\/li>\n<li>\n<p><strong>Calibration and Verification:<\/strong><\/p>\n<ul>\n<li>\n<p><strong>Calibration:<\/strong> Linear (endpoint, fixed point and kinematic), Logit-log 4P, Logit-log 5P, Spline, Exponential, Polynomial, Parabola.<\/p>\n<\/li>\n<li>\n<p><strong>Law of Standardization:<\/strong> Westgard multi-rule, Twin plot.<\/p>\n<\/li>\n<\/ul>\n<\/li>\n<\/ul>\n<h4>Operations Department:<\/h4>\n<ul>\n<li>\n<p><strong>Operating System:<\/strong> Touch screen (optional), Windows 10\/64bit.<\/p>\n<\/li>\n<li>\n<p><strong>Interface:<\/strong> RS-232, Network Port, USB\/parallel port.<\/p>\n<\/li>\n<\/ul>\n<h4>Operating Conditions:<\/h4>\n<ul>\n<li>\n<p><strong>Input Power Source:<\/strong> 200 \u2013 240V, 50\/60Hz, 1700VA.<\/p>\n<\/li>\n<li>\n<p><strong>Temperature:<\/strong> 10 \u2013 35\u00b0C.<\/p>\n<\/li>\n<li>\n<p><strong>Humidity:<\/strong> 35 \u2013 85%.<\/p>\n<\/li>\n<li>\n<p><strong>Size:<\/strong> 1380mm(length)<em>860mm(width)<\/em>1200mm(height).<\/p>\n<\/li>\n<li>\n<p><strong>Weight:<\/strong> 350kg.<\/p>\n<\/li>\n<\/ul>","protected":false},"excerpt":{"rendered":"<p>T\u00ednh N\u0103ng K\u1ef9 Thu\u1eadt Ch\u1ee9c N\u0103ng H\u1ec7 Th\u1ed1ng: C\u00f4ng Su\u1ea5t: 600 x\u00e9t nghi\u1ec7m \u0111o quang\/gi\u1edd, l\u00ean \u0111\u1ebfn 800 x\u00e9t nghi\u1ec7m\/gi\u1edd v\u1edbi ISE. Nguy\u00ean L\u00fd \u0110o Quang: H\u1ea5p th\u1ee5, t\u1ec9a d\u1ecdc d\u1ea3i. S\u1ed1 X\u00e9t Nghi\u1ec7m Tr\u00ean M\u1ed9t L\u1ea7n: L\u00ean \u0111\u1ebfn 77 x\u00e9t nghi\u1ec7m. Ch\u1ea1y \u0110a X\u00e9t Nghi\u1ec7m: 3 x\u00e9t nghi\u1ec7m \u0111i\u1ec7n gi\u1ea3i + 3 x\u00e9t nghi\u1ec7m [&hellip;]<\/p>","protected":false},"featured_media":2594,"comment_status":"open","ping_status":"closed","template":"","meta":{"footnotes":""},"product_cat":[234,232],"product_tag":[],"class_list":{"0":"post-2593","1":"product","2":"type-product","3":"status-publish","4":"has-post-thumbnail","6":"product_cat-san-pham-noi-bat","7":"product_cat-sinh-hoa","9":"first","10":"instock","11":"shipping-taxable","12":"product-type-simple"},"yoast_head":"<!-- This site is optimized with the Yoast SEO Premium plugin v22.7 (Yoast SEO v23.8) - https:\/\/yoast.com\/wordpress\/plugins\/seo\/ -->\n<title>BS-600M - V\u1ea1n Ph\u00fac \u0110\u0103ng<\/title>\n<meta name=\"robots\" content=\"index, follow, max-snippet:-1, max-image-preview:large, max-video-preview:-1\" \/>\n<link rel=\"canonical\" href=\"https:\/\/vanphucdang.com\/en\/bs-600m\/\" \/>\n<meta property=\"og:locale\" content=\"en_US\" \/>\n<meta property=\"og:type\" content=\"article\" \/>\n<meta property=\"og:title\" content=\"BS-600M\" \/>\n<meta property=\"og:description\" content=\"T\u00ednh N\u0103ng K\u1ef9 Thu\u1eadt Ch\u1ee9c N\u0103ng H\u1ec7 Th\u1ed1ng: C\u00f4ng Su\u1ea5t: 600 x\u00e9t nghi\u1ec7m \u0111o quang\/gi\u1edd, l\u00ean \u0111\u1ebfn 800 x\u00e9t nghi\u1ec7m\/gi\u1edd v\u1edbi ISE. Nguy\u00ean L\u00fd \u0110o Quang: H\u1ea5p th\u1ee5, t\u1ec9a d\u1ecdc d\u1ea3i. S\u1ed1 X\u00e9t Nghi\u1ec7m Tr\u00ean M\u1ed9t L\u1ea7n: L\u00ean \u0111\u1ebfn 77 x\u00e9t nghi\u1ec7m. Ch\u1ea1y \u0110a X\u00e9t Nghi\u1ec7m: 3 x\u00e9t nghi\u1ec7m \u0111i\u1ec7n gi\u1ea3i + 3 x\u00e9t nghi\u1ec7m [&hellip;]\" \/>\n<meta property=\"og:url\" content=\"https:\/\/vanphucdang.com\/en\/bs-600m\/\" \/>\n<meta property=\"og:site_name\" content=\"V\u1ea1n Ph\u00fac \u0110\u0103ng\" \/>\n<meta property=\"article:modified_time\" content=\"2024-12-10T08:39:07+00:00\" \/>\n<meta property=\"og:image\" content=\"https:\/\/vanphucdang.com\/wp-content\/uploads\/2024\/11\/BS-600M.png\" \/>\n\t<meta property=\"og:image:width\" content=\"611\" \/>\n\t<meta property=\"og:image:height\" content=\"415\" \/>\n\t<meta property=\"og:image:type\" content=\"image\/png\" \/>\n<meta name=\"twitter:card\" content=\"summary_large_image\" \/>\n<meta name=\"twitter:label1\" content=\"Est. reading time\" \/>\n\t<meta name=\"twitter:data1\" content=\"3 minutes\" \/>\n<script type=\"application\/ld+json\" class=\"yoast-schema-graph\">{\"@context\":\"https:\/\/schema.org\",\"@graph\":[{\"@type\":\"WebPage\",\"@id\":\"https:\/\/vanphucdang.com\/bs-600m\/\",\"url\":\"https:\/\/vanphucdang.com\/bs-600m\/\",\"name\":\"BS-600M - V\u1ea1n Ph\u00fac \u0110\u0103ng\",\"isPartOf\":{\"@id\":\"https:\/\/vanphucdang.com\/#website\"},\"primaryImageOfPage\":{\"@id\":\"https:\/\/vanphucdang.com\/bs-600m\/#primaryimage\"},\"image\":{\"@id\":\"https:\/\/vanphucdang.com\/bs-600m\/#primaryimage\"},\"thumbnailUrl\":\"https:\/\/vanphucdang.com\/wp-content\/uploads\/2024\/11\/BS-600M.png\",\"datePublished\":\"2024-11-06T02:55:23+00:00\",\"dateModified\":\"2024-12-10T08:39:07+00:00\",\"breadcrumb\":{\"@id\":\"https:\/\/vanphucdang.com\/bs-600m\/#breadcrumb\"},\"inLanguage\":\"en-US\",\"potentialAction\":[{\"@type\":\"ReadAction\",\"target\":[\"https:\/\/vanphucdang.com\/bs-600m\/\"]}]},{\"@type\":\"ImageObject\",\"inLanguage\":\"en-US\",\"@id\":\"https:\/\/vanphucdang.com\/bs-600m\/#primaryimage\",\"url\":\"https:\/\/vanphucdang.com\/wp-content\/uploads\/2024\/11\/BS-600M.png\",\"contentUrl\":\"https:\/\/vanphucdang.com\/wp-content\/uploads\/2024\/11\/BS-600M.png\",\"width\":611,\"height\":415},{\"@type\":\"BreadcrumbList\",\"@id\":\"https:\/\/vanphucdang.com\/bs-600m\/#breadcrumb\",\"itemListElement\":[{\"@type\":\"ListItem\",\"position\":1,\"name\":\"Trang ch\u1ee7\",\"item\":\"https:\/\/vanphucdang.com\/\"},{\"@type\":\"ListItem\",\"position\":2,\"name\":\"S\u1ea3n ph\u1ea9m\",\"item\":\"https:\/\/vanphucdang.com\/san-pham\/\"},{\"@type\":\"ListItem\",\"position\":3,\"name\":\"BS-600M\"}]},{\"@type\":\"WebSite\",\"@id\":\"https:\/\/vanphucdang.com\/#website\",\"url\":\"https:\/\/vanphucdang.com\/\",\"name\":\"V\u1ea1n Ph\u00fac \u0110\u0103ng\",\"description\":\"\",\"publisher\":{\"@id\":\"https:\/\/vanphucdang.com\/#organization\"},\"potentialAction\":[{\"@type\":\"SearchAction\",\"target\":{\"@type\":\"EntryPoint\",\"urlTemplate\":\"https:\/\/vanphucdang.com\/?s={search_term_string}\"},\"query-input\":{\"@type\":\"PropertyValueSpecification\",\"valueRequired\":true,\"valueName\":\"search_term_string\"}}],\"inLanguage\":\"en-US\"},{\"@type\":\"Organization\",\"@id\":\"https:\/\/vanphucdang.com\/#organization\",\"name\":\"V\u1ea1n Ph\u00fac \u0110\u0103ng\",\"url\":\"https:\/\/vanphucdang.com\/\",\"logo\":{\"@type\":\"ImageObject\",\"inLanguage\":\"en-US\",\"@id\":\"https:\/\/vanphucdang.com\/#\/schema\/logo\/image\/\",\"url\":\"https:\/\/vanphucdang.com\/wp-content\/uploads\/2024\/12\/logovpd1.png\",\"contentUrl\":\"https:\/\/vanphucdang.com\/wp-content\/uploads\/2024\/12\/logovpd1.png\",\"width\":234,\"height\":140,\"caption\":\"V\u1ea1n Ph\u00fac \u0110\u0103ng\"},\"image\":{\"@id\":\"https:\/\/vanphucdang.com\/#\/schema\/logo\/image\/\"}}]}<\/script>\n<!-- \/ Yoast SEO Premium plugin. -->","yoast_head_json":{"title":"BS-600M - V\u1ea1n Ph\u00fac \u0110\u0103ng","robots":{"index":"index","follow":"follow","max-snippet":"max-snippet:-1","max-image-preview":"max-image-preview:large","max-video-preview":"max-video-preview:-1"},"canonical":"https:\/\/vanphucdang.com\/en\/bs-600m\/","og_locale":"en_US","og_type":"article","og_title":"BS-600M","og_description":"T\u00ednh N\u0103ng K\u1ef9 Thu\u1eadt Ch\u1ee9c N\u0103ng H\u1ec7 Th\u1ed1ng: C\u00f4ng Su\u1ea5t: 600 x\u00e9t nghi\u1ec7m \u0111o quang\/gi\u1edd, l\u00ean \u0111\u1ebfn 800 x\u00e9t nghi\u1ec7m\/gi\u1edd v\u1edbi ISE. Nguy\u00ean L\u00fd \u0110o Quang: H\u1ea5p th\u1ee5, t\u1ec9a d\u1ecdc d\u1ea3i. S\u1ed1 X\u00e9t Nghi\u1ec7m Tr\u00ean M\u1ed9t L\u1ea7n: L\u00ean \u0111\u1ebfn 77 x\u00e9t nghi\u1ec7m. Ch\u1ea1y \u0110a X\u00e9t Nghi\u1ec7m: 3 x\u00e9t nghi\u1ec7m \u0111i\u1ec7n gi\u1ea3i + 3 x\u00e9t nghi\u1ec7m [&hellip;]","og_url":"https:\/\/vanphucdang.com\/en\/bs-600m\/","og_site_name":"V\u1ea1n Ph\u00fac \u0110\u0103ng","article_modified_time":"2024-12-10T08:39:07+00:00","og_image":[{"width":611,"height":415,"url":"https:\/\/vanphucdang.com\/wp-content\/uploads\/2024\/11\/BS-600M.png","type":"image\/png"}],"twitter_card":"summary_large_image","twitter_misc":{"Est. reading time":"3 minutes"},"schema":{"@context":"https:\/\/schema.org","@graph":[{"@type":"WebPage","@id":"https:\/\/vanphucdang.com\/bs-600m\/","url":"https:\/\/vanphucdang.com\/bs-600m\/","name":"BS-600M - V\u1ea1n Ph\u00fac \u0110\u0103ng","isPartOf":{"@id":"https:\/\/vanphucdang.com\/#website"},"primaryImageOfPage":{"@id":"https:\/\/vanphucdang.com\/bs-600m\/#primaryimage"},"image":{"@id":"https:\/\/vanphucdang.com\/bs-600m\/#primaryimage"},"thumbnailUrl":"https:\/\/vanphucdang.com\/wp-content\/uploads\/2024\/11\/BS-600M.png","datePublished":"2024-11-06T02:55:23+00:00","dateModified":"2024-12-10T08:39:07+00:00","breadcrumb":{"@id":"https:\/\/vanphucdang.com\/bs-600m\/#breadcrumb"},"inLanguage":"en-US","potentialAction":[{"@type":"ReadAction","target":["https:\/\/vanphucdang.com\/bs-600m\/"]}]},{"@type":"ImageObject","inLanguage":"en-US","@id":"https:\/\/vanphucdang.com\/bs-600m\/#primaryimage","url":"https:\/\/vanphucdang.com\/wp-content\/uploads\/2024\/11\/BS-600M.png","contentUrl":"https:\/\/vanphucdang.com\/wp-content\/uploads\/2024\/11\/BS-600M.png","width":611,"height":415},{"@type":"BreadcrumbList","@id":"https:\/\/vanphucdang.com\/bs-600m\/#breadcrumb","itemListElement":[{"@type":"ListItem","position":1,"name":"Trang ch\u1ee7","item":"https:\/\/vanphucdang.com\/"},{"@type":"ListItem","position":2,"name":"S\u1ea3n ph\u1ea9m","item":"https:\/\/vanphucdang.com\/san-pham\/"},{"@type":"ListItem","position":3,"name":"BS-600M"}]},{"@type":"WebSite","@id":"https:\/\/vanphucdang.com\/#website","url":"https:\/\/vanphucdang.com\/","name":"V\u1ea1n Ph\u00fac \u0110\u0103ng","description":"","publisher":{"@id":"https:\/\/vanphucdang.com\/#organization"},"potentialAction":[{"@type":"SearchAction","target":{"@type":"EntryPoint","urlTemplate":"https:\/\/vanphucdang.com\/?s={search_term_string}"},"query-input":{"@type":"PropertyValueSpecification","valueRequired":true,"valueName":"search_term_string"}}],"inLanguage":"en-US"},{"@type":"Organization","@id":"https:\/\/vanphucdang.com\/#organization","name":"V\u1ea1n Ph\u00fac \u0110\u0103ng","url":"https:\/\/vanphucdang.com\/","logo":{"@type":"ImageObject","inLanguage":"en-US","@id":"https:\/\/vanphucdang.com\/#\/schema\/logo\/image\/","url":"https:\/\/vanphucdang.com\/wp-content\/uploads\/2024\/12\/logovpd1.png","contentUrl":"https:\/\/vanphucdang.com\/wp-content\/uploads\/2024\/12\/logovpd1.png","width":234,"height":140,"caption":"V\u1ea1n Ph\u00fac \u0110\u0103ng"},"image":{"@id":"https:\/\/vanphucdang.com\/#\/schema\/logo\/image\/"}}]}},"_links":{"self":[{"href":"https:\/\/vanphucdang.com\/en\/wp-json\/wp\/v2\/product\/2593","targetHints":{"allow":["GET"]}}],"collection":[{"href":"https:\/\/vanphucdang.com\/en\/wp-json\/wp\/v2\/product"}],"about":[{"href":"https:\/\/vanphucdang.com\/en\/wp-json\/wp\/v2\/types\/product"}],"replies":[{"embeddable":true,"href":"https:\/\/vanphucdang.com\/en\/wp-json\/wp\/v2\/comments?post=2593"}],"version-history":[{"count":0,"href":"https:\/\/vanphucdang.com\/en\/wp-json\/wp\/v2\/product\/2593\/revisions"}],"wp:featuredmedia":[{"embeddable":true,"href":"https:\/\/vanphucdang.com\/en\/wp-json\/wp\/v2\/media\/2594"}],"wp:attachment":[{"href":"https:\/\/vanphucdang.com\/en\/wp-json\/wp\/v2\/media?parent=2593"}],"wp:term":[{"taxonomy":"product_cat","embeddable":true,"href":"https:\/\/vanphucdang.com\/en\/wp-json\/wp\/v2\/product_cat?post=2593"},{"taxonomy":"product_tag","embeddable":true,"href":"https:\/\/vanphucdang.com\/en\/wp-json\/wp\/v2\/product_tag?post=2593"}],"curies":[{"name":"wp","href":"https:\/\/api.w.org\/{rel}","templated":true}]}}