{"id":2580,"date":"2024-11-06T09:11:53","date_gmt":"2024-11-06T02:11:53","guid":{"rendered":"https:\/\/localhost\/vx2\/?post_type=product&#038;p=2580"},"modified":"2025-12-15T16:22:05","modified_gmt":"2025-12-15T09:22:05","slug":"bc-6800plus","status":"publish","type":"product","link":"https:\/\/vanphucdang.com\/en\/bc-6800plus\/","title":{"rendered":"BC-6800Plus"},"content":{"rendered":"<p><strong>Principle<\/strong><\/p>\n<ul>\n<li>\n<p>SF Cube\u00ae method counts WBC, 6 BC components, NRBC, ERP and PLT-O<\/p>\n<\/li>\n<li>\n<p>DC impedance method for counting RBC and PLT<\/p>\n<\/li>\n<li>\n<p>Cyanide-free reagents for hemoglobin testing<em>*S: Scatter; F: Fluorescence; Cube: 3D analysis<\/em><\/p>\n<\/li>\n<\/ul>\n<p><strong>Parameter<\/strong><\/p>\n<ul>\n<li>\n<p>37 reported parameters (whole blood): WBC, Lym%, Mon%, Neu%, Eos%, Baso%, IG%, Lym#, Mon#, Neu#, Eos#, Bas#, IM#, RBC, HGB, HCT, MCV, MCH, MCHC, RDW-CV, RDW-SD, NRBC#, NRBC%, PLT, MPV, PDW, PCT, PLCR, P-LCC, RET%, RET#, HFR, LFR, MFR, HFR, IPF<\/p>\n<\/li>\n<li>\n<p>48 research parameters (whole blood): HFC#, HFC%, RBC-O, PLT-O, WBC-D, WBC-C, IM-D, IME#, IME%, H-NR%, L-NR%, NR-L, PLT-L, WBC-T, IN-N, IRN, IRF%, MicroR, Micro%, MacroR, Macro%, HPI, HPI#, HPI%, FR#, FR%, FRC#, FRC%, SPM#, SPM%, Neu-Z, Neu-Z#, Lym-Z, Lym-Z#, Mon-Z, Mon-Z#, SRBC, LRBC, SMCV, LMCV, HMCV, HMP, HMP%, HYPER%, HYPO%<\/p>\n<\/li>\n<li>\n<p>7 reporting parameters (body fluids): TC-BF, TC-BF#, IM-BF%, IM-BF#, PMN%, PMN#, RBC-BF<\/p>\n<\/li>\n<li>\n<p>8 research parameters (body fluids): Eos-BF%, Eos-BF#, Neu-BF%, Neu-BF#, H-BF%, H-BF#, L-BF%, L-BF#, LY-BF%, MO-BF#, MO-BF%<\/p>\n<\/li>\n<li>\n<p>2 histograms for RBC and PLT<\/p>\n<\/li>\n<li>\n<p>4 3D scatter plots: DIFF, WNB, RET, ERP<\/p>\n<\/li>\n<li>\n<p>7 2D scatter plots: DIFF, WNB, RET, RET-EXT, PLT-O, RBC SCT, RBC VHF<\/p>\n<\/li>\n<\/ul>\n<p><strong>Regime<\/strong><\/p>\n<ul>\n<li>\n<p>CBC, CBC+DIFF, CBC+DIFF+RET, CBC+RET, RET<\/p>\n<\/li>\n<\/ul>\n<p><strong>Self-Storage Capability<\/strong><\/p>\n<ul>\n<li>\n<p>Up to 100,000 results including value information and graphs<\/p>\n<\/li>\n<\/ul>\n<p><strong>Operating Conditions<\/strong><\/p>\n<ul>\n<li>\n<p>Temperature: 15\u00b0C\u201332\u00b0C<\/p>\n<\/li>\n<li>\n<p>Humidity: 30%\u201385%<\/p>\n<\/li>\n<\/ul>\n<p><strong>Efficiency<\/strong><\/p>\n<div>\n<div>\n<table style=\"width: 87.2891%; border-color: #000000; border-style: solid;\" border=\"1\">\n<thead>\n<tr>\n<th style=\"width: 18.7891%;\"><strong>Parameter<\/strong><\/th>\n<th style=\"width: 29.4364%;\"><strong>Linear range<\/strong><\/th>\n<th style=\"width: 34.6373%;\"><strong>Repeatability<\/strong><\/th>\n<th style=\"width: 33.6285%;\"><strong>Cross contamination<\/strong><\/th>\n<\/tr>\n<\/thead>\n<tbody>\n<tr>\n<td style=\"width: 18.7891%;\">WBC<\/td>\n<td style=\"width: 29.4364%;\">0.50\u00d710^3\/\u00b5L<\/td>\n<td style=\"width: 34.6373%;\">\u22642.5% (4\u00d710^3\/\u00b5L)<\/td>\n<td style=\"width: 33.6285%;\">\u22641.0%<\/td>\n<\/tr>\n<tr>\n<td style=\"width: 18.7891%;\">RBC<\/td>\n<td style=\"width: 29.4364%;\">0.50\u00d710^6\/\u00b5L<\/td>\n<td style=\"width: 34.6373%;\">\u22641.5% (4\u00d710^6\/\u00b5L)<\/td>\n<td style=\"width: 33.6285%;\">\u22641.0%<\/td>\n<\/tr>\n<tr>\n<td style=\"width: 18.7891%;\">HGB<\/td>\n<td style=\"width: 29.4364%;\">0\u201326g\/dL<\/td>\n<td style=\"width: 34.6373%;\">\u22641.5% (10.0\u201318.0g\/dL)<\/td>\n<td style=\"width: 33.6285%;\">\u22641.0%<\/td>\n<\/tr>\n<tr>\n<td style=\"width: 18.7891%;\">HCT<\/td>\n<td style=\"width: 29.4364%;\">0\u201375%<\/td>\n<td style=\"width: 34.6373%;\">\u22641.5% (30%\u201350%)<\/td>\n<td style=\"width: 33.6285%;\">\u22641.0%<\/td>\n<\/tr>\n<tr>\n<td style=\"width: 18.7891%;\">PLT<\/td>\n<td style=\"width: 29.4364%;\">5.0\u00d710^3\/\u00b5L<\/td>\n<td style=\"width: 34.6373%;\">\u22645.0% (100\u00d710^3\/\u00b5L)<\/td>\n<td style=\"width: 33.6285%;\">\u22641.0%<\/td>\n<\/tr>\n<tr>\n<td style=\"width: 18.7891%;\">RET#<\/td>\n<td style=\"width: 29.4364%;\">0\u20138.0\u00d710^3\/\u00b5L<\/td>\n<td style=\"width: 34.6373%;\">\u226415% (RBC\u22653.0\u00d710^6\/\u00b5L)<\/td>\n<td style=\"width: 33.6285%;\">\/<\/td>\n<\/tr>\n<\/tbody>\n<\/table>\n<\/div>\n<div>\u00a0<\/div>\n<\/div>\n<p><strong>Sample Volume<\/strong><\/p>\n<ul>\n<li>\n<p>Total volume (Automatic loading): 190\u00b5L<\/p>\n<\/li>\n<li>\n<p>Total Volume (Open Fill): 130\u00b5L<\/p>\n<\/li>\n<li>\n<p>Diluted prefilter (Open charge): 40\u00b5L<\/p>\n<\/li>\n<li>\n<p>Body fluid (Open load): 130\u00b5L<\/p>\n<\/li>\n<\/ul>\n<p><strong>Capacity<\/strong><\/p>\n<ul>\n<li>\n<p>Up to 200 samples\/hour (CBC+DIFF)<\/p>\n<\/li>\n<li>\n<p>Up to 120 samples\/hour (CBC+DIFF+RET)<\/p>\n<\/li>\n<li>\n<p>Up to 120 samples\/hour (RET)<\/p>\n<\/li>\n<li>\n<p>Up to 40 samples\/hour (body fluids)<\/p>\n<\/li>\n<\/ul>\n<p><strong>Sample Loading Capacity<\/strong><\/p>\n<ul>\n<li>\n<p>Up to 100 sample tubes\/load<\/p>\n<\/li>\n<\/ul>\n<p><strong>Volume<\/strong><\/p>\n<ul>\n<li>\n<p>125kg<\/p>\n<\/li>\n<\/ul>\n<p><strong>Size<\/strong><\/p>\n<ul>\n<li>\n<p>680mm x 850mm x 700mm<\/p>\n<\/li>\n<\/ul>","protected":false},"excerpt":{"rendered":"<p>Nguy\u00ean L\u00fd Ph\u01b0\u01a1ng ph\u00e1p SF Cube\u00ae \u0111\u1ebfm WBC, 6 th\u00e0nh ph\u1ea7n BC, NRBC, ERP v\u00e0 PLT-O Ph\u01b0\u01a1ng ph\u00e1p tr\u1edf kh\u00e1ng d\u00f2ng DC \u0111\u1ebfm RBC v\u00e0 PLT H\u00f3a ch\u1ea5t kh\u00f4ng ch\u1ee9a cyanide cho x\u00e9t nghi\u1ec7m hemoglobin*S: Scatter; F: Fluorescence; Cube: 3D analysis Th\u00f4ng S\u1ed1 37 th\u00f4ng s\u1ed1 b\u00e1o c\u00e1o (m\u00e1u to\u00e0n ph\u1ea7n): WBC, Lym%, Mon%, Neu%, [&hellip;]<\/p>","protected":false},"featured_media":2581,"comment_status":"open","ping_status":"closed","template":"","meta":{"footnotes":""},"product_cat":[231,234],"product_tag":[],"class_list":{"0":"post-2580","1":"product","2":"type-product","3":"status-publish","4":"has-post-thumbnail","6":"product_cat-huyet-hoc","7":"product_cat-san-pham-noi-bat","9":"first","10":"instock","11":"shipping-taxable","12":"product-type-simple"},"yoast_head":"<!-- This site is optimized with the Yoast SEO Premium plugin v22.7 (Yoast SEO v23.8) - https:\/\/yoast.com\/wordpress\/plugins\/seo\/ -->\n<title>BC-6800Plus - V\u1ea1n Ph\u00fac \u0110\u0103ng<\/title>\n<meta name=\"robots\" content=\"index, follow, max-snippet:-1, max-image-preview:large, max-video-preview:-1\" \/>\n<link rel=\"canonical\" href=\"https:\/\/vanphucdang.com\/en\/bc-6800plus\/\" \/>\n<meta property=\"og:locale\" content=\"en_US\" \/>\n<meta property=\"og:type\" content=\"article\" \/>\n<meta property=\"og:title\" content=\"BC-6800Plus\" \/>\n<meta property=\"og:description\" content=\"Nguy\u00ean L\u00fd Ph\u01b0\u01a1ng ph\u00e1p SF Cube\u00ae \u0111\u1ebfm WBC, 6 th\u00e0nh ph\u1ea7n BC, NRBC, ERP v\u00e0 PLT-O Ph\u01b0\u01a1ng ph\u00e1p tr\u1edf kh\u00e1ng d\u00f2ng DC \u0111\u1ebfm RBC v\u00e0 PLT H\u00f3a ch\u1ea5t kh\u00f4ng ch\u1ee9a cyanide cho x\u00e9t nghi\u1ec7m hemoglobin*S: Scatter; F: Fluorescence; Cube: 3D analysis Th\u00f4ng S\u1ed1 37 th\u00f4ng s\u1ed1 b\u00e1o c\u00e1o (m\u00e1u to\u00e0n ph\u1ea7n): WBC, Lym%, Mon%, Neu%, [&hellip;]\" \/>\n<meta property=\"og:url\" content=\"https:\/\/vanphucdang.com\/en\/bc-6800plus\/\" \/>\n<meta property=\"og:site_name\" content=\"V\u1ea1n Ph\u00fac \u0110\u0103ng\" \/>\n<meta property=\"article:modified_time\" content=\"2025-12-15T09:22:05+00:00\" \/>\n<meta property=\"og:image\" content=\"https:\/\/vanphucdang.com\/wp-content\/uploads\/2024\/11\/BC6800Plus.jpg\" \/>\n\t<meta property=\"og:image:width\" content=\"1290\" \/>\n\t<meta property=\"og:image:height\" content=\"725\" \/>\n\t<meta property=\"og:image:type\" content=\"image\/jpeg\" \/>\n<meta name=\"twitter:card\" content=\"summary_large_image\" \/>\n<meta name=\"twitter:label1\" content=\"Est. reading time\" \/>\n\t<meta name=\"twitter:data1\" content=\"3 minutes\" \/>\n<script type=\"application\/ld+json\" class=\"yoast-schema-graph\">{\"@context\":\"https:\/\/schema.org\",\"@graph\":[{\"@type\":\"WebPage\",\"@id\":\"https:\/\/vanphucdang.com\/bc-6800plus\/\",\"url\":\"https:\/\/vanphucdang.com\/bc-6800plus\/\",\"name\":\"BC-6800Plus - V\u1ea1n Ph\u00fac \u0110\u0103ng\",\"isPartOf\":{\"@id\":\"https:\/\/vanphucdang.com\/#website\"},\"primaryImageOfPage\":{\"@id\":\"https:\/\/vanphucdang.com\/bc-6800plus\/#primaryimage\"},\"image\":{\"@id\":\"https:\/\/vanphucdang.com\/bc-6800plus\/#primaryimage\"},\"thumbnailUrl\":\"https:\/\/vanphucdang.com\/wp-content\/uploads\/2024\/11\/BC6800Plus.jpg\",\"datePublished\":\"2024-11-06T02:11:53+00:00\",\"dateModified\":\"2025-12-15T09:22:05+00:00\",\"breadcrumb\":{\"@id\":\"https:\/\/vanphucdang.com\/bc-6800plus\/#breadcrumb\"},\"inLanguage\":\"en-US\",\"potentialAction\":[{\"@type\":\"ReadAction\",\"target\":[\"https:\/\/vanphucdang.com\/bc-6800plus\/\"]}]},{\"@type\":\"ImageObject\",\"inLanguage\":\"en-US\",\"@id\":\"https:\/\/vanphucdang.com\/bc-6800plus\/#primaryimage\",\"url\":\"https:\/\/vanphucdang.com\/wp-content\/uploads\/2024\/11\/BC6800Plus.jpg\",\"contentUrl\":\"https:\/\/vanphucdang.com\/wp-content\/uploads\/2024\/11\/BC6800Plus.jpg\",\"width\":1290,\"height\":725},{\"@type\":\"BreadcrumbList\",\"@id\":\"https:\/\/vanphucdang.com\/bc-6800plus\/#breadcrumb\",\"itemListElement\":[{\"@type\":\"ListItem\",\"position\":1,\"name\":\"Trang ch\u1ee7\",\"item\":\"https:\/\/vanphucdang.com\/\"},{\"@type\":\"ListItem\",\"position\":2,\"name\":\"S\u1ea3n ph\u1ea9m\",\"item\":\"https:\/\/vanphucdang.com\/san-pham\/\"},{\"@type\":\"ListItem\",\"position\":3,\"name\":\"BC-6800Plus\"}]},{\"@type\":\"WebSite\",\"@id\":\"https:\/\/vanphucdang.com\/#website\",\"url\":\"https:\/\/vanphucdang.com\/\",\"name\":\"V\u1ea1n Ph\u00fac \u0110\u0103ng\",\"description\":\"\",\"publisher\":{\"@id\":\"https:\/\/vanphucdang.com\/#organization\"},\"potentialAction\":[{\"@type\":\"SearchAction\",\"target\":{\"@type\":\"EntryPoint\",\"urlTemplate\":\"https:\/\/vanphucdang.com\/?s={search_term_string}\"},\"query-input\":{\"@type\":\"PropertyValueSpecification\",\"valueRequired\":true,\"valueName\":\"search_term_string\"}}],\"inLanguage\":\"en-US\"},{\"@type\":\"Organization\",\"@id\":\"https:\/\/vanphucdang.com\/#organization\",\"name\":\"V\u1ea1n Ph\u00fac \u0110\u0103ng\",\"url\":\"https:\/\/vanphucdang.com\/\",\"logo\":{\"@type\":\"ImageObject\",\"inLanguage\":\"en-US\",\"@id\":\"https:\/\/vanphucdang.com\/#\/schema\/logo\/image\/\",\"url\":\"https:\/\/vanphucdang.com\/wp-content\/uploads\/2024\/12\/logovpd1.png\",\"contentUrl\":\"https:\/\/vanphucdang.com\/wp-content\/uploads\/2024\/12\/logovpd1.png\",\"width\":234,\"height\":140,\"caption\":\"V\u1ea1n Ph\u00fac \u0110\u0103ng\"},\"image\":{\"@id\":\"https:\/\/vanphucdang.com\/#\/schema\/logo\/image\/\"}}]}<\/script>\n<!-- \/ Yoast SEO Premium plugin. -->","yoast_head_json":{"title":"BC-6800Plus - V\u1ea1n Ph\u00fac \u0110\u0103ng","robots":{"index":"index","follow":"follow","max-snippet":"max-snippet:-1","max-image-preview":"max-image-preview:large","max-video-preview":"max-video-preview:-1"},"canonical":"https:\/\/vanphucdang.com\/en\/bc-6800plus\/","og_locale":"en_US","og_type":"article","og_title":"BC-6800Plus","og_description":"Nguy\u00ean L\u00fd Ph\u01b0\u01a1ng ph\u00e1p SF Cube\u00ae \u0111\u1ebfm WBC, 6 th\u00e0nh ph\u1ea7n BC, NRBC, ERP v\u00e0 PLT-O Ph\u01b0\u01a1ng ph\u00e1p tr\u1edf kh\u00e1ng d\u00f2ng DC \u0111\u1ebfm RBC v\u00e0 PLT H\u00f3a ch\u1ea5t kh\u00f4ng ch\u1ee9a cyanide cho x\u00e9t nghi\u1ec7m hemoglobin*S: Scatter; F: Fluorescence; Cube: 3D analysis Th\u00f4ng S\u1ed1 37 th\u00f4ng s\u1ed1 b\u00e1o c\u00e1o (m\u00e1u to\u00e0n ph\u1ea7n): WBC, Lym%, Mon%, Neu%, [&hellip;]","og_url":"https:\/\/vanphucdang.com\/en\/bc-6800plus\/","og_site_name":"V\u1ea1n Ph\u00fac \u0110\u0103ng","article_modified_time":"2025-12-15T09:22:05+00:00","og_image":[{"width":1290,"height":725,"url":"https:\/\/vanphucdang.com\/wp-content\/uploads\/2024\/11\/BC6800Plus.jpg","type":"image\/jpeg"}],"twitter_card":"summary_large_image","twitter_misc":{"Est. reading time":"3 minutes"},"schema":{"@context":"https:\/\/schema.org","@graph":[{"@type":"WebPage","@id":"https:\/\/vanphucdang.com\/bc-6800plus\/","url":"https:\/\/vanphucdang.com\/bc-6800plus\/","name":"BC-6800Plus - V\u1ea1n Ph\u00fac \u0110\u0103ng","isPartOf":{"@id":"https:\/\/vanphucdang.com\/#website"},"primaryImageOfPage":{"@id":"https:\/\/vanphucdang.com\/bc-6800plus\/#primaryimage"},"image":{"@id":"https:\/\/vanphucdang.com\/bc-6800plus\/#primaryimage"},"thumbnailUrl":"https:\/\/vanphucdang.com\/wp-content\/uploads\/2024\/11\/BC6800Plus.jpg","datePublished":"2024-11-06T02:11:53+00:00","dateModified":"2025-12-15T09:22:05+00:00","breadcrumb":{"@id":"https:\/\/vanphucdang.com\/bc-6800plus\/#breadcrumb"},"inLanguage":"en-US","potentialAction":[{"@type":"ReadAction","target":["https:\/\/vanphucdang.com\/bc-6800plus\/"]}]},{"@type":"ImageObject","inLanguage":"en-US","@id":"https:\/\/vanphucdang.com\/bc-6800plus\/#primaryimage","url":"https:\/\/vanphucdang.com\/wp-content\/uploads\/2024\/11\/BC6800Plus.jpg","contentUrl":"https:\/\/vanphucdang.com\/wp-content\/uploads\/2024\/11\/BC6800Plus.jpg","width":1290,"height":725},{"@type":"BreadcrumbList","@id":"https:\/\/vanphucdang.com\/bc-6800plus\/#breadcrumb","itemListElement":[{"@type":"ListItem","position":1,"name":"Trang ch\u1ee7","item":"https:\/\/vanphucdang.com\/"},{"@type":"ListItem","position":2,"name":"S\u1ea3n ph\u1ea9m","item":"https:\/\/vanphucdang.com\/san-pham\/"},{"@type":"ListItem","position":3,"name":"BC-6800Plus"}]},{"@type":"WebSite","@id":"https:\/\/vanphucdang.com\/#website","url":"https:\/\/vanphucdang.com\/","name":"V\u1ea1n Ph\u00fac \u0110\u0103ng","description":"","publisher":{"@id":"https:\/\/vanphucdang.com\/#organization"},"potentialAction":[{"@type":"SearchAction","target":{"@type":"EntryPoint","urlTemplate":"https:\/\/vanphucdang.com\/?s={search_term_string}"},"query-input":{"@type":"PropertyValueSpecification","valueRequired":true,"valueName":"search_term_string"}}],"inLanguage":"en-US"},{"@type":"Organization","@id":"https:\/\/vanphucdang.com\/#organization","name":"V\u1ea1n Ph\u00fac \u0110\u0103ng","url":"https:\/\/vanphucdang.com\/","logo":{"@type":"ImageObject","inLanguage":"en-US","@id":"https:\/\/vanphucdang.com\/#\/schema\/logo\/image\/","url":"https:\/\/vanphucdang.com\/wp-content\/uploads\/2024\/12\/logovpd1.png","contentUrl":"https:\/\/vanphucdang.com\/wp-content\/uploads\/2024\/12\/logovpd1.png","width":234,"height":140,"caption":"V\u1ea1n Ph\u00fac \u0110\u0103ng"},"image":{"@id":"https:\/\/vanphucdang.com\/#\/schema\/logo\/image\/"}}]}},"_links":{"self":[{"href":"https:\/\/vanphucdang.com\/en\/wp-json\/wp\/v2\/product\/2580","targetHints":{"allow":["GET"]}}],"collection":[{"href":"https:\/\/vanphucdang.com\/en\/wp-json\/wp\/v2\/product"}],"about":[{"href":"https:\/\/vanphucdang.com\/en\/wp-json\/wp\/v2\/types\/product"}],"replies":[{"embeddable":true,"href":"https:\/\/vanphucdang.com\/en\/wp-json\/wp\/v2\/comments?post=2580"}],"version-history":[{"count":0,"href":"https:\/\/vanphucdang.com\/en\/wp-json\/wp\/v2\/product\/2580\/revisions"}],"wp:featuredmedia":[{"embeddable":true,"href":"https:\/\/vanphucdang.com\/en\/wp-json\/wp\/v2\/media\/2581"}],"wp:attachment":[{"href":"https:\/\/vanphucdang.com\/en\/wp-json\/wp\/v2\/media?parent=2580"}],"wp:term":[{"taxonomy":"product_cat","embeddable":true,"href":"https:\/\/vanphucdang.com\/en\/wp-json\/wp\/v2\/product_cat?post=2580"},{"taxonomy":"product_tag","embeddable":true,"href":"https:\/\/vanphucdang.com\/en\/wp-json\/wp\/v2\/product_tag?post=2580"}],"curies":[{"name":"wp","href":"https:\/\/api.w.org\/{rel}","templated":true}]}}