{"id":2578,"date":"2024-11-06T09:08:09","date_gmt":"2024-11-06T02:08:09","guid":{"rendered":"https:\/\/localhost\/vx2\/?post_type=product&#038;p=2578"},"modified":"2024-12-10T15:36:14","modified_gmt":"2024-12-10T08:36:14","slug":"cl-2000i","status":"publish","type":"product","link":"https:\/\/vanphucdang.com\/en\/cl-2000i\/","title":{"rendered":"CL-2000i"},"content":{"rendered":"<h3>Technical Specifications<\/h3>\n<h4>General Information<\/h4>\n<ul>\n<li>\n<p><strong>Capacity:<\/strong> Up to 240 tests\/hour<\/p>\n<\/li>\n<li>\n<p><strong>Measuring Principle:<\/strong> Superparamagnetic particles together with alkaline phosphatase (ALP) labeled chemicals and AMPPD substrate<\/p>\n<\/li>\n<\/ul>\n<h4>Model Management<\/h4>\n<ul>\n<li>\n<p><strong>Download Template:<\/strong> Rack system with sample transfer module, up to 300 samples per machine with 30 trays<\/p>\n<\/li>\n<li>\n<p><strong>Sample Needle:<\/strong> Steel suction needle, with liquid level sensor, color polarity sensor, needle protection against collision<\/p>\n<\/li>\n<li>\n<p><strong>Sample Volume:<\/strong> 10\u00b5L~200\u00b5L, 1\u00b5L step<\/p>\n<\/li>\n<li>\n<p><strong>Sample Dilution:<\/strong> Automatically dilute at a ratio of 1:2 ~ 1:40<\/p>\n<\/li>\n<\/ul>\n<h4>Chemical Management<\/h4>\n<ul>\n<li>\n<p><strong>Chemical Disc:<\/strong> 36 chemical positions, continuous loading, continuous mixing with magnetic beads<\/p>\n<\/li>\n<li>\n<p><strong>Cooling System:<\/strong> 2\u00b0C~8\u00b0C<\/p>\n<\/li>\n<li>\n<p><strong>Chemical Barcode:<\/strong> Auto Scan<\/p>\n<\/li>\n<li>\n<p><strong>Chemical Suction Needle:<\/strong> Steel, liquid and bubble sensor, anti-collision<\/p>\n<\/li>\n<li>\n<p><strong>Chemical Volume:<\/strong> 20\u00b5L~135\u00b5L, error 1\u00b5L<\/p>\n<\/li>\n<\/ul>\n<h4>Filtration and Separation System<\/h4>\n<ul>\n<li>\n<p><strong>Substrate Filter:<\/strong> 300\/500 tests\/lot, needle prick from full lot<\/p>\n<\/li>\n<li>\n<p><strong>Substrate Loading:<\/strong> Can be charged continuously while the machine is running<\/p>\n<\/li>\n<li>\n<p><strong>Self-wetting Substrate:<\/strong> Continuous moisturizing<\/p>\n<\/li>\n<li>\n<p><strong>Suction Volume:<\/strong> 200\u00b5L<\/p>\n<\/li>\n<\/ul>\n<h4>Magnetic Separator<\/h4>\n<ul>\n<li>\n<p><strong>Separation System:<\/strong> 4 steps separation<\/p>\n<\/li>\n<li>\n<p><strong>Temperature:<\/strong> Accuracy: 37\u00b10.3\u00b0C, fluctuation: \u00b10.1\u00b0C<\/p>\n<\/li>\n<\/ul>\n<h4>Analysis and Measurement System<\/h4>\n<ul>\n<li>\n<p><strong>Detection Method:<\/strong> Photon counting<\/p>\n<\/li>\n<li>\n<p><strong>PMT Calibration:<\/strong> LED<\/p>\n<\/li>\n<li>\n<p><strong>Signal Reader:<\/strong> Photomultiplier photon counter (PMT)<\/p>\n<\/li>\n<li>\n<p><strong>Reaction Tray:<\/strong> 150 positions<\/p>\n<\/li>\n<li>\n<p><strong>Temperature:<\/strong> Accuracy: 37\u00b10.3\u00b0C, fluctuation: \u00b10.1\u00b0C<\/p>\n<\/li>\n<li>\n<p><strong>Mixing Unit:<\/strong> Touchless mixing and shaking<\/p>\n<\/li>\n<\/ul>\n<h4>Cuvette Loading and Waste Collection<\/h4>\n<ul>\n<li>\n<p><strong>Cuvette:<\/strong> Disposable plastic cuvette<\/p>\n<\/li>\n<li>\n<p><strong>Cuvette loading:<\/strong> Continuous loading and unloading, 126 cuvettes\/tray, up to 9 trays (1134 cuvettes) can be loaded at once in batches<\/p>\n<\/li>\n<li>\n<p><strong>Waste Collection:<\/strong> 2 waste boxes, full waste detection<\/p>\n<\/li>\n<\/ul>\n<h4>Working Conditions<\/h4>\n<ul>\n<li>\n<p><strong>Power Supply:<\/strong> 110V\/115V~, 60Hz; 220V-240V~, 50Hz; 20V\/230V~, 60Hz<\/p>\n<\/li>\n<li>\n<p><strong>Input Source:<\/strong> 3200VA<\/p>\n<\/li>\n<li>\n<p><strong>Operating Temperature:<\/strong> 15\u00b0C~30\u00b0C<\/p>\n<\/li>\n<li>\n<p><strong>Relative Humidity:<\/strong> 35%RH~80%RH, non-condensing<\/p>\n<\/li>\n<li>\n<p><strong>Size(mm):<\/strong> Main machine: 1450mm<em>1020mm<\/em>1200mm (W)<em>S<\/em>C)<\/p>\n<ul>\n<li>\n<p>SDM: 710mm<em>1020mm<\/em>1200mm (W)<em>D<\/em>C)<\/p>\n<\/li>\n<li>\n<p>Overall: 2150mm<em>1020mm<\/em>1200mm (W<em>D<\/em>H)<\/p>\n<\/li>\n<\/ul>\n<\/li>\n<li>\n<p><strong>Volume:<\/strong> 550kg<\/p>\n<\/li>\n<li>\n<p><strong>Elevation: <\/strong>The base machine when choosing outdoor at 2000m~4000m<\/p>\n<\/li>\n<\/ul>","protected":false},"excerpt":{"rendered":"<p>\u0110\u1eb7c T\u00ednh K\u1ef9 Thu\u1eadt Th\u00f4ng Tin Chung C\u00f4ng Su\u1ea5t: L\u00ean t\u1edbi 240 x\u00e9t nghi\u1ec7m\/gi\u1edd Nguy\u00ean L\u00fd \u0110o: C\u00e1c h\u1ea1t si\u00eau thu\u1eadn t\u1eeb c\u00f9ng v\u1edbi h\u00f3a ch\u1ea5t \u0111\u01b0\u1ee3c \u0111\u00e1nh d\u1ea5u alkaline phosphatase (ALP) v\u00e0 c\u01a1 ch\u1ea5t AMPPD Qu\u1ea3n L\u00fd M\u1eabu T\u1ea3i M\u1eabu: H\u1ec7 th\u1ed1ng rack c\u00f9ng v\u1edbi m\u00f4 \u0111un chuy\u1ec3n m\u1eabu, l\u00ean t\u1edbi 300 m\u1eabu tr\u00ean [&hellip;]<\/p>","protected":false},"featured_media":2579,"comment_status":"open","ping_status":"closed","template":"","meta":{"footnotes":""},"product_cat":[233],"product_tag":[],"class_list":{"0":"post-2578","1":"product","2":"type-product","3":"status-publish","4":"has-post-thumbnail","6":"product_cat-mien-dich","8":"first","9":"instock","10":"shipping-taxable","11":"product-type-simple"},"yoast_head":"<!-- This site is optimized with the Yoast SEO Premium plugin v22.7 (Yoast SEO v23.8) - https:\/\/yoast.com\/wordpress\/plugins\/seo\/ -->\n<title>CL-2000i - V\u1ea1n Ph\u00fac \u0110\u0103ng<\/title>\n<meta name=\"robots\" content=\"index, follow, max-snippet:-1, max-image-preview:large, max-video-preview:-1\" \/>\n<link rel=\"canonical\" href=\"https:\/\/vanphucdang.com\/en\/cl-2000i\/\" \/>\n<meta property=\"og:locale\" content=\"en_US\" \/>\n<meta property=\"og:type\" content=\"article\" \/>\n<meta property=\"og:title\" content=\"CL-2000i\" \/>\n<meta property=\"og:description\" content=\"\u0110\u1eb7c T\u00ednh K\u1ef9 Thu\u1eadt Th\u00f4ng Tin Chung C\u00f4ng Su\u1ea5t: L\u00ean t\u1edbi 240 x\u00e9t nghi\u1ec7m\/gi\u1edd Nguy\u00ean L\u00fd \u0110o: C\u00e1c h\u1ea1t si\u00eau thu\u1eadn t\u1eeb c\u00f9ng v\u1edbi h\u00f3a ch\u1ea5t \u0111\u01b0\u1ee3c \u0111\u00e1nh d\u1ea5u alkaline phosphatase (ALP) v\u00e0 c\u01a1 ch\u1ea5t AMPPD Qu\u1ea3n L\u00fd M\u1eabu T\u1ea3i M\u1eabu: H\u1ec7 th\u1ed1ng rack c\u00f9ng v\u1edbi m\u00f4 \u0111un chuy\u1ec3n m\u1eabu, l\u00ean t\u1edbi 300 m\u1eabu tr\u00ean [&hellip;]\" \/>\n<meta property=\"og:url\" content=\"https:\/\/vanphucdang.com\/en\/cl-2000i\/\" \/>\n<meta property=\"og:site_name\" content=\"V\u1ea1n Ph\u00fac \u0110\u0103ng\" \/>\n<meta property=\"article:modified_time\" content=\"2024-12-10T08:36:14+00:00\" \/>\n<meta property=\"og:image\" content=\"https:\/\/vanphucdang.com\/wp-content\/uploads\/2024\/11\/CL2000i.png\" \/>\n\t<meta property=\"og:image:width\" content=\"305\" \/>\n\t<meta property=\"og:image:height\" content=\"319\" \/>\n\t<meta property=\"og:image:type\" content=\"image\/png\" \/>\n<meta name=\"twitter:card\" content=\"summary_large_image\" \/>\n<meta name=\"twitter:label1\" content=\"Est. reading time\" \/>\n\t<meta name=\"twitter:data1\" content=\"3 minutes\" \/>\n<script type=\"application\/ld+json\" class=\"yoast-schema-graph\">{\"@context\":\"https:\/\/schema.org\",\"@graph\":[{\"@type\":\"WebPage\",\"@id\":\"https:\/\/vanphucdang.com\/cl-2000i\/\",\"url\":\"https:\/\/vanphucdang.com\/cl-2000i\/\",\"name\":\"CL-2000i - V\u1ea1n Ph\u00fac \u0110\u0103ng\",\"isPartOf\":{\"@id\":\"https:\/\/vanphucdang.com\/#website\"},\"primaryImageOfPage\":{\"@id\":\"https:\/\/vanphucdang.com\/cl-2000i\/#primaryimage\"},\"image\":{\"@id\":\"https:\/\/vanphucdang.com\/cl-2000i\/#primaryimage\"},\"thumbnailUrl\":\"https:\/\/vanphucdang.com\/wp-content\/uploads\/2024\/11\/CL2000i.png\",\"datePublished\":\"2024-11-06T02:08:09+00:00\",\"dateModified\":\"2024-12-10T08:36:14+00:00\",\"breadcrumb\":{\"@id\":\"https:\/\/vanphucdang.com\/cl-2000i\/#breadcrumb\"},\"inLanguage\":\"en-US\",\"potentialAction\":[{\"@type\":\"ReadAction\",\"target\":[\"https:\/\/vanphucdang.com\/cl-2000i\/\"]}]},{\"@type\":\"ImageObject\",\"inLanguage\":\"en-US\",\"@id\":\"https:\/\/vanphucdang.com\/cl-2000i\/#primaryimage\",\"url\":\"https:\/\/vanphucdang.com\/wp-content\/uploads\/2024\/11\/CL2000i.png\",\"contentUrl\":\"https:\/\/vanphucdang.com\/wp-content\/uploads\/2024\/11\/CL2000i.png\",\"width\":305,\"height\":319},{\"@type\":\"BreadcrumbList\",\"@id\":\"https:\/\/vanphucdang.com\/cl-2000i\/#breadcrumb\",\"itemListElement\":[{\"@type\":\"ListItem\",\"position\":1,\"name\":\"Trang ch\u1ee7\",\"item\":\"https:\/\/vanphucdang.com\/\"},{\"@type\":\"ListItem\",\"position\":2,\"name\":\"S\u1ea3n ph\u1ea9m\",\"item\":\"https:\/\/vanphucdang.com\/san-pham\/\"},{\"@type\":\"ListItem\",\"position\":3,\"name\":\"CL-2000i\"}]},{\"@type\":\"WebSite\",\"@id\":\"https:\/\/vanphucdang.com\/#website\",\"url\":\"https:\/\/vanphucdang.com\/\",\"name\":\"V\u1ea1n Ph\u00fac \u0110\u0103ng\",\"description\":\"\",\"publisher\":{\"@id\":\"https:\/\/vanphucdang.com\/#organization\"},\"potentialAction\":[{\"@type\":\"SearchAction\",\"target\":{\"@type\":\"EntryPoint\",\"urlTemplate\":\"https:\/\/vanphucdang.com\/?s={search_term_string}\"},\"query-input\":{\"@type\":\"PropertyValueSpecification\",\"valueRequired\":true,\"valueName\":\"search_term_string\"}}],\"inLanguage\":\"en-US\"},{\"@type\":\"Organization\",\"@id\":\"https:\/\/vanphucdang.com\/#organization\",\"name\":\"V\u1ea1n Ph\u00fac \u0110\u0103ng\",\"url\":\"https:\/\/vanphucdang.com\/\",\"logo\":{\"@type\":\"ImageObject\",\"inLanguage\":\"en-US\",\"@id\":\"https:\/\/vanphucdang.com\/#\/schema\/logo\/image\/\",\"url\":\"https:\/\/vanphucdang.com\/wp-content\/uploads\/2024\/12\/logovpd1.png\",\"contentUrl\":\"https:\/\/vanphucdang.com\/wp-content\/uploads\/2024\/12\/logovpd1.png\",\"width\":234,\"height\":140,\"caption\":\"V\u1ea1n Ph\u00fac \u0110\u0103ng\"},\"image\":{\"@id\":\"https:\/\/vanphucdang.com\/#\/schema\/logo\/image\/\"}}]}<\/script>\n<!-- \/ Yoast SEO Premium plugin. -->","yoast_head_json":{"title":"CL-2000i - V\u1ea1n Ph\u00fac \u0110\u0103ng","robots":{"index":"index","follow":"follow","max-snippet":"max-snippet:-1","max-image-preview":"max-image-preview:large","max-video-preview":"max-video-preview:-1"},"canonical":"https:\/\/vanphucdang.com\/en\/cl-2000i\/","og_locale":"en_US","og_type":"article","og_title":"CL-2000i","og_description":"\u0110\u1eb7c T\u00ednh K\u1ef9 Thu\u1eadt Th\u00f4ng Tin Chung C\u00f4ng Su\u1ea5t: L\u00ean t\u1edbi 240 x\u00e9t nghi\u1ec7m\/gi\u1edd Nguy\u00ean L\u00fd \u0110o: C\u00e1c h\u1ea1t si\u00eau thu\u1eadn t\u1eeb c\u00f9ng v\u1edbi h\u00f3a ch\u1ea5t \u0111\u01b0\u1ee3c \u0111\u00e1nh d\u1ea5u alkaline phosphatase (ALP) v\u00e0 c\u01a1 ch\u1ea5t AMPPD Qu\u1ea3n L\u00fd M\u1eabu T\u1ea3i M\u1eabu: H\u1ec7 th\u1ed1ng rack c\u00f9ng v\u1edbi m\u00f4 \u0111un chuy\u1ec3n m\u1eabu, l\u00ean t\u1edbi 300 m\u1eabu tr\u00ean [&hellip;]","og_url":"https:\/\/vanphucdang.com\/en\/cl-2000i\/","og_site_name":"V\u1ea1n Ph\u00fac \u0110\u0103ng","article_modified_time":"2024-12-10T08:36:14+00:00","og_image":[{"width":305,"height":319,"url":"https:\/\/vanphucdang.com\/wp-content\/uploads\/2024\/11\/CL2000i.png","type":"image\/png"}],"twitter_card":"summary_large_image","twitter_misc":{"Est. reading time":"3 minutes"},"schema":{"@context":"https:\/\/schema.org","@graph":[{"@type":"WebPage","@id":"https:\/\/vanphucdang.com\/cl-2000i\/","url":"https:\/\/vanphucdang.com\/cl-2000i\/","name":"CL-2000i - V\u1ea1n Ph\u00fac \u0110\u0103ng","isPartOf":{"@id":"https:\/\/vanphucdang.com\/#website"},"primaryImageOfPage":{"@id":"https:\/\/vanphucdang.com\/cl-2000i\/#primaryimage"},"image":{"@id":"https:\/\/vanphucdang.com\/cl-2000i\/#primaryimage"},"thumbnailUrl":"https:\/\/vanphucdang.com\/wp-content\/uploads\/2024\/11\/CL2000i.png","datePublished":"2024-11-06T02:08:09+00:00","dateModified":"2024-12-10T08:36:14+00:00","breadcrumb":{"@id":"https:\/\/vanphucdang.com\/cl-2000i\/#breadcrumb"},"inLanguage":"en-US","potentialAction":[{"@type":"ReadAction","target":["https:\/\/vanphucdang.com\/cl-2000i\/"]}]},{"@type":"ImageObject","inLanguage":"en-US","@id":"https:\/\/vanphucdang.com\/cl-2000i\/#primaryimage","url":"https:\/\/vanphucdang.com\/wp-content\/uploads\/2024\/11\/CL2000i.png","contentUrl":"https:\/\/vanphucdang.com\/wp-content\/uploads\/2024\/11\/CL2000i.png","width":305,"height":319},{"@type":"BreadcrumbList","@id":"https:\/\/vanphucdang.com\/cl-2000i\/#breadcrumb","itemListElement":[{"@type":"ListItem","position":1,"name":"Trang ch\u1ee7","item":"https:\/\/vanphucdang.com\/"},{"@type":"ListItem","position":2,"name":"S\u1ea3n ph\u1ea9m","item":"https:\/\/vanphucdang.com\/san-pham\/"},{"@type":"ListItem","position":3,"name":"CL-2000i"}]},{"@type":"WebSite","@id":"https:\/\/vanphucdang.com\/#website","url":"https:\/\/vanphucdang.com\/","name":"V\u1ea1n Ph\u00fac \u0110\u0103ng","description":"","publisher":{"@id":"https:\/\/vanphucdang.com\/#organization"},"potentialAction":[{"@type":"SearchAction","target":{"@type":"EntryPoint","urlTemplate":"https:\/\/vanphucdang.com\/?s={search_term_string}"},"query-input":{"@type":"PropertyValueSpecification","valueRequired":true,"valueName":"search_term_string"}}],"inLanguage":"en-US"},{"@type":"Organization","@id":"https:\/\/vanphucdang.com\/#organization","name":"V\u1ea1n Ph\u00fac \u0110\u0103ng","url":"https:\/\/vanphucdang.com\/","logo":{"@type":"ImageObject","inLanguage":"en-US","@id":"https:\/\/vanphucdang.com\/#\/schema\/logo\/image\/","url":"https:\/\/vanphucdang.com\/wp-content\/uploads\/2024\/12\/logovpd1.png","contentUrl":"https:\/\/vanphucdang.com\/wp-content\/uploads\/2024\/12\/logovpd1.png","width":234,"height":140,"caption":"V\u1ea1n Ph\u00fac \u0110\u0103ng"},"image":{"@id":"https:\/\/vanphucdang.com\/#\/schema\/logo\/image\/"}}]}},"_links":{"self":[{"href":"https:\/\/vanphucdang.com\/en\/wp-json\/wp\/v2\/product\/2578","targetHints":{"allow":["GET"]}}],"collection":[{"href":"https:\/\/vanphucdang.com\/en\/wp-json\/wp\/v2\/product"}],"about":[{"href":"https:\/\/vanphucdang.com\/en\/wp-json\/wp\/v2\/types\/product"}],"replies":[{"embeddable":true,"href":"https:\/\/vanphucdang.com\/en\/wp-json\/wp\/v2\/comments?post=2578"}],"version-history":[{"count":0,"href":"https:\/\/vanphucdang.com\/en\/wp-json\/wp\/v2\/product\/2578\/revisions"}],"wp:featuredmedia":[{"embeddable":true,"href":"https:\/\/vanphucdang.com\/en\/wp-json\/wp\/v2\/media\/2579"}],"wp:attachment":[{"href":"https:\/\/vanphucdang.com\/en\/wp-json\/wp\/v2\/media?parent=2578"}],"wp:term":[{"taxonomy":"product_cat","embeddable":true,"href":"https:\/\/vanphucdang.com\/en\/wp-json\/wp\/v2\/product_cat?post=2578"},{"taxonomy":"product_tag","embeddable":true,"href":"https:\/\/vanphucdang.com\/en\/wp-json\/wp\/v2\/product_tag?post=2578"}],"curies":[{"name":"wp","href":"https:\/\/api.w.org\/{rel}","templated":true}]}}