{"id":2576,"date":"2024-11-06T09:04:39","date_gmt":"2024-11-06T02:04:39","guid":{"rendered":"https:\/\/localhost\/vx2\/?post_type=product&#038;p=2576"},"modified":"2024-12-10T15:37:28","modified_gmt":"2024-12-10T08:37:28","slug":"cl-6000i","status":"publish","type":"product","link":"https:\/\/vanphucdang.com\/en\/cl-6000i\/","title":{"rendered":"CL-6000i"},"content":{"rendered":"<h3>Technical Features<\/h3>\n<h4>General Information<\/h4>\n<ul>\n<li>\n<p><strong>Capacity:<\/strong> Up to 480 tests\/hour<\/p>\n<\/li>\n<li>\n<p><strong>Testing Principle:<\/strong> Chemicals used with alkaline phosphatase (ALP) derivatives and AMPPD substrates<\/p>\n<\/li>\n<\/ul>\n<h4>Model Management<\/h4>\n<ul>\n<li>\n<p><strong>Load Sample:<\/strong> Continuous sample loading and unloading<\/p>\n<\/li>\n<li>\n<p><strong>Sample Capacity:<\/strong> 50 sample tubes<\/p>\n<\/li>\n<li>\n<p><strong>Sample Size:<\/strong> Sample tubes 13\u00d775, 13\u00d7100, 16\u00d7100, 16\u00d7125<\/p>\n<\/li>\n<li>\n<p><strong>Sample Classification:<\/strong> Automatic sample tube sorting<\/p>\n<\/li>\n<li>\n<p><strong>Sample Dilution:<\/strong> Automatic sample dilution 1:2\u20131:30<\/p>\n<\/li>\n<\/ul>\n<h4>Reagent Management<\/h4>\n<ul>\n<li>\n<p><strong>Reagent Tray:<\/strong> 32 reagent positions; continuous reagent loading, no stopping when out of reagent<\/p>\n<\/li>\n<li>\n<p><strong>Reagent Capacity:<\/strong> 32 bottles of reagents<\/p>\n<\/li>\n<li>\n<p><strong>Reagent Bottle Size:<\/strong> 20ml, 50ml, 70ml<\/p>\n<\/li>\n<li>\n<p><strong>Reagent Storage Temperature:<\/strong> 2\u20138\u00b0C<\/p>\n<\/li>\n<li>\n<p><strong>Stirring System:<\/strong> Stir the reagent<\/p>\n<\/li>\n<li>\n<p><strong>Reagent Identification System:<\/strong> Reagent identification by barcode<\/p>\n<\/li>\n<\/ul>\n<h4>Mechanical System<\/h4>\n<ul>\n<li>\n<p><strong>Substrate Loading:<\/strong> 350,000 tests per bottle<\/p>\n<\/li>\n<li>\n<p><strong>Substrate Capacity:<\/strong> Substrate can be continuously replaced during the test<\/p>\n<\/li>\n<li>\n<p><strong>Suction Volume:<\/strong> 200ul<\/p>\n<\/li>\n<\/ul>\n<h4>Magnetic Separator<\/h4>\n<ul>\n<li>\n<p><strong>Separator:<\/strong> Magnetic Separator Through 4 Steps<\/p>\n<\/li>\n<li>\n<p><strong>Storage Temperature:<\/strong> 37.0 \u00b1 0.3\u00b0C<\/p>\n<\/li>\n<\/ul>\n<h4>Optical and Photometric Systems<\/h4>\n<ul>\n<li>\n<p><strong>Detection Method:<\/strong> Electroluminescence<\/p>\n<\/li>\n<li>\n<p><strong>Probe:<\/strong> Photometric measuring head (PMT)<\/p>\n<\/li>\n<li>\n<p><strong>Probe Temperature:<\/strong> PMT optical probe temperature 37.0 \u00b1 0.3\u00b0C<\/p>\n<\/li>\n<li>\n<p><strong>Lamp:<\/strong> LED lighting<\/p>\n<\/li>\n<li>\n<p><strong>Lamp Temperature:<\/strong> Lamp temperature 37.0 \u00b1 3\u00b0C<\/p>\n<\/li>\n<li>\n<p><strong>Sensitivity:<\/strong> High sensitivity, high repeatability<\/p>\n<\/li>\n<li>\n<p><strong>Continuous Loading and Sampling<\/strong><\/p>\n<\/li>\n<\/ul>\n<h4>Size and Weight<\/h4>\n<ul>\n<li>\n<p><strong>Size:<\/strong> 2150mm\u00d71616mm\u00d71300mm (W<em>D<\/em>H)<\/p>\n<\/li>\n<li>\n<p><strong>Weight:<\/strong> 650kg<\/p>\n<\/li>\n<li>\n<p><strong>Height:<\/strong> 400mm\u20134000mm<\/p>\n<\/li>\n<\/ul>","protected":false},"excerpt":{"rendered":"<p>T\u00ednh N\u0103ng K\u1ef9 Thu\u1eadt Th\u00f4ng Tin Chung C\u00f4ng Su\u1ea5t: L\u00ean \u0111\u1ebfn 480 x\u00e9t nghi\u1ec7m\/gi\u1edd Nguy\u00ean L\u00fd X\u00e9t Nghi\u1ec7m: H\u00f3a ch\u1ea5t s\u1eed d\u1ee5ng t\u1eeb v\u1edbi h\u00f3a ch\u1ea5t d\u1eabn xu\u1ea5t alkaline phosphatase (ALP) v\u00e0 c\u01a1 ch\u1ea5t AMPPD Qu\u1ea3n L\u00fd M\u1eabu N\u1ea1p M\u1eabu: N\u1ea1p m\u1eabu v\u00e0o v\u00e0 l\u1ea5y ra li\u00ean t\u1ee5c S\u1ee9c Ch\u1ee9a M\u1eabu: 50 \u1ed1ng m\u1eabu K\u00edch [&hellip;]<\/p>","protected":false},"featured_media":2577,"comment_status":"open","ping_status":"closed","template":"","meta":{"footnotes":""},"product_cat":[233],"product_tag":[],"class_list":{"0":"post-2576","1":"product","2":"type-product","3":"status-publish","4":"has-post-thumbnail","6":"product_cat-mien-dich","8":"first","9":"instock","10":"shipping-taxable","11":"product-type-simple"},"yoast_head":"<!-- This site is optimized with the Yoast SEO Premium plugin v22.7 (Yoast SEO v23.8) - https:\/\/yoast.com\/wordpress\/plugins\/seo\/ -->\n<title>CL-6000i - V\u1ea1n Ph\u00fac \u0110\u0103ng<\/title>\n<meta name=\"robots\" content=\"index, follow, max-snippet:-1, max-image-preview:large, max-video-preview:-1\" \/>\n<link rel=\"canonical\" href=\"https:\/\/vanphucdang.com\/en\/cl-6000i\/\" \/>\n<meta property=\"og:locale\" content=\"en_US\" \/>\n<meta property=\"og:type\" content=\"article\" \/>\n<meta property=\"og:title\" content=\"CL-6000i\" \/>\n<meta property=\"og:description\" content=\"T\u00ednh N\u0103ng K\u1ef9 Thu\u1eadt Th\u00f4ng Tin Chung C\u00f4ng Su\u1ea5t: L\u00ean \u0111\u1ebfn 480 x\u00e9t nghi\u1ec7m\/gi\u1edd Nguy\u00ean L\u00fd X\u00e9t Nghi\u1ec7m: H\u00f3a ch\u1ea5t s\u1eed d\u1ee5ng t\u1eeb v\u1edbi h\u00f3a ch\u1ea5t d\u1eabn xu\u1ea5t alkaline phosphatase (ALP) v\u00e0 c\u01a1 ch\u1ea5t AMPPD Qu\u1ea3n L\u00fd M\u1eabu N\u1ea1p M\u1eabu: N\u1ea1p m\u1eabu v\u00e0o v\u00e0 l\u1ea5y ra li\u00ean t\u1ee5c S\u1ee9c Ch\u1ee9a M\u1eabu: 50 \u1ed1ng m\u1eabu K\u00edch [&hellip;]\" \/>\n<meta property=\"og:url\" content=\"https:\/\/vanphucdang.com\/en\/cl-6000i\/\" \/>\n<meta property=\"og:site_name\" content=\"V\u1ea1n Ph\u00fac \u0110\u0103ng\" \/>\n<meta property=\"article:modified_time\" content=\"2024-12-10T08:37:28+00:00\" \/>\n<meta property=\"og:image\" content=\"https:\/\/vanphucdang.com\/wp-content\/uploads\/2024\/11\/CL6000i.jpg\" \/>\n\t<meta property=\"og:image:width\" content=\"1290\" \/>\n\t<meta property=\"og:image:height\" content=\"725\" \/>\n\t<meta property=\"og:image:type\" content=\"image\/jpeg\" \/>\n<meta name=\"twitter:card\" content=\"summary_large_image\" \/>\n<meta name=\"twitter:label1\" content=\"Est. reading time\" \/>\n\t<meta name=\"twitter:data1\" content=\"2 minutes\" \/>\n<script type=\"application\/ld+json\" class=\"yoast-schema-graph\">{\"@context\":\"https:\/\/schema.org\",\"@graph\":[{\"@type\":\"WebPage\",\"@id\":\"https:\/\/vanphucdang.com\/cl-6000i\/\",\"url\":\"https:\/\/vanphucdang.com\/cl-6000i\/\",\"name\":\"CL-6000i - V\u1ea1n Ph\u00fac \u0110\u0103ng\",\"isPartOf\":{\"@id\":\"https:\/\/vanphucdang.com\/#website\"},\"primaryImageOfPage\":{\"@id\":\"https:\/\/vanphucdang.com\/cl-6000i\/#primaryimage\"},\"image\":{\"@id\":\"https:\/\/vanphucdang.com\/cl-6000i\/#primaryimage\"},\"thumbnailUrl\":\"https:\/\/vanphucdang.com\/wp-content\/uploads\/2024\/11\/CL6000i.jpg\",\"datePublished\":\"2024-11-06T02:04:39+00:00\",\"dateModified\":\"2024-12-10T08:37:28+00:00\",\"breadcrumb\":{\"@id\":\"https:\/\/vanphucdang.com\/cl-6000i\/#breadcrumb\"},\"inLanguage\":\"en-US\",\"potentialAction\":[{\"@type\":\"ReadAction\",\"target\":[\"https:\/\/vanphucdang.com\/cl-6000i\/\"]}]},{\"@type\":\"ImageObject\",\"inLanguage\":\"en-US\",\"@id\":\"https:\/\/vanphucdang.com\/cl-6000i\/#primaryimage\",\"url\":\"https:\/\/vanphucdang.com\/wp-content\/uploads\/2024\/11\/CL6000i.jpg\",\"contentUrl\":\"https:\/\/vanphucdang.com\/wp-content\/uploads\/2024\/11\/CL6000i.jpg\",\"width\":1290,\"height\":725},{\"@type\":\"BreadcrumbList\",\"@id\":\"https:\/\/vanphucdang.com\/cl-6000i\/#breadcrumb\",\"itemListElement\":[{\"@type\":\"ListItem\",\"position\":1,\"name\":\"Trang ch\u1ee7\",\"item\":\"https:\/\/vanphucdang.com\/\"},{\"@type\":\"ListItem\",\"position\":2,\"name\":\"S\u1ea3n ph\u1ea9m\",\"item\":\"https:\/\/vanphucdang.com\/san-pham\/\"},{\"@type\":\"ListItem\",\"position\":3,\"name\":\"CL-6000i\"}]},{\"@type\":\"WebSite\",\"@id\":\"https:\/\/vanphucdang.com\/#website\",\"url\":\"https:\/\/vanphucdang.com\/\",\"name\":\"V\u1ea1n Ph\u00fac \u0110\u0103ng\",\"description\":\"\",\"publisher\":{\"@id\":\"https:\/\/vanphucdang.com\/#organization\"},\"potentialAction\":[{\"@type\":\"SearchAction\",\"target\":{\"@type\":\"EntryPoint\",\"urlTemplate\":\"https:\/\/vanphucdang.com\/?s={search_term_string}\"},\"query-input\":{\"@type\":\"PropertyValueSpecification\",\"valueRequired\":true,\"valueName\":\"search_term_string\"}}],\"inLanguage\":\"en-US\"},{\"@type\":\"Organization\",\"@id\":\"https:\/\/vanphucdang.com\/#organization\",\"name\":\"V\u1ea1n Ph\u00fac \u0110\u0103ng\",\"url\":\"https:\/\/vanphucdang.com\/\",\"logo\":{\"@type\":\"ImageObject\",\"inLanguage\":\"en-US\",\"@id\":\"https:\/\/vanphucdang.com\/#\/schema\/logo\/image\/\",\"url\":\"https:\/\/vanphucdang.com\/wp-content\/uploads\/2024\/12\/logovpd1.png\",\"contentUrl\":\"https:\/\/vanphucdang.com\/wp-content\/uploads\/2024\/12\/logovpd1.png\",\"width\":234,\"height\":140,\"caption\":\"V\u1ea1n Ph\u00fac \u0110\u0103ng\"},\"image\":{\"@id\":\"https:\/\/vanphucdang.com\/#\/schema\/logo\/image\/\"}}]}<\/script>\n<!-- \/ Yoast SEO Premium plugin. -->","yoast_head_json":{"title":"CL-6000i - V\u1ea1n Ph\u00fac \u0110\u0103ng","robots":{"index":"index","follow":"follow","max-snippet":"max-snippet:-1","max-image-preview":"max-image-preview:large","max-video-preview":"max-video-preview:-1"},"canonical":"https:\/\/vanphucdang.com\/en\/cl-6000i\/","og_locale":"en_US","og_type":"article","og_title":"CL-6000i","og_description":"T\u00ednh N\u0103ng K\u1ef9 Thu\u1eadt Th\u00f4ng Tin Chung C\u00f4ng Su\u1ea5t: L\u00ean \u0111\u1ebfn 480 x\u00e9t nghi\u1ec7m\/gi\u1edd Nguy\u00ean L\u00fd X\u00e9t Nghi\u1ec7m: H\u00f3a ch\u1ea5t s\u1eed d\u1ee5ng t\u1eeb v\u1edbi h\u00f3a ch\u1ea5t d\u1eabn xu\u1ea5t alkaline phosphatase (ALP) v\u00e0 c\u01a1 ch\u1ea5t AMPPD Qu\u1ea3n L\u00fd M\u1eabu N\u1ea1p M\u1eabu: N\u1ea1p m\u1eabu v\u00e0o v\u00e0 l\u1ea5y ra li\u00ean t\u1ee5c S\u1ee9c Ch\u1ee9a M\u1eabu: 50 \u1ed1ng m\u1eabu K\u00edch [&hellip;]","og_url":"https:\/\/vanphucdang.com\/en\/cl-6000i\/","og_site_name":"V\u1ea1n Ph\u00fac \u0110\u0103ng","article_modified_time":"2024-12-10T08:37:28+00:00","og_image":[{"width":1290,"height":725,"url":"https:\/\/vanphucdang.com\/wp-content\/uploads\/2024\/11\/CL6000i.jpg","type":"image\/jpeg"}],"twitter_card":"summary_large_image","twitter_misc":{"Est. reading time":"2 minutes"},"schema":{"@context":"https:\/\/schema.org","@graph":[{"@type":"WebPage","@id":"https:\/\/vanphucdang.com\/cl-6000i\/","url":"https:\/\/vanphucdang.com\/cl-6000i\/","name":"CL-6000i - V\u1ea1n Ph\u00fac \u0110\u0103ng","isPartOf":{"@id":"https:\/\/vanphucdang.com\/#website"},"primaryImageOfPage":{"@id":"https:\/\/vanphucdang.com\/cl-6000i\/#primaryimage"},"image":{"@id":"https:\/\/vanphucdang.com\/cl-6000i\/#primaryimage"},"thumbnailUrl":"https:\/\/vanphucdang.com\/wp-content\/uploads\/2024\/11\/CL6000i.jpg","datePublished":"2024-11-06T02:04:39+00:00","dateModified":"2024-12-10T08:37:28+00:00","breadcrumb":{"@id":"https:\/\/vanphucdang.com\/cl-6000i\/#breadcrumb"},"inLanguage":"en-US","potentialAction":[{"@type":"ReadAction","target":["https:\/\/vanphucdang.com\/cl-6000i\/"]}]},{"@type":"ImageObject","inLanguage":"en-US","@id":"https:\/\/vanphucdang.com\/cl-6000i\/#primaryimage","url":"https:\/\/vanphucdang.com\/wp-content\/uploads\/2024\/11\/CL6000i.jpg","contentUrl":"https:\/\/vanphucdang.com\/wp-content\/uploads\/2024\/11\/CL6000i.jpg","width":1290,"height":725},{"@type":"BreadcrumbList","@id":"https:\/\/vanphucdang.com\/cl-6000i\/#breadcrumb","itemListElement":[{"@type":"ListItem","position":1,"name":"Trang ch\u1ee7","item":"https:\/\/vanphucdang.com\/"},{"@type":"ListItem","position":2,"name":"S\u1ea3n ph\u1ea9m","item":"https:\/\/vanphucdang.com\/san-pham\/"},{"@type":"ListItem","position":3,"name":"CL-6000i"}]},{"@type":"WebSite","@id":"https:\/\/vanphucdang.com\/#website","url":"https:\/\/vanphucdang.com\/","name":"V\u1ea1n Ph\u00fac \u0110\u0103ng","description":"","publisher":{"@id":"https:\/\/vanphucdang.com\/#organization"},"potentialAction":[{"@type":"SearchAction","target":{"@type":"EntryPoint","urlTemplate":"https:\/\/vanphucdang.com\/?s={search_term_string}"},"query-input":{"@type":"PropertyValueSpecification","valueRequired":true,"valueName":"search_term_string"}}],"inLanguage":"en-US"},{"@type":"Organization","@id":"https:\/\/vanphucdang.com\/#organization","name":"V\u1ea1n Ph\u00fac \u0110\u0103ng","url":"https:\/\/vanphucdang.com\/","logo":{"@type":"ImageObject","inLanguage":"en-US","@id":"https:\/\/vanphucdang.com\/#\/schema\/logo\/image\/","url":"https:\/\/vanphucdang.com\/wp-content\/uploads\/2024\/12\/logovpd1.png","contentUrl":"https:\/\/vanphucdang.com\/wp-content\/uploads\/2024\/12\/logovpd1.png","width":234,"height":140,"caption":"V\u1ea1n Ph\u00fac \u0110\u0103ng"},"image":{"@id":"https:\/\/vanphucdang.com\/#\/schema\/logo\/image\/"}}]}},"_links":{"self":[{"href":"https:\/\/vanphucdang.com\/en\/wp-json\/wp\/v2\/product\/2576","targetHints":{"allow":["GET"]}}],"collection":[{"href":"https:\/\/vanphucdang.com\/en\/wp-json\/wp\/v2\/product"}],"about":[{"href":"https:\/\/vanphucdang.com\/en\/wp-json\/wp\/v2\/types\/product"}],"replies":[{"embeddable":true,"href":"https:\/\/vanphucdang.com\/en\/wp-json\/wp\/v2\/comments?post=2576"}],"version-history":[{"count":0,"href":"https:\/\/vanphucdang.com\/en\/wp-json\/wp\/v2\/product\/2576\/revisions"}],"wp:featuredmedia":[{"embeddable":true,"href":"https:\/\/vanphucdang.com\/en\/wp-json\/wp\/v2\/media\/2577"}],"wp:attachment":[{"href":"https:\/\/vanphucdang.com\/en\/wp-json\/wp\/v2\/media?parent=2576"}],"wp:term":[{"taxonomy":"product_cat","embeddable":true,"href":"https:\/\/vanphucdang.com\/en\/wp-json\/wp\/v2\/product_cat?post=2576"},{"taxonomy":"product_tag","embeddable":true,"href":"https:\/\/vanphucdang.com\/en\/wp-json\/wp\/v2\/product_tag?post=2576"}],"curies":[{"name":"wp","href":"https:\/\/api.w.org\/{rel}","templated":true}]}}