{"id":2574,"date":"2024-11-06T09:02:00","date_gmt":"2024-11-06T02:02:00","guid":{"rendered":"https:\/\/localhost\/vx2\/?post_type=product&#038;p=2574"},"modified":"2025-06-04T08:56:35","modified_gmt":"2025-06-04T01:56:35","slug":"cl-900i","status":"publish","type":"product","link":"https:\/\/vanphucdang.com\/en\/cl-900i\/","title":{"rendered":"CL-900i Immunoassay Analyzer"},"content":{"rendered":"<h3><span style=\"font-size: 20px;\">Test list<\/span><\/h3>\n<table style=\"height: 666px; width: 100%; border-collapse: collapse; border-color: #000000;\">\n<tbody>\n<tr style=\"height: 666px;\">\n<td style=\"width: 21.8708%; height: 666px;\">\n<h4>Thyroid<\/h4>\n<ul>\n<li>\n<p>FT3<\/p>\n<\/li>\n<li>\n<p>FT4<\/p>\n<\/li>\n<li>\n<p>T3<\/p>\n<\/li>\n<li>\n<p>T4<\/p>\n<\/li>\n<li>\n<p>Anti-Tg<\/p>\n<\/li>\n<li>\n<p>Anti-TPO<\/p>\n<\/li>\n<li>\n<p>Tg<\/p>\n<\/li>\n<li>\n<p>sT3<\/p>\n<\/li>\n<li>\n<p>TRAB*<\/p>\n<\/li>\n<\/ul>\n<h4>Bone<\/h4>\n<ul>\n<li>\n<p>Metabolic<\/p>\n<\/li>\n<li>\n<p>Intact PTH<\/p>\n<\/li>\n<li>\n<p>Calcitonin<\/p>\n<\/li>\n<li>\n<p>Total Vitamin D<\/p>\n<\/li>\n<\/ul>\n<\/td>\n<td style=\"width: 27.4353%; height: 666px;\">\n<h4>Infectious disease<\/h4>\n<ul>\n<li>FT3<\/li>\n<li>HBsAg<\/li>\n<li>Anti-HBs<\/li>\n<li>HBeAg<\/li>\n<li>Anti-HBe<\/li>\n<li>Anti-HBc<\/li>\n<li>\n<p>Anti-HCV<\/p>\n<\/li>\n<li>\n<p>HCV Ag<\/p>\n<\/li>\n<li>\n<p>Anti-HIV<\/p>\n<\/li>\n<li>\n<p>IgM*<\/p>\n<\/li>\n<\/ul>\n<h4>Cardiovascular<\/h4>\n<ul>\n<li>\n<p>CK-MB<\/p>\n<\/li>\n<li>\n<p>Myoglobin<\/p>\n<\/li>\n<li>\n<p>Troponin I<\/p>\n<\/li>\n<li>\n<p>BNP<\/p>\n<\/li>\n<\/ul>\n<\/td>\n<td style=\"width: 20.7305%; height: 666px;\">\n<h4>Reproduction<\/h4>\n<ul>\n<li>\n<p>Total \u03b2-hCG<\/p>\n<\/li>\n<li>\n<p>FSH<\/p>\n<\/li>\n<li>\n<p>Contact<\/p>\n<\/li>\n<li>\n<p>Prolactin<\/p>\n<\/li>\n<li>\n<p>E2<\/p>\n<\/li>\n<li>\n<p>TESTO<\/p>\n<\/li>\n<li>\n<p>PROG<\/p>\n<\/li>\n<li>\n<p>Free Testosterone*<\/p>\n<\/li>\n<li>\n<p>17-OH PROG*<\/p>\n<\/li>\n<li>\n<p>SHBG*<\/p>\n<\/li>\n<li>\n<p>AMH*<\/p>\n<\/li>\n<\/ul>\n<h4>Diabetes<\/h4>\n<ul>\n<li>\n<p>Insulin<\/p>\n<\/li>\n<li>\n<p>C-peptide<\/p>\n<\/li>\n<\/ul>\n<\/td>\n<td style=\"width: 127.757%; height: 666px;\">\n<h4>Cancer markers<\/h4>\n<ul>\n<li>\n<p>AFP<\/p>\n<\/li>\n<li>\n<p>CA125<\/p>\n<\/li>\n<li>\n<p>CA15-3<\/p>\n<\/li>\n<li>\n<p>CA19-9<\/p>\n<\/li>\n<li>\n<p>TPSA<\/p>\n<\/li>\n<li>\n<p>NSE<\/p>\n<\/li>\n<li>\n<p>CYFRA 21-1<\/p>\n<\/li>\n<li>\n<p>CEA<\/p>\n<\/li>\n<li>\n<p>PG I<\/p>\n<\/li>\n<li>\n<p>PG II<\/p>\n<\/li>\n<li>\n<p>SCC<\/p>\n<\/li>\n<li>\n<p>HE4<\/p>\n<\/li>\n<li>\n<p>ProGRP<\/p>\n<\/li>\n<li>\n<p>CA50<\/p>\n<\/li>\n<li>\n<p>CA242<\/p>\n<\/li>\n<\/ul>\n<\/td>\n<\/tr>\n<tr>\n<td style=\"width: 21.8708%;\">\n<h4>Adrenal function<\/h4>\n<ul>\n<li>\n<p>DHEA-S<\/p>\n<\/li>\n<li>\n<p>Cortisol<\/p>\n<\/li>\n<li>\n<p>ACTH<\/p>\n<\/li>\n<\/ul>\n<h4>Hypertension<\/h4>\n<ul>\n<li>\n<p>Angiotensin I<\/p>\n<\/li>\n<li>\n<p>Angiotensin II*<\/p>\n<\/li>\n<li>\n<p>Renin<\/p>\n<\/li>\n<li>\n<p>Aldosterone<\/p>\n<\/li>\n<\/ul>\n<h4>Prenatal diagnosis<\/h4>\n<ul>\n<li>\n<p>PAPP-A<\/p>\n<\/li>\n<li>\n<p>Free \u03b2-hCG*<\/p>\n<\/li>\n<\/ul>\n<\/td>\n<td style=\"width: 27.4353%;\">\n<h4>Cirrhosis<\/h4>\n<ul>\n<li>\n<p>LN<\/p>\n<\/li>\n<li>\n<p>HA<\/p>\n<\/li>\n<li>\n<p>PIIINP<\/p>\n<\/li>\n<li>\n<p>CIV<\/p>\n<\/li>\n<\/ul>\n<h4>Growth hormone<\/h4>\n<ul>\n<li>\n<p>NGF*<\/p>\n<\/li>\n<li>\n<p>IGF-1*<\/p>\n<\/li>\n<\/ul>\n<\/td>\n<td style=\"width: 20.7305%;\">\n<h4>Torch<\/h4>\n<ul>\n<li>\n<p>Toxo IgG<\/p>\n<\/li>\n<li>\n<p>Toxo IgM<\/p>\n<\/li>\n<li>\n<p>Rubella IgG<\/p>\n<\/li>\n<li>\n<p>Rubella IgM<\/p>\n<\/li>\n<li>\n<p>CMV IgG<\/p>\n<\/li>\n<li>\n<p>CMV IgM<\/p>\n<\/li>\n<li>\n<p>HSV-1\/2 IgG*<\/p>\n<\/li>\n<li>\n<p>HSV-1\/2 IgM*<\/p>\n<\/li>\n<li>\n<p>HSV-1 IgG*<\/p>\n<\/li>\n<li>\n<p>HSV-2 IgG*<\/p>\n<\/li>\n<\/ul>\n<\/td>\n<td style=\"width: 127.757%;\">\n<h4>Anemia<\/h4>\n<ul>\n<li>\n<p>Ferritin<\/p>\n<\/li>\n<li>\n<p>Vitamin B12<\/p>\n<\/li>\n<li>\n<p>Folate<\/p>\n<\/li>\n<li>\n<p>RBC Folate<\/p>\n<\/li>\n<\/ul>\n<h4>Diagnosis of infection<\/h4>\n<ul>\n<li>\n<p>PCT<\/p>\n<\/li>\n<\/ul>\n<\/td>\n<\/tr>\n<\/tbody>\n<\/table>\n<p>&nbsp;<\/p>\n<h3><span style=\"font-size: 20px;\">Specifications<\/span><\/h3>\n<h4>General information<\/h4>\n<ul>\n<li>\n<p>Capacity: Up to 180 tests\/hour<\/p>\n<\/li>\n<li>\n<p>User: Should increase the number of tests for more efficient work marked ALP and AMPPD conductor<\/p>\n<\/li>\n<\/ul>\n<h4>Sample measurement<\/h4>\n<ul>\n<li>\n<p>Sample pump: Continuously feed and remove samples<\/p>\n<\/li>\n<li>\n<p>Sample loading position: 50<\/p>\n<\/li>\n<li>\n<p>Sample probe: Needle, touches the liquid surface, force sensor<\/p>\n<\/li>\n<li>\n<p>Sample volume: 20\u2013100ul, 1 ul available<\/p>\n<\/li>\n<li>\n<p>Sample dilution: Automatic dilution 1:2\u20131:40<\/p>\n<\/li>\n<\/ul>\n<h4>Chemical tray<\/h4>\n<ul>\n<li>\n<p>Chemical tray: 15 positions, continuous loading, support and self-calculating expansion<\/p>\n<\/li>\n<li>\n<p>Temperature: 2\u20138\u00b0C<\/p>\n<\/li>\n<li>\n<p>Cooling system: 50 tests\/hour, 100 tests\/hour<\/p>\n<\/li>\n<li>\n<p>Chemical needle: Needle, touches the liquid surface, force sensor<\/p>\n<\/li>\n<li>\n<p>Process: Suitable for external disease specimens<\/p>\n<\/li>\n<li>\n<p>Chemical needle: Chemical needle<\/p>\n<\/li>\n<\/ul>\n<h4>Solid system<\/h4>\n<ul>\n<li>\n<p>Solids filtration: 300\/350 tests\/hour, wire temperature<\/p>\n<\/li>\n<li>\n<p>Solid Container: Refillable, no testing required<\/p>\n<\/li>\n<\/ul>\n<h4>Magnetic Separator<\/h4>\n<ul>\n<li>\n<p>Magnetic Separator: 3 Phase Magnetic Separator<\/p>\n<\/li>\n<li>\n<p>Temperature: Temperature adjustment 37\u00b10.3\u00b0C<\/p>\n<\/li>\n<\/ul>\n<h3>Measurement and Response System<\/h3>\n<ul>\n<li>\n<p><strong>Sensor mode:<\/strong> Quantum counting (photons)<\/p>\n<\/li>\n<li>\n<p><strong>Signal sensor:<\/strong> Photomultiplier tube<\/p>\n<\/li>\n<li>\n<p><strong>PMT Calibration:<\/strong> LED reference module<\/p>\n<\/li>\n<li>\n<p><strong>Incubation location:<\/strong> 82<\/p>\n<\/li>\n<li>\n<p><strong>Temperature:<\/strong> Accuracy: \u00b10.3 \u00b0C<\/p>\n<\/li>\n<li>\n<p><strong>Stirring part:<\/strong> Non-contact static shaking<\/p>\n<\/li>\n<\/ul>\n<h3>Cuvette Loading and Waste Collection<\/h3>\n<ul>\n<li>\n<p><strong>Cuvette:<\/strong> Disposable plastic cuvette<\/p>\n<\/li>\n<li>\n<p><strong>Load cuvette:<\/strong> 88 cuvettes\/tray, 2 trays can be loaded at the same time, continuous loading and unloading<\/p>\n<\/li>\n<li>\n<p><strong>Waste collection:<\/strong> Waste box, 200 cuvettes\/box<\/p>\n<\/li>\n<\/ul>\n<h3>Working Conditions<\/h3>\n<ul>\n<li>\n<p><strong>Power supply:<\/strong> 100-240V~50\/60Hz<\/p>\n<\/li>\n<li>\n<p><strong>Input power:<\/strong> 500VA<\/p>\n<\/li>\n<li>\n<p><strong>Working temperature:<\/strong> 15-30 \u00b0C<\/p>\n<\/li>\n<li>\n<p><strong>Relative humidity:<\/strong> 35%RH~85%RH, non-condensing<\/p>\n<\/li>\n<li>\n<p><strong>Size:<\/strong> 860mm<em>740mm<\/em>560mm (LxWxH)<\/p>\n<\/li>\n<li>\n<p><strong>Weight:<\/strong> 132kg<\/p>\n<\/li>\n<li>\n<p><strong>Altitude above sea level:<\/strong><\/p>\n<\/li>\n<\/ul>","protected":false},"excerpt":{"rendered":"<p data-start=\"143\" data-end=\"400\"><strong data-start=\"143\" data-end=\"198\">CL-900i Chemiluminescent Immunoassay Analyzer<\/strong> is a fully automated device, suitable for small and medium laboratories. With the ability to process up to 180 tests per hour in a compact design, the machine offers high performance and saves space.<\/p>\n<p data-start=\"402\" data-end=\"754\">The instrument uses the principle of enhanced chemical fluorescence, ensuring high accuracy and sensitivity. The instrument has 50 sample positions and 15 reagent positions, supporting continuous loading, helping to optimize the workflow. The magnetic separation technology and modern needle washing system help to minimize cross-contamination, while the solid-liquid waste separation system is environmentally friendly.<\/p>\n<p data-start=\"756\" data-end=\"976\">The software interface is intuitive, easy to use, and supports real-time tracking of consumables. The machine also supports a rich test catalog with more than 75 types such as: endocrine, thyroid, cardiovascular, cancer, infection, etc.<\/p>","protected":false},"featured_media":2575,"comment_status":"open","ping_status":"closed","template":"","meta":{"footnotes":""},"product_cat":[233,234],"product_tag":[],"class_list":{"0":"post-2574","1":"product","2":"type-product","3":"status-publish","4":"has-post-thumbnail","6":"product_cat-mien-dich","7":"product_cat-san-pham-noi-bat","9":"first","10":"instock","11":"shipping-taxable","12":"product-type-simple"},"yoast_head":"<!-- This site is optimized with the Yoast SEO Premium plugin v22.7 (Yoast SEO v23.8) - https:\/\/yoast.com\/wordpress\/plugins\/seo\/ -->\n<title>M\u00e1y ph\u00e2n t\u00edch mi\u1ec5n d\u1ecbch CL-900i - V\u1ea1n Ph\u00fac \u0110\u0103ng<\/title>\n<meta name=\"description\" content=\"L\u00e0 m\u1ed9t trong nh\u1eefng m\u00e1y ph\u00e2n t\u00edch mi\u1ec5n d\u1ecbch ph\u00e1t quang h\u00f3a h\u1ecdc ho\u00e0n to\u00e0n t\u1ef1 \u0111\u1ed9ng nh\u1ecf nh\u1ea5t th\u1ebf gi\u1edbi, CL-900i t\u00edch h\u1ee3p c\u00f4ng su\u1ea5t l\u1edbn.\" \/>\n<meta name=\"robots\" content=\"index, follow, max-snippet:-1, max-image-preview:large, max-video-preview:-1\" \/>\n<link rel=\"canonical\" href=\"https:\/\/vanphucdang.com\/en\/cl-900i\/\" \/>\n<meta property=\"og:locale\" content=\"en_US\" \/>\n<meta property=\"og:type\" content=\"article\" \/>\n<meta property=\"og:title\" content=\"M\u00e1y ph\u00e2n t\u00edch mi\u1ec5n d\u1ecbch CL-900i\" \/>\n<meta property=\"og:description\" content=\"L\u00e0 m\u1ed9t trong nh\u1eefng m\u00e1y ph\u00e2n t\u00edch mi\u1ec5n d\u1ecbch ph\u00e1t quang h\u00f3a h\u1ecdc ho\u00e0n to\u00e0n t\u1ef1 \u0111\u1ed9ng nh\u1ecf nh\u1ea5t th\u1ebf gi\u1edbi, CL-900i t\u00edch h\u1ee3p c\u00f4ng su\u1ea5t l\u1edbn.\" \/>\n<meta property=\"og:url\" content=\"https:\/\/vanphucdang.com\/en\/cl-900i\/\" \/>\n<meta property=\"og:site_name\" content=\"V\u1ea1n Ph\u00fac \u0110\u0103ng\" \/>\n<meta property=\"article:modified_time\" content=\"2025-06-04T01:56:35+00:00\" \/>\n<meta property=\"og:image\" content=\"https:\/\/vanphucdang.com\/wp-content\/uploads\/2024\/11\/CL900I.jpg\" \/>\n\t<meta property=\"og:image:width\" content=\"960\" \/>\n\t<meta property=\"og:image:height\" content=\"720\" \/>\n\t<meta property=\"og:image:type\" content=\"image\/jpeg\" \/>\n<meta name=\"twitter:card\" content=\"summary_large_image\" \/>\n<meta name=\"twitter:label1\" content=\"Est. reading time\" \/>\n\t<meta name=\"twitter:data1\" content=\"3 minutes\" \/>\n<script type=\"application\/ld+json\" class=\"yoast-schema-graph\">{\"@context\":\"https:\/\/schema.org\",\"@graph\":[{\"@type\":\"WebPage\",\"@id\":\"https:\/\/vanphucdang.com\/cl-900i\/\",\"url\":\"https:\/\/vanphucdang.com\/cl-900i\/\",\"name\":\"M\u00e1y ph\u00e2n t\u00edch mi\u1ec5n d\u1ecbch CL-900i - V\u1ea1n Ph\u00fac \u0110\u0103ng\",\"isPartOf\":{\"@id\":\"https:\/\/vanphucdang.com\/#website\"},\"primaryImageOfPage\":{\"@id\":\"https:\/\/vanphucdang.com\/cl-900i\/#primaryimage\"},\"image\":{\"@id\":\"https:\/\/vanphucdang.com\/cl-900i\/#primaryimage\"},\"thumbnailUrl\":\"https:\/\/vanphucdang.com\/wp-content\/uploads\/2024\/11\/CL900I.jpg\",\"datePublished\":\"2024-11-06T02:02:00+00:00\",\"dateModified\":\"2025-06-04T01:56:35+00:00\",\"description\":\"L\u00e0 m\u1ed9t trong nh\u1eefng m\u00e1y ph\u00e2n t\u00edch mi\u1ec5n d\u1ecbch ph\u00e1t quang h\u00f3a h\u1ecdc ho\u00e0n to\u00e0n t\u1ef1 \u0111\u1ed9ng nh\u1ecf nh\u1ea5t th\u1ebf gi\u1edbi, CL-900i t\u00edch h\u1ee3p c\u00f4ng su\u1ea5t l\u1edbn.\",\"breadcrumb\":{\"@id\":\"https:\/\/vanphucdang.com\/cl-900i\/#breadcrumb\"},\"inLanguage\":\"en-US\",\"potentialAction\":[{\"@type\":\"ReadAction\",\"target\":[\"https:\/\/vanphucdang.com\/cl-900i\/\"]}]},{\"@type\":\"ImageObject\",\"inLanguage\":\"en-US\",\"@id\":\"https:\/\/vanphucdang.com\/cl-900i\/#primaryimage\",\"url\":\"https:\/\/vanphucdang.com\/wp-content\/uploads\/2024\/11\/CL900I.jpg\",\"contentUrl\":\"https:\/\/vanphucdang.com\/wp-content\/uploads\/2024\/11\/CL900I.jpg\",\"width\":960,\"height\":720},{\"@type\":\"BreadcrumbList\",\"@id\":\"https:\/\/vanphucdang.com\/cl-900i\/#breadcrumb\",\"itemListElement\":[{\"@type\":\"ListItem\",\"position\":1,\"name\":\"Trang ch\u1ee7\",\"item\":\"https:\/\/vanphucdang.com\/\"},{\"@type\":\"ListItem\",\"position\":2,\"name\":\"S\u1ea3n ph\u1ea9m\",\"item\":\"https:\/\/vanphucdang.com\/san-pham\/\"},{\"@type\":\"ListItem\",\"position\":3,\"name\":\"M\u00e1y ph\u00e2n t\u00edch mi\u1ec5n d\u1ecbch CL-900i\"}]},{\"@type\":\"WebSite\",\"@id\":\"https:\/\/vanphucdang.com\/#website\",\"url\":\"https:\/\/vanphucdang.com\/\",\"name\":\"V\u1ea1n Ph\u00fac \u0110\u0103ng\",\"description\":\"\",\"publisher\":{\"@id\":\"https:\/\/vanphucdang.com\/#organization\"},\"potentialAction\":[{\"@type\":\"SearchAction\",\"target\":{\"@type\":\"EntryPoint\",\"urlTemplate\":\"https:\/\/vanphucdang.com\/?s={search_term_string}\"},\"query-input\":{\"@type\":\"PropertyValueSpecification\",\"valueRequired\":true,\"valueName\":\"search_term_string\"}}],\"inLanguage\":\"en-US\"},{\"@type\":\"Organization\",\"@id\":\"https:\/\/vanphucdang.com\/#organization\",\"name\":\"V\u1ea1n Ph\u00fac \u0110\u0103ng\",\"url\":\"https:\/\/vanphucdang.com\/\",\"logo\":{\"@type\":\"ImageObject\",\"inLanguage\":\"en-US\",\"@id\":\"https:\/\/vanphucdang.com\/#\/schema\/logo\/image\/\",\"url\":\"https:\/\/vanphucdang.com\/wp-content\/uploads\/2024\/12\/logovpd1.png\",\"contentUrl\":\"https:\/\/vanphucdang.com\/wp-content\/uploads\/2024\/12\/logovpd1.png\",\"width\":234,\"height\":140,\"caption\":\"V\u1ea1n Ph\u00fac \u0110\u0103ng\"},\"image\":{\"@id\":\"https:\/\/vanphucdang.com\/#\/schema\/logo\/image\/\"}}]}<\/script>\n<!-- \/ Yoast SEO Premium plugin. -->","yoast_head_json":{"title":"M\u00e1y ph\u00e2n t\u00edch mi\u1ec5n d\u1ecbch CL-900i - V\u1ea1n Ph\u00fac \u0110\u0103ng","description":"L\u00e0 m\u1ed9t trong nh\u1eefng m\u00e1y ph\u00e2n t\u00edch mi\u1ec5n d\u1ecbch ph\u00e1t quang h\u00f3a h\u1ecdc ho\u00e0n to\u00e0n t\u1ef1 \u0111\u1ed9ng nh\u1ecf nh\u1ea5t th\u1ebf gi\u1edbi, CL-900i t\u00edch h\u1ee3p c\u00f4ng su\u1ea5t l\u1edbn.","robots":{"index":"index","follow":"follow","max-snippet":"max-snippet:-1","max-image-preview":"max-image-preview:large","max-video-preview":"max-video-preview:-1"},"canonical":"https:\/\/vanphucdang.com\/en\/cl-900i\/","og_locale":"en_US","og_type":"article","og_title":"M\u00e1y ph\u00e2n t\u00edch mi\u1ec5n d\u1ecbch CL-900i","og_description":"L\u00e0 m\u1ed9t trong nh\u1eefng m\u00e1y ph\u00e2n t\u00edch mi\u1ec5n d\u1ecbch ph\u00e1t quang h\u00f3a h\u1ecdc ho\u00e0n to\u00e0n t\u1ef1 \u0111\u1ed9ng nh\u1ecf nh\u1ea5t th\u1ebf gi\u1edbi, CL-900i t\u00edch h\u1ee3p c\u00f4ng su\u1ea5t l\u1edbn.","og_url":"https:\/\/vanphucdang.com\/en\/cl-900i\/","og_site_name":"V\u1ea1n Ph\u00fac \u0110\u0103ng","article_modified_time":"2025-06-04T01:56:35+00:00","og_image":[{"width":960,"height":720,"url":"https:\/\/vanphucdang.com\/wp-content\/uploads\/2024\/11\/CL900I.jpg","type":"image\/jpeg"}],"twitter_card":"summary_large_image","twitter_misc":{"Est. reading time":"3 minutes"},"schema":{"@context":"https:\/\/schema.org","@graph":[{"@type":"WebPage","@id":"https:\/\/vanphucdang.com\/cl-900i\/","url":"https:\/\/vanphucdang.com\/cl-900i\/","name":"M\u00e1y ph\u00e2n t\u00edch mi\u1ec5n d\u1ecbch CL-900i - V\u1ea1n Ph\u00fac \u0110\u0103ng","isPartOf":{"@id":"https:\/\/vanphucdang.com\/#website"},"primaryImageOfPage":{"@id":"https:\/\/vanphucdang.com\/cl-900i\/#primaryimage"},"image":{"@id":"https:\/\/vanphucdang.com\/cl-900i\/#primaryimage"},"thumbnailUrl":"https:\/\/vanphucdang.com\/wp-content\/uploads\/2024\/11\/CL900I.jpg","datePublished":"2024-11-06T02:02:00+00:00","dateModified":"2025-06-04T01:56:35+00:00","description":"L\u00e0 m\u1ed9t trong nh\u1eefng m\u00e1y ph\u00e2n t\u00edch mi\u1ec5n d\u1ecbch ph\u00e1t quang h\u00f3a h\u1ecdc ho\u00e0n to\u00e0n t\u1ef1 \u0111\u1ed9ng nh\u1ecf nh\u1ea5t th\u1ebf gi\u1edbi, CL-900i t\u00edch h\u1ee3p c\u00f4ng su\u1ea5t l\u1edbn.","breadcrumb":{"@id":"https:\/\/vanphucdang.com\/cl-900i\/#breadcrumb"},"inLanguage":"en-US","potentialAction":[{"@type":"ReadAction","target":["https:\/\/vanphucdang.com\/cl-900i\/"]}]},{"@type":"ImageObject","inLanguage":"en-US","@id":"https:\/\/vanphucdang.com\/cl-900i\/#primaryimage","url":"https:\/\/vanphucdang.com\/wp-content\/uploads\/2024\/11\/CL900I.jpg","contentUrl":"https:\/\/vanphucdang.com\/wp-content\/uploads\/2024\/11\/CL900I.jpg","width":960,"height":720},{"@type":"BreadcrumbList","@id":"https:\/\/vanphucdang.com\/cl-900i\/#breadcrumb","itemListElement":[{"@type":"ListItem","position":1,"name":"Trang ch\u1ee7","item":"https:\/\/vanphucdang.com\/"},{"@type":"ListItem","position":2,"name":"S\u1ea3n ph\u1ea9m","item":"https:\/\/vanphucdang.com\/san-pham\/"},{"@type":"ListItem","position":3,"name":"M\u00e1y ph\u00e2n t\u00edch mi\u1ec5n d\u1ecbch CL-900i"}]},{"@type":"WebSite","@id":"https:\/\/vanphucdang.com\/#website","url":"https:\/\/vanphucdang.com\/","name":"V\u1ea1n Ph\u00fac \u0110\u0103ng","description":"","publisher":{"@id":"https:\/\/vanphucdang.com\/#organization"},"potentialAction":[{"@type":"SearchAction","target":{"@type":"EntryPoint","urlTemplate":"https:\/\/vanphucdang.com\/?s={search_term_string}"},"query-input":{"@type":"PropertyValueSpecification","valueRequired":true,"valueName":"search_term_string"}}],"inLanguage":"en-US"},{"@type":"Organization","@id":"https:\/\/vanphucdang.com\/#organization","name":"V\u1ea1n Ph\u00fac \u0110\u0103ng","url":"https:\/\/vanphucdang.com\/","logo":{"@type":"ImageObject","inLanguage":"en-US","@id":"https:\/\/vanphucdang.com\/#\/schema\/logo\/image\/","url":"https:\/\/vanphucdang.com\/wp-content\/uploads\/2024\/12\/logovpd1.png","contentUrl":"https:\/\/vanphucdang.com\/wp-content\/uploads\/2024\/12\/logovpd1.png","width":234,"height":140,"caption":"V\u1ea1n Ph\u00fac \u0110\u0103ng"},"image":{"@id":"https:\/\/vanphucdang.com\/#\/schema\/logo\/image\/"}}]}},"_links":{"self":[{"href":"https:\/\/vanphucdang.com\/en\/wp-json\/wp\/v2\/product\/2574","targetHints":{"allow":["GET"]}}],"collection":[{"href":"https:\/\/vanphucdang.com\/en\/wp-json\/wp\/v2\/product"}],"about":[{"href":"https:\/\/vanphucdang.com\/en\/wp-json\/wp\/v2\/types\/product"}],"replies":[{"embeddable":true,"href":"https:\/\/vanphucdang.com\/en\/wp-json\/wp\/v2\/comments?post=2574"}],"version-history":[{"count":0,"href":"https:\/\/vanphucdang.com\/en\/wp-json\/wp\/v2\/product\/2574\/revisions"}],"wp:featuredmedia":[{"embeddable":true,"href":"https:\/\/vanphucdang.com\/en\/wp-json\/wp\/v2\/media\/2575"}],"wp:attachment":[{"href":"https:\/\/vanphucdang.com\/en\/wp-json\/wp\/v2\/media?parent=2574"}],"wp:term":[{"taxonomy":"product_cat","embeddable":true,"href":"https:\/\/vanphucdang.com\/en\/wp-json\/wp\/v2\/product_cat?post=2574"},{"taxonomy":"product_tag","embeddable":true,"href":"https:\/\/vanphucdang.com\/en\/wp-json\/wp\/v2\/product_tag?post=2574"}],"curies":[{"name":"wp","href":"https:\/\/api.w.org\/{rel}","templated":true}]}}