{"id":1798,"date":"2021-07-05T18:05:44","date_gmt":"2021-07-05T11:05:44","guid":{"rendered":"https:\/\/lmdpharma.vn\/?page_id=1798"},"modified":"2025-02-20T10:29:45","modified_gmt":"2025-02-20T03:29:45","slug":"he-thong-ban-hang","status":"publish","type":"page","link":"https:\/\/vanphucdang.com\/en\/sales-system\/","title":{"rendered":"store system"},"content":{"rendered":"<div class=\"dvls_maps_wrap\">\r\n    <div class=\"dvls_maps_container\">\r\n        <div class=\"dvls_maps_row dvls_maps_header\">\r\n            <div class=\"dvls_maps_header_left\">Find a local store<\/div>\r\n            <div class=\"dvls_maps_header_right\">\r\n                <form action=\"\" method=\"get\" data-trp-original-action=\"\">\r\n                    <div class=\"dvls_maps_3col\">\r\n                        <div class=\"dvls_maps_col\">\r\n                            <select name=\"city\" id=\"dvls_city\" data-value=\"\">\r\n                                <option value=\"null\">Select city<\/option>\r\n                            <\/select>\r\n                        <\/div>\r\n                        <div class=\"dvls_maps_col\">\r\n                            <select name=\"district\" id=\"dvls_district\" data-value=\"\">\r\n                                <option value=\"null\">Select district<\/option>\r\n                            <\/select>\r\n                        <\/div>\r\n                        <div class=\"dvls_maps_col\">\r\n                            <input type=\"hidden\" id=\"dvls_nonce\" name=\"dvls_nonce\" value=\"bd07c256b2\" \/><input type=\"hidden\" name=\"_wp_http_referer\" value=\"\/en\/wp-json\/wp\/v2\/pages\/1798\" \/>                            <input value=\"Find store\" type=\"submit\" class=\"dvls-submit\"\/>\r\n                        <\/div>\r\n                    <\/div>\r\n                    <div class=\"dvls_maps_col\">\r\n                        <a href=\"javascript:void(0);\" class=\"dvls_near_you\" title=\"Find a store near you (<=20 km)\">Find a store near you (<=20 km)<\/a>\r\n                    <\/div>\r\n                <input type=\"hidden\" name=\"trp-form-language\" value=\"en\"\/><\/form>\r\n            <\/div>\r\n        <\/div>\r\n        <div class=\"dvls_maps_row dvls_maps_body\">\r\n            <div class=\"dvls_maps_sidebar\">\r\n                                <div class=\"dvls_maps_sidebar_content\">\r\n                    <div class=\"dvls_result_status\">Found <strong><\/strong> store(s)<\/div>\r\n                    <div class=\"dvls_result_wrap\">\r\n                        Loading...                    <\/div>\r\n                <\/div>\r\n                            <\/div>\r\n            <div class=\"dvls_maps_main\">\r\n                <div id=\"dvls_maps\"  data-lat=\"10.776956\" data-lng=\"106.654788\"><\/div>\r\n            <\/div>\r\n            <div id=\"dvls_fountainG\">\r\n                <div id=\"fountainG_1\" class=\"fountainG\"><\/div>\r\n                <div id=\"fountainG_2\" class=\"fountainG\"><\/div>\r\n                <div id=\"fountainG_3\" class=\"fountainG\"><\/div>\r\n                <div id=\"fountainG_4\" class=\"fountainG\"><\/div>\r\n                <div id=\"fountainG_5\" class=\"fountainG\"><\/div>\r\n                <div id=\"fountainG_6\" class=\"fountainG\"><\/div>\r\n                <div id=\"fountainG_7\" class=\"fountainG\"><\/div>\r\n                <div id=\"fountainG_8\" class=\"fountainG\"><\/div>\r\n            <\/div>\r\n        <\/div>\r\n    <\/div>\r\n<\/div>","protected":false},"excerpt":{"rendered":"","protected":false},"author":1,"featured_media":0,"parent":0,"menu_order":10,"comment_status":"closed","ping_status":"closed","template":"","meta":{"footnotes":""},"class_list":["post-1798","page","type-page","status-publish","hentry"],"yoast_head":"<!-- This site is optimized with the Yoast SEO Premium plugin v22.7 (Yoast SEO v23.8) - https:\/\/yoast.com\/wordpress\/plugins\/seo\/ -->\n<title>H\u1ec7 th\u1ed1ng b\u00e1n h\u00e0ng - V\u1ea1n Ph\u00fac \u0110\u0103ng<\/title>\n<meta name=\"description\" content=\"H\u1ec7 th\u1ed1ng c\u1eeda h\u00e0ng, chi nh\u00e1nh, \u0111\u1ea1i l\u00fd c\u1ee7a V\u1ea1n Ph\u00fac \u0110\u0103ng\" \/>\n<meta name=\"robots\" content=\"index, follow, max-snippet:-1, max-image-preview:large, max-video-preview:-1\" \/>\n<link rel=\"canonical\" href=\"https:\/\/vanphucdang.com\/en\/sales-system\/\" \/>\n<meta property=\"og:locale\" content=\"en_US\" \/>\n<meta property=\"og:type\" content=\"article\" \/>\n<meta property=\"og:title\" content=\"H\u1ec7 th\u1ed1ng b\u00e1n h\u00e0ng\" \/>\n<meta property=\"og:description\" content=\"H\u1ec7 th\u1ed1ng c\u1eeda h\u00e0ng, chi nh\u00e1nh, \u0111\u1ea1i l\u00fd c\u1ee7a V\u1ea1n Ph\u00fac \u0110\u0103ng\" \/>\n<meta property=\"og:url\" content=\"https:\/\/vanphucdang.com\/en\/sales-system\/\" \/>\n<meta property=\"og:site_name\" content=\"V\u1ea1n Ph\u00fac \u0110\u0103ng\" \/>\n<meta property=\"article:modified_time\" content=\"2025-02-20T03:29:45+00:00\" \/>\n<meta property=\"og:image\" content=\"https:\/\/vanphucdang.com\/wp-content\/uploads\/2024\/11\/logo.jpg\" \/>\n\t<meta property=\"og:image:width\" content=\"117\" \/>\n\t<meta property=\"og:image:height\" content=\"70\" \/>\n\t<meta property=\"og:image:type\" content=\"image\/jpeg\" \/>\n<meta name=\"twitter:card\" content=\"summary_large_image\" \/>\n<meta name=\"twitter:label1\" content=\"Est. reading time\" \/>\n\t<meta name=\"twitter:data1\" content=\"1 minute\" \/>\n<script type=\"application\/ld+json\" class=\"yoast-schema-graph\">{\"@context\":\"https:\/\/schema.org\",\"@graph\":[{\"@type\":\"WebPage\",\"@id\":\"https:\/\/vanphucdang.com\/he-thong-ban-hang\/\",\"url\":\"https:\/\/vanphucdang.com\/he-thong-ban-hang\/\",\"name\":\"H\u1ec7 th\u1ed1ng b\u00e1n h\u00e0ng - V\u1ea1n Ph\u00fac \u0110\u0103ng\",\"isPartOf\":{\"@id\":\"https:\/\/vanphucdang.com\/#website\"},\"datePublished\":\"2021-07-05T11:05:44+00:00\",\"dateModified\":\"2025-02-20T03:29:45+00:00\",\"description\":\"H\u1ec7 th\u1ed1ng c\u1eeda h\u00e0ng, chi nh\u00e1nh, \u0111\u1ea1i l\u00fd c\u1ee7a V\u1ea1n Ph\u00fac \u0110\u0103ng\",\"breadcrumb\":{\"@id\":\"https:\/\/vanphucdang.com\/he-thong-ban-hang\/#breadcrumb\"},\"inLanguage\":\"en-US\",\"potentialAction\":[{\"@type\":\"ReadAction\",\"target\":[\"https:\/\/vanphucdang.com\/he-thong-ban-hang\/\"]}]},{\"@type\":\"BreadcrumbList\",\"@id\":\"https:\/\/vanphucdang.com\/he-thong-ban-hang\/#breadcrumb\",\"itemListElement\":[{\"@type\":\"ListItem\",\"position\":1,\"name\":\"Trang ch\u1ee7\",\"item\":\"https:\/\/vanphucdang.com\/\"},{\"@type\":\"ListItem\",\"position\":2,\"name\":\"H\u1ec7 th\u1ed1ng b\u00e1n h\u00e0ng\"}]},{\"@type\":\"WebSite\",\"@id\":\"https:\/\/vanphucdang.com\/#website\",\"url\":\"https:\/\/vanphucdang.com\/\",\"name\":\"V\u1ea1n Ph\u00fac \u0110\u0103ng\",\"description\":\"\",\"publisher\":{\"@id\":\"https:\/\/vanphucdang.com\/#organization\"},\"potentialAction\":[{\"@type\":\"SearchAction\",\"target\":{\"@type\":\"EntryPoint\",\"urlTemplate\":\"https:\/\/vanphucdang.com\/?s={search_term_string}\"},\"query-input\":{\"@type\":\"PropertyValueSpecification\",\"valueRequired\":true,\"valueName\":\"search_term_string\"}}],\"inLanguage\":\"en-US\"},{\"@type\":\"Organization\",\"@id\":\"https:\/\/vanphucdang.com\/#organization\",\"name\":\"V\u1ea1n Ph\u00fac \u0110\u0103ng\",\"url\":\"https:\/\/vanphucdang.com\/\",\"logo\":{\"@type\":\"ImageObject\",\"inLanguage\":\"en-US\",\"@id\":\"https:\/\/vanphucdang.com\/#\/schema\/logo\/image\/\",\"url\":\"https:\/\/vanphucdang.com\/wp-content\/uploads\/2024\/12\/logovpd1.png\",\"contentUrl\":\"https:\/\/vanphucdang.com\/wp-content\/uploads\/2024\/12\/logovpd1.png\",\"width\":234,\"height\":140,\"caption\":\"V\u1ea1n Ph\u00fac \u0110\u0103ng\"},\"image\":{\"@id\":\"https:\/\/vanphucdang.com\/#\/schema\/logo\/image\/\"}}]}<\/script>\n<!-- \/ Yoast SEO Premium plugin. -->","yoast_head_json":{"title":"H\u1ec7 th\u1ed1ng b\u00e1n h\u00e0ng - V\u1ea1n Ph\u00fac \u0110\u0103ng","description":"H\u1ec7 th\u1ed1ng c\u1eeda h\u00e0ng, chi nh\u00e1nh, \u0111\u1ea1i l\u00fd c\u1ee7a V\u1ea1n Ph\u00fac \u0110\u0103ng","robots":{"index":"index","follow":"follow","max-snippet":"max-snippet:-1","max-image-preview":"max-image-preview:large","max-video-preview":"max-video-preview:-1"},"canonical":"https:\/\/vanphucdang.com\/en\/sales-system\/","og_locale":"en_US","og_type":"article","og_title":"H\u1ec7 th\u1ed1ng b\u00e1n h\u00e0ng","og_description":"H\u1ec7 th\u1ed1ng c\u1eeda h\u00e0ng, chi nh\u00e1nh, \u0111\u1ea1i l\u00fd c\u1ee7a V\u1ea1n Ph\u00fac \u0110\u0103ng","og_url":"https:\/\/vanphucdang.com\/en\/sales-system\/","og_site_name":"V\u1ea1n Ph\u00fac \u0110\u0103ng","article_modified_time":"2025-02-20T03:29:45+00:00","og_image":[{"width":117,"height":70,"url":"https:\/\/vanphucdang.com\/wp-content\/uploads\/2024\/11\/logo.jpg","type":"image\/jpeg"}],"twitter_card":"summary_large_image","twitter_misc":{"Est. reading time":"1 minute"},"schema":{"@context":"https:\/\/schema.org","@graph":[{"@type":"WebPage","@id":"https:\/\/vanphucdang.com\/he-thong-ban-hang\/","url":"https:\/\/vanphucdang.com\/he-thong-ban-hang\/","name":"H\u1ec7 th\u1ed1ng b\u00e1n h\u00e0ng - V\u1ea1n Ph\u00fac \u0110\u0103ng","isPartOf":{"@id":"https:\/\/vanphucdang.com\/#website"},"datePublished":"2021-07-05T11:05:44+00:00","dateModified":"2025-02-20T03:29:45+00:00","description":"H\u1ec7 th\u1ed1ng c\u1eeda h\u00e0ng, chi nh\u00e1nh, \u0111\u1ea1i l\u00fd c\u1ee7a V\u1ea1n Ph\u00fac \u0110\u0103ng","breadcrumb":{"@id":"https:\/\/vanphucdang.com\/he-thong-ban-hang\/#breadcrumb"},"inLanguage":"en-US","potentialAction":[{"@type":"ReadAction","target":["https:\/\/vanphucdang.com\/he-thong-ban-hang\/"]}]},{"@type":"BreadcrumbList","@id":"https:\/\/vanphucdang.com\/he-thong-ban-hang\/#breadcrumb","itemListElement":[{"@type":"ListItem","position":1,"name":"Trang ch\u1ee7","item":"https:\/\/vanphucdang.com\/"},{"@type":"ListItem","position":2,"name":"H\u1ec7 th\u1ed1ng b\u00e1n h\u00e0ng"}]},{"@type":"WebSite","@id":"https:\/\/vanphucdang.com\/#website","url":"https:\/\/vanphucdang.com\/","name":"V\u1ea1n Ph\u00fac \u0110\u0103ng","description":"","publisher":{"@id":"https:\/\/vanphucdang.com\/#organization"},"potentialAction":[{"@type":"SearchAction","target":{"@type":"EntryPoint","urlTemplate":"https:\/\/vanphucdang.com\/?s={search_term_string}"},"query-input":{"@type":"PropertyValueSpecification","valueRequired":true,"valueName":"search_term_string"}}],"inLanguage":"en-US"},{"@type":"Organization","@id":"https:\/\/vanphucdang.com\/#organization","name":"V\u1ea1n Ph\u00fac \u0110\u0103ng","url":"https:\/\/vanphucdang.com\/","logo":{"@type":"ImageObject","inLanguage":"en-US","@id":"https:\/\/vanphucdang.com\/#\/schema\/logo\/image\/","url":"https:\/\/vanphucdang.com\/wp-content\/uploads\/2024\/12\/logovpd1.png","contentUrl":"https:\/\/vanphucdang.com\/wp-content\/uploads\/2024\/12\/logovpd1.png","width":234,"height":140,"caption":"V\u1ea1n Ph\u00fac \u0110\u0103ng"},"image":{"@id":"https:\/\/vanphucdang.com\/#\/schema\/logo\/image\/"}}]}},"_links":{"self":[{"href":"https:\/\/vanphucdang.com\/en\/wp-json\/wp\/v2\/pages\/1798","targetHints":{"allow":["GET"]}}],"collection":[{"href":"https:\/\/vanphucdang.com\/en\/wp-json\/wp\/v2\/pages"}],"about":[{"href":"https:\/\/vanphucdang.com\/en\/wp-json\/wp\/v2\/types\/page"}],"author":[{"embeddable":true,"href":"https:\/\/vanphucdang.com\/en\/wp-json\/wp\/v2\/users\/1"}],"replies":[{"embeddable":true,"href":"https:\/\/vanphucdang.com\/en\/wp-json\/wp\/v2\/comments?post=1798"}],"version-history":[{"count":0,"href":"https:\/\/vanphucdang.com\/en\/wp-json\/wp\/v2\/pages\/1798\/revisions"}],"wp:attachment":[{"href":"https:\/\/vanphucdang.com\/en\/wp-json\/wp\/v2\/media?parent=1798"}],"curies":[{"name":"wp","href":"https:\/\/api.w.org\/{rel}","templated":true}]}}