{"id":1585,"date":"2021-06-29T14:11:59","date_gmt":"2021-06-29T07:11:59","guid":{"rendered":"https:\/\/lmdpharma.vn\/?page_id=1585"},"modified":"2021-08-06T14:21:09","modified_gmt":"2021-08-06T07:21:09","slug":"chinh-sach-thanh-toan","status":"publish","type":"page","link":"https:\/\/vanphucdang.com\/en\/payment-policy\/","title":{"rendered":"Payment policy"},"content":{"rendered":"<ol>\n<li>Payment: Customers pay immediately upon purchasing directly at the company, or the payment time and value are agreed upon by both parties and implemented according to the signed contract.\u00a0<\/li>\n<li>The contract value is paid in cash or transferred to the company&#039;s account. If there is a change in the payment account, the company will notify the customer in writing.<\/li>\n<\/ol>","protected":false},"excerpt":{"rendered":"<p>Thanh to\u00e1n: Kh\u00e1ch h\u00e0ng thanh to\u00e1n ngay khi mua h\u00e0ng tr\u1ef1c ti\u1ebfp t\u1ea1i c\u00f4ng ty, ho\u1eb7c th\u1eddi gian v\u00e0 gi\u00e1 tr\u1ecb thanh to\u00e1n \u0111\u01b0\u1ee3c hai b\u00ean th\u1ecfa thu\u1eadn v\u00e0 th\u1ef1c hi\u1ec7n theo h\u1ee3p \u0111\u1ed3ng \u0111\u00e3 k\u00fd k\u1ebft.\u00a0 Gi\u00e1 tr\u1ecb h\u1ee3p \u0111\u1ed3ng \u0111\u01b0\u1ee3c thanh to\u00e1n b\u1eb1ng ti\u1ec1n m\u1eb7t ho\u1eb7c chuy\u1ec3n kho\u1ea3n v\u00e0o t\u00e0i kho\u1ea3n c\u1ee7a c\u00f4ng [&hellip;]<\/p>","protected":false},"author":1,"featured_media":0,"parent":0,"menu_order":14,"comment_status":"closed","ping_status":"closed","template":"","meta":{"footnotes":""},"class_list":["post-1585","page","type-page","status-publish","hentry"],"yoast_head":"<!-- This site is optimized with the Yoast SEO Premium plugin v22.7 (Yoast SEO v23.8) - https:\/\/yoast.com\/wordpress\/plugins\/seo\/ -->\n<title>Ch\u00ednh s\u00e1ch thanh to\u00e1n - V\u1ea1n Ph\u00fac \u0110\u0103ng<\/title>\n<meta name=\"robots\" content=\"index, follow, max-snippet:-1, max-image-preview:large, max-video-preview:-1\" \/>\n<link rel=\"canonical\" href=\"https:\/\/vanphucdang.com\/en\/payment-policy\/\" \/>\n<meta property=\"og:locale\" content=\"en_US\" \/>\n<meta property=\"og:type\" content=\"article\" \/>\n<meta property=\"og:title\" content=\"Ch\u00ednh s\u00e1ch thanh to\u00e1n\" \/>\n<meta property=\"og:description\" content=\"Thanh to\u00e1n: Kh\u00e1ch h\u00e0ng thanh to\u00e1n ngay khi mua h\u00e0ng tr\u1ef1c ti\u1ebfp t\u1ea1i c\u00f4ng ty, ho\u1eb7c th\u1eddi gian v\u00e0 gi\u00e1 tr\u1ecb thanh to\u00e1n \u0111\u01b0\u1ee3c hai b\u00ean th\u1ecfa thu\u1eadn v\u00e0 th\u1ef1c hi\u1ec7n theo h\u1ee3p \u0111\u1ed3ng \u0111\u00e3 k\u00fd k\u1ebft.\u00a0 Gi\u00e1 tr\u1ecb h\u1ee3p \u0111\u1ed3ng \u0111\u01b0\u1ee3c thanh to\u00e1n b\u1eb1ng ti\u1ec1n m\u1eb7t ho\u1eb7c chuy\u1ec3n kho\u1ea3n v\u00e0o t\u00e0i kho\u1ea3n c\u1ee7a c\u00f4ng [&hellip;]\" \/>\n<meta property=\"og:url\" content=\"https:\/\/vanphucdang.com\/en\/payment-policy\/\" \/>\n<meta property=\"og:site_name\" content=\"V\u1ea1n Ph\u00fac \u0110\u0103ng\" \/>\n<meta property=\"article:modified_time\" content=\"2021-08-06T07:21:09+00:00\" \/>\n<meta property=\"og:image\" content=\"https:\/\/vanphucdang.com\/wp-content\/uploads\/2024\/11\/logo.jpg\" \/>\n\t<meta property=\"og:image:width\" content=\"117\" \/>\n\t<meta property=\"og:image:height\" content=\"70\" \/>\n\t<meta property=\"og:image:type\" content=\"image\/jpeg\" \/>\n<meta name=\"twitter:card\" content=\"summary_large_image\" \/>\n<meta name=\"twitter:label1\" content=\"Est. reading time\" \/>\n\t<meta name=\"twitter:data1\" content=\"1 minute\" \/>\n<script type=\"application\/ld+json\" class=\"yoast-schema-graph\">{\"@context\":\"https:\/\/schema.org\",\"@graph\":[{\"@type\":\"WebPage\",\"@id\":\"https:\/\/vanphucdang.com\/chinh-sach-thanh-toan\/\",\"url\":\"https:\/\/vanphucdang.com\/chinh-sach-thanh-toan\/\",\"name\":\"Ch\u00ednh s\u00e1ch thanh to\u00e1n - V\u1ea1n Ph\u00fac \u0110\u0103ng\",\"isPartOf\":{\"@id\":\"https:\/\/vanphucdang.com\/#website\"},\"datePublished\":\"2021-06-29T07:11:59+00:00\",\"dateModified\":\"2021-08-06T07:21:09+00:00\",\"breadcrumb\":{\"@id\":\"https:\/\/vanphucdang.com\/chinh-sach-thanh-toan\/#breadcrumb\"},\"inLanguage\":\"en-US\",\"potentialAction\":[{\"@type\":\"ReadAction\",\"target\":[\"https:\/\/vanphucdang.com\/chinh-sach-thanh-toan\/\"]}]},{\"@type\":\"BreadcrumbList\",\"@id\":\"https:\/\/vanphucdang.com\/chinh-sach-thanh-toan\/#breadcrumb\",\"itemListElement\":[{\"@type\":\"ListItem\",\"position\":1,\"name\":\"Trang ch\u1ee7\",\"item\":\"https:\/\/vanphucdang.com\/\"},{\"@type\":\"ListItem\",\"position\":2,\"name\":\"Ch\u00ednh s\u00e1ch thanh to\u00e1n\"}]},{\"@type\":\"WebSite\",\"@id\":\"https:\/\/vanphucdang.com\/#website\",\"url\":\"https:\/\/vanphucdang.com\/\",\"name\":\"V\u1ea1n Ph\u00fac \u0110\u0103ng\",\"description\":\"\",\"publisher\":{\"@id\":\"https:\/\/vanphucdang.com\/#organization\"},\"potentialAction\":[{\"@type\":\"SearchAction\",\"target\":{\"@type\":\"EntryPoint\",\"urlTemplate\":\"https:\/\/vanphucdang.com\/?s={search_term_string}\"},\"query-input\":{\"@type\":\"PropertyValueSpecification\",\"valueRequired\":true,\"valueName\":\"search_term_string\"}}],\"inLanguage\":\"en-US\"},{\"@type\":\"Organization\",\"@id\":\"https:\/\/vanphucdang.com\/#organization\",\"name\":\"V\u1ea1n Ph\u00fac \u0110\u0103ng\",\"url\":\"https:\/\/vanphucdang.com\/\",\"logo\":{\"@type\":\"ImageObject\",\"inLanguage\":\"en-US\",\"@id\":\"https:\/\/vanphucdang.com\/#\/schema\/logo\/image\/\",\"url\":\"https:\/\/vanphucdang.com\/wp-content\/uploads\/2024\/12\/logovpd1.png\",\"contentUrl\":\"https:\/\/vanphucdang.com\/wp-content\/uploads\/2024\/12\/logovpd1.png\",\"width\":234,\"height\":140,\"caption\":\"V\u1ea1n Ph\u00fac \u0110\u0103ng\"},\"image\":{\"@id\":\"https:\/\/vanphucdang.com\/#\/schema\/logo\/image\/\"}}]}<\/script>\n<!-- \/ Yoast SEO Premium plugin. -->","yoast_head_json":{"title":"Ch\u00ednh s\u00e1ch thanh to\u00e1n - V\u1ea1n Ph\u00fac \u0110\u0103ng","robots":{"index":"index","follow":"follow","max-snippet":"max-snippet:-1","max-image-preview":"max-image-preview:large","max-video-preview":"max-video-preview:-1"},"canonical":"https:\/\/vanphucdang.com\/en\/payment-policy\/","og_locale":"en_US","og_type":"article","og_title":"Ch\u00ednh s\u00e1ch thanh to\u00e1n","og_description":"Thanh to\u00e1n: Kh\u00e1ch h\u00e0ng thanh to\u00e1n ngay khi mua h\u00e0ng tr\u1ef1c ti\u1ebfp t\u1ea1i c\u00f4ng ty, ho\u1eb7c th\u1eddi gian v\u00e0 gi\u00e1 tr\u1ecb thanh to\u00e1n \u0111\u01b0\u1ee3c hai b\u00ean th\u1ecfa thu\u1eadn v\u00e0 th\u1ef1c hi\u1ec7n theo h\u1ee3p \u0111\u1ed3ng \u0111\u00e3 k\u00fd k\u1ebft.\u00a0 Gi\u00e1 tr\u1ecb h\u1ee3p \u0111\u1ed3ng \u0111\u01b0\u1ee3c thanh to\u00e1n b\u1eb1ng ti\u1ec1n m\u1eb7t ho\u1eb7c chuy\u1ec3n kho\u1ea3n v\u00e0o t\u00e0i kho\u1ea3n c\u1ee7a c\u00f4ng [&hellip;]","og_url":"https:\/\/vanphucdang.com\/en\/payment-policy\/","og_site_name":"V\u1ea1n Ph\u00fac \u0110\u0103ng","article_modified_time":"2021-08-06T07:21:09+00:00","og_image":[{"width":117,"height":70,"url":"https:\/\/vanphucdang.com\/wp-content\/uploads\/2024\/11\/logo.jpg","type":"image\/jpeg"}],"twitter_card":"summary_large_image","twitter_misc":{"Est. reading time":"1 minute"},"schema":{"@context":"https:\/\/schema.org","@graph":[{"@type":"WebPage","@id":"https:\/\/vanphucdang.com\/chinh-sach-thanh-toan\/","url":"https:\/\/vanphucdang.com\/chinh-sach-thanh-toan\/","name":"Ch\u00ednh s\u00e1ch thanh to\u00e1n - V\u1ea1n Ph\u00fac \u0110\u0103ng","isPartOf":{"@id":"https:\/\/vanphucdang.com\/#website"},"datePublished":"2021-06-29T07:11:59+00:00","dateModified":"2021-08-06T07:21:09+00:00","breadcrumb":{"@id":"https:\/\/vanphucdang.com\/chinh-sach-thanh-toan\/#breadcrumb"},"inLanguage":"en-US","potentialAction":[{"@type":"ReadAction","target":["https:\/\/vanphucdang.com\/chinh-sach-thanh-toan\/"]}]},{"@type":"BreadcrumbList","@id":"https:\/\/vanphucdang.com\/chinh-sach-thanh-toan\/#breadcrumb","itemListElement":[{"@type":"ListItem","position":1,"name":"Trang ch\u1ee7","item":"https:\/\/vanphucdang.com\/"},{"@type":"ListItem","position":2,"name":"Ch\u00ednh s\u00e1ch thanh to\u00e1n"}]},{"@type":"WebSite","@id":"https:\/\/vanphucdang.com\/#website","url":"https:\/\/vanphucdang.com\/","name":"V\u1ea1n Ph\u00fac \u0110\u0103ng","description":"","publisher":{"@id":"https:\/\/vanphucdang.com\/#organization"},"potentialAction":[{"@type":"SearchAction","target":{"@type":"EntryPoint","urlTemplate":"https:\/\/vanphucdang.com\/?s={search_term_string}"},"query-input":{"@type":"PropertyValueSpecification","valueRequired":true,"valueName":"search_term_string"}}],"inLanguage":"en-US"},{"@type":"Organization","@id":"https:\/\/vanphucdang.com\/#organization","name":"V\u1ea1n Ph\u00fac \u0110\u0103ng","url":"https:\/\/vanphucdang.com\/","logo":{"@type":"ImageObject","inLanguage":"en-US","@id":"https:\/\/vanphucdang.com\/#\/schema\/logo\/image\/","url":"https:\/\/vanphucdang.com\/wp-content\/uploads\/2024\/12\/logovpd1.png","contentUrl":"https:\/\/vanphucdang.com\/wp-content\/uploads\/2024\/12\/logovpd1.png","width":234,"height":140,"caption":"V\u1ea1n Ph\u00fac \u0110\u0103ng"},"image":{"@id":"https:\/\/vanphucdang.com\/#\/schema\/logo\/image\/"}}]}},"_links":{"self":[{"href":"https:\/\/vanphucdang.com\/en\/wp-json\/wp\/v2\/pages\/1585","targetHints":{"allow":["GET"]}}],"collection":[{"href":"https:\/\/vanphucdang.com\/en\/wp-json\/wp\/v2\/pages"}],"about":[{"href":"https:\/\/vanphucdang.com\/en\/wp-json\/wp\/v2\/types\/page"}],"author":[{"embeddable":true,"href":"https:\/\/vanphucdang.com\/en\/wp-json\/wp\/v2\/users\/1"}],"replies":[{"embeddable":true,"href":"https:\/\/vanphucdang.com\/en\/wp-json\/wp\/v2\/comments?post=1585"}],"version-history":[{"count":0,"href":"https:\/\/vanphucdang.com\/en\/wp-json\/wp\/v2\/pages\/1585\/revisions"}],"wp:attachment":[{"href":"https:\/\/vanphucdang.com\/en\/wp-json\/wp\/v2\/media?parent=1585"}],"curies":[{"name":"wp","href":"https:\/\/api.w.org\/{rel}","templated":true}]}}